{"id":10166,"date":"2018-05-03T18:24:33","date_gmt":"2018-05-03T18:24:33","guid":{"rendered":"http:\/\/wiesenhausen.de\/?page_id=10166"},"modified":"2018-06-10T21:02:06","modified_gmt":"2018-06-10T21:02:06","slug":"koenigsvorwahlen","status":"publish","type":"page","link":"https:\/\/wiesenhausen.de\/?page_id=10166","title":{"rendered":"K\u00f6nigsvorwahlen"},"content":{"rendered":"<p>Aufgrund einer \u00c4nderung des Wahlrechts und des Wahlmodus&#8216; in Meadowhouse durch die momentane Regierung im Herbst 1817 gibt es, anders als bei der vorangegangenen Wahl im September 1814 in diesem Jahr keine alleinige Wahl zwischen mehreren Kandidaten an einem bestimmten Datum, sondern zun\u00e4chst eine Vorwahl, in der insgesamt sechs Kandidaten antreten, also aus jedem meadowhousischen Herzogtum einer, und aus denen dann derjenige Kandidat ermittelt wird, der im September in einer Stichwahl den Amtsinhaber, momentan K\u00f6nig Johannes I., herausfordert. Grund f\u00fcr die \u00c4nderung war vor allem, dass man der K\u00f6nigswahl mehr Gewicht verleihen wollte im Kontrast zu der ebenfalls in diesem Jahr stattfindenden Parlamentswahl. Zudem sollten durch den neuen Modus auch die Herzogt\u00fcmer gr\u00f6\u00dferen Einfluss auf den K\u00f6nigswahlkampf haben k\u00f6nnen.<\/p>\n<p>Im Folgenden werden nun die sechs Wahltermine mitsamt der jeweiligen Kandidaten dargestellt, in Klammern neben dem Datum steht immer der Kandidat, welcher aus dem Herzogtum kommt, in dem an dem jeweiligen Tag gew\u00e4hlt wird. Sobald ein Wahltermin erreicht ist, werden auf dieser Seite also auch die offiziellen Ergebnisse der Wahl in dem jeweiligen Herzogtum ver\u00f6ffentlicht. Starten werden die Vorwahlen am 06. Mai und enden am 10. Juni, an den jeweiligen Sonntagen sind die Wahllokale von 08:00 Uhr morgens bis 18:00 Uhr abends ge\u00f6ffnet, sodass meist um 18:00 Uhr die erste Hochrechnung erwartet werden kann. Das amtliche Endergebnis wird allgemein bis sp\u00e4testens 23:00 Uhr erwartet. Beginnen werden die Wahlen im n\u00f6rdlichsten Herzogtum Preu\u00dfen, enden hingegen im Herzogtum der Hauptstadt Wiesenhausen.<\/p>\n<p>&nbsp;<\/p>\n<p><strong>Vorwahltermin Preu\u00dfen (06. Mai 1818, Johannes Seeberger (parteilos)):<\/strong><\/p>\n<p><strong>Uhrzeit: \u00a0<\/strong> \u00a0 \u00a0 \u00a0 \u00a0 \u00a0 \u00a0 \u00a0 \u00a0 \u00a0 \u00a0 \u00a0 \u00a0 \u00a0 \u00a0 \u00a0 \u00a0 \u00a0 \u00a0 \u00a0 \u00a0 \u00a0\u00a0 18:00 \u00a0 \u00a0 \u00a0\u00a0 18:30 \u00a0 \u00a0 \u00a0\u00a0 19:00 \u00a0 \u00a0 \u00a0\u00a0 19:30 \u00a0 \u00a0 \u00a0\u00a0 20:00 \u00a0 \u00a0 \u00a0\u00a0 21:00 \u00a0 \u00a0 \u00a0\u00a0 22:00 \u00a0 \u00a0 \u00a0\u00a0 <strong>23:00<\/strong><\/p>\n<p>Johannes Seeberger: \u00a0 \u00a0 \u00a0 \u00a0 \u00a0 \u00a0 \u00a0 \u00a0 \u00a0 \u00a0 \u00a0 \u00a0 26,6% \u00a0 \u00a0 \u00a0 26,6% \u00a0 \u00a0 \u00a0 26,4% \u00a0 \u00a0 \u00a0 27,1% \u00a0 \u00a0 \u00a0\u00a0 26,8% \u00a0 \u00a0 \u00a0 26,1% \u00a0 \u00a0 \u00a0\u00a0 26,1% \u00a0 \u00a0 \u00a0\u00a0 26,5%<\/p>\n<p>Heinz Waldner: \u00a0 \u00a0 \u00a0 \u00a0 \u00a0 \u00a0 \u00a0 \u00a0 \u00a0 \u00a0 \u00a0 \u00a0 \u00a0 \u00a0 \u00a0 \u00a0\u00a0 18,1% \u00a0 \u00a0 \u00a0\u00a0 18,1% \u00a0 \u00a0 \u00a0\u00a0 17,7% \u00a0 \u00a0 \u00a0\u00a0 17,8% \u00a0 \u00a0 \u00a0\u00a0 18,7% \u00a0 \u00a0 \u00a0 18,1% \u00a0 \u00a0 \u00a0 \u00a0 17,7% \u00a0 \u00a0 \u00a0 \u00a0 17,9%<\/p>\n<p>Rainer Schubert: \u00a0 \u00a0 \u00a0 \u00a0 \u00a0 \u00a0 \u00a0 \u00a0 \u00a0 \u00a0 \u00a0 \u00a0 \u00a0 \u00a0 \u00a0\u00a0 11,9% \u00a0 \u00a0 \u00a0\u00a0 12,4% \u00a0 \u00a0 \u00a0 12,2% \u00a0 \u00a0 \u00a0\u00a0 12,6% \u00a0 \u00a0 \u00a0\u00a0 12,1% \u00a0 \u00a0 \u00a0 12,6% \u00a0 \u00a0 \u00a0\u00a0 12,9% \u00a0 \u00a0 \u00a0 \u00a0 12,8%<\/p>\n<p>Ludwig van Waihenhofen: \u00a0 \u00a0 \u00a0 \u00a0 \u00a0 \u00a0 \u00a0 8,9% \u00a0 \u00a0 \u00a0 \u00a0 8,9% \u00a0 \u00a0 \u00a0 \u00a0 8,9% \u00a0 \u00a0 \u00a0 \u00a0 8,0% \u00a0 \u00a0 \u00a0 \u00a0\u00a0 8,5% \u00a0 \u00a0 \u00a0\u00a0 8,5% \u00a0 \u00a0 \u00a0 \u00a0\u00a0 8,2% \u00a0 \u00a0 \u00a0 \u00a0 \u00a0 8,5%<\/p>\n<p>Percival S. McLeach: \u00a0 \u00a0 \u00a0 \u00a0 \u00a0 \u00a0 \u00a0 \u00a0 \u00a0 \u00a0 \u00a0\u00a0 26,1% \u00a0 \u00a0 \u00a0\u00a0 25,5% \u00a0 \u00a0\u00a0 25,0% \u00a0 \u00a0 \u00a0\u00a0 25,2% \u00a0 \u00a0 \u00a0 25,3% \u00a0 \u00a0 \u00a0 25,9% \u00a0 \u00a0 \u00a0 26,6% \u00a0 \u00a0 \u00a0\u00a0 26,2%<\/p>\n<p>Ralf Bachstein: \u00a0 \u00a0 \u00a0 \u00a0 \u00a0 \u00a0 \u00a0 \u00a0 \u00a0 \u00a0 \u00a0 \u00a0 \u00a0 \u00a0 \u00a0 \u00a0 \u00a0 9,4% \u00a0 \u00a0 \u00a0 \u00a0 8,5% \u00a0 \u00a0 \u00a0 \u00a0 9,8% \u00a0 \u00a0 \u00a0 \u00a0\u00a0 9,3% \u00a0 \u00a0 \u00a0 \u00a0 8,6% \u00a0 \u00a0 \u00a0\u00a0 8,8% \u00a0 \u00a0 \u00a0 \u00a0\u00a0 8,5% \u00a0 \u00a0 \u00a0 \u00a0 \u00a0 8,1%<\/p>\n<p><strong>Wahlsieger:\u00a0<\/strong>Johannes Seeberger (parteilos) &#8211; 65 von 735 Wahlm\u00e4nnern geholt<\/p>\n<p>&nbsp;<\/p>\n<p><strong>Vorwahltermin Santo Opalo (13. Mai 1818, Rainer Schubert (parteilos)):<\/strong><\/p>\n<p><strong>Uhrzeit: \u00a0<\/strong> \u00a0 \u00a0 \u00a0 \u00a0 \u00a0 \u00a0 \u00a0 \u00a0 \u00a0 \u00a0 \u00a0 \u00a0 \u00a0 \u00a0 \u00a0 \u00a0 \u00a0 \u00a0 \u00a0 \u00a0\u00a0 18:00 \u00a0 \u00a0 \u00a0\u00a0 18:30 \u00a0 \u00a0 \u00a0\u00a0 19:00 \u00a0 \u00a0 \u00a0\u00a0 19:30 \u00a0 \u00a0 \u00a0\u00a0 20:00 \u00a0 \u00a0 \u00a0\u00a0 21:00 \u00a0 \u00a0 \u00a0\u00a0 22:00 \u00a0 \u00a0 \u00a0\u00a0 <strong>23:00<\/strong><\/p>\n<p><span style=\"display: inline !important; float: none; background-color: transparent; color: #333333; cursor: text; font-family: Georgia,'Times New Roman','Bitstream Charter',Times,serif; font-size: 16px; font-style: normal; font-variant: normal; font-weight: 400; letter-spacing: normal; orphans: 2; text-align: left; text-decoration: none; text-indent: 0px; text-transform: none; -webkit-text-stroke-width: 0px; white-space: normal; word-spacing: 0px;\">Rainer Schubert:\u00a0 \u00a0 \u00a0 \u00a0 \u00a0 \u00a0 \u00a0 \u00a0 \u00a0 \u00a0 \u00a0 \u00a0 \u00a0 \u00a0 \u00a0 \u00a018,9 %\u00a0 \u00a0 \u00a0 \u00a018,0 %\u00a0 \u00a0 \u00a0 17,7 %\u00a0 \u00a0 \u00a0 \u00a017,0 %\u00a0 \u00a0 \u00a0 \u00a017,7 %\u00a0 \u00a0 \u00a0 17,3 %\u00a0 \u00a0 \u00a0 \u00a0 17,5 %\u00a0 \u00a0 \u00a0 \u00a0 17,6 %<\/span><\/p>\n<p><span style=\"display: inline !important; float: none; background-color: transparent; color: #333333; cursor: text; font-family: Georgia,'Times New Roman','Bitstream Charter',Times,serif; font-size: 16px; font-style: normal; font-variant: normal; font-weight: 400; letter-spacing: normal; orphans: 2; text-align: left; text-decoration: none; text-indent: 0px; text-transform: none; -webkit-text-stroke-width: 0px; white-space: normal; word-spacing: 0px;\">Johannes Seeberger:\u00a0 \u00a0 \u00a0 \u00a0 \u00a0 \u00a0 \u00a0 \u00a0 \u00a0 \u00a0 \u00a0 \u00a0 13,9 %\u00a0 \u00a0 \u00a0 \u00a013,1 %\u00a0 \u00a0 \u00a0 \u00a014,8 %\u00a0 \u00a0 \u00a0 \u00a014,3 %\u00a0 \u00a0 \u00a0 14,8 %\u00a0 \u00a0 \u00a0 15,1 %\u00a0 \u00a0 \u00a0 \u00a0 15,5 %\u00a0 \u00a0 \u00a0 \u00a0 \u00a015,5 %<\/span><\/p>\n<p>Heinz Waldner:\u00a0 \u00a0 \u00a0 \u00a0 \u00a0 \u00a0 \u00a0 \u00a0 \u00a0 \u00a0 \u00a0 \u00a0 \u00a0 \u00a0 \u00a0 \u00a0 \u00a017,6 %\u00a0 \u00a0 \u00a0 \u00a017,4 %\u00a0 \u00a0 \u00a0 \u00a017,2 %\u00a0 \u00a0 \u00a0 \u00a016,5 %\u00a0 \u00a0 \u00a0 \u00a017,0 %\u00a0 \u00a0 \u00a0 16,5 %\u00a0 \u00a0 \u00a0 \u00a0 16,4 %\u00a0 \u00a0 \u00a0 \u00a016,0 %<\/p>\n<p>Ludwig van Waihenhofen:\u00a0 \u00a0 \u00a0 \u00a0 \u00a0 \u00a0 \u00a0 17,9 %\u00a0 \u00a0 \u00a0 \u00a020,5 %\u00a0 \u00a0 \u00a0 21,4 %\u00a0 \u00a0 \u00a0 \u00a021,6 %\u00a0 \u00a0 \u00a0 \u00a020,8 %\u00a0 \u00a0 \u00a020,1 %\u00a0 \u00a0 \u00a0 \u00a019,9 %\u00a0 \u00a0 \u00a0 \u00a0 19,6 %<\/p>\n<p>Percival S. McLeach:\u00a0 \u00a0 \u00a0 \u00a0 \u00a0 \u00a0 \u00a0 \u00a0 \u00a0 \u00a0 \u00a0 \u00a0 23,2 %\u00a0 \u00a0 \u00a0 \u00a022,6 %\u00a0 \u00a0 \u00a0 21,4 %\u00a0 \u00a0 \u00a0 \u00a021,9 %\u00a0 \u00a0 \u00a0 \u00a021,3 %\u00a0 \u00a0 \u00a0 21,9 %\u00a0 \u00a0 \u00a0 \u00a0 22,0 %\u00a0 \u00a0 \u00a0 22,5 %<\/p>\n<p>Ralf Bachstein:\u00a0 \u00a0 \u00a0 \u00a0 \u00a0 \u00a0 \u00a0 \u00a0 \u00a0 \u00a0 \u00a0 \u00a0 \u00a0 \u00a0 \u00a0 \u00a0 \u00a0 8,5 %\u00a0 \u00a0 \u00a0 \u00a0 \u00a08,4 %\u00a0 \u00a0 \u00a0 \u00a0 \u00a07,5 %\u00a0 \u00a0 \u00a0 \u00a0 \u00a08,7 %\u00a0 \u00a0 \u00a0 \u00a0 8,4 %\u00a0 \u00a0 \u00a0 \u00a0 \u00a09,1 %\u00a0 \u00a0 \u00a0 \u00a0 \u00a08,7 %\u00a0 \u00a0 \u00a0 \u00a0 \u00a08,8 %<\/p>\n<p><strong>Wahlsieger:\u00a0<\/strong>Percival S. McLeach (parteilos) &#8211; 149 von 735 Wahlm\u00e4nnern geholt<\/p>\n<p>&nbsp;<\/p>\n<p><strong>Vorwahltermin S\u00fcdstrand (20. Mai 1818, Ralf Bachstein (VCS)):<\/strong><\/p>\n<p><strong>Uhrzeit: \u00a0<\/strong> \u00a0 \u00a0 \u00a0 \u00a0 \u00a0 \u00a0 \u00a0 \u00a0 \u00a0 \u00a0 \u00a0 \u00a0 \u00a0 \u00a0 \u00a0 \u00a0 \u00a0 \u00a0 \u00a0 \u00a0\u00a0 18:00 \u00a0 \u00a0 \u00a0\u00a0 18:30 \u00a0 \u00a0 \u00a0\u00a0 19:00 \u00a0 \u00a0 \u00a0\u00a0 19:30 \u00a0 \u00a0 \u00a0\u00a0 20:00 \u00a0 \u00a0 \u00a0\u00a0 21:00 \u00a0 \u00a0 \u00a0\u00a0 22:00 \u00a0 \u00a0 \u00a0\u00a0 <strong>23:00<\/strong><\/p>\n<p><span style=\"display: inline !important; float: none; background-color: transparent; color: #333333; cursor: text; font-family: Georgia,'Times New Roman','Bitstream Charter',Times,serif; font-size: 16px; font-style: normal; font-variant: normal; font-weight: 400; letter-spacing: normal; orphans: 2; text-align: left; text-decoration: none; text-indent: 0px; text-transform: none; -webkit-text-stroke-width: 0px; white-space: normal; word-spacing: 0px;\">Ralf Bachstein: \u00a0 \u00a0 \u00a0 \u00a0 \u00a0 \u00a0 \u00a0 \u00a0 \u00a0 \u00a0 \u00a0 \u00a0 \u00a0 \u00a0 \u00a0 \u00a0 20,7% \u00a0 \u00a0 \u00a0\u00a0 21,0% \u00a0 \u00a0 \u00a0 23,2% \u00a0 \u00a0 \u00a0 23,4% \u00a0 \u00a0 \u00a0 22,6% \u00a0 \u00a0 \u00a0 23,6% \u00a0 \u00a0 \u00a0 23,9% \u00a0 \u00a0 \u00a0 \u00a0 \u00a0 24,3%<\/span><\/p>\n<p>Rainer Schubert: \u00a0 \u00a0 \u00a0 \u00a0 \u00a0 \u00a0 \u00a0 \u00a0 \u00a0 \u00a0 \u00a0 \u00a0 \u00a0 \u00a0\u00a0 17,0% \u00a0 \u00a0 \u00a0\u00a0 18,3% \u00a0 \u00a0 \u00a0 17,9% \u00a0 \u00a0 \u00a0\u00a0 18,7% \u00a0 \u00a0 \u00a0\u00a0 18,9% \u00a0 \u00a0 \u00a0 18,7% \u00a0 \u00a0 \u00a0\u00a0 18,5% \u00a0 \u00a0 \u00a0 \u00a0 \u00a0 18,7%<\/p>\n<p>Johannes Seeberger: \u00a0 \u00a0 \u00a0 \u00a0 \u00a0 \u00a0 \u00a0 \u00a0 \u00a0 \u00a0 \u00a0 10,9% \u00a0 \u00a0 \u00a0\u00a0 10,0% \u00a0 \u00a0 \u00a0 9,3% \u00a0 \u00a0 \u00a0 \u00a0\u00a0 8,5% \u00a0 \u00a0 \u00a0 \u00a0 9,3% \u00a0 \u00a0 \u00a0 \u00a0\u00a0 8,5% \u00a0 \u00a0 \u00a0 \u00a0 8,3% \u00a0 \u00a0 \u00a0 \u00a0 \u00a0\u00a0 8,1%<\/p>\n<p>Heinz Waldner: \u00a0 \u00a0 \u00a0 \u00a0 \u00a0 \u00a0 \u00a0 \u00a0 \u00a0 \u00a0 \u00a0 \u00a0 \u00a0 \u00a0 \u00a0\u00a0 10,1% \u00a0 \u00a0 \u00a0 \u00a0 9,5% \u00a0 \u00a0 \u00a0\u00a0 10,1% \u00a0 \u00a0 \u00a0\u00a0 10,0% \u00a0 \u00a0 \u00a0\u00a0 9,8% \u00a0 \u00a0 \u00a0\u00a0 10,3% \u00a0 \u00a0 \u00a0\u00a0 10,1% \u00a0 \u00a0 \u00a0 \u00a0 \u00a0 9,8%<\/p>\n<p>Ludwig van Waihenhofen: \u00a0 \u00a0 \u00a0 \u00a0 \u00a0 \u00a0 12,7% \u00a0 \u00a0 \u00a0 \u00a0 12,1% \u00a0 \u00a0\u00a0 10,6% \u00a0 \u00a0 \u00a0\u00a0 10,5% \u00a0 \u00a0 \u00a0 10,2% \u00a0 \u00a0 \u00a0\u00a0 10,5% \u00a0 \u00a0 \u00a0 10,9% \u00a0 \u00a0 \u00a0 \u00a0 \u00a0 10,7%<\/p>\n<p>Percival S. McLeach: \u00a0 \u00a0 \u00a0 \u00a0 \u00a0 \u00a0 \u00a0 \u00a0 \u00a0 \u00a0 \u00a0 28,6% \u00a0 \u00a0 \u00a0\u00a0 29,1% \u00a0 \u00a0 28,9% \u00a0 \u00a0 \u00a0\u00a0 28,9% \u00a0 \u00a0\u00a0 29,2% \u00a0 \u00a0 \u00a0\u00a0 28,4% \u00a0 \u00a0 \u00a0 28,3% \u00a0 \u00a0 \u00a0 \u00a0 \u00a0 28,4%<\/p>\n<p><strong>Wahlsieger:\u00a0<\/strong>Percival S. McLeach (parteilos) &#8211; 124 von 735 Wahlm\u00e4nnern geholt<\/p>\n<p>&nbsp;<\/p>\n<p><strong>Vorwahltermin El Grande (27. Mai 1818, Percival S. McLeach (parteilos)):<\/strong><\/p>\n<p><strong>Uhrzeit: \u00a0<\/strong> \u00a0 \u00a0 \u00a0 \u00a0 \u00a0 \u00a0 \u00a0 \u00a0 \u00a0 \u00a0 \u00a0 \u00a0 \u00a0 \u00a0 \u00a0 \u00a0 \u00a0 \u00a0 \u00a0 \u00a0\u00a0 18:00 \u00a0 \u00a0 \u00a0\u00a0 18:30 \u00a0 \u00a0 \u00a0\u00a0 19:00 \u00a0 \u00a0 \u00a0\u00a0 19:30 \u00a0 \u00a0 \u00a0\u00a0 20:00 \u00a0 \u00a0 \u00a0\u00a0 21:00 \u00a0 \u00a0 \u00a0\u00a0 22:00 \u00a0 \u00a0 \u00a0\u00a0 <strong>23:00<\/strong><\/p>\n<p><span style=\"display: inline !important; float: none; background-color: transparent; color: #333333; cursor: text; font-family: Georgia,'Times New Roman','Bitstream Charter',Times,serif; font-size: 16px; font-style: normal; font-variant: normal; font-weight: 400; letter-spacing: normal; orphans: 2; text-align: left; text-decoration: none; text-indent: 0px; text-transform: none; -webkit-text-stroke-width: 0px; white-space: normal; word-spacing: 0px;\">Percival S. McLeach: \u00a0 \u00a0 \u00a0 \u00a0 \u00a0 \u00a0 \u00a0 \u00a0 \u00a0 \u00a0 \u00a0 23,3% \u00a0 \u00a0 \u00a0\u00a0 22,3% \u00a0 \u00a0 \u00a0 22,5% \u00a0 \u00a0 \u00a0 22,3% \u00a0 \u00a0 \u00a0 22,1% \u00a0 \u00a0 \u00a0\u00a0 21,5% \u00a0 \u00a0 \u00a0\u00a0 21,7% \u00a0 \u00a0 \u00a0\u00a0 21,2%<\/span><\/p>\n<p>Ralf Bachstein: \u00a0 \u00a0 \u00a0 \u00a0 \u00a0 \u00a0 \u00a0 \u00a0 \u00a0 \u00a0 \u00a0 \u00a0 \u00a0 \u00a0 \u00a0 \u00a0 19,6% \u00a0 \u00a0 \u00a0\u00a0 21,5% \u00a0 \u00a0 \u00a0\u00a0 22,2% \u00a0 \u00a0 \u00a0 21,9% \u00a0 \u00a0 \u00a0\u00a0 21,6% \u00a0 \u00a0 \u00a0 22,5% \u00a0 \u00a0 \u00a0 22,8% \u00a0 \u00a0 \u00a0\u00a0 23,0%<\/p>\n<p>Rainer Schubert: \u00a0 \u00a0 \u00a0 \u00a0 \u00a0 \u00a0 \u00a0 \u00a0 \u00a0 \u00a0 \u00a0 \u00a0 \u00a0 \u00a0\u00a0 17,2% \u00a0 \u00a0 \u00a0\u00a0 16,5% \u00a0 \u00a0 \u00a0\u00a0 15,2% \u00a0 \u00a0 \u00a0\u00a0 14,7% \u00a0 \u00a0 \u00a0\u00a0 14,1% \u00a0 \u00a0 \u00a0 14,2% \u00a0 \u00a0 \u00a0\u00a0 13,8% \u00a0 \u00a0 \u00a0\u00a0 13,4%<\/p>\n<p>Johannes Seeberger: \u00a0 \u00a0 \u00a0 \u00a0 \u00a0 \u00a0 \u00a0 \u00a0 \u00a0 \u00a0 \u00a0\u00a0 6,2% \u00a0 \u00a0 \u00a0 \u00a0\u00a0 5,1% \u00a0 \u00a0 \u00a0 \u00a0\u00a0 6,1% \u00a0 \u00a0 \u00a0 \u00a0 6,2% \u00a0 \u00a0 \u00a0 \u00a0\u00a0 7,2% \u00a0 \u00a0 \u00a0 \u00a0 6,9% \u00a0 \u00a0 \u00a0 \u00a0\u00a0 6,4% \u00a0 \u00a0 \u00a0 \u00a0 6,8%<\/p>\n<p>Heinz Waldner: \u00a0 \u00a0 \u00a0 \u00a0 \u00a0 \u00a0 \u00a0 \u00a0 \u00a0 \u00a0 \u00a0 \u00a0 \u00a0 \u00a0 \u00a0\u00a0 15,6% \u00a0 \u00a0 \u00a0 17,1% \u00a0 \u00a0 \u00a0 \u00a0 16,1% \u00a0 \u00a0 \u00a0\u00a0 16,7% \u00a0 \u00a0 \u00a0\u00a0 17,0% \u00a0 \u00a0 \u00a0 16,8% \u00a0 \u00a0 \u00a0\u00a0 17,1% \u00a0 \u00a0 \u00a0 \u00a0 16,9%<\/p>\n<p>Ludwig van Waihenhofen: \u00a0 \u00a0 \u00a0 \u00a0 \u00a0 \u00a0 18,1% \u00a0 \u00a0 \u00a0 17,5% \u00a0 \u00a0 \u00a0 \u00a0 17,9% \u00a0 \u00a0 \u00a0 18,2% \u00a0 \u00a0 \u00a0\u00a0 18,0% \u00a0 \u00a0 \u00a0 18,1% \u00a0 \u00a0 \u00a0\u00a0 18,2% \u00a0 \u00a0 \u00a0\u00a0 18,7%<\/p>\n<p><strong>Wahlsieger:\u00a0<\/strong>Ralf Bachstein (VCS) &#8211; 97 von 735 Wahlm\u00e4nnern geholt<\/p>\n<p>&nbsp;<\/p>\n<p><strong>Vorwahltermin Saphirento (03. Juni 1818, Heinz Waldner (parteilos)):<\/strong><\/p>\n<p><strong>Uhrzeit: \u00a0<\/strong> \u00a0 \u00a0 \u00a0 \u00a0 \u00a0 \u00a0 \u00a0 \u00a0 \u00a0 \u00a0 \u00a0 \u00a0 \u00a0 \u00a0 \u00a0 \u00a0 \u00a0 \u00a0 \u00a0 \u00a0\u00a0 18:00 \u00a0 \u00a0 \u00a0\u00a0 18:30 \u00a0 \u00a0 \u00a0\u00a0 19:00 \u00a0 \u00a0 \u00a0\u00a0 19:30 \u00a0 \u00a0 \u00a0\u00a0 20:00 \u00a0 \u00a0 \u00a0\u00a0 21:00 \u00a0 \u00a0 \u00a0\u00a0 22:00 \u00a0 \u00a0 \u00a0\u00a0 <strong>23:00<\/strong><\/p>\n<p><span style=\"display: inline !important; float: none; background-color: transparent; color: #333333; cursor: text; font-family: Georgia,'Times New Roman','Bitstream Charter',Times,serif; font-size: 16px; font-style: normal; font-variant: normal; font-weight: 400; letter-spacing: normal; orphans: 2; text-align: left; text-decoration: none; text-indent: 0px; text-transform: none; -webkit-text-stroke-width: 0px; white-space: normal; word-spacing: 0px;\">Heinz Waldner:\u00a0 \u00a0 \u00a0 \u00a0 \u00a0 \u00a0 \u00a0 \u00a0 \u00a0 \u00a0 \u00a0 \u00a0 \u00a0 \u00a0 \u00a0 \u00a0 \u00a020,0 %\u00a0 \u00a0 \u00a0 20,7 %\u00a0 \u00a0 \u00a0 20,4 %\u00a0 \u00a0 \u00a0 20,3 %\u00a0 \u00a0 \u00a020,4 %\u00a0 \u00a0 \u00a0 \u00a021,4 %\u00a0 \u00a0 \u00a0 \u00a020,9 %\u00a0 \u00a0 \u00a0 21,1 %<\/span><\/p>\n<p>Percival S. McLeach:\u00a0 \u00a0 \u00a0 \u00a0 \u00a0 \u00a0 \u00a0 \u00a0 \u00a0 \u00a0 \u00a0 \u00a0 23,4 %\u00a0 \u00a0 \u00a0 \u00a023,8 %\u00a0 \u00a0 \u00a0 23,0 %\u00a0 \u00a0 \u00a0 23,3 %\u00a0 \u00a0 \u00a023,3 %\u00a0 \u00a0 \u00a0 \u00a022,9 %\u00a0 \u00a0 \u00a0 \u00a022,8 %\u00a0 \u00a0 \u00a0 22,8 %<\/p>\n<p>Ralf Bachstein:\u00a0 \u00a0 \u00a0 \u00a0 \u00a0 \u00a0 \u00a0 \u00a0 \u00a0 \u00a0 \u00a0 \u00a0 \u00a0 \u00a0 \u00a0 \u00a0 \u00a0 8,6 %\u00a0 \u00a0 \u00a0 \u00a0 \u00a09,4 %\u00a0 \u00a0 \u00a0 \u00a0 10,5 %\u00a0 \u00a0 \u00a0 \u00a09,4 %\u00a0 \u00a0 \u00a0 \u00a0 8,1 %\u00a0 \u00a0 \u00a0 \u00a0 \u00a08,5 %\u00a0 \u00a0 \u00a0 \u00a0 \u00a0 9,0 %\u00a0 \u00a0 \u00a0 \u00a0 9,4 %<\/p>\n<p>Rainer Schubert:\u00a0 \u00a0 \u00a0 \u00a0 \u00a0 \u00a0 \u00a0 \u00a0 \u00a0 \u00a0 \u00a0 \u00a0 \u00a0 \u00a0 \u00a0 \u00a013,7 %\u00a0 \u00a0 \u00a0 \u00a0 13,4 %\u00a0 \u00a0 \u00a0 13,5 %\u00a0 \u00a0 \u00a0 \u00a013,0 %\u00a0 \u00a0 \u00a0 13,2 %\u00a0 \u00a0 \u00a0 \u00a012,9 %\u00a0 \u00a0 \u00a0 \u00a0 12,8 %\u00a0 \u00a0 \u00a0 \u00a012,8 %<\/p>\n<p>Johannes Seeberger:\u00a0 \u00a0 \u00a0 \u00a0 \u00a0 \u00a0 \u00a0 \u00a0 \u00a0 \u00a0 \u00a0 \u00a0 21,6 %\u00a0 \u00a0 \u00a0 \u00a021,3 %\u00a0 \u00a0 \u00a0 \u00a021,4 %\u00a0 \u00a0 \u00a0 \u00a022,2 %\u00a0 \u00a0 \u00a0 22,7 %\u00a0 \u00a0 \u00a0 \u00a022,2 %\u00a0 \u00a0 \u00a0 \u00a021,9 %\u00a0 \u00a0 \u00a0 \u00a021,5 %<\/p>\n<p>Ludwig van Waihenhofen:\u00a0 \u00a0 \u00a0 \u00a0 \u00a0 \u00a0 \u00a0 12,7 %\u00a0 \u00a0 \u00a0 \u00a0 11,4 %\u00a0 \u00a0 \u00a0 \u00a011,2 %\u00a0 \u00a0 \u00a0 \u00a011,8 %\u00a0 \u00a0 \u00a0 \u00a012,3 %\u00a0 \u00a0 \u00a0 \u00a012,1 %\u00a0 \u00a0 \u00a0 \u00a0 \u00a012,6 %\u00a0 \u00a0 \u00a0 \u00a012,5 %<\/p>\n<p><strong>Wahlsieger:\u00a0<\/strong>Percival Sean McLeach (parteilos) &#8211; 124 von 735 Wahlm\u00e4nnern geholt<\/p>\n<p>&nbsp;<\/p>\n<p><strong>Vorwahltermin Wiesenhausen (10. Juni 1818, Ludwig van Waihenhofen (parteilos)):<\/strong><\/p>\n<p><strong>Uhrzeit: \u00a0<\/strong> \u00a0 \u00a0 \u00a0 \u00a0 \u00a0 \u00a0 \u00a0 \u00a0 \u00a0 \u00a0 \u00a0 \u00a0 \u00a0 \u00a0 \u00a0 \u00a0 \u00a0 \u00a0 \u00a0 \u00a0\u00a0 18:00 \u00a0 \u00a0 \u00a0\u00a0 18:30 \u00a0 \u00a0 \u00a0\u00a0 19:00 \u00a0 \u00a0 \u00a0\u00a0 19:30 \u00a0 \u00a0 \u00a0\u00a0 20:00 \u00a0 \u00a0 \u00a0\u00a0 21:00 \u00a0 \u00a0 \u00a0\u00a0 22:00 \u00a0 \u00a0 \u00a0\u00a0 <strong>23:00<\/strong><\/p>\n<p><span style=\"display: inline !important; float: none; background-color: transparent; color: #333333; cursor: text; font-family: Georgia,'Times New Roman','Bitstream Charter',Times,serif; font-size: 16px; font-style: normal; font-variant: normal; font-weight: 400; letter-spacing: normal; orphans: 2; text-align: left; text-decoration: none; text-indent: 0px; text-transform: none; -webkit-text-stroke-width: 0px; white-space: normal; word-spacing: 0px;\">Ludwig van Waihenhofen: \u00a0 \u00a0 \u00a0 \u00a0 \u00a0 \u00a0 21,6% \u00a0 \u00a0 \u00a0\u00a0 21,3% \u00a0 \u00a0 \u00a0\u00a0 22,2% \u00a0 \u00a0\u00a0 22,7% \u00a0 \u00a0 \u00a0\u00a0 22,0% \u00a0 \u00a0 \u00a0 22,3% \u00a0 \u00a0 \u00a0 22,5% \u00a0 \u00a0 \u00a0\u00a0 22,2%<\/span><\/p>\n<p>Heinz Waldner: \u00a0 \u00a0 \u00a0 \u00a0 \u00a0 \u00a0 \u00a0 \u00a0 \u00a0 \u00a0 \u00a0 \u00a0 \u00a0 \u00a0 \u00a0\u00a0 17,7% \u00a0 \u00a0 \u00a0 \u00a0 17,6% \u00a0 \u00a0 \u00a0\u00a0 16,9% \u00a0 \u00a0\u00a0 16,8% \u00a0 \u00a0 \u00a0 \u00a0 16,9% \u00a0 \u00a0 \u00a0 16,1% \u00a0 \u00a0 \u00a0\u00a0 15,9% \u00a0 \u00a0 \u00a0 \u00a0 16,6%<\/p>\n<p>Percival S. McLeach: \u00a0 \u00a0 \u00a0 \u00a0 \u00a0 \u00a0 \u00a0 \u00a0 \u00a0 \u00a0 \u00a0 14,6% \u00a0 \u00a0 \u00a0\u00a0 15,9% \u00a0 \u00a0 \u00a0\u00a0 15,4% \u00a0 \u00a0 \u00a0 14,5% \u00a0 \u00a0 \u00a0\u00a0 14,0% \u00a0 \u00a0 \u00a0 14,8% \u00a0 \u00a0 \u00a0\u00a0 14,6% \u00a0 \u00a0 \u00a0 \u00a0 14,4%<\/p>\n<p>Ralf Bachstein: \u00a0 \u00a0 \u00a0 \u00a0 \u00a0 \u00a0 \u00a0 \u00a0 \u00a0 \u00a0 \u00a0 \u00a0 \u00a0 \u00a0 \u00a0 \u00a0 11,0% \u00a0 \u00a0 \u00a0\u00a0 12,4% \u00a0 \u00a0 \u00a0 \u00a0 11,7% \u00a0 \u00a0 \u00a0 11,5% \u00a0 \u00a0 \u00a0 \u00a0 11,2% \u00a0 \u00a0 \u00a0 10,4% \u00a0 \u00a0 \u00a0\u00a0 10,1% \u00a0 \u00a0 \u00a0 \u00a0\u00a0 9,6%<\/p>\n<p>Rainer Schubert: \u00a0 \u00a0 \u00a0 \u00a0 \u00a0 \u00a0 \u00a0 \u00a0 \u00a0 \u00a0 \u00a0 \u00a0 \u00a0 \u00a0 24,0% \u00a0 \u00a0 \u00a0 23,2% \u00a0 \u00a0 \u00a0\u00a0 23,9% \u00a0 \u00a0\u00a0 23,8% \u00a0 \u00a0 \u00a0\u00a0 24,5% \u00a0 \u00a0 \u00a0 24,7% \u00a0 \u00a0 \u00a0 24,8% \u00a0 \u00a0 \u00a0\u00a0 24,4%<\/p>\n<p>Johannes Seeberger: \u00a0 \u00a0 \u00a0 \u00a0 \u00a0 \u00a0 \u00a0 \u00a0 \u00a0 \u00a0 \u00a0 11,1% \u00a0 \u00a0 \u00a0 \u00a0 9,6% \u00a0 \u00a0 \u00a0 \u00a0\u00a0 9,9% \u00a0 \u00a0 \u00a0\u00a0 10,7% \u00a0 \u00a0 \u00a0\u00a0 11,4% \u00a0 \u00a0 \u00a0\u00a0 11,7% \u00a0 \u00a0 \u00a0\u00a0 12,1% \u00a0 \u00a0 \u00a0 \u00a0 12,8%<\/p>\n<p><strong>Wahlsieger:\u00a0<\/strong>Rainer Schubert (MP) &#8211; 176 von 735 Wahlm\u00e4nnern geholt<\/p>\n<p>&nbsp;<\/p>\n<p><strong>Ausgew\u00e4hlter Kandidat f\u00fcr die K\u00f6nigsstichwahl 1818:<\/strong><\/p>\n<p>Percival S. McLeach (parteilos) mit insgesamt 397 von 735 Wahlm\u00e4nnern<\/p>\n","protected":false},"excerpt":{"rendered":"<p>Aufgrund einer \u00c4nderung des Wahlrechts und des Wahlmodus&#8216; in Meadowhouse durch die momentane Regierung im Herbst 1817 gibt es, anders als bei der vorangegangenen Wahl im September 1814 in diesem Jahr keine alleinige Wahl zwischen mehreren Kandidaten an einem bestimmten Datum, sondern zun\u00e4chst eine Vorwahl, in der insgesamt sechs Kandidaten antreten, also aus jedem meadowhousischen Herzogtum einer, und aus denen dann derjenige Kandidat ermittelt wird, der im September in einer Stichwahl den Amtsinhaber, momentan K\u00f6nig Johannes I., herausfordert. Grund f\u00fcr die \u00c4nderung war vor allem, dass man der K\u00f6nigswahl mehr Gewicht verleihen wollte im Kontrast zu der ebenfalls in diesem Jahr stattfindenden Parlamentswahl. Zudem sollten durch den neuen Modus auch <a class=\"more-link\" href=\"https:\/\/wiesenhausen.de\/?page_id=10166\">Continue Reading \u2192<\/a><\/p>\n","protected":false},"author":1,"featured_media":0,"parent":0,"menu_order":0,"comment_status":"closed","ping_status":"closed","template":"","meta":{"footnotes":""},"class_list":["post-10166","page","type-page","status-publish","hentry"],"_links":{"self":[{"href":"https:\/\/wiesenhausen.de\/index.php?rest_route=\/wp\/v2\/pages\/10166","targetHints":{"allow":["GET"]}}],"collection":[{"href":"https:\/\/wiesenhausen.de\/index.php?rest_route=\/wp\/v2\/pages"}],"about":[{"href":"https:\/\/wiesenhausen.de\/index.php?rest_route=\/wp\/v2\/types\/page"}],"author":[{"embeddable":true,"href":"https:\/\/wiesenhausen.de\/index.php?rest_route=\/wp\/v2\/users\/1"}],"replies":[{"embeddable":true,"href":"https:\/\/wiesenhausen.de\/index.php?rest_route=%2Fwp%2Fv2%2Fcomments&post=10166"}],"version-history":[{"count":36,"href":"https:\/\/wiesenhausen.de\/index.php?rest_route=\/wp\/v2\/pages\/10166\/revisions"}],"predecessor-version":[{"id":10335,"href":"https:\/\/wiesenhausen.de\/index.php?rest_route=\/wp\/v2\/pages\/10166\/revisions\/10335"}],"wp:attachment":[{"href":"https:\/\/wiesenhausen.de\/index.php?rest_route=%2Fwp%2Fv2%2Fmedia&parent=10166"}],"curies":[{"name":"wp","href":"https:\/\/api.w.org\/{rel}","templated":true}]}}