{"id":10458,"date":"2018-07-30T13:42:13","date_gmt":"2018-07-30T13:42:13","guid":{"rendered":"http:\/\/wiesenhausen.de\/?page_id=10458"},"modified":"2020-06-17T15:23:13","modified_gmt":"2020-06-17T15:23:13","slug":"reichstagswahlen","status":"publish","type":"page","link":"https:\/\/wiesenhausen.de\/?page_id=10458","title":{"rendered":"Reichstagswahlen"},"content":{"rendered":"<p>Es sind die dritten Wahlen zum Meadowhousischen Reichstag im Saal der Gespenster, welche in diesem Jahr stattfinden. Insgesamt treten sieben Parteien an, um wieder ins Parlament einziehen zu d\u00fcrfen, wobei unklar ist, ob auch nach der Wahl noch sieben Fraktionen vorhanden sein werden. Sein Amt verteidigen will Reichskanzler Sebastian Schwalbenschwanz, was momentan auch recht wahrscheinlich ist. Die m\u00f6glichen Koalitionsbildungen sind jedoch momentan nur ansatzweise vorauszusehen und aufgrund der sich stets wechselnden Mehrheitsverh\u00e4ltnisse wird es wohl diesmal eine Wahl werden, in der der Kanzler wohl von Vornherein so gut wie feststeht, mit wem er aber regiert durchaus eine schwierige Frage werden k\u00f6nnte. Somit k\u00f6nnten sich Koalitionsgespr\u00e4che durchaus l\u00e4nger hinziehen, vor allem weil die momentan regierende Koalition nicht unbedingt so weiterregieren will, auch wenn es wieder eine Mehrheit f\u00fcr sie geben sollte.<\/p>\n<p>Auf dieser Seite werden am Wahltag dann die unterschiedlichen Ergebnisse eingetragen. Im Gegensatz zur K\u00f6nigswahl, die im vergangenen Jahr ja grundlegend reformiert worden war, hat sich der Modus der Parlamentswahlen zum Reichstag nicht ge\u00e4ndert. Nach wie vor werden lediglich Hochrechnungen erhoben, welche sich auf den gesamten Staat beziehen, anstatt, wie es nun bei der K\u00f6nigswahl ist, dass einzelne Wahlkreise ausgez\u00e4hlt werden und diese dann mit Hilfe von Wahlm\u00e4nnern verrechnet werden. Somit gilt in jedem Fall: Wer die meisten Prozentpunkte hat, hat die Wahl auf jeden Fall gewonnen. Nach wie vor existiert nat\u00fcrlich auch noch die Drei-Prozent-H\u00fcrde, die die Parteien \u00fcberbieten m\u00fcssen, um im Saal der Gespenster eine Fraktion bilden zu k\u00f6nnen. Im Folgenden sind nun die unterschiedlichen Parteien mit ihren Kandidaten zu sehen und am Wahltag dann auch, wie bereits geschildert, ihre jeweiligen Ergebnisse.<\/p>\n<p><strong>Uhrzeit: \u00a0 \u00a0 \u00a0 \u00a0 \u00a0 \u00a0 \u00a0 \u00a0 \u00a0 \u00a0 \u00a0 \u00a0 \u00a0 \u00a0 \u00a0 \u00a0 \u00a0 \u00a0 \u00a0 \u00a0 \u00a0 \u00a0 \u00a0 \u00a0 \u00a0 \u00a0 \u00a0 \u00a0 \u00a0 \u00a0 \u00a0 \u00a0 \u00a0 \u00a0 \u00a0 \u00a0 \u00a0 \u00a0 \u00a0 \u00a0 \u00a0 \u00a0\u00a0 18:00 \u00a0 \u00a0\u00a0 18:30 \u00a0 \u00a0\u00a0 19:00 \u00a0 \u00a0\u00a0 19:30 \u00a0 \u00a0\u00a0 20:00 \u00a0 \u00a0\u00a0 20:30 \u00a0 \u00a0\u00a0 21:00 \u00a0 \u00a0\u00a0 22:00 \u00a0 \u00a0\u00a0 23:00\/Endergebnis<\/strong><\/p>\n<p><strong>BdH<\/strong> (Bund der H\u00f6hle),<br \/>\nKandidat: Sebastian Schwalbenschwanz:\u00a0\u00a0\u00a0\u00a0\u00a0\u00a0\u00a0\u00a0\u00a0\u00a0\u00a0\u00a0\u00a0\u00a0\u00a0\u00a0\u00a0\u00a0\u00a0\u00a0\u00a0\u00a0\u00a0\u00a0\u00a0\u00a0\u00a0\u00a0\u00a0\u00a0\u00a0\u00a0\u00a0\u00a0 23,1 %\u00a0\u00a0\u00a0\u00a0\u00a0\u00a0\u00a024,2%\u00a0\u00a0\u00a0\u00a0\u00a0\u00a0 25,7 %\u00a0\u00a0\u00a0\u00a0\u00a0 25,5 %\u00a0\u00a0\u00a0\u00a0\u00a0\u00a0 25,3 %\u00a0\u00a0\u00a0\u00a0\u00a0 25,7 %\u00a0\u00a0\u00a0\u00a0\u00a0 25,7 %\u00a0\u00a0\u00a0\u00a0\u00a0\u00a025,3 %\u00a0\u00a0\u00a0\u00a0\u00a0\u00a0 <strong>25,4 %<\/strong><\/p>\n<p><strong>WVD<\/strong> (Wiesenhausener Volks-Direktion),<br \/>\nKandidat: Harald von Ryssen:\u00a0\u00a0\u00a0\u00a0\u00a0\u00a0\u00a0\u00a0\u00a0\u00a0\u00a0\u00a0\u00a0\u00a0\u00a0\u00a0\u00a0\u00a0\u00a0\u00a0\u00a0\u00a0\u00a0\u00a0\u00a0\u00a0\u00a0\u00a0\u00a0\u00a0\u00a0\u00a0\u00a0\u00a0\u00a0\u00a0\u00a0\u00a0\u00a0\u00a0\u00a0\u00a0\u00a0\u00a0\u00a0\u00a0\u00a0\u00a0\u00a0\u00a0\u00a0\u00a0\u00a0 21,9 %\u00a0\u00a0\u00a0\u00a0\u00a0\u00a0 20,2 %\u00a0\u00a0\u00a0\u00a0\u00a0\u00a0 21,1 %\u00a0\u00a0\u00a0\u00a0\u00a0\u00a020,6 %\u00a0\u00a0\u00a0\u00a0\u00a0\u00a0 21,0 %\u00a0\u00a0\u00a0\u00a0\u00a0 20,6 %\u00a0\u00a0\u00a0\u00a0\u00a0 20,4 %\u00a0\u00a0\u00a0\u00a020,5 %\u00a0\u00a0\u00a0\u00a0\u00a0\u00a0 <strong>20,1 %<\/strong><\/p>\n<p><strong>MCM<\/strong> (Meadowhousische Christ-Monarchisten),<br \/>\nKandidat: Joachim Kamphoff\u00a0\u00a0\u00a0\u00a0\u00a0\u00a0\u00a0\u00a0\u00a0\u00a0\u00a0\u00a0\u00a0\u00a0\u00a0\u00a0\u00a0\u00a0\u00a0\u00a0\u00a0\u00a0\u00a0\u00a0\u00a0\u00a0\u00a0\u00a0\u00a0\u00a0\u00a0\u00a0\u00a0\u00a0\u00a0\u00a0\u00a0\u00a0\u00a0\u00a0\u00a0\u00a0\u00a0\u00a0\u00a0\u00a0\u00a0\u00a0\u00a0\u00a0\u00a0\u00a0\u00a0\u00a0 9,0 %\u00a0\u00a0\u00a0\u00a0\u00a0\u00a0\u00a0\u00a0 9,3 %\u00a0\u00a0\u00a0\u00a0\u00a0\u00a0\u00a0\u00a0 7,8 %\u00a0\u00a0\u00a0\u00a0\u00a0\u00a0\u00a0\u00a0 7,1 %\u00a0\u00a0\u00a0\u00a0\u00a0\u00a0\u00a0\u00a0 6,4 %\u00a0\u00a0\u00a0\u00a0\u00a0\u00a0\u00a0 6,9 %\u00a0\u00a0\u00a0\u00a0\u00a0\u00a0\u00a0\u00a0 7,1 %\u00a0\u00a0\u00a0\u00a0\u00a0\u00a0 6,9 %\u00a0\u00a0\u00a0\u00a0\u00a0\u00a0\u00a0\u00a0 <strong>6,6 %<\/strong><\/p>\n<p><strong>VCS<\/strong> (Volks-Christ-Soziale),<br \/>\nKandidat: Heinrich Hubmaier:\u00a0\u00a0\u00a0\u00a0\u00a0\u00a0\u00a0\u00a0\u00a0\u00a0\u00a0\u00a0\u00a0\u00a0\u00a0\u00a0\u00a0\u00a0\u00a0\u00a0\u00a0\u00a0\u00a0\u00a0\u00a0\u00a0\u00a0\u00a0\u00a0\u00a0\u00a0\u00a0\u00a0\u00a0\u00a0\u00a0\u00a0\u00a0\u00a0\u00a0\u00a0\u00a0\u00a0\u00a0\u00a0\u00a0\u00a0\u00a0\u00a0\u00a0\u00a0 15,6 %\u00a0\u00a0\u00a0\u00a0\u00a0\u00a0\u00a0\u00a0 15,2 %\u00a0\u00a0\u00a0\u00a0\u00a0\u00a0 13,7 %\u00a0\u00a0\u00a0\u00a0\u00a0 14,2 %\u00a0\u00a0\u00a0\u00a0\u00a0\u00a0\u00a0 14,0 %\u00a0\u00a0\u00a0\u00a0\u00a0 13,6 %\u00a0\u00a0\u00a0\u00a0\u00a0\u00a0 14,0 %\u00a0\u00a0\u00a0 13,7 %\u00a0\u00a0\u00a0\u00a0\u00a0\u00a0\u00a0\u00a0<strong>14,1 %<\/strong><\/p>\n<p><strong>FED<\/strong> (Freie Evangelische Direktion),<br \/>\nKandidat: Herbert Granitzer:\u00a0\u00a0\u00a0\u00a0\u00a0\u00a0\u00a0\u00a0\u00a0\u00a0\u00a0\u00a0\u00a0\u00a0\u00a0\u00a0\u00a0\u00a0\u00a0\u00a0\u00a0\u00a0\u00a0\u00a0\u00a0\u00a0\u00a0\u00a0\u00a0\u00a0\u00a0\u00a0\u00a0\u00a0\u00a0\u00a0\u00a0\u00a0\u00a0\u00a0\u00a0\u00a0\u00a0\u00a0\u00a0\u00a0\u00a0\u00a0\u00a0\u00a0\u00a0\u00a0\u00a0\u00a0 18,7 %\u00a0\u00a0\u00a0\u00a0\u00a0\u00a0\u00a0\u00a0 18,0 %\u00a0\u00a0\u00a0\u00a0\u00a0 17,0 %\u00a0\u00a0\u00a0\u00a0\u00a0\u00a0 17,2 %\u00a0\u00a0\u00a0\u00a0\u00a0\u00a0 17,9 %\u00a0\u00a0\u00a0\u00a0\u00a0\u00a0 18,4 %\u00a0\u00a0\u00a0\u00a0\u00a0\u00a0\u00a017,9 %\u00a0\u00a0\u00a0\u00a0 17,9 %\u00a0\u00a0\u00a0\u00a0\u00a0\u00a0 <strong>17,9 %<\/strong><\/p>\n<p><strong>MSP<\/strong> (Meadowhousische Sozialdemokratische Partei),<br \/>\nKandidaten: Achim Bredenstedt &amp; Mathilda Ehrmann:\u00a0\u00a0\u00a0\u00a0\u00a0\u00a0\u00a0 7,3 %\u00a0\u00a0\u00a0\u00a0\u00a0\u00a0\u00a0\u00a0\u00a0\u00a0 7,1 %\u00a0\u00a0\u00a0\u00a0\u00a0\u00a0\u00a0\u00a0\u00a0 6,5 %\u00a0\u00a0\u00a0\u00a0\u00a0\u00a0\u00a0\u00a0 7,1 %\u00a0\u00a0\u00a0\u00a0\u00a0\u00a0\u00a0\u00a0 6,6 %\u00a0\u00a0\u00a0\u00a0\u00a0\u00a0\u00a0\u00a0 6,8 %\u00a0\u00a0\u00a0\u00a0\u00a0\u00a0\u00a0 7,0 %\u00a0\u00a0\u00a0\u00a0\u00a0 6,7 %\u00a0\u00a0\u00a0\u00a0\u00a0\u00a0\u00a0\u00a0 <strong>7,0 %<\/strong><\/p>\n<p><strong>MP<\/strong> (Meerespartei),<br \/>\nKandidat: Erika Runghold:\u00a0\u00a0\u00a0\u00a0\u00a0\u00a0\u00a0\u00a0\u00a0\u00a0\u00a0\u00a0\u00a0\u00a0\u00a0\u00a0\u00a0\u00a0\u00a0\u00a0\u00a0\u00a0\u00a0\u00a0\u00a0\u00a0\u00a0\u00a0\u00a0\u00a0\u00a0\u00a0\u00a0\u00a0\u00a0\u00a0\u00a0\u00a0\u00a0\u00a0\u00a0\u00a0\u00a0\u00a0\u00a0\u00a0\u00a0\u00a0\u00a0\u00a0\u00a0\u00a0\u00a0\u00a0\u00a0\u00a0\u00a0\u00a0 3,4 %\u00a0\u00a0\u00a0\u00a0\u00a0\u00a0\u00a0\u00a0\u00a0\u00a0 4,1 %\u00a0\u00a0\u00a0\u00a0\u00a0\u00a0\u00a0\u00a0 5,5 %\u00a0\u00a0\u00a0\u00a0\u00a0\u00a0\u00a0\u00a0 5,4 %\u00a0\u00a0\u00a0\u00a0\u00a0\u00a0\u00a0\u00a0 5,3 %\u00a0\u00a0\u00a0\u00a0\u00a0\u00a0\u00a0\u00a0 5,5 %\u00a0\u00a0\u00a0\u00a0\u00a0\u00a0\u00a0\u00a0 5,5 %\u00a0\u00a0\u00a0\u00a0\u00a0 5,9 %\u00a0\u00a0\u00a0\u00a0\u00a0\u00a0\u00a0\u00a0 <strong>5,7 %<\/strong><\/p>\n<p><strong>Sonstige Parteien:<\/strong>\u00a0\u00a0\u00a0\u00a0\u00a0\u00a0\u00a0\u00a0\u00a0\u00a0\u00a0\u00a0\u00a0\u00a0\u00a0\u00a0\u00a0\u00a0\u00a0\u00a0\u00a0\u00a0\u00a0\u00a0\u00a0\u00a0\u00a0\u00a0\u00a0\u00a0\u00a0\u00a0\u00a0\u00a0\u00a0\u00a0\u00a0\u00a0\u00a0\u00a0\u00a0\u00a0\u00a0\u00a0\u00a0\u00a0\u00a0\u00a0\u00a0\u00a0\u00a0\u00a0\u00a0\u00a0\u00a0\u00a0\u00a0\u00a0\u00a0\u00a0\u00a0\u00a0\u00a0\u00a0\u00a0\u00a0\u00a0\u00a0\u00a0 1,0 %\u00a0\u00a0\u00a0\u00a0\u00a0\u00a0\u00a0\u00a0\u00a0\u00a0 1,9 %\u00a0\u00a0\u00a0\u00a0\u00a0\u00a0\u00a0\u00a0 2,7 %\u00a0\u00a0\u00a0\u00a0\u00a0\u00a0\u00a0\u00a0 2,9 %\u00a0\u00a0\u00a0\u00a0\u00a0\u00a0\u00a0\u00a0 3,5 %\u00a0\u00a0\u00a0\u00a0\u00a0\u00a0\u00a0\u00a0 2,5 %\u00a0\u00a0\u00a0\u00a0\u00a0\u00a0\u00a0\u00a02,4 %\u00a0\u00a0\u00a0\u00a0\u00a0 3,1 %\u00a0\u00a0\u00a0\u00a0\u00a0\u00a0\u00a0\u00a0\u00a0 <strong>3,2 %<\/strong><\/p>\n","protected":false},"excerpt":{"rendered":"<p>Es sind die dritten Wahlen zum Meadowhousischen Reichstag im Saal der Gespenster, welche in diesem Jahr stattfinden. Insgesamt treten sieben Parteien an, um wieder ins Parlament einziehen zu d\u00fcrfen, wobei unklar ist, ob auch nach der Wahl noch sieben Fraktionen vorhanden sein werden. Sein Amt verteidigen will Reichskanzler Sebastian Schwalbenschwanz, was momentan auch recht wahrscheinlich ist. Die m\u00f6glichen Koalitionsbildungen sind jedoch momentan nur ansatzweise vorauszusehen und aufgrund der sich stets wechselnden Mehrheitsverh\u00e4ltnisse wird es wohl diesmal eine Wahl werden, in der der Kanzler wohl von Vornherein so gut wie feststeht, mit wem er aber regiert durchaus eine schwierige Frage werden k\u00f6nnte. Somit k\u00f6nnten sich Koalitionsgespr\u00e4che durchaus l\u00e4nger hinziehen, vor allem <a class=\"more-link\" href=\"https:\/\/wiesenhausen.de\/?page_id=10458\">Continue Reading \u2192<\/a><\/p>\n","protected":false},"author":1,"featured_media":0,"parent":0,"menu_order":0,"comment_status":"closed","ping_status":"closed","template":"","meta":{"footnotes":""},"class_list":["post-10458","page","type-page","status-publish","hentry"],"_links":{"self":[{"href":"https:\/\/wiesenhausen.de\/index.php?rest_route=\/wp\/v2\/pages\/10458","targetHints":{"allow":["GET"]}}],"collection":[{"href":"https:\/\/wiesenhausen.de\/index.php?rest_route=\/wp\/v2\/pages"}],"about":[{"href":"https:\/\/wiesenhausen.de\/index.php?rest_route=\/wp\/v2\/types\/page"}],"author":[{"embeddable":true,"href":"https:\/\/wiesenhausen.de\/index.php?rest_route=\/wp\/v2\/users\/1"}],"replies":[{"embeddable":true,"href":"https:\/\/wiesenhausen.de\/index.php?rest_route=%2Fwp%2Fv2%2Fcomments&post=10458"}],"version-history":[{"count":13,"href":"https:\/\/wiesenhausen.de\/index.php?rest_route=\/wp\/v2\/pages\/10458\/revisions"}],"predecessor-version":[{"id":16143,"href":"https:\/\/wiesenhausen.de\/index.php?rest_route=\/wp\/v2\/pages\/10458\/revisions\/16143"}],"wp:attachment":[{"href":"https:\/\/wiesenhausen.de\/index.php?rest_route=%2Fwp%2Fv2%2Fmedia&parent=10458"}],"curies":[{"name":"wp","href":"https:\/\/api.w.org\/{rel}","templated":true}]}}