{"id":10462,"date":"2018-07-30T14:22:01","date_gmt":"2018-07-30T14:22:01","guid":{"rendered":"http:\/\/wiesenhausen.de\/?page_id=10462"},"modified":"2018-09-17T20:27:13","modified_gmt":"2018-09-17T20:27:13","slug":"koenigswahl","status":"publish","type":"page","link":"https:\/\/wiesenhausen.de\/?page_id=10462","title":{"rendered":"K\u00f6nigswahl"},"content":{"rendered":"<p>Nach den K\u00f6nigsvorwahlen, die von Anfang Mai bis Mitte Juni stattfanden, stand schlie\u00dflich fest, wer K\u00f6nig Johannes I., der seit acht Jahren Oberhaupt des Meadowhousischen Staates ist, bei der diesj\u00e4hrigen K\u00f6nigwahl herausfordern w\u00fcrde. Am Ende konnte der ehemalige Verkehrsdromorniss und ehemalige Herzog von El Grande, Percival S. McLeach, die meisten Stimmen der jeweiligen Wahlm\u00e4nner der sechs verschiedenen Herzogt\u00fcmer und deren Wahlkreisen hinter sich versammeln. Er wird somit gegen K\u00f6nig Johannes I. antreten und versuchen, diesen aus dem Amt zu dr\u00e4ngen, was jedoch recht schwierig, aufgrund der konsequenten Gegenpositionen McLeachs, aber auch nicht unm\u00f6glich erscheint.<\/p>\n<p>Aufgrund des im vergangenen Jahr reformierten Modus&#8216; der K\u00f6nigswahlen l\u00e4uft die diesj\u00e4hrige Wahl insgesamt deutlich anders ab als noch 1814, als mehrere Kandidaten in einer Wahl gegen K\u00f6nig Johannes I. angetreten waren. Stattdessen tritt mit McLeach nur ein Kandidat an, der zuvor in den bereits erw\u00e4hnten Vorwahlen aus sechs Kandidaten ermittelt wurde. Im September ist es nun so, dass beide Kandidaten sich um die festgeschriebene Wahlm\u00e4nneranzahl von 735 bewerben, sodass also insgesamt 368 f\u00fcr einen der beiden Kandidaten zum Gewinn der Wahl reichen. Die Ergebnisse der einzelnen Wahlbezirke, insgesamt sind es f\u00fcnfzig, werden aufgrund ihrer unterschiedlichen Gr\u00f6\u00dfe und Bev\u00f6lkerungsdichte hintereinander bekannt gegeben, sodass \u00fcber einen Zeitraum von etwa acht Stunden nach und nach immer mehr Ergebnisse zusammenkommen und zu einem Zeitpunkt dann der Sieger feststeht. Damit bekommt die Wahl auch insofern mehr Gewicht, als dass sie einfach l\u00e4nger dauert und, so wie es auch die Hoffnung der Reformer des Modus&#8216; war, mehr Bedeutung bekommt als die ohnehin bedeutende Parlamentswahl in diesem Jahr. In der Folge werden nun s\u00e4mtliche Wahlkreise, sortiert nach den sechs Herzogt\u00fcmern, hier aufgelistet, auch inklusive der Anzahl an Wahlm\u00e4nnern in Klammern, die es in jedem Kreis gibt. Am Wahltag werden hier dann auch die jeweiligen Ergebnisse eingetragen, sobald diese feststehen.<\/p>\n<p><strong>Preu\u00dfen:<\/strong><\/p>\n<p>Ledhian-Nord (7): <strong>Percival S. McLeach<\/strong><\/p>\n<p>Roscrovel-Iffelland (8): <strong>Percival S. McLeach<\/strong><\/p>\n<p>Karburg-Impfe (24): <strong>Percival S. McLeach<\/strong><\/p>\n<p>Niederstein (9): <strong>Percival S. McLeach<\/strong><\/p>\n<p>Ledhian-Salzbach (6): <strong>K\u00f6nig Johannes I.<\/strong><\/p>\n<p>Eisach-Tierhagen (6): <strong>K\u00f6nig Johannes I.<\/strong><\/p>\n<p>Eisach-Ost (5): <strong>K\u00f6nig Johannes I.<\/strong><\/p>\n<p>&nbsp;<\/p>\n<p><strong>Saphirento:<\/strong><\/p>\n<p>Menz-West (7): <strong>K\u00f6nig Johannes I.<\/strong><\/p>\n<p>Menz-Nord (7): <strong>K\u00f6nig Johannes I.<\/strong><\/p>\n<p>Drohdeland (11): <strong>Percival S. McLeach<\/strong><\/p>\n<p>Lind-Meger (9): <strong>Percival S. McLeach<\/strong><\/p>\n<p>Saphirento-Nord (28): <strong>Percival S. McLeach<\/strong><\/p>\n<p>K\u00f6nigsbach-Wose (10): <strong>Percival S. McLeach<\/strong><\/p>\n<p>Meger-Mitte (16): <strong>Percival S. McLeach<\/strong><\/p>\n<p>Ilmer-Meger (36): <strong>Percival S. McLeach<\/strong><\/p>\n<p>&nbsp;<\/p>\n<p><strong>Wiesenhausen:<\/strong><\/p>\n<p>Waldbach-Gerte (18): <strong>K\u00f6nig Johannes I.<\/strong><\/p>\n<p>Vest (7): <strong>K\u00f6nig Johannes I.<\/strong><\/p>\n<p>Flosserland (14): <strong>Percival S. McLeach<\/strong><\/p>\n<p>Grohneland (9): <strong>Percival S. McLeach<\/strong><\/p>\n<p>Ysen-Nord (17): <strong>K\u00f6nig Johannes I.<\/strong><\/p>\n<p>Wiesenhausen (55): <strong>K\u00f6nig Johannes I.<\/strong><\/p>\n<p>Ysen-S\u00fcd (20): <strong>Percival S. McLeach<\/strong><\/p>\n<p>Helbecher Land (6): <strong>K\u00f6nig Johannes I.<\/strong><\/p>\n<p>Maranchl\u00e8s-S\u00fcd (18): <strong>Percival S. McLeach<\/strong><\/p>\n<p>Rimer-Uhle (12): <strong>K\u00f6nig Johannes I.<\/strong><\/p>\n<p>&nbsp;<\/p>\n<p><strong>Santo Opalo:<\/strong><\/p>\n<p>Ysen-Karlsbach (15): <strong>Percival S. McLeach<\/strong><\/p>\n<p>Grote-Elm-Nordbach (14): <strong>Percival S. McLeach<\/strong><\/p>\n<p>Ysen-Nordbach (22): <strong>Percival S. McLeach<\/strong><\/p>\n<p>Mohre-Gunzlach (30): <strong>Percival S. McLeach<\/strong><\/p>\n<p>Mohre-Sognitz (14): <strong>K\u00f6nig Johannes I.<\/strong><\/p>\n<p>Rimer-Sognitz (11): <strong>K\u00f6nig Johannes I.<\/strong><\/p>\n<p>Rimer-Ost (15): <strong>K\u00f6nig Johannes I.<\/strong><\/p>\n<p>Dresauland (9): <strong>K\u00f6nig Johannes I.<\/strong><\/p>\n<p>Garnser Land (19): <strong>Percival S. McLeach<\/strong><\/p>\n<p>&nbsp;<\/p>\n<p><strong>El Grande:<\/strong><\/p>\n<p>Rimer-Nord (6): <strong>Percival S. McLeach<\/strong><\/p>\n<p>El Grande (23): <strong>Percival S. McLeach<\/strong><\/p>\n<p>Isselland (13): <strong>Percival S. McLeach<\/strong><\/p>\n<p>Westbach-Gr\u00fcne (8): <strong>Percival S. McLeach<\/strong><\/p>\n<p>Taaler Land (9): <strong>Percival S. McLeach<\/strong><\/p>\n<p>Keslenburg-Halge (20): <strong>K\u00f6nig Johannes I.<\/strong><\/p>\n<p>Vogaine-S\u00fcd (10): <strong>Percival S. McLeach<\/strong><\/p>\n<p>Aubach-Wasserau (8): <strong>Percival S. McLeach<\/strong><\/p>\n<p>&nbsp;<\/p>\n<p><strong>S\u00fcdstrand:<\/strong><\/p>\n<p>Sonne-Nord (28): <strong>Percival S. McLeach<\/strong><\/p>\n<p>Sonne-Reede (11): <strong>K\u00f6nig Johannes I.<\/strong><\/p>\n<p>Viscy-Nord (10): <strong>Percival S. McLeach<\/strong><\/p>\n<p>Laine-Sirogio (13): <strong>Percival S. McLeach<\/strong><\/p>\n<p>Campinas-K\u00fcste (32): <strong>Percival S. McLeach<\/strong><\/p>\n<p>Tigualer Land (12): <strong>Percival S. McLeach<\/strong><\/p>\n<p>Slevan-Nord (9): <strong>Percival S. McLeach<\/strong><\/p>\n<p>Slevan-S\u00fcd (9): <strong>Percival S. McLeach<\/strong><\/p>\n<p>&nbsp;<\/p>\n<p><strong>Gewinner der K\u00f6nigswahlen 1818:\u00a0Percival S. McLeach<\/strong><\/p>\n","protected":false},"excerpt":{"rendered":"<p>Nach den K\u00f6nigsvorwahlen, die von Anfang Mai bis Mitte Juni stattfanden, stand schlie\u00dflich fest, wer K\u00f6nig Johannes I., der seit acht Jahren Oberhaupt des Meadowhousischen Staates ist, bei der diesj\u00e4hrigen K\u00f6nigwahl herausfordern w\u00fcrde. Am Ende konnte der ehemalige Verkehrsdromorniss und ehemalige Herzog von El Grande, Percival S. McLeach, die meisten Stimmen der jeweiligen Wahlm\u00e4nner der sechs verschiedenen Herzogt\u00fcmer und deren Wahlkreisen hinter sich versammeln. Er wird somit gegen K\u00f6nig Johannes I. antreten und versuchen, diesen aus dem Amt zu dr\u00e4ngen, was jedoch recht schwierig, aufgrund der konsequenten Gegenpositionen McLeachs, aber auch nicht unm\u00f6glich erscheint. Aufgrund des im vergangenen Jahr reformierten Modus&#8216; der K\u00f6nigswahlen l\u00e4uft die diesj\u00e4hrige Wahl insgesamt deutlich anders <a class=\"more-link\" href=\"https:\/\/wiesenhausen.de\/?page_id=10462\">Continue Reading \u2192<\/a><\/p>\n","protected":false},"author":1,"featured_media":0,"parent":0,"menu_order":0,"comment_status":"closed","ping_status":"closed","template":"","meta":{"footnotes":""},"class_list":["post-10462","page","type-page","status-publish","hentry"],"_links":{"self":[{"href":"https:\/\/wiesenhausen.de\/index.php?rest_route=\/wp\/v2\/pages\/10462","targetHints":{"allow":["GET"]}}],"collection":[{"href":"https:\/\/wiesenhausen.de\/index.php?rest_route=\/wp\/v2\/pages"}],"about":[{"href":"https:\/\/wiesenhausen.de\/index.php?rest_route=\/wp\/v2\/types\/page"}],"author":[{"embeddable":true,"href":"https:\/\/wiesenhausen.de\/index.php?rest_route=\/wp\/v2\/users\/1"}],"replies":[{"embeddable":true,"href":"https:\/\/wiesenhausen.de\/index.php?rest_route=%2Fwp%2Fv2%2Fcomments&post=10462"}],"version-history":[{"count":50,"href":"https:\/\/wiesenhausen.de\/index.php?rest_route=\/wp\/v2\/pages\/10462\/revisions"}],"predecessor-version":[{"id":10846,"href":"https:\/\/wiesenhausen.de\/index.php?rest_route=\/wp\/v2\/pages\/10462\/revisions\/10846"}],"wp:attachment":[{"href":"https:\/\/wiesenhausen.de\/index.php?rest_route=%2Fwp%2Fv2%2Fmedia&parent=10462"}],"curies":[{"name":"wp","href":"https:\/\/api.w.org\/{rel}","templated":true}]}}