{"id":13850,"date":"2019-07-07T17:42:02","date_gmt":"2019-07-07T17:42:02","guid":{"rendered":"http:\/\/wiesenhausen.de\/?page_id=13850"},"modified":"2026-03-28T16:33:02","modified_gmt":"2026-03-28T16:33:02","slug":"premiere-cup-der-pokalsieger","status":"publish","type":"page","link":"https:\/\/wiesenhausen.de\/?page_id=13850","title":{"rendered":"Premiere Cup der Pokalsieger"},"content":{"rendered":"<p>Im Premiere Cup der Pokalsieger treffen die insgesamt 32 Pokalsieger aus je einer Liga aufeinander. Diese Form des Spielbetriebs existiert seit 1819 und wurde aufgrund einer Reform im internationalen Vereinsfu\u00dfball eingef\u00fchrt, die den ehemals stattfindenden Premiere Cup in insgesamt drei Wettbewerbe aufteilte. Der Premiere Cup der Pokalsieger ist ein Wettbewerb, in dem auch zuvor international vollkommen unbekannte Mannschaften eine Chance bekommen, sich zu pr\u00e4sentieren, da die Pokalwettbewerbe auch kleineren Vereinen eine M\u00f6glichkeit zum Titelgewinn, und nun auch f\u00fcr internationale Spiele, bieten. Sollte der Pokalsieger einer Liga au\u00dferdem auch noch der Meister dieser Liga sein, so hat der Pokalfinalist in diesem Fall das Recht, sein Land im Premiere Cup der Pokalsieger zu vertreten, was ebenfalls dazu beitr\u00e4gt, dass bisher kaum international aufgetretene Mannschaften international spielen k\u00f6nnen. Folge der Reform von 1819 war zudem, dass viele vormals eher unbekannte Ligen nun gegen etablierte Mannschaften aus denjenigen Ligen spielen k\u00f6nnen, die zuvor auch schon im alten Premiere Cup teilnahmen. Aus diesem Grund kann das neue System auch als ein deutlich mehr weltumspannendes System betrachtet werden als sein Vorg\u00e4ngermodell.<\/p>\n<p>Der Modus im Premiere Cup der Pokalsieger unterscheidet sich ebenfalls ma\u00dfgeblich von dem des alten Premiere Cups. Anstatt einer Gruppenphase zu Beginn gibt es nun nur noch Ausscheidungsspiele ab der ersten Runde, wobei in jeder Runde Hin- und R\u00fcckspiele bestritten werden. So kann es auch schon relativ fr\u00fch im Wettbewerb zu hochkar\u00e4tigen Duellen zwischen Mannschaften kommen. Letzte Saison gewann Inter Salenavo aus Klondyk im Finale gegen den 1.SC Que Fatra aus Mittelland. Das Finale der Spielzeit 1825\/26 wird in Emsk ausgetragen. Die Spiele werden stets um 18:30 Uhr angepfiffen.<\/p>\n<p><strong>Halbfinale (Hinspiele: 21\/.22.04. ; R\u00fcckspiele: 05.\/06.05.)<\/strong><\/p>\n<p>21.04.\u00a0 \u00a0FC Sao Gr\u00fcno &#8211; Dinamo Konograd\u00a0 \u00a0 \u00a0 \u00a0 \u00a0 -:-<\/p>\n<p>05.05.\u00a0 \u00a0Dinamo Konograd &#8211; FC Sao Gr\u00fcno\u00a0 \u00a0 \u00a0 \u00a0 \u00a0 -:-<\/p>\n<p>&nbsp;<\/p>\n<p>22.04.\u00a0 \u00a01.SC Sichtburgh &#8211; 1.FC Duckenburgh\u00a0 \u00a0 \u00a0 \u00a0 \u00a0 -:-<\/p>\n<p>06.05.\u00a0 \u00a01.FC Duckenburgh &#8211; 1.SC Sichtburgh\u00a0 \u00a0 \u00a0 \u00a0 \u00a0 -:-<\/p>\n<p>&nbsp;<\/p>\n<p><strong>Viertelfinale (Hinspiele: 24.\/25.02. ; R\u00fcckspiele: 10.\/11.03.)<\/strong><\/p>\n<p>24.02.\u00a0 \u00a0FC Sao Gr\u00fcno &#8211; Drei\u00dfigwald Ost\u00e4s\u00a0 \u00a0 \u00a0 \u00a0 \u00a0 3:1 (2:1)<br \/>\n<em>0:1 Zhinkov (5.), 1:1 Gr\u00fcnauer (22.), 2:1 Wiesemann (43.), 3:1 Gr\u00fcnauer (83.)<\/em><\/p>\n<p>10.03.\u00a0 \u00a0Drei\u00dfigwald Ost\u00e4s &#8211; <strong>FC Sao Gr\u00fcno<\/strong>\u00a0 \u00a0 \u00a0 \u00a0 \u00a0 2:1 (0:1)<br \/>\n<em>0:1 Wiesemann (25.), 1:1 Caborg (52.), 2:1 Solvychenko (70.)<\/em><\/p>\n<p>24.02.\u00a0 \u00a0Dinamo Konograd &#8211; FC Daspleto\u00a0 \u00a0 \u00a0 \u00a0 \u00a0 2:1 (1:0)<br \/>\n<em>1:0 Svernar (25.), 2:0 Niclassen (56.), 2:1 Murphy (87.)<\/em><\/p>\n<p>10.03.\u00a0 \u00a0FC Daspleto &#8211; <strong>Dinamo Konograd<\/strong>\u00a0 \u00a0 \u00a0 \u00a0 \u00a0 0:1 (0:0)<br \/>\n<em>0:1 Svernar (88.)<\/em><\/p>\n<p>&nbsp;<\/p>\n<p>25.02.\u00a0 \u00a0Slevan San Laven &#8211; 1.SC Sichtburgh\u00a0 \u00a0 \u00a0 \u00a0 \u00a0 \u00a02:2 (1:1)<br \/>\n<em>0:1 Alharev (25.), 1:1 Erhardt (39.), 1:2 Hillecke (55.), 2:2 Refrool (87.)<\/em><\/p>\n<p>11.03.\u00a0 \u00a0<strong>1.SC Sichtburgh<\/strong> &#8211; Slevan San Laven\u00a0 \u00a0 \u00a0 \u00a0 \u00a0 \u00a02:1 (1:1)<br \/>\n<em>1:0 Alharev (33.), 1:1 Berleski (45.), 2:1 Gitzen (86.)<\/em><\/p>\n<p>25.02.\u00a0 \u00a0KFV Slov &#8211; 1.FC Duckenburgh\u00a0 \u00a0 \u00a0 \u00a0 \u00a0 1:4 (1:2)<br \/>\n<em>1:0 Kevna (5.), 1:1 Bartoltz (24.), 1:2 Bartoltz (44.), 1:3 Rosenhausen (56.), 1:4 Blatt (69.)<\/em><\/p>\n<p>11.03.\u00a0 \u00a0<strong>1.FC Duckenburgh<\/strong> &#8211; KFV Slov\u00a0 \u00a0 \u00a0 \u00a0 \u00a0 1:1 (1:1)<br \/>\n<em>0:1 Bestalexiou (13.), 1:1 Rosenhausen (36.)<\/em><\/p>\n<p>&nbsp;<\/p>\n<p><strong>Achtelfinale (Hinspiele: 02.\/03.12. ; R\u00fcckspiele: 16.\/17.12.)<\/strong><\/p>\n<p>02.12.\u00a0 \u00a01.FV Perlenbucht &#8211; FC Sao Gr\u00fcno\u00a0 \u00a0 \u00a0 \u00a0 \u00a0 1:4 (0:2)<br \/>\n<em>0:1 Gr\u00fcnauer (18.), 0:2 Wiesemann (42.), 0:3 Wiesemann (56.), 1:3 Coultier (69.), 1:4 Gr\u00fcnberger (83.)<\/em><\/p>\n<p>16.12.\u00a0 \u00a0<strong>FC Sao Gr\u00fcno<\/strong> &#8211; 1.FV Perlenbucht\u00a0 \u00a0 \u00a0 \u00a0 \u00a0 2:0 (1:0)<br \/>\n<em>1:0 Wiesemann (22.), 2:0 Wiesemann (67.)<\/em><\/p>\n<p>02.12.\u00a0 \u00a0BC Venalcyus &#8211; Drei\u00dfigwald Ost\u00e4s\u00a0 \u00a0 \u00a0 \u00a0 1:1 (0:1)<br \/>\n<em>0:1 Vollmacher (13.), 1:1 Branca (90.)<\/em><\/p>\n<p>16.12.\u00a0 \u00a0<strong>Drei\u00dfigwald Ost\u00e4s<\/strong> &#8211; BC Venalcyus\u00a0 \u00a0 \u00a0 \u00a0 2:0 (1:0)<br \/>\n<em>1:0 Vollmacher (6.), 2:0 Drawka (73.)<\/em><\/p>\n<p>02.12.\u00a0 \u00a0CS Valdos &#8211; Slevan San Laven\u00a0 \u00a0 \u00a0 \u00a0 \u00a01:2 (1:0)<br \/>\n<em>1:0 Theacol (25.), 1:1 Erhardt (73.), 1:2 Refrool (85.)<\/em><\/p>\n<p>16.12.\u00a0 \u00a0<strong>Slevan San Laven<\/strong> &#8211; CS Valdos\u00a0 \u00a0 \u00a0 \u00a0 \u00a01:2 (1:2)\u00a0 n.V. 2:2 (2:2)<br \/>\n<em>0:1 Quagavio (7.), 0:2 Theacol (26.), 1:2 Refrool (43.), 2:2 Refrool (100.)<\/em><\/p>\n<p>02.12.\u00a0 \u00a0Dinamo Konograd &#8211; FC Hels\u00f8ng\u00a0 \u00a0 \u00a0 \u00a00:1 (0:1)<br \/>\n<em>0:1 Skomester (28.)<\/em><\/p>\n<p>16.12.\u00a0 \u00a0FC Hels\u00f8ng &#8211; <strong>Dinamo Konograd<\/strong>\u00a0 \u00a0 \u00a0 \u00a01:3 (1:1)<br \/>\n<em>1:0 Tribbiani (4.), 1:1 Svernar (36.), 1:2 Niclassen (47.), 1:3 Niclassen (85.)<\/em><\/p>\n<p>&nbsp;<\/p>\n<p>03.12.\u00a0 \u00a01.SC Sichtburgh &#8211; FC Ostrof\u00a0 \u00a0 \u00a0 \u00a0 \u00a03:1 (2:0)<br \/>\n<em>1:0 Alharev (20.), 2:0 Lovcheu (38.), 3:0 Lovcheu (67.), 3:1 Frajoh (83.)<\/em><\/p>\n<p>17.12.\u00a0 \u00a0FC Ostrof &#8211; <strong>1.SC Sichtburgh<\/strong>\u00a0 \u00a0 \u00a0 \u00a0 \u00a01:2 (1:0)<br \/>\n<em>1:0 Frajoh (23.), 1:1 Alharev (65.), 1:2 Alharev (88.)<\/em><\/p>\n<p>03.12.\u00a0 \u00a0FC Daspleto &#8211; Alenco 92\u00a0 \u00a0 \u00a0 \u00a0 \u00a04:0 (2:0)<br \/>\n<em>1:0 Shepherd (17.), 2:0 Knochberg (35.), 3:0 Murphy (49.), 4:0 Werner (78.)<\/em><\/p>\n<p>17.12.\u00a0 \u00a0Alenco 92 &#8211; <strong>FC Daspleto\u00a0<\/strong> \u00a0 \u00a0 \u00a0 \u00a01:2 (1:0)<br \/>\n<em>1:0 Stuarts (5.), 1:1 Shepherd (52.), 1:2 Murphy (79.)<\/em><\/p>\n<p>03.12.\u00a0 \u00a01.FC Duckenburgh &#8211; FC Rennschnecke Schneckzig\u00a0 \u00a0 \u00a0 \u00a0 \u00a0 2:2 (0:2)<br \/>\n<em>0:1 Lauda (14.), 0:2 Gewinnen (42.), 1:2 Bartoltz (53.), 2:2 Rosenhausen (71.)<\/em><\/p>\n<p>17.12.\u00a0 \u00a0FC Rennschnecke Schneckzig &#8211; <strong>1.FC Duckenburgh<\/strong>\u00a0 \u00a0 \u00a0 \u00a0 \u00a0 2:2 (0:1)\u00a0 n.V. 2:3 (2:2)<br \/>\n<em>0:1 Rosenhausen (9.), 1:1 Escargot (56.), 2:1 Gewinnen (70.), 2:2 Blatt (86.), 2:3 Bartoltz (108.)<\/em><\/p>\n<p>03.12.\u00a0 \u00a0KFV Slov &#8211; Seel\u00f6wen Windbucht\u00a0 \u00a0 \u00a0 \u00a0 \u00a03:1 (1:0)<br \/>\n<em>1:0 Kevna (39.), 1:1 Naar (52.), 2:1 Fengmar (68.), 3:1 Hundertberg (86.)<\/em><\/p>\n<p>17.12.\u00a0 \u00a0Seel\u00f6wen Windbucht &#8211; <strong>KFV Slov<\/strong>\u00a0 \u00a0 \u00a0 \u00a0 \u00a03:1 (2:0)\u00a0 n.V. 3:3 (3:2)<br \/>\n<em>1:0 Naar (13.), 2:0 Tusk (22.), 3:0 Alessandrovic (59.), 3:1 Fengmar (81.), 3:2 Kevna (97.), 3:3 Kevna (111.)<\/em><\/p>\n<p>&nbsp;<\/p>\n<p><strong>1. Runde (Hinspiele: 28.\/29.10. ; R\u00fcckspiele: 11.\/12.11.)<\/strong><\/p>\n<p>28.10.\u00a0 \u00a0Dinamo Konograd &#8211; 1795 Bostoj\u00a0 \u00a0 \u00a0 \u00a0 0:1 (0:1)<br \/>\n<em>0:1 Andreanu (9.)<\/em><\/p>\n<p>11.11.\u00a0 \u00a01795 Bostoj &#8211; <strong>Dinamo Konograd<\/strong>\u00a0 \u00a0 \u00a0 \u00a0 1:3 (0:2)<br \/>\n<em>0:1 Yevgenev (16.), 0:2 Stepanjak (39.), 0:3 Sonko (56.), 1:3 Tollos (87.)<\/em><\/p>\n<p>28.10.\u00a0 \u00a0CS Valdos &#8211; RC Corius\u00a0 \u00a0 \u00a0 \u00a0 \u00a02:0 (1:0)<br \/>\n<em>1:0 Bellindo (15.), 2:0 Fernandez (56.)<\/em><\/p>\n<p>11.11.\u00a0 \u00a0RC Corius &#8211; <strong>CS Valdos<\/strong>\u00a0 \u00a0 \u00a0 \u00a0 \u00a01:2 (0:1)<br \/>\n<em>0:1 Theacol (42.), 0:2 Fernandez (74.), 1:2 Szepbrijod (89.)<\/em><\/p>\n<p>28.10.\u00a0 \u00a0Slevan San Laven &#8211; 1.SC Volkanus\u00a0 \u00a0 \u00a0 \u00a0 \u00a0 3:0 (2:0)<br \/>\n<em>1:0 Erhardt (11.), 2:0 Refrool (37.), 3:0 Lobenau (48.)<\/em><\/p>\n<p>11.11.\u00a0 \u00a01.SC Volkanus &#8211; <strong>Slevan San Laven<\/strong>\u00a0 \u00a0 \u00a0 \u00a0 \u00a0 \u00a00:2 (0:2)<br \/>\n<em>0:1 Erhardt (7.), 0:2 Erhardt (36.)<\/em><\/p>\n<p>28.10.\u00a0 \u00a0FC Hels\u00f8ng &#8211; Shednar FC\u00a0 \u00a0 \u00a0 \u00a0 \u00a03:1 (2:0)<br \/>\n<em>1:0 Torvnerud (6.), 2:0 Kroning (23.), 2:1 Enthel (69.), 3:1 Skomester (85.)<\/em><\/p>\n<p>11.11.\u00a0 \u00a0Shednar FC &#8211; <strong>FC Hels\u00f8ng<\/strong>\u00a0 \u00a0 \u00a0 \u00a0 \u00a02:2 (0:2)<br \/>\n<em>0:1 Pijnen (11.), 0:2 Vanderseng (36.), 1:2 Enthel (73.), 2:2 Buranov (86.)<\/em><\/p>\n<p>28.10.\u00a0 \u00a0FC Ostrof &#8211; Eisberg Wei\u00dfwiesen\u00a0 \u00a0 \u00a0 \u00a0 \u00a0 1:0 (0:0)<br \/>\n<em>1:0 Becskas (50.)<\/em><\/p>\n<p>11.11.\u00a0 \u00a0Eisberg Wei\u00dfwiesen &#8211; <strong>FC Ostrof\u00a0<\/strong> \u00a0 \u00a0 \u00a0 \u00a0 0:2 (0:2)<br \/>\n<em>0:1 Bilikas (13.), 0:2 Costa (23.)<\/em><\/p>\n<p>28.10.\u00a0 \u00a0FC Sao Gr\u00fcno &#8211; Delphinidae Baricon\u00a0 \u00a0 \u00a0 \u00a0 \u00a0 1:1 (0:1)<br \/>\n<em>0:1 Haeven (26.), 1:1 Wiesemann (71.)<\/em><\/p>\n<p>11.11.\u00a0 \u00a0Delphinidae Baricon &#8211; <strong>FC Sao Gr\u00fcno<\/strong>\u00a0 \u00a0 \u00a0 \u00a0 \u00a0 1:4 (0:3)<br \/>\n<em>0:1 Gr\u00fcnauer (6.), 0:2 Wiesemann (20.), 0:3 Gr\u00fcnberger (37.), 0:4 Gr\u00fcnberger (68.), 1:4 Simmer (82.)<\/em><\/p>\n<p>28.10.\u00a0 \u00a0Alenco 92 &#8211; SK Versobia\u00a0 \u00a0 \u00a0 \u00a0 \u00a03:1 (3:0)<br \/>\n<em>1:0 Soljarnov (8.), 2:0 Helmenburg (20.), 3:0 Misneric (40.), 3:1 Calina (53.)<\/em><\/p>\n<p>11.11.\u00a0 \u00a0SK Versobia &#8211; <strong>Alenco 92<\/strong>\u00a0 \u00a0 \u00a0 \u00a0 \u00a00:3 (0:1)<br \/>\n<em>0:1 Weinberger (28.), 0:2 Konkarov (64.), 0:3 Lumsch (84.)<\/em><\/p>\n<p>28.10.\u00a0 \u00a0AFC Venzcuvan &#8211; Seel\u00f6wen Windbucht\u00a0 \u00a0 \u00a0 \u00a0 \u00a01:0 (0:0)<br \/>\n<em>1:0 Mirra (84.)<\/em><\/p>\n<p>11.11.\u00a0 <strong>\u00a0Seel\u00f6wen Windbucht<\/strong> &#8211; AFC Venzcuvan\u00a0 \u00a0 \u00a0 \u00a0 \u00a03:0 (2:0)<br \/>\n<em>1:0 Tusk (9.), 2:0 Alessandrovic (18.), 3:0 Cravasili (70.)<\/em><\/p>\n<p>&nbsp;<\/p>\n<p>29.10.\u00a0 \u00a0KFV Slov &#8211; Unita Ravellia\u00a0 \u00a0 \u00a0 \u00a0 \u00a00:1 (0:1)<br \/>\n<em>0:1 Stenes (86.)<\/em><\/p>\n<p>12.11.\u00a0 \u00a0Unita Ravellia &#8211; <strong>KFV Slov<\/strong>\u00a0 \u00a0 \u00a0 \u00a0 \u00a00:1 (0:1)\u00a0 n.V. 0:4 (0:2)<br \/>\n<em>0:1 Hundertberg (26.), 0:2 Abbauer (96.), 0:3 Fengmar (108.), 0:4 Schuels (119.)<\/em><\/p>\n<p>29.10.\u00a0 \u00a01.FC Duckenburgh &#8211; Royal Fleckenburgh\u00a0 \u00a0 \u00a0 \u00a0 \u00a03:0 (1:0)<br \/>\n<em>1:0 Tillmann (38.), 2:0 Bartoltz (67.), 3:0 Rosenhausen (82.)<\/em><\/p>\n<p>12.11.\u00a0 \u00a0Royal Fleckenburgh &#8211; <strong>1.FC Duckenburgh<\/strong>\u00a0 \u00a0 \u00a0 \u00a0 \u00a00:1 (0:1)<br \/>\n<em>0:1 Rosenhausen (4.)<\/em><\/p>\n<p>29.10.\u00a0 \u00a01.SC Sichtburgh &#8211; SSC Grauborg\u00a0 \u00a0 \u00a0 \u00a0 3:0 (2:0)<br \/>\n<em>1:0 de Mendosa (18.), 2:0 Gitzen (38.), 3:0 Gitzen (66.)<\/em><\/p>\n<p>12.11.\u00a0 \u00a0SSC Grauborg &#8211; <strong>1.SC Sichtburgh<\/strong>\u00a0 \u00a0 \u00a0 \u00a0 0:4 (0:2)<br \/>\n<em>0:1 Tietz (16.), 0:2 Gitzen (45.), 0:3 Alharev (66.), 0:4 Alharev (85.)<\/em><\/p>\n<p>29.10.\u00a0 \u00a0FC Rennschnecke Schneckzig &#8211; NK Dol Guldur\u00a0 \u00a0 \u00a0 \u00a0 3:0 (2:0)<br \/>\n<em>1:0 Gewinnen (22.), 2:0 Plansch (35.), 3:0 Lauda (58.)<\/em><\/p>\n<p>12.11.\u00a0 \u00a0NK Dol Guldur &#8211; <strong>FC Rennschnecke Schneckzig<\/strong>\u00a0 \u00a0 \u00a0 \u00a0 1:2 (1:0)<br \/>\n<em>1:0 Necro (13.), 1:1 Escargot (48.), 1:2 Gewinnen (90.)<\/em><\/p>\n<p>29.10.\u00a0 \u00a0Drei\u00dfigwald Ost\u00e4s &#8211; Skandavia Ranjol\u00a0 \u00a0 \u00a0 \u00a0 \u00a04:0 (1:0)<br \/>\n<em>1:0 Vollmacher (28.), 2:0 Bertold (52.), 3:0 S\u00fchlich (73.), 4:0 Betschnieder (89.)<\/em><\/p>\n<p>12.11.\u00a0 \u00a0Skandavia Ranjol &#8211;<strong> Drei\u00dfigwald Ost\u00e4s<\/strong>\u00a0 \u00a0 \u00a0 \u00a0 \u00a00:1 (0:1)<br \/>\n<em>0:1 Bertold (32.)<\/em><\/p>\n<p>29.10.\u00a0 \u00a01.FV Perlenbucht &#8211; AC Buckelbay\u00a0 \u00a0 \u00a0 \u00a0 \u00a05:0 (2:0)<br \/>\n<em>1:0 Salli (20.), 2:0 Jones (38.), 3:0 Coultier (56.), 3:0 Thiomeen (70.), 5:0 Jones (88.)<\/em><\/p>\n<p>12.11.\u00a0 \u00a0AC Buckelbay &#8211; <strong>1.FV Perlenbucht<\/strong>\u00a0 \u00a0 \u00a0 \u00a0 2:3 (0:2)<br \/>\n<em>0:1 Becja (23.), 0:2 Coultier (37.), 1:2 Finneberg (50.), 1:3 Jones (67.), 2:3 Stoss (83.)<\/em><\/p>\n<p>29.10.\u00a0 \u00a0MVS Prigo &#8211; BC Venalcyus\u00a0 \u00a0 \u00a0 \u00a0 \u00a03:1 (2:0)<br \/>\n<em>1:0 di Santi (2.), 2:0 Matadi (30.), 3:0 Bollien (54.), 3:1 Branca (81.)<\/em><\/p>\n<p>12.11.\u00a0 \u00a0<strong>BC Venalcyus<\/strong> &#8211; MVS Prigo\u00a0 \u00a0 \u00a0 \u00a0 \u00a02:0 (1:0)<br \/>\n<em>1:0 Branca (7.), 2:0 Branca (85.)<\/em><\/p>\n<p>29.10.\u00a0 \u00a0FC Daspleto &#8211; Capitan Molne\u00a0 \u00a0 \u00a0 \u00a0 \u00a02:1 (1:1)<br \/>\n<em>0:1 Trauermann (12.), 1:1 Knochberg (34.), 2:1 Wemer (63.)<\/em><\/p>\n<p>12.11.\u00a0 \u00a0Capitan Molne &#8211; <strong>FC Daspleto<\/strong>\u00a0 \u00a0 \u00a0 \u00a0 \u00a01:2 (0:2)<br \/>\n<em>0:1 Murphy (11.), 0:2 Arthursen (27.), 1:2 Hopp (87.)<\/em><\/p>\n","protected":false},"excerpt":{"rendered":"<p>Im Premiere Cup der Pokalsieger treffen die insgesamt 32 Pokalsieger aus je einer Liga aufeinander. Diese Form des Spielbetriebs existiert seit 1819 und wurde aufgrund einer Reform im internationalen Vereinsfu\u00dfball eingef\u00fchrt, die den ehemals stattfindenden Premiere Cup in insgesamt drei Wettbewerbe aufteilte. Der Premiere Cup der Pokalsieger ist ein Wettbewerb, in dem auch zuvor international vollkommen unbekannte Mannschaften eine Chance bekommen, sich zu pr\u00e4sentieren, da die Pokalwettbewerbe auch kleineren Vereinen eine M\u00f6glichkeit zum Titelgewinn, und nun auch f\u00fcr internationale Spiele, bieten. Sollte der Pokalsieger einer Liga au\u00dferdem auch noch der Meister dieser Liga sein, so hat der Pokalfinalist in diesem Fall das Recht, sein Land im Premiere Cup der Pokalsieger <a class=\"more-link\" href=\"https:\/\/wiesenhausen.de\/?page_id=13850\">Continue Reading \u2192<\/a><\/p>\n","protected":false},"author":1,"featured_media":0,"parent":0,"menu_order":0,"comment_status":"closed","ping_status":"closed","template":"","meta":{"footnotes":""},"class_list":["post-13850","page","type-page","status-publish","hentry"],"_links":{"self":[{"href":"https:\/\/wiesenhausen.de\/index.php?rest_route=\/wp\/v2\/pages\/13850","targetHints":{"allow":["GET"]}}],"collection":[{"href":"https:\/\/wiesenhausen.de\/index.php?rest_route=\/wp\/v2\/pages"}],"about":[{"href":"https:\/\/wiesenhausen.de\/index.php?rest_route=\/wp\/v2\/types\/page"}],"author":[{"embeddable":true,"href":"https:\/\/wiesenhausen.de\/index.php?rest_route=\/wp\/v2\/users\/1"}],"replies":[{"embeddable":true,"href":"https:\/\/wiesenhausen.de\/index.php?rest_route=%2Fwp%2Fv2%2Fcomments&post=13850"}],"version-history":[{"count":296,"href":"https:\/\/wiesenhausen.de\/index.php?rest_route=\/wp\/v2\/pages\/13850\/revisions"}],"predecessor-version":[{"id":28564,"href":"https:\/\/wiesenhausen.de\/index.php?rest_route=\/wp\/v2\/pages\/13850\/revisions\/28564"}],"wp:attachment":[{"href":"https:\/\/wiesenhausen.de\/index.php?rest_route=%2Fwp%2Fv2%2Fmedia&parent=13850"}],"curies":[{"name":"wp","href":"https:\/\/api.w.org\/{rel}","templated":true}]}}