{"id":144,"date":"2014-04-27T20:38:37","date_gmt":"2014-04-27T20:38:37","guid":{"rendered":"http:\/\/192.168.2.101\/wordpress\/?page_id=144"},"modified":"2016-12-03T12:48:46","modified_gmt":"2016-12-03T12:48:46","slug":"politik","status":"publish","type":"page","link":"https:\/\/wiesenhausen.de\/?page_id=144","title":{"rendered":"Politik"},"content":{"rendered":"<p>Die Politik spielt in Meadowhouse die zentrale Rolle. Gerade wegen seiner jungen Geschichte als unabh\u00e4ngiger Staat sind viele B\u00fcrger in Meadowhouse sehr an Politik interessiert, da sich daraus die Richtung ergibt, in die das Land in den n\u00e4chsten Jahren gehen wird. Auch bei wichtigen Entscheidung, wie Volksentscheiden, gibt es immer eine hohe Beteiligung.<\/p>\n<p>In allen Medien des Landes wird umfangreich \u00fcber die neusten politischen Beschl\u00fcsse und Nachrichten diskutiert und berichtet. Besonders in Zeiten des Wahlkampfes sind politische Rededuelle im Fernsehen sehr beliebt. Aber auch &#8222;normale&#8220; Reichstagsdebatten werden, im Vergleich zu\u00a0anderen L\u00e4ndern,\u00a0\u00fcberdurchschnittlich oft verfolgt.<\/p>\n<p>&nbsp;<\/p>\n","protected":false},"excerpt":{"rendered":"<p>Die Politik spielt in Meadowhouse die zentrale Rolle. Gerade wegen seiner jungen Geschichte als unabh\u00e4ngiger Staat sind viele B\u00fcrger in Meadowhouse sehr an Politik interessiert, da sich daraus die Richtung ergibt, in die das Land in den n\u00e4chsten Jahren gehen wird. Auch bei wichtigen Entscheidung, wie Volksentscheiden, gibt es immer eine hohe Beteiligung. In allen Medien des Landes wird umfangreich \u00fcber die neusten politischen Beschl\u00fcsse und Nachrichten diskutiert und berichtet. Besonders in Zeiten des Wahlkampfes sind politische Rededuelle im Fernsehen sehr beliebt. Aber auch &#8222;normale&#8220; Reichstagsdebatten werden, im Vergleich zu\u00a0anderen L\u00e4ndern,\u00a0\u00fcberdurchschnittlich oft verfolgt. &nbsp;<\/p>\n","protected":false},"author":1,"featured_media":0,"parent":0,"menu_order":0,"comment_status":"closed","ping_status":"closed","template":"","meta":{"footnotes":""},"class_list":["post-144","page","type-page","status-publish","hentry"],"_links":{"self":[{"href":"https:\/\/wiesenhausen.de\/index.php?rest_route=\/wp\/v2\/pages\/144","targetHints":{"allow":["GET"]}}],"collection":[{"href":"https:\/\/wiesenhausen.de\/index.php?rest_route=\/wp\/v2\/pages"}],"about":[{"href":"https:\/\/wiesenhausen.de\/index.php?rest_route=\/wp\/v2\/types\/page"}],"author":[{"embeddable":true,"href":"https:\/\/wiesenhausen.de\/index.php?rest_route=\/wp\/v2\/users\/1"}],"replies":[{"embeddable":true,"href":"https:\/\/wiesenhausen.de\/index.php?rest_route=%2Fwp%2Fv2%2Fcomments&post=144"}],"version-history":[{"count":1,"href":"https:\/\/wiesenhausen.de\/index.php?rest_route=\/wp\/v2\/pages\/144\/revisions"}],"predecessor-version":[{"id":6526,"href":"https:\/\/wiesenhausen.de\/index.php?rest_route=\/wp\/v2\/pages\/144\/revisions\/6526"}],"wp:attachment":[{"href":"https:\/\/wiesenhausen.de\/index.php?rest_route=%2Fwp%2Fv2%2Fmedia&parent=144"}],"curies":[{"name":"wp","href":"https:\/\/api.w.org\/{rel}","templated":true}]}}