{"id":147,"date":"2014-10-31T16:25:46","date_gmt":"2014-10-31T16:25:46","guid":{"rendered":"http:\/\/192.168.2.101\/wordpress\/?page_id=147"},"modified":"2014-10-31T16:25:46","modified_gmt":"2014-10-31T16:25:46","slug":"wirtschaft","status":"publish","type":"page","link":"https:\/\/wiesenhausen.de\/?page_id=147","title":{"rendered":"Wirtschaft"},"content":{"rendered":"<p>Wie in jedem Land spielt auch in Meadowhouse die Wirtschaft eine elementare Rolle. Seit der Unabh\u00e4ngigkeit w\u00e4chst sie unaufhaltsam. Das BIP in Meadowhouse erreichte im Jahre 1814 ein Rekordhoch, 1815 soll die Wirtschaft dann aber nicht mehr so stark wachsen, Folge der Konjunktur, die ab 1815 weltweit sinken soll. Daher sind die Prognosen einigerma\u00dfen vorsichtig. Meadowhouse z\u00e4hlt trotz seiner jungen Geschichte zu den wirtschaftlich st\u00e4rksten L\u00e4ndern der Lieben Welt. Wirtschaftsminister des K\u00f6nigreichs Meadowhouse ist seit 1814 der Liebe Lord Voldemort. In den unteren Rubriken finden Sie alles Wichtige und Aktuelle zur meadowhousischen Wirtschaft.<\/p>\n","protected":false},"excerpt":{"rendered":"<p>Wie in jedem Land spielt auch in Meadowhouse die Wirtschaft eine elementare Rolle. Seit der Unabh\u00e4ngigkeit w\u00e4chst sie unaufhaltsam. Das BIP in Meadowhouse erreichte im Jahre 1814 ein Rekordhoch, 1815 soll die Wirtschaft dann aber nicht mehr so stark wachsen, Folge der Konjunktur, die ab 1815 weltweit sinken soll. Daher sind die Prognosen einigerma\u00dfen vorsichtig. Meadowhouse z\u00e4hlt trotz seiner jungen Geschichte zu den wirtschaftlich st\u00e4rksten L\u00e4ndern der Lieben Welt. Wirtschaftsminister des K\u00f6nigreichs Meadowhouse ist seit 1814 der Liebe Lord Voldemort. In den unteren Rubriken finden Sie alles Wichtige und Aktuelle zur meadowhousischen Wirtschaft.<\/p>\n","protected":false},"author":1,"featured_media":0,"parent":0,"menu_order":0,"comment_status":"closed","ping_status":"closed","template":"","meta":{"footnotes":""},"class_list":["post-147","page","type-page","status-publish","hentry"],"_links":{"self":[{"href":"https:\/\/wiesenhausen.de\/index.php?rest_route=\/wp\/v2\/pages\/147","targetHints":{"allow":["GET"]}}],"collection":[{"href":"https:\/\/wiesenhausen.de\/index.php?rest_route=\/wp\/v2\/pages"}],"about":[{"href":"https:\/\/wiesenhausen.de\/index.php?rest_route=\/wp\/v2\/types\/page"}],"author":[{"embeddable":true,"href":"https:\/\/wiesenhausen.de\/index.php?rest_route=\/wp\/v2\/users\/1"}],"replies":[{"embeddable":true,"href":"https:\/\/wiesenhausen.de\/index.php?rest_route=%2Fwp%2Fv2%2Fcomments&post=147"}],"version-history":[{"count":0,"href":"https:\/\/wiesenhausen.de\/index.php?rest_route=\/wp\/v2\/pages\/147\/revisions"}],"wp:attachment":[{"href":"https:\/\/wiesenhausen.de\/index.php?rest_route=%2Fwp%2Fv2%2Fmedia&parent=147"}],"curies":[{"name":"wp","href":"https:\/\/api.w.org\/{rel}","templated":true}]}}