{"id":149,"date":"2014-10-31T16:02:01","date_gmt":"2014-10-31T16:02:01","guid":{"rendered":"http:\/\/192.168.2.101\/wordpress\/?page_id=149"},"modified":"2014-10-31T16:02:01","modified_gmt":"2014-10-31T16:02:01","slug":"ueber-wiesenhausen","status":"publish","type":"page","link":"https:\/\/wiesenhausen.de\/?page_id=149","title":{"rendered":"\u00dcber Wiesenhausen"},"content":{"rendered":"<p>Wiesenhausen liegt bei 12 \u00b0 Nord und 15 \u00b0 West. Sie liegt in Meadowhouse und dort relativ weit im Osten des Landes, gut 250 Kilometer vom Wei\u00dfen Gebirge entfernt. Sie ist die gr\u00f6\u00dfte Stadt des Landes mit gut 8 Millionen Einwohnern und fl\u00e4chenm\u00e4\u00dfig sogar die gr\u00f6\u00dfte Stadt der Lieben Welt. Wiesenhausen beherbergt eine einzigartige Tier- und Pflanzenwelt und kommt wegen der enormen Gr\u00f6\u00dfe auch relativ idyllisch daher, da hier nicht so viele Menschen zusammengepfercht auf engem Raum leben, sondern in weite Stadtteile verteilt. Die Landschaft von Wiesenhausen selbst ist eine sanfte H\u00fcgellandschaft, viel Ackerbau wird betrieben und man findet h\u00e4ufig endlose Weizenfelder. Auf ihnen wird das ber\u00fchmte Bier &#8222;Wiesenhausener Pils&#8220; hergestellt. Der Baustil von Wiesenhausen ist auch weltweit einzigartig. Die H\u00e4user sind teils sehr gro\u00df mit gro\u00dfen Anlagen, teils aber auch klein und gem\u00fctlich geradezu, richtige Stuben. Eines aber haben sie alle gemeinsam: Sie haben alle gro\u00dfe G\u00e4rten. Mehrfamilienh\u00e4user findet man in Wiesenhausen eher selten, da die Immobilienpreise in Wiesenhausen bewusst niedrig gehalten werden. Wiesenhausen ist auch bekannt f\u00fcr die gro\u00dfen W\u00e4lder, die sich hier und da \u00fcber den H\u00fcgeln verteilen. Sie sind so gut wie alle noch vollst\u00e4ndig in dem Zustand, der herrschte, als man hier siedelte und daher leben dort auch verschiedene Tierarten.<\/p>\n","protected":false},"excerpt":{"rendered":"<p>Wiesenhausen liegt bei 12 \u00b0 Nord und 15 \u00b0 West. Sie liegt in Meadowhouse und dort relativ weit im Osten des Landes, gut 250 Kilometer vom Wei\u00dfen Gebirge entfernt. Sie ist die gr\u00f6\u00dfte Stadt des Landes mit gut 8 Millionen Einwohnern und fl\u00e4chenm\u00e4\u00dfig sogar die gr\u00f6\u00dfte Stadt der Lieben Welt. Wiesenhausen beherbergt eine einzigartige Tier- und Pflanzenwelt und kommt wegen der enormen Gr\u00f6\u00dfe auch relativ idyllisch daher, da hier nicht so viele Menschen zusammengepfercht auf engem Raum leben, sondern in weite Stadtteile verteilt. Die Landschaft von Wiesenhausen selbst ist eine sanfte H\u00fcgellandschaft, viel Ackerbau wird betrieben und man findet h\u00e4ufig endlose Weizenfelder. Auf ihnen wird das ber\u00fchmte Bier &#8222;Wiesenhausener Pils&#8220; <a class=\"more-link\" href=\"https:\/\/wiesenhausen.de\/?page_id=149\">Continue Reading \u2192<\/a><\/p>\n","protected":false},"author":1,"featured_media":0,"parent":0,"menu_order":0,"comment_status":"closed","ping_status":"closed","template":"","meta":{"footnotes":""},"class_list":["post-149","page","type-page","status-publish","hentry"],"_links":{"self":[{"href":"https:\/\/wiesenhausen.de\/index.php?rest_route=\/wp\/v2\/pages\/149","targetHints":{"allow":["GET"]}}],"collection":[{"href":"https:\/\/wiesenhausen.de\/index.php?rest_route=\/wp\/v2\/pages"}],"about":[{"href":"https:\/\/wiesenhausen.de\/index.php?rest_route=\/wp\/v2\/types\/page"}],"author":[{"embeddable":true,"href":"https:\/\/wiesenhausen.de\/index.php?rest_route=\/wp\/v2\/users\/1"}],"replies":[{"embeddable":true,"href":"https:\/\/wiesenhausen.de\/index.php?rest_route=%2Fwp%2Fv2%2Fcomments&post=149"}],"version-history":[{"count":0,"href":"https:\/\/wiesenhausen.de\/index.php?rest_route=\/wp\/v2\/pages\/149\/revisions"}],"wp:attachment":[{"href":"https:\/\/wiesenhausen.de\/index.php?rest_route=%2Fwp%2Fv2%2Fmedia&parent=149"}],"curies":[{"name":"wp","href":"https:\/\/api.w.org\/{rel}","templated":true}]}}