{"id":156,"date":"2014-04-27T20:39:03","date_gmt":"2014-04-27T20:39:03","guid":{"rendered":"http:\/\/192.168.2.101\/wordpress\/?page_id=156"},"modified":"2021-10-22T12:27:59","modified_gmt":"2021-10-22T12:27:59","slug":"parteieninformationen","status":"publish","type":"page","link":"https:\/\/wiesenhausen.de\/?page_id=156","title":{"rendered":"Parteieninformationen"},"content":{"rendered":"<p style=\"text-align: left;\"><strong><strong><strong>Die Meadowhousischen Parteien des Wiesenhausener Parlaments:<\/strong><\/strong><\/strong><\/p>\n<p style=\"text-align: center;\"><strong>WVD (Wiesenhausener Volks-Direktion):<\/strong><\/p>\n<p style=\"text-align: center;\"><a href=\"http:\/\/wiesenhausen.de\/wp-content\/uploads\/2014\/12\/Parteilogo_WVD.jpg\"><img loading=\"lazy\" decoding=\"async\" class=\" wp-image-725 aligncenter\" src=\"http:\/\/wiesenhausen.de\/wp-content\/uploads\/2014\/12\/Parteilogo_WVD-300x193.jpg\" alt=\"Parteilogo_WVD\" width=\"127\" height=\"82\" srcset=\"https:\/\/wiesenhausen.de\/wp-content\/uploads\/2014\/12\/Parteilogo_WVD-300x193.jpg 300w, https:\/\/wiesenhausen.de\/wp-content\/uploads\/2014\/12\/Parteilogo_WVD-1024x658.jpg 1024w, https:\/\/wiesenhausen.de\/wp-content\/uploads\/2014\/12\/Parteilogo_WVD.jpg 1425w\" sizes=\"auto, (max-width: 127px) 100vw, 127px\" \/><\/a><\/p>\n<p>Die WVD ist die \u00e4lteste Partei des Landes. Gegr\u00fcndet wurde sie zun\u00e4chst als regionale Partei f\u00fcr Wiesenhausen. Die politische Ausrichtung der Partei entspricht einem konservativen Kurs. Gegr\u00fcndet wurde sie am 21. Juni 1795 im Zuge der Unabh\u00e4ngigkeit Gr\u00fcnlands von Paradies. Infolgedessen setzte sie sich damals stark f\u00fcr die Interessen des Ballungsraumes Wiesenhausen ein und trug ma\u00dfgeblich zur sp\u00e4teren Gr\u00fcndung von Meadowhouse im Jahre 1810 bei. Von 1810 bis 1814 stellte sie mit Ewald Basilisk den Reichskanzler.<\/p>\n<p style=\"text-align: center;\"><strong>BdH (Bund der H\u00f6hle):<\/strong><\/p>\n<p style=\"text-align: center;\"><a href=\"http:\/\/wiesenhausen.de\/wp-content\/uploads\/2014\/12\/Parteilogo_BdH1.jpg\"><img loading=\"lazy\" decoding=\"async\" class=\" wp-image-726 aligncenter\" src=\"http:\/\/wiesenhausen.de\/wp-content\/uploads\/2014\/12\/Parteilogo_BdH1-300x226.jpg\" alt=\"Parteilogo_BdH\" width=\"128\" height=\"96\" srcset=\"https:\/\/wiesenhausen.de\/wp-content\/uploads\/2014\/12\/Parteilogo_BdH1-300x226.jpg 300w, https:\/\/wiesenhausen.de\/wp-content\/uploads\/2014\/12\/Parteilogo_BdH1-1024x773.jpg 1024w, https:\/\/wiesenhausen.de\/wp-content\/uploads\/2014\/12\/Parteilogo_BdH1.jpg 1234w\" sizes=\"auto, (max-width: 128px) 100vw, 128px\" \/><\/a><\/p>\n<p>Der BdH ist die Regierungspartei im Meadowhouser Parlament und stellt seit 1814 den Reichskanzler. Er hat eine \u00f6kologisch-liberale Ausrichtung. Gegr\u00fcndet wurde der BdH im Jahre 1804 am 24. M\u00e4rz durch die drei Dromornisse Gerhard S. Herme, Hemes F. Rems und Steffen A. Winter, die ein Jahr zuvor nach Wiesenhausen gezogen waren, mittlerweile aber nicht mehr aktiv in der Partei mitwirken. Der BdH setzt sich vor allem f\u00fcr die Wahrung der B\u00fcrgerrechte und f\u00fcr den Erhalt der Natur ein.<\/p>\n<p style=\"text-align: center;\"><strong>VCS (Volks-Christ-Soziale):<\/strong><\/p>\n<p style=\"text-align: center;\"><a href=\"http:\/\/wiesenhausen.de\/wp-content\/uploads\/2014\/12\/Parteilogo_VCS.jpg\"><img loading=\"lazy\" decoding=\"async\" class=\" wp-image-724 aligncenter\" src=\"http:\/\/wiesenhausen.de\/wp-content\/uploads\/2014\/12\/Parteilogo_VCS-300x227.jpg\" alt=\"Parteilogo_VCS\" width=\"124\" height=\"94\" srcset=\"https:\/\/wiesenhausen.de\/wp-content\/uploads\/2014\/12\/Parteilogo_VCS-300x227.jpg 300w, https:\/\/wiesenhausen.de\/wp-content\/uploads\/2014\/12\/Parteilogo_VCS-1024x774.jpg 1024w, https:\/\/wiesenhausen.de\/wp-content\/uploads\/2014\/12\/Parteilogo_VCS.jpg 1663w\" sizes=\"auto, (max-width: 124px) 100vw, 124px\" \/><\/a><\/p>\n<p>Die VCS ist eine b\u00fcrgerlich-konservative Arbeiterpartei. Gegr\u00fcndet am 19. Oktober 1795 im Zuge der gr\u00fcnl\u00e4ndischen Unabh\u00e4ngigkeit, setzt sie sich f\u00fcr den Erhalt von Traditionen und Wirtschaftswachstum ein. Jedoch setzt sie sich auch sehr f\u00fcr Arbeitnehmerrechte ein, womit sie sich klar von neoliberalen Parteien abgrenzt.<\/p>\n<p style=\"text-align: center;\"><strong>MSP (Meadowhousische Soziale Partei):<\/strong><\/p>\n<p style=\"text-align: center;\"><a href=\"http:\/\/wiesenhausen.de\/wp-content\/uploads\/2014\/12\/Parteilogo_MSP.jpg\"><img loading=\"lazy\" decoding=\"async\" class=\" wp-image-723 aligncenter\" src=\"http:\/\/wiesenhausen.de\/wp-content\/uploads\/2014\/12\/Parteilogo_MSP-300x207.jpg\" alt=\"Parteilogo_MSP\" width=\"142\" height=\"98\" srcset=\"https:\/\/wiesenhausen.de\/wp-content\/uploads\/2014\/12\/Parteilogo_MSP-300x207.jpg 300w, https:\/\/wiesenhausen.de\/wp-content\/uploads\/2014\/12\/Parteilogo_MSP-1024x706.jpg 1024w, https:\/\/wiesenhausen.de\/wp-content\/uploads\/2014\/12\/Parteilogo_MSP.jpg 1886w\" sizes=\"auto, (max-width: 142px) 100vw, 142px\" \/><\/a><\/p>\n<p>Die MSP ist seit dem 20. Oktober 1810 die sozialdemokratische Partei im Wiesenhausener Parlament. Hervorgegangen ist sie aus der GSP (Gr\u00fcnl\u00e4ndischen Sozialen Partei), von der sie sich 1810 nach der Meadowhousischen Unabh\u00e4ngigkeit abspaltete. Ihr Kernthema ist die soziale Gerechtigkeit, sowie Arbeitnehmerrechte und eine b\u00fcrgerlich-liberale Gesellschaft.<\/p>\n<p style=\"text-align: center;\"><strong>MP (Meerespartei):<\/strong><\/p>\n<p style=\"text-align: center;\"><a href=\"http:\/\/wiesenhausen.de\/wp-content\/uploads\/2014\/12\/Parteilogo_MP.jpg\"><img loading=\"lazy\" decoding=\"async\" class=\" wp-image-722 aligncenter\" src=\"http:\/\/wiesenhausen.de\/wp-content\/uploads\/2014\/12\/Parteilogo_MP-300x242.jpg\" alt=\"Parteilogo_MP\" width=\"107\" height=\"86\" srcset=\"https:\/\/wiesenhausen.de\/wp-content\/uploads\/2014\/12\/Parteilogo_MP-300x242.jpg 300w, https:\/\/wiesenhausen.de\/wp-content\/uploads\/2014\/12\/Parteilogo_MP-1024x826.jpg 1024w, https:\/\/wiesenhausen.de\/wp-content\/uploads\/2014\/12\/Parteilogo_MP.jpg 1883w\" sizes=\"auto, (max-width: 107px) 100vw, 107px\" \/><\/a><\/p>\n<p>Die Meerespartei ist eine vor allem auf \u00d6kologie fokussierte Partei im Wiesenhausener Parlament. Gegr\u00fcndet wurde sie erst am 3. Dezember 1807 durch Jonathan Esser, der von 1807 bis 1818 auch Parteivorsitzender war. Anfangs von anderen Parteien bel\u00e4chelt, konnte sie sich immer mehr in der meadowhousischen Politik etablieren. Sie steht f\u00fcr Naturerhalt, Gleichberechtigung und \u00f6kologischen Fortschritt.<\/p>\n<p style=\"text-align: center;\"><strong>MCM (Meadowhouser Christ-Monarchisten):<\/strong><\/p>\n<p style=\"text-align: center;\"><a href=\"http:\/\/wiesenhausen.de\/wp-content\/uploads\/2014\/12\/Parteilogo_MCM.jpg\"><img loading=\"lazy\" decoding=\"async\" class=\" wp-image-721 aligncenter\" src=\"http:\/\/wiesenhausen.de\/wp-content\/uploads\/2014\/12\/Parteilogo_MCM-300x183.jpg\" alt=\"Parteilogo_MCM\" width=\"126\" height=\"77\" srcset=\"https:\/\/wiesenhausen.de\/wp-content\/uploads\/2014\/12\/Parteilogo_MCM-300x183.jpg 300w, https:\/\/wiesenhausen.de\/wp-content\/uploads\/2014\/12\/Parteilogo_MCM-1024x626.jpg 1024w, https:\/\/wiesenhausen.de\/wp-content\/uploads\/2014\/12\/Parteilogo_MCM.jpg 1769w\" sizes=\"auto, (max-width: 126px) 100vw, 126px\" \/><\/a><\/p>\n<p>Die MCM, gegr\u00fcndet am 22. Oktober 1810 nach der Meadowhousischen Unabh\u00e4ngigkeit, ist die aktuell wohl konservativste Partei im Wiesenhausener Parlament. In ihrem Parteiprogramm setzt sich die MCM besonders f\u00fcr eine weitere Investierung in die Wirtschaft und die F\u00f6rderung nationaler Produkte ein, lehnt aber sozialdemokratische Themen wie einen Mindestlohn oder eine Verkleinerung der Heeresgr\u00f6\u00dfe kategorisch ab. Zudem setzt sie sich f\u00fcr eine flexiblere Steuerpolitik ein.<\/p>\n<p style=\"text-align: center;\"><strong>FED (F<\/strong><strong>rei<\/strong><strong>e Evangel<\/strong><strong>ische Direktion):<\/strong><\/p>\n<p style=\"text-align: center;\"><a href=\"http:\/\/wiesenhausen.de\/wp-content\/uploads\/2014\/12\/Parteilogo_FED.jpg\"><img loading=\"lazy\" decoding=\"async\" class=\" wp-image-719 aligncenter\" src=\"http:\/\/wiesenhausen.de\/wp-content\/uploads\/2014\/12\/Parteilogo_FED-300x143.jpg\" alt=\"Parteilogo_FED\" width=\"147\" height=\"70\" srcset=\"https:\/\/wiesenhausen.de\/wp-content\/uploads\/2014\/12\/Parteilogo_FED-300x143.jpg 300w, https:\/\/wiesenhausen.de\/wp-content\/uploads\/2014\/12\/Parteilogo_FED-1024x489.jpg 1024w\" sizes=\"auto, (max-width: 147px) 100vw, 147px\" \/><\/a><\/p>\n<p>\u00c4hnlich wie der BdH ist die FED eine zutiefst liberale, wenn auch vor allem sozialliberale Partei. Gegr\u00fcndet am 25. Oktober 1810 nach der Abspaltung von der GEP (Gr\u00fcnl\u00e4ndische Evangelische Partei), bem\u00fcht sie sich, im Gegensatz zur sehr viel konservativeren KFM, kirchliche Themen zu vereinfachen oder in ihrer Wichtigkeit zu vermindern; so fordert die FED beispielsweise eine Abschaffung der Kirchensteuer oder eine Verkleinerung des Heeres. Gleichzeitig ist sie jedoch auch f\u00fcr ein Sozialisierung der Wirtschaft ein, bef\u00fcrwortet einen demokratischen Sozialismus, und setzt sich f\u00fcr die Gleichberechtigung von Minderheiten ein.<\/p>\n","protected":false},"excerpt":{"rendered":"<p>Die Meadowhousischen Parteien des Wiesenhausener Parlaments: WVD (Wiesenhausener Volks-Direktion): Die WVD ist die \u00e4lteste Partei des Landes. Gegr\u00fcndet wurde sie zun\u00e4chst als regionale Partei f\u00fcr Wiesenhausen. Die politische Ausrichtung der Partei entspricht einem konservativen Kurs. Gegr\u00fcndet wurde sie am 21. Juni 1795 im Zuge der Unabh\u00e4ngigkeit Gr\u00fcnlands von Paradies. Infolgedessen setzte sie sich damals stark f\u00fcr die Interessen des Ballungsraumes Wiesenhausen ein und trug ma\u00dfgeblich zur sp\u00e4teren Gr\u00fcndung von Meadowhouse im Jahre 1810 bei. Von 1810 bis 1814 stellte sie mit Ewald Basilisk den Reichskanzler. BdH (Bund der H\u00f6hle): Der BdH ist die Regierungspartei im Meadowhouser Parlament und stellt seit 1814 den Reichskanzler. Er hat eine \u00f6kologisch-liberale Ausrichtung. Gegr\u00fcndet wurde <a class=\"more-link\" href=\"https:\/\/wiesenhausen.de\/?page_id=156\">Continue Reading \u2192<\/a><\/p>\n","protected":false},"author":1,"featured_media":0,"parent":0,"menu_order":0,"comment_status":"closed","ping_status":"closed","template":"","meta":{"footnotes":""},"class_list":["post-156","page","type-page","status-publish","hentry"],"_links":{"self":[{"href":"https:\/\/wiesenhausen.de\/index.php?rest_route=\/wp\/v2\/pages\/156","targetHints":{"allow":["GET"]}}],"collection":[{"href":"https:\/\/wiesenhausen.de\/index.php?rest_route=\/wp\/v2\/pages"}],"about":[{"href":"https:\/\/wiesenhausen.de\/index.php?rest_route=\/wp\/v2\/types\/page"}],"author":[{"embeddable":true,"href":"https:\/\/wiesenhausen.de\/index.php?rest_route=\/wp\/v2\/users\/1"}],"replies":[{"embeddable":true,"href":"https:\/\/wiesenhausen.de\/index.php?rest_route=%2Fwp%2Fv2%2Fcomments&post=156"}],"version-history":[{"count":7,"href":"https:\/\/wiesenhausen.de\/index.php?rest_route=\/wp\/v2\/pages\/156\/revisions"}],"predecessor-version":[{"id":19271,"href":"https:\/\/wiesenhausen.de\/index.php?rest_route=\/wp\/v2\/pages\/156\/revisions\/19271"}],"wp:attachment":[{"href":"https:\/\/wiesenhausen.de\/index.php?rest_route=%2Fwp%2Fv2%2Fmedia&parent=156"}],"curies":[{"name":"wp","href":"https:\/\/api.w.org\/{rel}","templated":true}]}}