{"id":157,"date":"2014-04-29T20:01:21","date_gmt":"2014-04-29T20:01:21","guid":{"rendered":"http:\/\/192.168.2.101\/wordpress\/?page_id=157"},"modified":"2022-11-07T23:16:15","modified_gmt":"2022-11-07T23:16:15","slug":"personen","status":"publish","type":"page","link":"https:\/\/wiesenhausen.de\/?page_id=157","title":{"rendered":"Personen"},"content":{"rendered":"<p>In Meadowhouse regiert momentan eine Zwei-Parteien-Koalition aus dem BdH (Bund der H\u00f6hle) und den VCS (Volks-Christsoziale), was ein Novum in der Meadowhousischen Geschichte darstellt, da bisher stets nur Dreier-B\u00fcndnisse eine Regierung stellten. Ihr gegen\u00fcber stehen vier Parteien, die nicht an der Regierung beteiligt sind, die nach den Wahlen 1822 eingesetzt wurde. Neben diesen vier Oppositionsparteien gibt es aber noch zahlreiche andere Parteien in Meadowhouse, die erst in den letzten Jahren gegr\u00fcndet wurden oder wirklich ernst zu nehmend aufgetaucht sind. Alle diese Parteien werden nun hier aufgef\u00fchrt.<\/p>\n<p>Zuvor aber eine \u00dcbersicht \u00fcber das nach Parteien geordnete Kabinett, das am 18. September 1822 gew\u00e4hlt wurde und am 07. November 1822 die Regierungsgesch\u00e4fte aufnahm:<\/p>\n<p><span style=\"text-decoration: underline;\"><strong>Oberhaupt des Staates:<\/strong><\/span> K\u00f6nig Ezechiel I. (parteilos; mit 381 zu 354 Wahlm\u00e4nnern 1822 gew\u00e4hlt)<\/p>\n<p><strong>BdH-Kabinettsmitglieder (Parteichefin: Geraldine Ginsterkatze):<\/strong><\/p>\n<ul>\n<li>Sebastian Schwalbenschwanz (Reichskanzler)<\/li>\n<li>Eduard Pflanze (Reichspr\u00e4sident)<\/li>\n<li>Ronald Riesenkalmar (Reichstagspr\u00e4sident)<\/li>\n<li>Geraldine Ginsterkatze (Innenministerin)<\/li>\n<li>Eduard Borkenk\u00e4fer (Verteidigungsminister)<\/li>\n<li>Lieber Lord Voldemort\u00a0(Wirtschaftsminister)<\/li>\n<li>Annette S. Trewlaney (Erste Ministerin)<\/li>\n<li>Herbert Uhling (Bildungsminister)<\/li>\n<li>Wilhelmine Wei\u00dftanne (Umweltministerin)<\/li>\n<li>Natalie Johannsen (Familienministerin)<\/li>\n<li>Siegfried Geisterberger (Kanzleramtsminister)<\/li>\n<li>Gereon Goldammer (Entwicklungsminister)<\/li>\n<li>Hanna Bielendorf (Bauministerin)<\/li>\n<\/ul>\n<p><strong>VCS-Kabinettsmitglieder (Parteichef: Karl Boerenberg):<\/strong><\/p>\n<ul>\n<li>Heinrich Hubmaier (Schatzmeister\/Finanzminister)<\/li>\n<li>Karl Boerenberg (Au\u00dfenminister)<\/li>\n<li>Jens Dinkhoff (Zweiter Minister)<\/li>\n<li>Silvana van Wessels (Arbeits- und Sozialministerin)<\/li>\n<li>Johann von Gauttersberg (Justizministerin)<\/li>\n<li>Paul von Syberg (Gesundheitsminister)<\/li>\n<li>Ralf Bachstein (Verkehrsminister)<\/li>\n<li>Johanna Pohlmann (Landwirtschafts- und Verbraucherschutzministerin)<\/li>\n<li>Amanda Berghain (Post- und Telekommunikationsministerin)<\/li>\n<\/ul>\n<p><strong>Milit\u00e4rische R\u00e4nge (werden von den zwei gr\u00f6\u00dften Regierungsparteien gestellt):<\/strong><\/p>\n<ul>\n<li>Alastor Moody (BdH; General der Bodentruppen)<\/li>\n<li>Samuel Schwertfisch (BdH; Erster Lord der Admiralit\u00e4t\/Kommandeur der Wassertruppen)<\/li>\n<li>Wilhelm von Karlsburg (VCS; General der Luftstreitkr\u00e4fte)<\/li>\n<\/ul>\n<p><strong>Herz\u00f6ge: (Wahlen alle 5 Jahre)<\/strong><\/p>\n<ul>\n<li>Preu\u00dfen: Georg Hebdal (VCS, regiert seit 1812, Koalition mit BdH)<\/li>\n<li>Saphirento: Erhard Reinfeldt (BdH, regiert seit 1822, Koalition mit VCS)<\/li>\n<li>Wiesenhausen: Marko Maszli\u0161ku\u0161 (BdH, regiert seit 1817, Koalition mit VCS und FED)<\/li>\n<li>Santo Opalo: Thomas J\u00e4ger (FED, regiert seit 1822, Koalition mit BdH und MP)<\/li>\n<li>El Grande: Siegfried von Malmenberg (BdH, regiert seit 1817, Koalition mit FED und VCS)<\/li>\n<li>S\u00fcdstrand: Christoph Farnmann (FED, regiert seit 1822, Koalition mit BdH und MCM)<\/li>\n<\/ul>\n<p><strong>Weitere (Oppositions-)Parteien in Meadowhouse sind:<\/strong><\/p>\n<ul>\n<li><strong>WVD<\/strong> (Wiesenhausener Volks-Direktion);\u00a0<strong>Parteichefin:<\/strong> Anita da Silva<\/li>\n<li><strong>FED<\/strong> (Freie evangelische Direktion); <strong>Parteichef: <\/strong>Ulrich Lobenbach<\/li>\n<li><b>MCM <\/b>(Meadowhouser Christ-Monarchisten); <strong>Parteichef: <\/strong>Albrecht Knucker<\/li>\n<li><strong>MP <\/strong>(Meerespartei); <strong>Parteichef: <\/strong>Rainer Schubert<\/li>\n<\/ul>\n<p><strong>Parteien, die nicht im Reichstag vertreten sind, sind:<\/strong><\/p>\n<ul>\n<li><strong>MSP<\/strong> (Meadowhouser Soziale Partei)<\/li>\n<li><strong>KFM<\/strong> (Katholische Fraktion Meadowhouse)<\/li>\n<li><strong>VPM <\/strong>(Volks-Partei Meadowhouse)<\/li>\n<li><strong>Partei &#8222;F\u00fcr Volksentscheide&#8220; <\/strong>(Partei &#8222;F\u00fcr Volksentscheide&#8220;)<\/li>\n<li><strong>KPM <\/strong>(Kommunistische Partei Meadowhouse)<\/li>\n<li><strong>FMP <\/strong>(Freie\u00a0Meadowhousische Partei)<\/li>\n<li><strong>Die Wei\u00dfen <\/strong>(Die Wei\u00dfen)<\/li>\n<li><strong>EMPM <\/strong>(Erz-Monarchistische Partei Meadowhouse)<\/li>\n<li><strong>TP <\/strong>(Tierpartei)<\/li>\n<li><strong>HB <\/strong>(Hauselfenbund)<\/li>\n<li><strong>NDPM <\/strong>(National-demokratische Partei Meadowhouse)<\/li>\n<li><strong>MDB <\/strong>(Meadowhouser Drachen-Bund)<\/li>\n<li><strong>SPZ <\/strong>(Stern-Partei der Zauberer)<\/li>\n<li><strong>APM <\/strong>(Aristokratische Partei Meadowhouse)<\/li>\n<li><strong>GAP <\/strong>(Gr\u00fcnl\u00e4ndische Anschluss-Partei)<\/li>\n<li><strong>Freie W\u00e4hler <\/strong>(Freie W\u00e4hler)<\/li>\n<li><strong>PDE <\/strong>(Partei der Entt\u00e4uschten)<\/li>\n<li><strong>KVM <\/strong>(Kabarett-Vereinigung Meadowhouse)<\/li>\n<\/ul>\n","protected":false},"excerpt":{"rendered":"<p>In Meadowhouse regiert momentan eine Zwei-Parteien-Koalition aus dem BdH (Bund der H\u00f6hle) und den VCS (Volks-Christsoziale), was ein Novum in der Meadowhousischen Geschichte darstellt, da bisher stets nur Dreier-B\u00fcndnisse eine Regierung stellten. Ihr gegen\u00fcber stehen vier Parteien, die nicht an der Regierung beteiligt sind, die nach den Wahlen 1822 eingesetzt wurde. Neben diesen vier Oppositionsparteien gibt es aber noch zahlreiche andere Parteien in Meadowhouse, die erst in den letzten Jahren gegr\u00fcndet wurden oder wirklich ernst zu nehmend aufgetaucht sind. Alle diese Parteien werden nun hier aufgef\u00fchrt. Zuvor aber eine \u00dcbersicht \u00fcber das nach Parteien geordnete Kabinett, das am 18. September 1822 gew\u00e4hlt wurde und am 07. November 1822 die Regierungsgesch\u00e4fte <a class=\"more-link\" href=\"https:\/\/wiesenhausen.de\/?page_id=157\">Continue Reading \u2192<\/a><\/p>\n","protected":false},"author":1,"featured_media":0,"parent":0,"menu_order":0,"comment_status":"closed","ping_status":"closed","template":"","meta":{"footnotes":""},"class_list":["post-157","page","type-page","status-publish","hentry"],"_links":{"self":[{"href":"https:\/\/wiesenhausen.de\/index.php?rest_route=\/wp\/v2\/pages\/157","targetHints":{"allow":["GET"]}}],"collection":[{"href":"https:\/\/wiesenhausen.de\/index.php?rest_route=\/wp\/v2\/pages"}],"about":[{"href":"https:\/\/wiesenhausen.de\/index.php?rest_route=\/wp\/v2\/types\/page"}],"author":[{"embeddable":true,"href":"https:\/\/wiesenhausen.de\/index.php?rest_route=\/wp\/v2\/users\/1"}],"replies":[{"embeddable":true,"href":"https:\/\/wiesenhausen.de\/index.php?rest_route=%2Fwp%2Fv2%2Fcomments&post=157"}],"version-history":[{"count":11,"href":"https:\/\/wiesenhausen.de\/index.php?rest_route=\/wp\/v2\/pages\/157\/revisions"}],"predecessor-version":[{"id":21615,"href":"https:\/\/wiesenhausen.de\/index.php?rest_route=\/wp\/v2\/pages\/157\/revisions\/21615"}],"wp:attachment":[{"href":"https:\/\/wiesenhausen.de\/index.php?rest_route=%2Fwp%2Fv2%2Fmedia&parent=157"}],"curies":[{"name":"wp","href":"https:\/\/api.w.org\/{rel}","templated":true}]}}