{"id":15936,"date":"2020-05-02T16:22:46","date_gmt":"2020-05-02T16:22:46","guid":{"rendered":"http:\/\/wiesenhausen.de\/?page_id=15936"},"modified":"2025-07-26T22:06:04","modified_gmt":"2025-07-26T22:06:04","slug":"darts-weltspiel-1820","status":"publish","type":"page","link":"https:\/\/wiesenhausen.de\/?page_id=15936","title":{"rendered":"Darts Weltspiel 1825"},"content":{"rendered":"<p>Das &#8222;Darts Weltspiel&#8220; ist das drittwichtigste Turnier in der Welt des Dartsports. Es fand bereits zwischen 1786 und 1799 j\u00e4hrlich in der mittell\u00e4ndischen Stadt Vaasa statt, bis der dortige Veranstaltungsort, die &#8222;Stadthalle Vaasa&#8220; aufgrund eines Brandes vollkommen zerst\u00f6rt wurde und abgerissen werden musste. Seitdem wurde das &#8222;Darts Weltspiel&#8220; mangels Ort und auch aufgrund der horrenden Kosten zur damaligen Zeit eingestellt. Im Jahr 1820 fand jedoch, nach intensiver Planung durch den PDV, erstmals wieder eben jenes drittwichtigste Turnier des Sportes statt. Austragungsort ist Schloss Wiesenhausen und damit erstmals ein Ort au\u00dferhalb des Darts-Mutterlandes Mittelland. Nach einigen gelungenen Turnieren, insbesondere nach der Austragung der &#8222;Darts-Division&#8220;, die dort bereits gastierte hatte, wagten die Veranstalter, allen voran PDV-Chef Aersmil, das wiederbelebte &#8222;Weltspiel&#8220; dort auszutragen. F\u00fcr den meadowhousischen Dartssport ist dies nat\u00fcrlich ein absoluter Meilenstein und f\u00fcr die lokale Fanszene ein weiteres und vor allem eigenes Highlight, auf das sie hin fiebern kann.<\/p>\n<p>Aufgrund der langen Abwesenheit des &#8222;Weltspiels&#8220; auf der Darts-B\u00fchne konnte bisher keiner der noch aktiven Dartsspieler den Titel gewinnen. Rekordsieger des zuvor immerhin 14 Mal stattfindenden Turniers war der Mittell\u00e4nder Viktor Vasha, der es zwischen der Gr\u00fcndung 1786 und dem Ende 1799 ganze acht Mal gewinnen konnte.<\/p>\n<p>Das &#8222;Darts Weltspiel 1825&#8220; wird am 19. Juli 1825 er\u00f6ffnet und dauert eine Woche, ehe am 26. Juli dann das Finale ansteht. Insgesamt werden 32 Spieler teilnehmen, wobei diese sich aus den ersten 16 der Weltrangliste und den nachfolgenden besten 16 des aktuellen Jahres zusammensetzen. Gespielt wird im K.O.-System und im Leg-Modus, bei dem in der ersten Runde 10 Legs gewonnen werden m\u00fcssen, im Achtelfinale 11, im Viertelfinale 16, im Halbfinale 17 und im Finale schlie\u00dflich 18 Legs. Dabei muss der Sieg jedoch mit zwei Legs Differenz erfolgen, da es ansonsten zu weiteren Legs kommt, um eine solche Differenz herbeizuf\u00fchren. W\u00e4hrend die Anzahl dieser Zusatz-Legs fr\u00fcher unbegrenzt war, betr\u00e4gt sie im seit 1820 stattfindenden Weltspiel-Modus maximal sechs, ehe ein definitiv letztes Entscheidungsleg im &#8222;Sudden-Death&#8220;-Modus durchgef\u00fchrt wird.<\/p>\n<p>Aktueller Titelverteidiger des Weltspiel-Titels ist der Avasjanraver Vladimir Stitov, der das Finale 1824 gegen Richard Gonzalez aus Masalia mit 20:18 f\u00fcr sich entscheiden konnte.<\/p>\n<p>&nbsp;<\/p>\n<p><strong>Erste Runde (Best of 19 Legs, 19.+20.07.):<\/strong><\/p>\n<p>Mika Volcan &#8211; Piotr Ilpa\u00a0 \u00a0 \u00a0 10:12<\/p>\n<p>Vladimir Stitov &#8211; Cristian Santiago\u00a0 \u00a0 \u00a0 13:11<\/p>\n<p>Stevan Koltora &#8211; Ron van Drachenberghe\u00a0 \u00a0 \u00a0 10:1<\/p>\n<p>Mensur Frankovic &#8211; Ravan Lessgorka\u00a0 \u00a0 \u00a0 11:13\u00a0 \u00a0 \u00a0 \u00a0 \u00a0 \u00a0 \u00a0 \u00a0 \u00a0 \u00a0 \u00a0 \u00a0 \u00a0 \u00a0 (Sa. 19.07., ab 14:00 Uhr)<\/p>\n<p>&nbsp;<\/p>\n<p>Velka Swayk &#8211; John Culane\u00a0 \u00a0 \u00a0 5:10<\/p>\n<p>Goran Wassily &#8211; Hannes Pibca\u00a0 \u00a0 \u00a0 3:10<\/p>\n<p>Adrian Lovchek &#8211; Marc Toulvac\u00a0 \u00a0 \u00a0 10:1<\/p>\n<p>Richard Paterson &#8211; Christopher de Feuerfrij\u00a0 \u00a0 \u00a0 10:5\u00a0 \u00a0 \u00a0 \u00a0 \u00a0 \u00a0 \u00a0 \u00a0 \u00a0 \u00a0 \u00a0(Sa. 19.07., ab 19:00 Uhr)<\/p>\n<p>&nbsp;<\/p>\n<p>Eric Martolod &#8211; David Geshny\u00a0 \u00a0 \u00a0 11:9<\/p>\n<p>Srdjan Wera &#8211; Mario Mur\u00e4ne\u00a0 \u00a0 \u00a0 10:5<\/p>\n<p>Andres Ersgo &#8211; John van Flammhaus\u00a0 \u00a0 \u00a0 10:8<\/p>\n<p>Matt Goldman &#8211; Marc Bondheyster\u00a0 \u00a0 \u00a0 10:7\u00a0 \u00a0 \u00a0 \u00a0 \u00a0 \u00a0 \u00a0 \u00a0 \u00a0 \u00a0 \u00a0 \u00a0 \u00a0 \u00a0 \u00a0 \u00a0 \u00a0 \u00a0(So. 20.07., ab 14:00 Uhr)<\/p>\n<p>&nbsp;<\/p>\n<p>Magnus Bj\u00f6rn Kamper &#8211; Jonas Birkener\u00a0 \u00a0 \u00a0 10:5<\/p>\n<p>John Lowercar &#8211; Oliver Fahrian\u00a0 \u00a0 \u00a0 10:4<\/p>\n<p>Ramon Szibisko &#8211; Peter Sworder\u00a0 \u00a0 \u00a0 4:10<\/p>\n<p>Richard Gonzalez &#8211; Petr Romaniev\u00a0 \u00a0 \u00a0 10:7\u00a0 \u00a0 \u00a0 \u00a0 \u00a0 \u00a0 \u00a0 \u00a0 \u00a0 \u00a0 \u00a0 \u00a0 \u00a0 \u00a0 \u00a0 \u00a0 \u00a0 \u00a0 (So. 20.07., ab 19:00 Uhr)<\/p>\n<p>&nbsp;<\/p>\n<p><strong>Achtelfinale (Best of 21 Legs, 21.+22.07.):<\/strong><\/p>\n<p>Piotr Ilpa &#8211; Vladimir Stitov\u00a0 \u00a0 \u00a0 11:9<\/p>\n<p>Stevan Koltora &#8211; Ravan Lessgorka\u00a0 \u00a0 \u00a0 11:6<\/p>\n<p>John Culane &#8211; Hannes Pibca\u00a0 \u00a0 \u00a0 11:7<\/p>\n<p>Adrian Lovchek &#8211; Richard Paterson\u00a0 \u00a0 \u00a0 8:11\u00a0 \u00a0 \u00a0 \u00a0 \u00a0 \u00a0 \u00a0 \u00a0 \u00a0 \u00a0 \u00a0 \u00a0 \u00a0 \u00a0 \u00a0 \u00a0 \u00a0 \u00a0 \u00a0 (Mo. 21.07., ab 19:00 Uhr)<\/p>\n<p>&nbsp;<\/p>\n<p>Eric Martolod &#8211; Srdjan Wera\u00a0 \u00a0 \u00a0 7:11<\/p>\n<p>Andres Ersgo &#8211; Matt Goldman\u00a0 \u00a0 \u00a0 11:9<\/p>\n<p>Magnus Bj\u00f6rn Kamper &#8211; John Lowercar\u00a0 \u00a0 \u00a0 11:7<\/p>\n<p>Peter Sworder &#8211; Richard Gonzalez\u00a0 \u00a0 \u00a0 7:11\u00a0 \u00a0 \u00a0 \u00a0 \u00a0 \u00a0 \u00a0 \u00a0 \u00a0 \u00a0 \u00a0 \u00a0 \u00a0 \u00a0 \u00a0 \u00a0 \u00a0 \u00a0 \u00a0 \u00a0 (Di. 22.07., ab 19:00 Uhr)<\/p>\n<p>&nbsp;<\/p>\n<p><strong>Viertelfinale (Best of 31 Legs, 23.+24.07.):<\/strong><\/p>\n<p>Piotr Ilpa &#8211; Stevan Koltora\u00a0 \u00a0 \u00a0 16:11<\/p>\n<p>John Culane &#8211; Richard Paterson\u00a0 \u00a0 \u00a0 11:16\u00a0 \u00a0 \u00a0 \u00a0 \u00a0 \u00a0 \u00a0 \u00a0 \u00a0 \u00a0 \u00a0 \u00a0 \u00a0 \u00a0 \u00a0 \u00a0 \u00a0 \u00a0 \u00a0 \u00a0 \u00a0 (Mi. 23.07., ab 19:00 Uhr)<\/p>\n<p>&nbsp;<\/p>\n<p>Srdjan Wera &#8211; Andres Ersgo\u00a0 \u00a0 \u00a0 16:10<\/p>\n<p>Magnus Bj\u00f6rn Kamper &#8211; Richard Gonzalez\u00a0 \u00a0 \u00a0 16:12\u00a0 \u00a0 \u00a0 \u00a0 \u00a0 \u00a0 \u00a0 \u00a0 \u00a0 \u00a0 \u00a0 \u00a0 \u00a0(Do. 24.07., ab 19:00 Uhr)<\/p>\n<p>&nbsp;<\/p>\n<p><strong>Halbfinale (Best of 33 Legs, 25.07.):<\/strong><\/p>\n<p>Piotr Ilpa &#8211; Richard Paterson\u00a0 \u00a0 \u00a0 10:17<\/p>\n<p>Srdjan Wera &#8211; Magnus Bj\u00f6rn Kamper\u00a0 \u00a0 \u00a0 18:16\u00a0 \u00a0 \u00a0 \u00a0 \u00a0 \u00a0 \u00a0 \u00a0 \u00a0 \u00a0 \u00a0 \u00a0 \u00a0 \u00a0 \u00a0 \u00a0 \u00a0 (Fr. 25.07., ab 20:00 Uhr)<\/p>\n<p>&nbsp;<\/p>\n<p><strong>Finale (Best of 35 Legs, 26.07.):<\/strong><\/p>\n<p>Richard Paterson &#8211; Srdjan Wera\u00a0 \u00a0 \u00a0 17:19\u00a0 \u00a0 \u00a0 \u00a0 \u00a0 \u00a0 \u00a0 \u00a0 \u00a0 \u00a0 \u00a0 \u00a0 \u00a0 \u00a0 \u00a0 \u00a0 \u00a0 \u00a0 \u00a0 \u00a0 \u00a0(Sa. 26.07., ab 20:00 Uhr)<\/p>\n","protected":false},"excerpt":{"rendered":"<p>Das &#8222;Darts Weltspiel&#8220; ist das drittwichtigste Turnier in der Welt des Dartsports. Es fand bereits zwischen 1786 und 1799 j\u00e4hrlich in der mittell\u00e4ndischen Stadt Vaasa statt, bis der dortige Veranstaltungsort, die &#8222;Stadthalle Vaasa&#8220; aufgrund eines Brandes vollkommen zerst\u00f6rt wurde und abgerissen werden musste. Seitdem wurde das &#8222;Darts Weltspiel&#8220; mangels Ort und auch aufgrund der horrenden Kosten zur damaligen Zeit eingestellt. Im Jahr 1820 fand jedoch, nach intensiver Planung durch den PDV, erstmals wieder eben jenes drittwichtigste Turnier des Sportes statt. Austragungsort ist Schloss Wiesenhausen und damit erstmals ein Ort au\u00dferhalb des Darts-Mutterlandes Mittelland. Nach einigen gelungenen Turnieren, insbesondere nach der Austragung der &#8222;Darts-Division&#8220;, die dort bereits gastierte hatte, wagten die <a class=\"more-link\" href=\"https:\/\/wiesenhausen.de\/?page_id=15936\">Continue Reading \u2192<\/a><\/p>\n","protected":false},"author":1,"featured_media":0,"parent":0,"menu_order":0,"comment_status":"closed","ping_status":"closed","template":"","meta":{"footnotes":""},"class_list":["post-15936","page","type-page","status-publish","hentry"],"_links":{"self":[{"href":"https:\/\/wiesenhausen.de\/index.php?rest_route=\/wp\/v2\/pages\/15936","targetHints":{"allow":["GET"]}}],"collection":[{"href":"https:\/\/wiesenhausen.de\/index.php?rest_route=\/wp\/v2\/pages"}],"about":[{"href":"https:\/\/wiesenhausen.de\/index.php?rest_route=\/wp\/v2\/types\/page"}],"author":[{"embeddable":true,"href":"https:\/\/wiesenhausen.de\/index.php?rest_route=\/wp\/v2\/users\/1"}],"replies":[{"embeddable":true,"href":"https:\/\/wiesenhausen.de\/index.php?rest_route=%2Fwp%2Fv2%2Fcomments&post=15936"}],"version-history":[{"count":80,"href":"https:\/\/wiesenhausen.de\/index.php?rest_route=\/wp\/v2\/pages\/15936\/revisions"}],"predecessor-version":[{"id":27322,"href":"https:\/\/wiesenhausen.de\/index.php?rest_route=\/wp\/v2\/pages\/15936\/revisions\/27322"}],"wp:attachment":[{"href":"https:\/\/wiesenhausen.de\/index.php?rest_route=%2Fwp%2Fv2%2Fmedia&parent=15936"}],"curies":[{"name":"wp","href":"https:\/\/api.w.org\/{rel}","templated":true}]}}