{"id":16145,"date":"2020-06-21T09:43:33","date_gmt":"2020-06-21T09:43:33","guid":{"rendered":"http:\/\/wiesenhausen.de\/?page_id=16145"},"modified":"2020-06-21T09:43:33","modified_gmt":"2020-06-21T09:43:33","slug":"impressum-und-datenschutzerklaerung","status":"publish","type":"page","link":"https:\/\/wiesenhausen.de\/?page_id=16145","title":{"rendered":"Impressum und Datenschutzerkl\u00e4rung"},"content":{"rendered":"<div class=\"entry-content\">\n<p>Angaben gem\u00e4\u00df \u00a7 5 TMG:<\/p>\n<p>Projekt: &#8222;Wiesenhausen&#8220;<\/p>\n<p>Verantwortlich f\u00fcr den Inhalt nach \u00a7 55 Abs. 2 RStV:<\/p>\n<p>I.BM.T \u2013 Steinbeistransferzentrum f\u00fcr Breitband- und Medientechnik<br \/>\nLtg.: Prof. Dr.-Ing. S. Breide<\/p>\n<p>Franz-Stahlmecke-Platz 1<\/p>\n<p>59872 Meschede<\/p>\n<p>info(at)i-bm-t.de<\/p>\n<p><b>Datenschutzerkl\u00e4rung<\/b><br \/>\n<b><br \/>\n<\/b><b>Geltungsbereich<\/b><\/p>\n<p>Diese Datenschutzerkl\u00e4rung soll die Nutzer dieser Website gem\u00e4\u00df Bundesdatenschutzgesetz und Telemediengesetz \u00fcber die Art, den Umfang und den Zweck der Erhebung und Verwendung personenbezogener Daten durch den Websitebetreiber <a href=\"http:\/\/www.wiesenhausen.de\">www.wiesenhausen.de<\/a> informieren.<\/p>\n<p>Der Websitebetreiber nimmt Ihren Datenschutz sehr ernst und behandelt Ihre personenbezogenen Daten vertraulich und entsprechend der gesetzlichen Vorschriften.<br \/>\nBedenken Sie, dass die Daten\u00fcbertragung im Internet grunds\u00e4tzlich mit Sicherheitsl\u00fccken bedacht sein kann. Ein vollumf\u00e4nglicher Schutz vor dem Zugriff durch Fremde ist nicht realisierbar.<\/p>\n<p><b>Zugriffsdaten<\/b><\/p>\n<p>Der Websitebetreiber bzw. Seitenprovider erhebt Daten \u00fcber Zugriffe auf die Seite und speichert diese als \u201eServer-Logfiles\u201c ab. Folgende Daten werden so protokolliert:<\/p>\n<ul>\n<li>Besuchte Website<br \/>\n\u2022\u00a0\u00a0\u00a0 Uhrzeit zum Zeitpunkt des Zugriffes<br \/>\n\u2022\u00a0\u00a0\u00a0 Menge der gesendeten Daten in Byte<br \/>\n\u2022\u00a0\u00a0\u00a0 Quelle\/Verweis, von welchem Sie auf die Seite gelangten<br \/>\n\u2022\u00a0\u00a0\u00a0 Verwendeter Browser<br \/>\n\u2022\u00a0\u00a0\u00a0 Verwendetes Betriebssystem<br \/>\n\u2022\u00a0\u00a0\u00a0 Verwendete IP-Adresse<\/li>\n<\/ul>\n<p>Die erhobenen Daten dienen lediglich statistischen Auswertungen und zur Verbesserung der Website. Der Websitebetreiber beh\u00e4lt sich allerdings vor, die Server-Logfiles nachtr\u00e4glich zu \u00fcberpr\u00fcfen, sollten konkrete Anhaltspunkte auf eine rechtswidrige Nutzung hinweisen.<\/p>\n<p><b>Cookies<br \/>\n<\/b><br \/>\nDiese Website verwendet keine Cookies.<\/p>\n<p><b>Umgang mit personenbezogenen Daten<\/b><\/p>\n<p>Der Websitebetreiber erhebt keine personenbezogenen Daten.<\/p>\n<p><b>Umgang mit Kontaktdaten<\/b><\/p>\n<p>Nehmen Sie mit dem Websitebetreiber durch die angebotenen Kontaktm\u00f6glichkeiten Verbindung auf, werden Ihre Angaben gespeichert, damit auf diese zur Bearbeitung und Beantwortung Ihrer Anfrage zur\u00fcckgegriffen werden kann. Ohne Ihre Einwilligung werden diese Daten nicht an Dritte weitergegeben. Soweit auf unseren Seiten personenbezogene Daten (beispielsweise Name, Anschrift oder eMail-Adressen) erhoben werden, erfolgt dies, stets auf freiwilliger Basis.<\/p>\n<p><b>Umgang mit Kommentaren und Beitr\u00e4gen<\/b><\/p>\n<p>Es werden <em>derzeit<\/em> keine Kommentare und Beitr\u00e4ge zugelassen.<\/p>\n<p><b>Google Analytics<\/b><\/p>\n<p>Diese Website nutzt nicht den Dienst \u201eGoogle Analytics\u201c.<\/p>\n<p><b>Nutzung von Social-Media-Plugins<\/b><\/p>\n<p>Diese Website verwendet <em>derzeit<\/em> keine Facebook oder andere Social Plugins.<\/p>\n<p><b>Newsletter-Abonnement<\/b><\/p>\n<p>Der Websitebetreiber bietet Ihnen keinen Newsletter an.<\/p>\n<\/div>\n","protected":false},"excerpt":{"rendered":"<p>Angaben gem\u00e4\u00df \u00a7 5 TMG: Projekt: &#8222;Wiesenhausen&#8220; Verantwortlich f\u00fcr den Inhalt nach \u00a7 55 Abs. 2 RStV: I.BM.T \u2013 Steinbeistransferzentrum f\u00fcr Breitband- und Medientechnik Ltg.: Prof. Dr.-Ing. S. Breide Franz-Stahlmecke-Platz 1 59872 Meschede info(at)i-bm-t.de Datenschutzerkl\u00e4rung Geltungsbereich Diese Datenschutzerkl\u00e4rung soll die Nutzer dieser Website gem\u00e4\u00df Bundesdatenschutzgesetz und Telemediengesetz \u00fcber die Art, den Umfang und den Zweck der Erhebung und Verwendung personenbezogener Daten durch den Websitebetreiber www.wiesenhausen.de informieren. Der Websitebetreiber nimmt Ihren Datenschutz sehr ernst und behandelt Ihre personenbezogenen Daten vertraulich und entsprechend der gesetzlichen Vorschriften. Bedenken Sie, dass die Daten\u00fcbertragung im Internet grunds\u00e4tzlich mit Sicherheitsl\u00fccken bedacht sein kann. Ein vollumf\u00e4nglicher Schutz vor dem Zugriff durch Fremde ist nicht realisierbar. Zugriffsdaten Der <a class=\"more-link\" href=\"https:\/\/wiesenhausen.de\/?page_id=16145\">Continue Reading \u2192<\/a><\/p>\n","protected":false},"author":1,"featured_media":0,"parent":0,"menu_order":0,"comment_status":"closed","ping_status":"closed","template":"","meta":{"footnotes":""},"class_list":["post-16145","page","type-page","status-publish","hentry"],"_links":{"self":[{"href":"https:\/\/wiesenhausen.de\/index.php?rest_route=\/wp\/v2\/pages\/16145","targetHints":{"allow":["GET"]}}],"collection":[{"href":"https:\/\/wiesenhausen.de\/index.php?rest_route=\/wp\/v2\/pages"}],"about":[{"href":"https:\/\/wiesenhausen.de\/index.php?rest_route=\/wp\/v2\/types\/page"}],"author":[{"embeddable":true,"href":"https:\/\/wiesenhausen.de\/index.php?rest_route=\/wp\/v2\/users\/1"}],"replies":[{"embeddable":true,"href":"https:\/\/wiesenhausen.de\/index.php?rest_route=%2Fwp%2Fv2%2Fcomments&post=16145"}],"version-history":[{"count":1,"href":"https:\/\/wiesenhausen.de\/index.php?rest_route=\/wp\/v2\/pages\/16145\/revisions"}],"predecessor-version":[{"id":16146,"href":"https:\/\/wiesenhausen.de\/index.php?rest_route=\/wp\/v2\/pages\/16145\/revisions\/16146"}],"wp:attachment":[{"href":"https:\/\/wiesenhausen.de\/index.php?rest_route=%2Fwp%2Fv2%2Fmedia&parent=16145"}],"curies":[{"name":"wp","href":"https:\/\/api.w.org\/{rel}","templated":true}]}}