{"id":16263,"date":"2020-07-14T17:05:40","date_gmt":"2020-07-14T17:05:40","guid":{"rendered":"https:\/\/wiesenhausen.de\/?page_id=16263"},"modified":"2026-04-12T18:18:04","modified_gmt":"2026-04-12T18:18:04","slug":"second-league-meadowhouse-south","status":"publish","type":"page","link":"https:\/\/wiesenhausen.de\/?page_id=16263","title":{"rendered":"Second League Meadowhouse South"},"content":{"rendered":"<p>Die Second League Meadowhouse ist die zweite meadowhousische Fu\u00dfballliga. Sie wurde 1810 gegr\u00fcndet und lief bis 1820 eingleisig. Nach dem Ostbekenntnis wurde sie von 20 auf 24 aufgestockt und lief so bis einschlie\u00dflich der Saison 1819\/1820 weiter. Als der FVM 1820 dann jedoch eine Reform des Ligafu\u00dfballs in Meadowhouse durchsetzte, wurde sie aufgesplittet in eine Nord- und eine S\u00fcdstaffel, um die hohe Belastung zu minimieren. Seit der Saison 1820\/1821 beherbergt jede Staffel wieder 20 Teams. Die Nord-S\u00fcd-Grenze verl\u00e4uft dabei quer durch die Hauptstadt Wiesenhausen, um den Anteil der Wiesenhausener Mannschaften in jeder Staffel ungef\u00e4hr gleichzuhalten. Es gibt in jeder Staffel zwei Aufstiegs- und drei Abstiegspl\u00e4tze, eine Relegation gibt es nicht. Wie viele Mannschaften aus den zugeh\u00f6rigen RLMs, die auch in Nord- und S\u00fcdstaffel aufgeteilt sind, entscheidet sich nach der Anzahl der jeweiligen Absteiger aus der FLM, die seit der Reform von 24 auf 20 Teams heruntergestockt wurde.<\/p>\n<p>Die aktuelle Tabelle:<\/p>\n<ol>\n<li>Heubachtaler FC\u00a0 \u00a0 \u00a0 \u00a0 \u00a0 \u00a0 \u00a0 \u00a0 \u00a0 \u00a0 \u00a0 \u00a0 \u00a0 \u00a0 \u00a0 \u00a0 \u00a0 \u00a0 \u00a0 \u00a0 \u00a0 \u00a0 \u00a0 \u00a0 67:29\u00a0 +38\u00a0 \u00a0<strong>71<\/strong><\/li>\n<li>GSC Geisterstadt\u00a0 \u00a0 \u00a0 \u00a0 \u00a0 \u00a0 \u00a0 \u00a0 \u00a0 \u00a0 \u00a0 \u00a0 \u00a0 \u00a0 \u00a0 \u00a0 \u00a0 \u00a0 \u00a0 \u00a0 \u00a0 \u00a0 \u00a0 \u00a062:48\u00a0 +14\u00a0 \u00a0<strong>64<\/strong><\/li>\n<li>FSV Waldhausen 1678\u00a0 \u00a0 \u00a0 \u00a0 \u00a0 \u00a0 \u00a0 \u00a0 \u00a0 \u00a0 \u00a0 \u00a0 \u00a0 \u00a0 \u00a0 \u00a0 \u00a0 \u00a0 \u00a0 58:41\u00a0 +17\u00a0 \u00a0<strong>58<\/strong><\/li>\n<li>SS Mondscheinsee\u00a0 \u00a0 \u00a0 \u00a0 \u00a0 \u00a0 \u00a0 \u00a0 \u00a0 \u00a0 \u00a0 \u00a0 \u00a0 \u00a0 \u00a0 \u00a0 \u00a0 \u00a0 \u00a0 \u00a0 \u00a0 \u00a0 56:40\u00a0 +16\u00a0 \u00a0<strong>58<\/strong><\/li>\n<li>FC Wiesenbach\u00a0 \u00a0 \u00a0 \u00a0 \u00a0 \u00a0 \u00a0 \u00a0 \u00a0 \u00a0 \u00a0 \u00a0 \u00a0 \u00a0 \u00a0 \u00a0 \u00a0 \u00a0 \u00a0 \u00a0 \u00a0 \u00a0 \u00a0 \u00a0 \u00a0 61:41\u00a0 +20\u00a0 <strong>54<\/strong><\/li>\n<li>FC Bad Sumpflingen\u00a0 \u00a0 \u00a0 \u00a0 \u00a0 \u00a0 \u00a0 \u00a0 \u00a0 \u00a0 \u00a0 \u00a0 \u00a0 \u00a0 \u00a0 \u00a0 \u00a0 \u00a0 \u00a0 \u00a0 \u00a0 52:40\u00a0 +12\u00a0 <strong>54<\/strong><\/li>\n<li>VfB Kullburg\u00a0 \u00a0 \u00a0 \u00a0 \u00a0 \u00a0 \u00a0 \u00a0 \u00a0 \u00a0 \u00a0 \u00a0 \u00a0 \u00a0 \u00a0 \u00a0 \u00a0 \u00a0 \u00a0 \u00a0 \u00a0 \u00a0 \u00a0 \u00a0 \u00a0 \u00a0 \u00a0 \u00a046:38\u00a0 \u00a0+8\u00a0 \u00a0<strong>53<\/strong><\/li>\n<li>Titania Sanorma\u00a0 \u00a0 \u00a0 \u00a0 \u00a0 \u00a0 \u00a0 \u00a0 \u00a0 \u00a0 \u00a0 \u00a0 \u00a0 \u00a0 \u00a0 \u00a0 \u00a0 \u00a0 \u00a0 \u00a0 \u00a0 \u00a0 \u00a0 \u00a0 \u00a051:39\u00a0 +12\u00a0 <strong>51<\/strong><\/li>\n<li>FSV Klippenburg\u00a0 \u00a0 \u00a0 \u00a0 \u00a0 \u00a0 \u00a0 \u00a0 \u00a0 \u00a0 \u00a0 \u00a0 \u00a0 \u00a0 \u00a0 \u00a0 \u00a0 \u00a0 \u00a0 \u00a0 \u00a0 \u00a0 \u00a0 \u00a0 50:43\u00a0 \u00a0+7\u00a0 \u00a0<strong>51<\/strong><\/li>\n<li>RS Ikenberg\u00a0 \u00a0 \u00a0 \u00a0 \u00a0 \u00a0 \u00a0 \u00a0 \u00a0 \u00a0 \u00a0 \u00a0 \u00a0 \u00a0 \u00a0 \u00a0 \u00a0 \u00a0 \u00a0 \u00a0 \u00a0 \u00a0 \u00a0 \u00a0 \u00a0 \u00a0 \u00a0 \u00a052:46\u00a0 \u00a0+6\u00a0 \u00a0<strong>51<\/strong><\/li>\n<li>VfS M\u00f6vental 05\u00a0 \u00a0 \u00a0 \u00a0 \u00a0 \u00a0 \u00a0 \u00a0 \u00a0 \u00a0 \u00a0 \u00a0 \u00a0 \u00a0 \u00a0 \u00a0 \u00a0 \u00a0 \u00a0 \u00a0 \u00a0 \u00a0 \u00a0 \u00a0 45:38\u00a0 \u00a0+7\u00a0 \u00a0<strong>46<\/strong><\/li>\n<li>1. FSV Keslenburg\u00a0 \u00a0 \u00a0 \u00a0 \u00a0 \u00a0 \u00a0 \u00a0 \u00a0 \u00a0 \u00a0 \u00a0 \u00a0 \u00a0 \u00a0 \u00a0 \u00a0 \u00a0 \u00a0 \u00a0 \u00a0 \u00a0 51:57\u00a0 \u00a0 -6\u00a0 \u00a0<strong>41<\/strong><\/li>\n<li>SFC Chaconne\u00a0 \u00a0 \u00a0 \u00a0 \u00a0 \u00a0 \u00a0 \u00a0 \u00a0 \u00a0 \u00a0 \u00a0 \u00a0 \u00a0 \u00a0 \u00a0 \u00a0 \u00a0 \u00a0 \u00a0 \u00a0 \u00a0 \u00a0 \u00a0 \u00a0 34:49\u00a0 -15\u00a0 \u00a0<strong>41<\/strong><\/li>\n<li>KFE Eulenfels\u00a0 \u00a0 \u00a0 \u00a0 \u00a0 \u00a0 \u00a0 \u00a0 \u00a0 \u00a0 \u00a0 \u00a0 \u00a0 \u00a0 \u00a0 \u00a0 \u00a0 \u00a0 \u00a0 \u00a0 \u00a0 \u00a0 \u00a0 \u00a0 \u00a0 \u00a0 44:47\u00a0 \u00a0-3\u00a0 \u00a0<strong>40<\/strong><\/li>\n<li>SV Porisburg\u00a0 \u00a0 \u00a0 \u00a0 \u00a0 \u00a0 \u00a0 \u00a0 \u00a0 \u00a0 \u00a0 \u00a0 \u00a0 \u00a0 \u00a0 \u00a0 \u00a0 \u00a0 \u00a0 \u00a0 \u00a0 \u00a0 \u00a0 \u00a0 \u00a0 \u00a0 \u00a043:70\u00a0 -27\u00a0 \u00a0<strong>31<\/strong><\/li>\n<li>Maranhl\u00e9sia Fennberg\u00a0 \u00a0 \u00a0 \u00a0 \u00a0 \u00a0 \u00a0 \u00a0 \u00a0 \u00a0 \u00a0 \u00a0 \u00a0 \u00a0 \u00a0 \u00a0 \u00a0 \u00a0 \u00a0 34:58\u00a0 -24\u00a0 \u00a0<strong style=\"font-size: 1rem;\">30<\/strong><\/li>\n<li>FC Trischen 93\u00a0 \u00a0 \u00a0 \u00a0 \u00a0 \u00a0 \u00a0 \u00a0 \u00a0 \u00a0 \u00a0 \u00a0 \u00a0 \u00a0 \u00a0 \u00a0 \u00a0 \u00a0 \u00a0 \u00a0 \u00a0 \u00a0 \u00a0 \u00a0 \u00a0 38:56\u00a0 -18\u00a0 \u00a0<strong>28<\/strong><\/li>\n<li>Lokomotive Kerchental\u00a0 \u00a0 \u00a0 \u00a0 \u00a0 \u00a0 \u00a0 \u00a0 \u00a0 \u00a0 \u00a0 \u00a0 \u00a0 \u00a0 \u00a0 \u00a0 \u00a0 \u00a0 \u00a0 38:59\u00a0 -21\u00a0 \u00a0<strong>26<\/strong><\/li>\n<li>1. FC Kalter Wald\u00a0 \u00a0 \u00a0 \u00a0 \u00a0 \u00a0 \u00a0 \u00a0 \u00a0 \u00a0 \u00a0 \u00a0 \u00a0 \u00a0 \u00a0 \u00a0 \u00a0 \u00a0 \u00a0 \u00a0 \u00a0 \u00a0 \u00a0 36:62\u00a0 -26\u00a0 \u00a0<strong>25<\/strong><\/li>\n<li>DC Drachonia Wiesenhausen\u00a0 \u00a0 \u00a0 \u00a0 \u00a0 \u00a0 \u00a0 \u00a0 \u00a0 \u00a0 \u00a0 \u00a0 \u00a0 \u00a041:62\u00a0 -21\u00a0 \u00a0<strong>23<\/strong><\/li>\n<\/ol>\n<p>&nbsp;<\/p>\n<p>32. Spieltag:<\/p>\n<p>VfS M\u00f6vental 05 &#8211; FC Bad Sumpflingen\u00a0 \u00a0 \u00a0 2:1 (1:1)<\/p>\n<p>Maranhl\u00e9sia Fennberg &#8211; KFE Eulenfels\u00a0 \u00a0 \u00a0 1:1 (1:1)<\/p>\n<p>VfB Kullburg &#8211; Lokomotive Kerchental\u00a0 \u00a0 \u00a0 1:0 (0:0)<\/p>\n<p>SV Porisburg &#8211; RS Ikenberg\u00a0 \u00a0 \u00a0 0:2 (0:0)<\/p>\n<p>FC Trischen 93 &#8211; DC Drachonia Wiesenhausen\u00a0 \u00a0 \u00a0 2:0 (1:0)\u00a0 \u00a0 \u00a0 \u00a0 \u00a0 \u00a0 \u00a0 \u00a0 \u00a0 \u00a0 \u00a0 \u00a0(Anpfiff: Fr. 19.00)<\/p>\n<p>Heubachtaler FC &#8211; Titania Sanorma\u00a0 \u00a0 \u00a0 2:1 (1:1)<\/p>\n<p>1. FSV Keslenburg &#8211; SS Mondscheinsee\u00a0 \u00a0 \u00a0 2:2 (1:1)<\/p>\n<p>SFC Chaconne &#8211; GSC Geisterstadt\u00a0 \u00a0 \u00a0 0:2 (0:1)<\/p>\n<p>1. FC Kalter Wald &#8211; FSV Klippenburg\u00a0 \u00a0 \u00a0 1:1 (1:1)<\/p>\n<p>FC Wiesenbach &#8211; FSV Waldhausen 1678\u00a0 \u00a0 \u00a0 4:0 (2:0)\u00a0 \u00a0 \u00a0 \u00a0 \u00a0 \u00a0 \u00a0 \u00a0 \u00a0 \u00a0 \u00a0 \u00a0 \u00a0 \u00a0 \u00a0 \u00a0 \u00a0(Anpfiff: So. 15.30)<\/p>\n","protected":false},"excerpt":{"rendered":"<p>Die Second League Meadowhouse ist die zweite meadowhousische Fu\u00dfballliga. Sie wurde 1810 gegr\u00fcndet und lief bis 1820 eingleisig. Nach dem Ostbekenntnis wurde sie von 20 auf 24 aufgestockt und lief so bis einschlie\u00dflich der Saison 1819\/1820 weiter. Als der FVM 1820 dann jedoch eine Reform des Ligafu\u00dfballs in Meadowhouse durchsetzte, wurde sie aufgesplittet in eine Nord- und eine S\u00fcdstaffel, um die hohe Belastung zu minimieren. Seit der Saison 1820\/1821 beherbergt jede Staffel wieder 20 Teams. Die Nord-S\u00fcd-Grenze verl\u00e4uft dabei quer durch die Hauptstadt Wiesenhausen, um den Anteil der Wiesenhausener Mannschaften in jeder Staffel ungef\u00e4hr gleichzuhalten. Es gibt in jeder Staffel zwei Aufstiegs- und drei Abstiegspl\u00e4tze, eine Relegation gibt es nicht. <a class=\"more-link\" href=\"https:\/\/wiesenhausen.de\/?page_id=16263\">Continue Reading \u2192<\/a><\/p>\n","protected":false},"author":1,"featured_media":0,"parent":0,"menu_order":0,"comment_status":"closed","ping_status":"closed","template":"","meta":{"footnotes":""},"class_list":["post-16263","page","type-page","status-publish","hentry"],"_links":{"self":[{"href":"https:\/\/wiesenhausen.de\/index.php?rest_route=\/wp\/v2\/pages\/16263","targetHints":{"allow":["GET"]}}],"collection":[{"href":"https:\/\/wiesenhausen.de\/index.php?rest_route=\/wp\/v2\/pages"}],"about":[{"href":"https:\/\/wiesenhausen.de\/index.php?rest_route=\/wp\/v2\/types\/page"}],"author":[{"embeddable":true,"href":"https:\/\/wiesenhausen.de\/index.php?rest_route=\/wp\/v2\/users\/1"}],"replies":[{"embeddable":true,"href":"https:\/\/wiesenhausen.de\/index.php?rest_route=%2Fwp%2Fv2%2Fcomments&post=16263"}],"version-history":[{"count":847,"href":"https:\/\/wiesenhausen.de\/index.php?rest_route=\/wp\/v2\/pages\/16263\/revisions"}],"predecessor-version":[{"id":28681,"href":"https:\/\/wiesenhausen.de\/index.php?rest_route=\/wp\/v2\/pages\/16263\/revisions\/28681"}],"wp:attachment":[{"href":"https:\/\/wiesenhausen.de\/index.php?rest_route=%2Fwp%2Fv2%2Fmedia&parent=16263"}],"curies":[{"name":"wp","href":"https:\/\/api.w.org\/{rel}","templated":true}]}}