{"id":16276,"date":"2020-07-16T10:42:54","date_gmt":"2020-07-16T10:42:54","guid":{"rendered":"https:\/\/wiesenhausen.de\/?page_id=16276"},"modified":"2026-04-12T18:54:01","modified_gmt":"2026-04-12T18:54:01","slug":"what-liga","status":"publish","type":"page","link":"https:\/\/wiesenhausen.de\/?page_id=16276","title":{"rendered":"WHAT-Liga"},"content":{"rendered":"<p>Die WHAT-Liga ist die 1750 gegr\u00fcndete Liga der Staaten Atlantis und Whale, die seit jeher in einem gemeinsamen Verband organisiert sind. Durch die enorme Qualit\u00e4t der Liga wird die WHAT-Liga als eine der besten Ligen der Welt angesehen, Mannschaften wie der SC Schloss Canterville, Olympic Werabino, der 1. FC Theoflorencio, Olympique Carason und der 1. SC Ranjos geh\u00f6ren schon seit Jahrzehnten zur absoluten Weltklasse. So wurde der SC Schlo\u00df Canterville bereits zweimal und der 1. FC Theoflorencio immerhin einmal Premier Cup-Sieger im alten Modus des Turniers. Rekordmeister der WHAT-Liga ist bis zum heutigen Tage Olympique Carason, das den Titel seit der Ligagr\u00fcndung ganze 23 Mal gewinnen konnte, wobei der Verein 1824 den ersten Titel seit 1804 und somit nach einer zwanzigj\u00e4hrigen Pause feiern konnte.<\/p>\n<p>Die Liga hat insgesamt 20 Pl\u00e4tze, von denen die ersten sechs grunds\u00e4tzlich zur Teilnahme am internationalen Gesch\u00e4ft berechtigen. Der Meister spielt im Premiere Cup der Ligameister, w\u00e4hrend die Mannschaften der Pl\u00e4tze zwei bis f\u00fcnf in der World League antreten d\u00fcrfen. Sollte der Sieger des WHAT-Pokals jedoch eine der ersten f\u00fcnf Mannschaften sein, so berechtigt auch Platz sechs noch zur Teilnahme an der World League. Zudem gibt es vier Abstiegspl\u00e4tze in die zweite Liga. Amtierender Meister der WHAT-Liga ist der 1.FC Theoflorencio.<\/p>\n<p>Die aktuelle Tabelle (Stand: 32. Spieltag):<\/p>\n<ol>\n<li>FV Blickva\u00a0 \u00a0 \u00a0 \u00a0 \u00a0 \u00a0 \u00a0 \u00a0 \u00a0 \u00a0 \u00a0 \u00a0 \u00a0 \u00a0 \u00a0 \u00a0 \u00a0 \u00a0 32\u00a0 \u00a022\u00a0 4\u00a0 6\u00a0 \u00a063:32\u00a0 +31\u00a0 \u00a0<strong>70<\/strong><\/li>\n<li>1. SC Ranjos\u00a0 \u00a0 \u00a0 \u00a0 \u00a0 \u00a0 \u00a0 \u00a0 \u00a0 \u00a0 \u00a0 \u00a0 \u00a0 \u00a0 \u00a0 \u00a0 32\u00a0 \u00a021\u00a0 5\u00a0 6\u00a0 \u00a067:33\u00a0 +34\u00a0 \u00a0<strong>68<\/strong><\/li>\n<li>Olympic Werabino\u00a0 \u00a0 \u00a0 \u00a0 \u00a0 \u00a0 \u00a0 \u00a0 \u00a0 \u00a0 \u00a0 \u00a0 32\u00a0 \u00a021\u00a0 4\u00a0 7\u00a0 \u00a071:34\u00a0 +37\u00a0 \u00a0<strong>67<\/strong><\/li>\n<li>SC Schlo\u00df Canterville\u00a0 \u00a0 \u00a0 \u00a0 \u00a0 \u00a0 \u00a0 \u00a0 \u00a0 32\u00a0 \u00a018\u00a0 7\u00a0 7\u00a0 \u00a062:37\u00a0 +25\u00a0 \u00a0<strong>61<\/strong><\/li>\n<li>VfB Levezius\u00a0 \u00a0 \u00a0 \u00a0 \u00a0 \u00a0 \u00a0 \u00a0 \u00a0 \u00a0 \u00a0 \u00a0 \u00a0 \u00a0 \u00a0 \u00a0 32\u00a0 \u00a017\u00a0 7\u00a0 8\u00a0 \u00a057:42\u00a0 +15\u00a0 \u00a0<strong>58<\/strong><\/li>\n<li>Olympique Carason\u00a0 \u00a0 \u00a0 \u00a0 \u00a0 \u00a0 \u00a0 \u00a0 \u00a0 \u00a0 \u00a032\u00a0 \u00a017\u00a0 6\u00a0 9\u00a0 \u00a061:43\u00a0 +18\u00a0 \u00a0<strong>57<\/strong><\/li>\n<li>1. FC Theoflorencio\u00a0 \u00a0 \u00a0 \u00a0 \u00a0 \u00a0 \u00a0 \u00a0 \u00a0 \u00a0 \u00a0 32\u00a0 \u00a017\u00a0 5\u00a0 10\u00a0 \u00a058:34\u00a0 +24\u00a0 \u00a0<strong>56<\/strong><\/li>\n<li>Zypruesso Carason\u00a0 \u00a0 \u00a0 \u00a0 \u00a0 \u00a0 \u00a0 \u00a0 \u00a0 \u00a0 \u00a0 32\u00a0 \u00a017\u00a0 4\u00a0 11\u00a0 \u00a051:36\u00a0 +15\u00a0 \u00a0<strong>55<\/strong><\/li>\n<li>1. FC Reisfeld\u00a0 \u00a0 \u00a0 \u00a0 \u00a0 \u00a0 \u00a0 \u00a0 \u00a0 \u00a0 \u00a0 \u00a0 \u00a0 \u00a0 \u00a0 32\u00a0 \u00a013\u00a0 7\u00a0 12\u00a0 \u00a046:44\u00a0 \u00a0+2\u00a0 \u00a0<strong>46<\/strong><\/li>\n<li>FC Walland\u00a0 \u00a0 \u00a0 \u00a0 \u00a0 \u00a0 \u00a0 \u00a0 \u00a0 \u00a0 \u00a0 \u00a0 \u00a0 \u00a0 \u00a0 \u00a0 \u00a0 32\u00a0 \u00a013\u00a0 4\u00a0 15\u00a0 \u00a044:47\u00a0 \u00a0-3\u00a0 \u00a0<strong>43<\/strong><\/li>\n<li>LBV Cronis\u00a0 \u00a0 \u00a0 \u00a0 \u00a0 \u00a0 \u00a0 \u00a0 \u00a0 \u00a0 \u00a0 \u00a0 \u00a0 \u00a0 \u00a0 \u00a0 \u00a0 \u00a032\u00a0 \u00a012\u00a0 6\u00a0 14\u00a0 \u00a048:49\u00a0 \u00a0-1\u00a0 <strong>\u00a042<\/strong><\/li>\n<li>Nelcuno AC\u00a0 \u00a0 \u00a0 \u00a0 \u00a0 \u00a0 \u00a0 \u00a0 \u00a0 \u00a0 \u00a0 \u00a0 \u00a0 \u00a0 \u00a0 \u00a0 \u00a0 32\u00a0 \u00a010\u00a0 6\u00a0 15\u00a0 \u00a043:60\u00a0 -17\u00a0 \u00a0<strong>36<\/strong><\/li>\n<li>SC Seiwalsbucht\u00a0 \u00a0 \u00a0 \u00a0 \u00a0 \u00a0 \u00a0 \u00a0 \u00a0 \u00a0 \u00a0 \u00a0 \u00a0 32\u00a0 \u00a09\u00a0 8\u00a0 15\u00a0 \u00a038:52\u00a0 -14\u00a0 \u00a0<strong>35<\/strong><\/li>\n<li>SV Karaleno\u00a0 \u00a0 \u00a0 \u00a0 \u00a0 \u00a0 \u00a0 \u00a0 \u00a0 \u00a0 \u00a0 \u00a0 \u00a0 \u00a0 \u00a0 \u00a0 \u00a032\u00a0 \u00a011\u00a0 2\u00a0 19\u00a0 \u00a038:60\u00a0 -22\u00a0 \u00a0<strong>35<\/strong><\/li>\n<li>SC Venezius\u00a0 \u00a0 \u00a0 \u00a0 \u00a0 \u00a0 \u00a0 \u00a0 \u00a0 \u00a0 \u00a0 \u00a0 \u00a0 \u00a0 \u00a0 \u00a0 32\u00a0 \u00a010\u00a0 4\u00a0 18\u00a0 \u00a039:69\u00a0 -30\u00a0 \u00a0<strong>34<\/strong><\/li>\n<li>AFC Venzcuvan\u00a0 \u00a0 \u00a0 \u00a0 \u00a0 \u00a0 \u00a0 \u00a0 \u00a0 \u00a0 \u00a0 \u00a0 \u00a0 \u00a032\u00a0 \u00a08\u00a0 8\u00a0 16\u00a0 \u00a039:49\u00a0 -10\u00a0 \u00a0<strong>32<\/strong><\/li>\n<li>SFC Leuanda\u00a0 \u00a0 \u00a0 \u00a0 \u00a0 \u00a0 \u00a0 \u00a0 \u00a0 \u00a0 \u00a0 \u00a0 \u00a0 \u00a0 \u00a0 \u00a032\u00a0 \u00a08\u00a0 7\u00a0 17\u00a0 \u00a045:64\u00a0 -19\u00a0 \u00a0<strong>31<\/strong><\/li>\n<li>1. FC Walstadt\u00a0 \u00a0 \u00a0 \u00a0 \u00a0 \u00a0 \u00a0 \u00a0 \u00a0 \u00a0 \u00a0 \u00a0 \u00a0 \u00a0 \u00a032\u00a0 \u00a09\u00a0 4\u00a0 18\u00a0 \u00a032:64\u00a0 -32\u00a0 \u00a0<strong>31<\/strong><\/li>\n<li>1. FC Kalero\u00a0 \u00a0 \u00a0 \u00a0 \u00a0 \u00a0 \u00a0 \u00a0 \u00a0 \u00a0 \u00a0 \u00a0 \u00a0 \u00a0 \u00a0 \u00a0 \u00a032\u00a0 \u00a08\u00a0 6\u00a0 18\u00a0 \u00a035:48\u00a0 -13\u00a0 \u00a0<strong>30<\/strong><\/li>\n<li>Titania Saranee\u00a0 \u00a0 \u00a0 \u00a0 \u00a0 \u00a0 \u00a0 \u00a0 \u00a0 \u00a0 \u00a0 \u00a0 \u00a0 \u00a0 32\u00a0 \u00a04\u00a0 6\u00a0 22\u00a0 \u00a022:62\u00a0 -40\u00a0 \u00a0<strong>18<\/strong><\/li>\n<\/ol>\n<p>&nbsp;<\/p>\n<p>32. Spieltag:<\/p>\n<p>FV Blickva &#8211; VfB Levezius\u00a0 \u00a0 \u00a0 4:0 (3:0)<\/p>\n<p>1. FC Reisfeld &#8211; SV Karaleno\u00a0 \u00a0 \u00a0 4:0 (1:0)<\/p>\n<p>FC Walland &#8211; SC Schlo\u00df Canterville\u00a0 \u00a0 \u00a0 0:3 (0:2)\u00a0 \u00a0 \u00a0 \u00a0 \u00a0 \u00a0 \u00a0 \u00a0 \u00a0 \u00a0 \u00a0 \u00a0 \u00a0 \u00a0 \u00a0 \u00a0 \u00a0 \u00a0 \u00a0 (Anpfiff: Fr. 20.30)<\/p>\n<p>1. FC Kalero &#8211; SFC Leuanda\u00a0 \u00a0 \u00a0 4:0 (3:0)<\/p>\n<p>1. FC Theoflorencio &#8211; 1. FC Walstadt\u00a0 \u00a0 \u00a0 2:0 (1:0)<\/p>\n<p>AFC Venzcuvan &#8211; Zypruesso Carason\u00a0 \u00a0 \u00a0 0:0 (0:0)<\/p>\n<p>SC Venezius &#8211; LBV Cronis\u00a0 \u00a0 \u00a0 1:1 (1:0)\u00a0 \u00a0 \u00a0 \u00a0 \u00a0 \u00a0 \u00a0 \u00a0 \u00a0 \u00a0 \u00a0 \u00a0 \u00a0 \u00a0 \u00a0 \u00a0 \u00a0 \u00a0 \u00a0 \u00a0 \u00a0 \u00a0 \u00a0 \u00a0 \u00a0 \u00a0 \u00a0 (Anpfiff: Sa. 15.30)<\/p>\n<p>1. SC Ranjos &#8211; Olympique Carason\u00a0 \u00a0 \u00a0 2:2 (2:0)\u00a0 \u00a0 \u00a0 \u00a0 \u00a0 \u00a0 \u00a0 \u00a0 \u00a0 \u00a0 \u00a0 \u00a0 \u00a0 \u00a0 \u00a0 \u00a0 \u00a0 \u00a0 \u00a0 \u00a0 (Anpfiff: Sa. 19.00)<\/p>\n<p>SC Seiwalsbucht &#8211; Olympic Werabino\u00a0 \u00a0 \u00a0 0:2 (0:1)<\/p>\n<p>Nelcuno AC &#8211; Titania Saranee\u00a0 \u00a0 \u00a0 3:0 (2:0)\u00a0 \u00a0 \u00a0 \u00a0 \u00a0 \u00a0 \u00a0 \u00a0 \u00a0 \u00a0 \u00a0 \u00a0 \u00a0 \u00a0 \u00a0 \u00a0 \u00a0 \u00a0 \u00a0 \u00a0 \u00a0 \u00a0 \u00a0 \u00a0 \u00a0(Anpfiff: So. 15.30)<\/p>\n","protected":false},"excerpt":{"rendered":"<p>Die WHAT-Liga ist die 1750 gegr\u00fcndete Liga der Staaten Atlantis und Whale, die seit jeher in einem gemeinsamen Verband organisiert sind. Durch die enorme Qualit\u00e4t der Liga wird die WHAT-Liga als eine der besten Ligen der Welt angesehen, Mannschaften wie der SC Schloss Canterville, Olympic Werabino, der 1. FC Theoflorencio, Olympique Carason und der 1. SC Ranjos geh\u00f6ren schon seit Jahrzehnten zur absoluten Weltklasse. So wurde der SC Schlo\u00df Canterville bereits zweimal und der 1. FC Theoflorencio immerhin einmal Premier Cup-Sieger im alten Modus des Turniers. Rekordmeister der WHAT-Liga ist bis zum heutigen Tage Olympique Carason, das den Titel seit der Ligagr\u00fcndung ganze 23 Mal gewinnen konnte, wobei der Verein <a class=\"more-link\" href=\"https:\/\/wiesenhausen.de\/?page_id=16276\">Continue Reading \u2192<\/a><\/p>\n","protected":false},"author":1,"featured_media":0,"parent":0,"menu_order":0,"comment_status":"closed","ping_status":"closed","template":"","meta":{"footnotes":""},"class_list":["post-16276","page","type-page","status-publish","hentry"],"_links":{"self":[{"href":"https:\/\/wiesenhausen.de\/index.php?rest_route=\/wp\/v2\/pages\/16276","targetHints":{"allow":["GET"]}}],"collection":[{"href":"https:\/\/wiesenhausen.de\/index.php?rest_route=\/wp\/v2\/pages"}],"about":[{"href":"https:\/\/wiesenhausen.de\/index.php?rest_route=\/wp\/v2\/types\/page"}],"author":[{"embeddable":true,"href":"https:\/\/wiesenhausen.de\/index.php?rest_route=\/wp\/v2\/users\/1"}],"replies":[{"embeddable":true,"href":"https:\/\/wiesenhausen.de\/index.php?rest_route=%2Fwp%2Fv2%2Fcomments&post=16276"}],"version-history":[{"count":1049,"href":"https:\/\/wiesenhausen.de\/index.php?rest_route=\/wp\/v2\/pages\/16276\/revisions"}],"predecessor-version":[{"id":28689,"href":"https:\/\/wiesenhausen.de\/index.php?rest_route=\/wp\/v2\/pages\/16276\/revisions\/28689"}],"wp:attachment":[{"href":"https:\/\/wiesenhausen.de\/index.php?rest_route=%2Fwp%2Fv2%2Fmedia&parent=16276"}],"curies":[{"name":"wp","href":"https:\/\/api.w.org\/{rel}","templated":true}]}}