{"id":173,"date":"2014-12-29T18:31:20","date_gmt":"2014-12-29T18:31:20","guid":{"rendered":"http:\/\/192.168.2.101\/wordpress\/?page_id=173"},"modified":"2025-03-16T19:00:28","modified_gmt":"2025-03-16T19:00:28","slug":"boersennews","status":"publish","type":"page","link":"https:\/\/wiesenhausen.de\/?page_id=173","title":{"rendered":"Wirtschaftsnews"},"content":{"rendered":"<p><strong>Die Lage der meadowhousischen Gro\u00dfkonzerne \u2013 an der Schwelle zur Weltmacht<\/strong><\/p>\n<p>Meadowhouse als wirtschaftliches Schwellenland zu bezeichnen, w\u00e4re vor einigen Jahren wohl noch eine wohlwollende Perspektive gewesen, inzwischen aber eine geradezu respektlose Unversch\u00e4mtheit. Der TROPO stellt trotz leichter Verluste zuletzt einen der st\u00e4rksten Aktienindizes der Welt dar und das meadowhousische Bruttoinlandsprodukt lag im Jahr 1824 mit 39 Billionen Schillingen auf einem Rekordhoch. Meadowhouse ist damit nach Paradies, Atlantis, Mittelland und Klondyk die f\u00fcnftgr\u00f6\u00dfte Volkswirtschaft der Lieben Welt. Das wirkt sich auch auf die Performance der meadowhousischen Gro\u00dfkonzerne aus, die inzwischen weltweiten Ruf genie\u00dfen.<\/p>\n<p>Als Paradebeispiel eines meadowhousischen Industriekonzerns f\u00e4llt einem auf Anhieb die MaronGroup ein. Von Dobby gegr\u00fcndet und nach wie vor geleitet, legte der Wiesenhausener Ernte- und Lebensmittelverarbeitungsbetrieb einen kolossalen Aufstieg hin. In den Jahren 1812 und 1813 wuchs man von 300 Angestellten auf \u00fcber 6000 und \u00fcbernahm Konkurrenten fast an jeder Stra\u00dfenecke. Bekannte Beispiele von gro\u00dfen \u00dcbernahmen waren etwa KAST.Teilmann oder die GranatGroup. Hinzu kamen Kooperationen oder Anteils\u00fcbernahmen bei Wie\u00dfmann Lebensmittel, Wei\u00dfkorn.tanne, DD oder M\u00f6ller Goldbohnen. Die MaronGroup ist aus der meadowhousischen Nahrungsindustrie kaum noch wegzudenken und expandiert mittlerweile auch auf anderen M\u00e4rkten. Stand Dezember 1824 besch\u00e4ftigte das Unternehmen 70 000 Mitarbeiter in ganz Titanien. Die Marktkapitalisierung betr\u00e4gt einstweilen rund 250 Milliarden Tropale. Dabei ist die MaronGroup nur ein gro\u00dfes Aush\u00e4ngeschild der meadowhousischen Wirtschaft. Einige in der \u00d6ffentlichkeit weniger bekannte Unternehmen erreichen \u00e4hnliche oder noch bessere Zahlen.<\/p>\n<p>In der verarbeitenden Industrie ist neben der MaronGroup zun\u00e4chst noch AWM als bekanntes Aush\u00e4ngeschild der meadowhousischen Wirtschaft zu nennen. Der Autobauer konnte seine Absatzm\u00e4rkte vor allem in Sprudelinien deutlich ausweiten, auch in Robasien hat der Konzern inzwischen eigene Fabriken. Die Unternehmen, die sonst noch weltweites Ansehen genie\u00dfen, sind der breiten \u00d6ffentlichkeit dagegen eher weniger bekannt. So etwa MWW oder GRK Motoren. Beide stellen Motoren her, jedoch in ganz unterschiedlichen Sparten. W\u00e4hrend MWW ein wichtiger Zulieferer f\u00fcr die weltweite Autoindustrie \u2013 vor allem die thovezsche \u2013 ist, ist GRK vor allem f\u00fcr Windr\u00e4der, Schiffe, Flugzeuge oder Zentrifugen ein elementar wichtiger Hersteller. Inzwischen z\u00e4hlen weltweit fast 1500 Firmen zu den Stammkunden von GRK. Im vergangenen Jahr konnte das Unternehmen eine Rekorddividende von 18 Tropalen pro Aktie aussch\u00fctten. F\u00fcr das Gesch\u00e4ftsjahr 1824 werden \u00e4hnliche Zahlen erwartet, weshalb eine GRK-Aktie mittlerweile eine der beliebtesten Anleihen am TROPO ist. MWW machte im letzten Jahr auf sich aufmerksam, weil es den Zuschlag f\u00fcr eine Ausschreibung mit einem Gesamtvolumen von 120 Millionen Schillingen f\u00fcr den Bau neuer DOP-Z\u00fcge erhielt. Auch hier wird f\u00fcr das abgelaufene Jahr eine Rekorddividende erwartet, allerdings will der Konzern zugleich weiter expandieren, was eine teilweise Gewinnr\u00fcckstellung erwarten l\u00e4sst, die sich negativ auf die ausgesch\u00fcttete Dividendensumme auswirkt.<\/p>\n<p>Besonders im Dienstleistungssektor finden sich einige meadowhousische Champions. Zum ersten Mal zog 1823 eine meadowhousische Bank in die weltweite Top 10 der Gro\u00dfbanken ein. Damals schaffte die VMS Bank dieses Kunstst\u00fcck, diese hatte im Zuge des Skandals um die Investmentbank Meadowhouse enorm von deren Zerschlagung profitiert. Letztes Jahr schaffte es eine weitere Bank in die Top 10 und \u00fcberholte dabei gleich auch die VMS. Mendel &amp; Stern ST gilt bereits seit L\u00e4ngerem als meadowhousisches Finanzhaus mit dem gr\u00f6\u00dften Potenzial. Inzwischen existieren \u00fcber 5000 Zweigstellen in 89 L\u00e4ndern. Finanzdromorniss Goldkamp nahm vergangenes Jahr beide Banken in die Liste der systemrelevanten Finanzinstitute der Lieben Welt auf, weshalb sie unter besonderer \u00dcberwachung stehen und zus\u00e4tzliche Sicherheiten, besonders im Bereich Eigenkapital, nachweisen m\u00fcssen. Mit Allers steht zudem eine dritte meadowhousische Bank an der Schwelle zu den Top 10, aktuell ist die Bank auf Rang 14 der wertvollsten Banken der Lieben Welt. Meadowhouse untermauert damit seinen Anspruch als Finanzstandort immer mehr. F\u00fcr den Zaubererrat bedeutet dieses Wachstum dagegen erheblichen Mehraufwand bei der Pr\u00fcfung und \u00dcberwachung der meadowhousischen Finanzwelt. Zudem macht es Meadowhouse anf\u00e4lliger f\u00fcr zuk\u00fcnftige Finanzkrisen, da sich diese deutlich st\u00e4rker national auswirken k\u00f6nnten, als bisher. Besonders interessant in der Entwicklung ist dagegen, dass bisher kaum Fusionen oder \u00dcbernahmen notwendig waren, um derart gro\u00dfe Finanzdienstleister und Wertpapierh\u00e4ndler zu kreieren. Wirtschaftsdromorniss Velk\u00e0 Fatra nannte Meadowhouse deswegen unl\u00e4ngst als \u201eParadebeispiel eines funktionierenden Finanzmarkts\u201c. Zudem wird der TROPO auch als B\u00f6rsensitz f\u00fcr ausl\u00e4ndische Konzerne immer attraktiver. Pioniere darin blieben bis vor Kurzem oftmals allein in ihrer Listung auf dem meadowhousischen Aktienmarkt, wie etwa DD, K&amp;A oder Bernstein. Caspar Inc., TRC Neumann Inc. oder auch Brieftaube zogen in der j\u00fcngeren Vergangenheit allerdings nach und lie\u00dfen sich neben ihrem Stammindex zus\u00e4tzlich auch am TROPO listen. Bisher kommen die betreffenden Firmen meist aus dem klassischen Teil der Lieben Welt, mit HeloTec kam neuerdings allerdings auch ein Unternehmen aus Veridor hinzu, jedoch mit besonderem Bezug zu Meadowhouse aufgrund der Eigenschaft des Weltkaisers a.D. Helobos als Gr\u00fcnder. Auch die atlantische Park AG, in ihrem Heimatland Park BGS, hat sich am TROPO etabliert und \u00fcbt dort in ihrem Segment der Chipherstellung eine gewisse Marktmacht aus. Geplant ist f\u00fcr kommendes Jahr der Bau einer gro\u00dfen Chipfabrik nahe Chaconne, die rund 2500 Arbeitspl\u00e4tze schaffen soll.<\/p>\n<p>Ein direkt mit der Chipherstellung verbundener Sektor erlebt am TROPO bisher eher einen moderaten Schub. Im Bereich KI finden sich bislang nur wenige operierende Unternehmen am Frankenthaler Index, auch am Zweitindex in Keslenburg-Kampdorf sind derzeit nur wenige KI-Firmen gelistet. Aush\u00e4ngeschild der meadowhousischen Branche ist Umberger Intelligenz, die mit einer Marktkapitalisierung von 84 Milliarden Tropalen den Top-TROPO-Unternehmen jedoch noch nicht wirklich das Wasser reichen k\u00f6nnen. Trotzdem ist Umberger momentan einer der gefragtesten Entwickler von KI-Programmen und ist auch Teilnehmer der von Fatra initiierten Zusammenarbeit mit der Roboterwelt. Auch Pixel-Frosch ist ein starker meadowhousischer Player auf dem internationalen KI-Markt, allerdings vor allem auf die Nachbarl\u00e4nder und Meadowhouse selbst limitiert. Doch auch hier erwarten Experten in den n\u00e4chsten Jahren einen gewaltigen Produktivit\u00e4tsschub. Auch Wirtschaftsminister Lieber Lord Voldemort k\u00fcndigte an, seinen Fokus verst\u00e4rkt auf neue Technologien legen zu wollen. Bei einem Treffen zwischen ihm und Velk\u00e0 Fatra im Januar stellte der Wirtschaftsdromorniss Meadwohouse wohl auch eine Milliardenf\u00f6rderung in Aussicht, sodass man in der KI-Branche bald schon auf saftige Subventionen hofft. Dazu sollen Synergieeffekte genutzt werden, was wohl Kooperationen der am Markt t\u00e4tigen Unternehmen bedeuten wird. Unl\u00e4ngst erkannte man den Bedarf an Zusammenarbeit und B\u00fcndelung der Kr\u00e4fte im KI-Sektor, da die bisher doch recht zerst\u00fcckelte Vorgehensweise nicht den gew\u00fcnschten Erfolg brachte. Diese Zusammenarbeiten sollen wohl auch Bedingung f\u00fcr die Weltpalast-Milliarden sein.<\/p>\n<p>Insgesamt lassen sich sehr positive Entwicklungen der meadowhousischen Unternehmen feststellen. Auf dem Finanzmarkt erlebt Meadowhouse einen starken Bedeutungszuwachs und wird sich mit seinen Playern auch in den n\u00e4chsten Jahren deutlich in den Vordergrund spielen. Die damit verbundenen Risiken sollten jedoch nicht verkannt werden, je h\u00f6her die Bedeutung meadowhousischer Finanzinstitute, desto gef\u00e4hrlicher w\u00e4ren Insolvenzen f\u00fcr die gesamte Weltwirtschaft. Sollte es dazu kommen, besteht die Gefahr einer Rettung aus \u00f6ffentlichen Geldern. Haushalten die betroffenen Banken jedoch ordentlich, w\u00fcrde das weitere gro\u00dfe Unternehmen nach Meadowhouse locken und in der Konsequenz einen gro\u00dfen Zuwachs an Arbeitspl\u00e4tzen bedeuten. Au\u00dferdem w\u00fcrde eine gemeinsame W\u00e4hrung f\u00fcr Finanztransaktionen in einer potenziellen Titanien-Union hierzulande leichter umzusetzen sein, da aufgrund der Bedeutung der Banken eine gewisse Verhandlungsmacht f\u00fcr Meadowhouse entstehen k\u00f6nnte. Im verarbeitenden Sektor gibt es auch Anl\u00e4sse zur Hoffnung. Mit der meadowhousischen Industrie allein war bislang kein Staat zu machen, jedoch scheint sich das aufgrund der Spezialisierung einiger Unternehmen zu \u00e4ndern. Solange Industrienischen weiterhin derart profitabel bedient werden k\u00f6nnen, darf hier mit einem gro\u00dfen Wachstum in den kommenden Jahren gerechnet werden. Besonders spannend d\u00fcrften die Auswirkungen der Steuerreformen nach einer gewissen Karenzzeit sein. Ob diese gelingen oder nicht, wird besonders am Zuzug weltweit operierender Unternehmen abzulesen sein. Durch die Entflechtung der Unternehmenssteuern darf aber mit einer Erh\u00f6hung des Zustroms meadowhousischer Firmenniederlassungen gerechnet werden. Nachholbedarf gibt es derweil noch im KI-Bereich, dieses Problem wurde jedoch erkannt und hat gute Aussichten aus der Sorgenkind-Ecke der meadowhousischen Wirtschaft hervorzutreten.<\/p>\n","protected":false},"excerpt":{"rendered":"<p>Die Lage der meadowhousischen Gro\u00dfkonzerne \u2013 an der Schwelle zur Weltmacht Meadowhouse als wirtschaftliches Schwellenland zu bezeichnen, w\u00e4re vor einigen Jahren wohl noch eine wohlwollende Perspektive gewesen, inzwischen aber eine geradezu respektlose Unversch\u00e4mtheit. Der TROPO stellt trotz leichter Verluste zuletzt einen der st\u00e4rksten Aktienindizes der Welt dar und das meadowhousische Bruttoinlandsprodukt lag im Jahr 1824 mit 39 Billionen Schillingen auf einem Rekordhoch. Meadowhouse ist damit nach Paradies, Atlantis, Mittelland und Klondyk die f\u00fcnftgr\u00f6\u00dfte Volkswirtschaft der Lieben Welt. Das wirkt sich auch auf die Performance der meadowhousischen Gro\u00dfkonzerne aus, die inzwischen weltweiten Ruf genie\u00dfen. Als Paradebeispiel eines meadowhousischen Industriekonzerns f\u00e4llt einem auf Anhieb die MaronGroup ein. Von Dobby gegr\u00fcndet und nach <a class=\"more-link\" href=\"https:\/\/wiesenhausen.de\/?page_id=173\">Continue Reading \u2192<\/a><\/p>\n","protected":false},"author":1,"featured_media":0,"parent":0,"menu_order":0,"comment_status":"closed","ping_status":"closed","template":"","meta":{"footnotes":""},"class_list":["post-173","page","type-page","status-publish","hentry"],"_links":{"self":[{"href":"https:\/\/wiesenhausen.de\/index.php?rest_route=\/wp\/v2\/pages\/173","targetHints":{"allow":["GET"]}}],"collection":[{"href":"https:\/\/wiesenhausen.de\/index.php?rest_route=\/wp\/v2\/pages"}],"about":[{"href":"https:\/\/wiesenhausen.de\/index.php?rest_route=\/wp\/v2\/types\/page"}],"author":[{"embeddable":true,"href":"https:\/\/wiesenhausen.de\/index.php?rest_route=\/wp\/v2\/users\/1"}],"replies":[{"embeddable":true,"href":"https:\/\/wiesenhausen.de\/index.php?rest_route=%2Fwp%2Fv2%2Fcomments&post=173"}],"version-history":[{"count":67,"href":"https:\/\/wiesenhausen.de\/index.php?rest_route=\/wp\/v2\/pages\/173\/revisions"}],"predecessor-version":[{"id":26682,"href":"https:\/\/wiesenhausen.de\/index.php?rest_route=\/wp\/v2\/pages\/173\/revisions\/26682"}],"wp:attachment":[{"href":"https:\/\/wiesenhausen.de\/index.php?rest_route=%2Fwp%2Fv2%2Fmedia&parent=173"}],"curies":[{"name":"wp","href":"https:\/\/api.w.org\/{rel}","templated":true}]}}