{"id":174,"date":"2014-10-31T15:51:48","date_gmt":"2014-10-31T15:51:48","guid":{"rendered":"http:\/\/192.168.2.101\/wordpress\/?page_id=174"},"modified":"2019-10-15T09:48:36","modified_gmt":"2019-10-15T09:48:36","slug":"tropo","status":"publish","type":"page","link":"https:\/\/wiesenhausen.de\/?page_id=174","title":{"rendered":"TROPO"},"content":{"rendered":"<p>Der TROPO ist der Aktienmarkt des Landes Meadowhouse und ans\u00e4ssig in Frankenthal in der Hafenstra\u00dfe. Dort haben die alle gr\u00f6\u00dferen Meadowhousischen Betriebe ihre Aktien und verkaufen diese dort. Gesch\u00e4ftsf\u00fchrer des TROPO ist seit 1817 Valentin Nuhrhoff.<\/p>\n<p>Die Entwicklungen am TROPO werden im ganzen Land interessiert verfolgt und geben auch immer einen wichtigen Hinweis auf die wirtschaftliche Entwicklung in der Zukunft. Zudem beherbergt der Markt einige auch international hoch angesehene Unternehmen und Konzerne, wie zum\u00a0Beispiel\u00a0&#8222;Kristallogie\u00a0&amp; Astronomie&#8220;, &#8222;Bernstein Technologies&#8220; und der &#8222;DD&#8220;-Konzern. Neben diesen hochkar\u00e4tigen Firmen gibt es aber auch sehr kleine, meist nur auf lokalen oder\u00a0regionalen Ebenen t\u00e4tigen Betrieben; zu diesen geh\u00f6ren beispielsweise\u00a0die &#8222;D\u00fcsterw\u00e4lder Drachensachen&#8220;,\u00a0der &#8222;Nationalpark&#8220; und der &#8222;Hochseilgarten S\u00fcdwiesenhausen&#8220;.<\/p>\n","protected":false},"excerpt":{"rendered":"<p>Der TROPO ist der Aktienmarkt des Landes Meadowhouse und ans\u00e4ssig in Frankenthal in der Hafenstra\u00dfe. Dort haben die alle gr\u00f6\u00dferen Meadowhousischen Betriebe ihre Aktien und verkaufen diese dort. Gesch\u00e4ftsf\u00fchrer des TROPO ist seit 1817 Valentin Nuhrhoff. Die Entwicklungen am TROPO werden im ganzen Land interessiert verfolgt und geben auch immer einen wichtigen Hinweis auf die wirtschaftliche Entwicklung in der Zukunft. Zudem beherbergt der Markt einige auch international hoch angesehene Unternehmen und Konzerne, wie zum\u00a0Beispiel\u00a0&#8222;Kristallogie\u00a0&amp; Astronomie&#8220;, &#8222;Bernstein Technologies&#8220; und der &#8222;DD&#8220;-Konzern. Neben diesen hochkar\u00e4tigen Firmen gibt es aber auch sehr kleine, meist nur auf lokalen oder\u00a0regionalen Ebenen t\u00e4tigen Betrieben; zu diesen geh\u00f6ren beispielsweise\u00a0die &#8222;D\u00fcsterw\u00e4lder Drachensachen&#8220;,\u00a0der &#8222;Nationalpark&#8220; und der &#8222;Hochseilgarten S\u00fcdwiesenhausen&#8220;.<\/p>\n","protected":false},"author":1,"featured_media":0,"parent":0,"menu_order":0,"comment_status":"closed","ping_status":"closed","template":"","meta":{"footnotes":""},"class_list":["post-174","page","type-page","status-publish","hentry"],"_links":{"self":[{"href":"https:\/\/wiesenhausen.de\/index.php?rest_route=\/wp\/v2\/pages\/174","targetHints":{"allow":["GET"]}}],"collection":[{"href":"https:\/\/wiesenhausen.de\/index.php?rest_route=\/wp\/v2\/pages"}],"about":[{"href":"https:\/\/wiesenhausen.de\/index.php?rest_route=\/wp\/v2\/types\/page"}],"author":[{"embeddable":true,"href":"https:\/\/wiesenhausen.de\/index.php?rest_route=\/wp\/v2\/users\/1"}],"replies":[{"embeddable":true,"href":"https:\/\/wiesenhausen.de\/index.php?rest_route=%2Fwp%2Fv2%2Fcomments&post=174"}],"version-history":[{"count":1,"href":"https:\/\/wiesenhausen.de\/index.php?rest_route=\/wp\/v2\/pages\/174\/revisions"}],"predecessor-version":[{"id":14436,"href":"https:\/\/wiesenhausen.de\/index.php?rest_route=\/wp\/v2\/pages\/174\/revisions\/14436"}],"wp:attachment":[{"href":"https:\/\/wiesenhausen.de\/index.php?rest_route=%2Fwp%2Fv2%2Fmedia&parent=174"}],"curies":[{"name":"wp","href":"https:\/\/api.w.org\/{rel}","templated":true}]}}