{"id":17973,"date":"2021-03-15T16:41:32","date_gmt":"2021-03-15T16:41:32","guid":{"rendered":"https:\/\/wiesenhausen.de\/?page_id=17973"},"modified":"2021-03-15T16:41:32","modified_gmt":"2021-03-15T16:41:32","slug":"wahlen","status":"publish","type":"page","link":"https:\/\/wiesenhausen.de\/?page_id=17973","title":{"rendered":"Wahlen"},"content":{"rendered":"<p>Vier verschiedene Wahlen werden in Meadowhouse in verschiedenen, teilweise zeitversetzten Perioden abgehalten. Da sind zum einen die K\u00f6nigswahl und die Parlamentswahl, die alle vier Jahre durchgef\u00fchrt werden und meist in einem sehr geringen zeitlichen Abstand zueinander und meistens im September. Diese finden logischerweise auf Reichsebene statt. Zum anderen sind da die Herzogenwahlen, die alle f\u00fcnf Jahre abgehalten werden, und auf Ebene der einzelnen Herzogt\u00fcmer stattfinden. Die Wahlen finden zu allen Herzogt\u00fcmern gleichzeitig statt, zumeist an einem Sonntag im M\u00e4rz. Die letzte Ebene ist die der Kommunalwahl, wie der Name schon sagt auf Kommunalebene, und ebenfalls alle f\u00fcnf Jahre, jedoch zeitlich versetzt, da jede Kommune ihre eigenen Legislaturperiode hat.<\/p>\n<p>Seitdem 1810 das K\u00f6nigreich Meadowhouse gegr\u00fcndet wurde, musste zun\u00e4chst einmal ein passendes Wahlsystem geschaffen werden. Da die Staatsform die konstitutionelle Monarchie mit einer demokratischen Basis ist, muss der K\u00f6nig separat vom Volk gew\u00e4hlt werden. Bei den Parlamentswahlen werden die einzelnen Parteien per Zweitstimme und die Direktkandidaten f\u00fcr den Reichstag per Erststimme gew\u00e4hlt, somit steht nach dieser Wahl auch ein Reichskanzler fest, der im Regelfall von der st\u00e4rksten Partei gestellt wird. Die Herzoge sind die Landesf\u00fcrsten des f\u00f6deralen K\u00f6nigreichs Meadowhouse. Sie werden in einer Herzogenwahl per Erst- und Zweitstimme gew\u00e4hlt, nach demselben Verfahren wie bei der Parlamentswahl. Meadowhouse ist in sechs Herzogt\u00fcmer unterteilt. Preu\u00dfen, Saphirento, Santo Opalo, Wiesenhausen, El Grande und S\u00fcdstrand, von Nord nach S\u00fcd aufgelistet. Bei den Kommunalwahlen w\u00e4hlen die Wahlberechtigten zumeist einen B\u00fcrgermeister, Stadtrat oder Ortsvorsteher. Diese werden dann f\u00fcr eine Amtszeit von f\u00fcnf Jahren gew\u00e4hlt und ergeben sich erneut nach dem System der Erst- und Zweitstimme.<\/p>\n","protected":false},"excerpt":{"rendered":"<p>Vier verschiedene Wahlen werden in Meadowhouse in verschiedenen, teilweise zeitversetzten Perioden abgehalten. Da sind zum einen die K\u00f6nigswahl und die Parlamentswahl, die alle vier Jahre durchgef\u00fchrt werden und meist in einem sehr geringen zeitlichen Abstand zueinander und meistens im September. Diese finden logischerweise auf Reichsebene statt. Zum anderen sind da die Herzogenwahlen, die alle f\u00fcnf Jahre abgehalten werden, und auf Ebene der einzelnen Herzogt\u00fcmer stattfinden. Die Wahlen finden zu allen Herzogt\u00fcmern gleichzeitig statt, zumeist an einem Sonntag im M\u00e4rz. Die letzte Ebene ist die der Kommunalwahl, wie der Name schon sagt auf Kommunalebene, und ebenfalls alle f\u00fcnf Jahre, jedoch zeitlich versetzt, da jede Kommune ihre eigenen Legislaturperiode hat. Seitdem 1810 <a class=\"more-link\" href=\"https:\/\/wiesenhausen.de\/?page_id=17973\">Continue Reading \u2192<\/a><\/p>\n","protected":false},"author":1,"featured_media":0,"parent":0,"menu_order":0,"comment_status":"closed","ping_status":"closed","template":"","meta":{"footnotes":""},"class_list":["post-17973","page","type-page","status-publish","hentry"],"_links":{"self":[{"href":"https:\/\/wiesenhausen.de\/index.php?rest_route=\/wp\/v2\/pages\/17973","targetHints":{"allow":["GET"]}}],"collection":[{"href":"https:\/\/wiesenhausen.de\/index.php?rest_route=\/wp\/v2\/pages"}],"about":[{"href":"https:\/\/wiesenhausen.de\/index.php?rest_route=\/wp\/v2\/types\/page"}],"author":[{"embeddable":true,"href":"https:\/\/wiesenhausen.de\/index.php?rest_route=\/wp\/v2\/users\/1"}],"replies":[{"embeddable":true,"href":"https:\/\/wiesenhausen.de\/index.php?rest_route=%2Fwp%2Fv2%2Fcomments&post=17973"}],"version-history":[{"count":1,"href":"https:\/\/wiesenhausen.de\/index.php?rest_route=\/wp\/v2\/pages\/17973\/revisions"}],"predecessor-version":[{"id":17974,"href":"https:\/\/wiesenhausen.de\/index.php?rest_route=\/wp\/v2\/pages\/17973\/revisions\/17974"}],"wp:attachment":[{"href":"https:\/\/wiesenhausen.de\/index.php?rest_route=%2Fwp%2Fv2%2Fmedia&parent=17973"}],"curies":[{"name":"wp","href":"https:\/\/api.w.org\/{rel}","templated":true}]}}