{"id":17976,"date":"2021-03-15T17:38:19","date_gmt":"2021-03-15T17:38:19","guid":{"rendered":"https:\/\/wiesenhausen.de\/?page_id=17976"},"modified":"2021-03-15T17:38:19","modified_gmt":"2021-03-15T17:38:19","slug":"reichswahlen-1822","status":"publish","type":"page","link":"https:\/\/wiesenhausen.de\/?page_id=17976","title":{"rendered":"Reichswahlen 1822"},"content":{"rendered":"<p>Die Reichswahlen 1822 zum K\u00f6nig und zum Parlament finden voraussichtlich im September 1822 statt. Ein genauer Termin d\u00fcrfte ab Fr\u00fchling 1822 bekannt gegeben werden. F\u00fcr die K\u00f6nigswahl finden zun\u00e4chst die Vorwahlen ab Mai 1822 statt, auch dort werden genauere Termine noch rechtzeitig im Voraus verk\u00fcndet. Es sind damit bereits die vierten Wahlen nach der Staatsgr\u00fcndung 1810. Amtsinhaber auf dem K\u00f6nigsthron im Saal der Gespenster ist K\u00f6nig Percival I., b\u00fcrgerlich Percival Sean McLeach, der sein K\u00f6nigsamt best\u00e4tigen m\u00f6chte, welches er 1818 von K\u00f6nig Johannes I. \u00fcbernommen hatte. Seit der von Percival umgesetzten Reform, die seit dem 1. Januar 1819 gilt, dass ein K\u00f6nig nur noch maximal drei volle Amtszeiten regieren darf, k\u00f6nnte er also noch bis maximal 1830 im Amt bleiben. K\u00f6nig Johannes zuvor war acht Jahre im Amt. Wer sein Herausforderer wird, wird in den K\u00f6nigsvorwahlen entschieden, welche mit unterschiedlichen Kandidaten auf Herzogtumsebene vollzogen werden.<\/p>\n<p>Doch wer regiert ab 1822 das meadowhousische Parlament im Saal der Gespenster auf Burg Daunenfels? Diese Frage wird kurz vor der K\u00f6nigswahl entschieden. Reichskanzler Sebastian Schwalbenschwanz (BdH) regiert seit 1814 und kann unbeschr\u00e4nkt wiedergew\u00e4hlt werden. Herausforderer f\u00fcr ihn werden ebenfalls noch gesucht, vermutlich werden sich seine Gegenkandidaten ab Anfang 1822 aufstellen lassen. Die aktuelle Koalition aus BdH, WVD und VCS, die in anderer Konstellation bereits in der allerersten meadowhousischen Legislaturperiode regierte (1810 &#8211; 1814) k\u00f6nnte dabei zerbrechen. Immer wieder gab es in der aktuellen Periode Querelen, vor allem zwischen BdH und WVD, einst sehr einander nahestehende Parteien, die sich aber unter der Regentschaft des K\u00f6nig Percival immer mehr entzweiten. Hinzu kam ein gro\u00dfer Streit auf Kommunalebene in der Hauptstadt Wiesenhausen. Die WVD k\u00f6nnte geneigt sein, eine Koalition abseits des BdH zu suchen und damit auf Konfrontationskurs zu gehen, m\u00f6glicherweise auch einen eigenen K\u00f6nigskandidaten aufzustellen.<\/p>\n","protected":false},"excerpt":{"rendered":"<p>Die Reichswahlen 1822 zum K\u00f6nig und zum Parlament finden voraussichtlich im September 1822 statt. Ein genauer Termin d\u00fcrfte ab Fr\u00fchling 1822 bekannt gegeben werden. F\u00fcr die K\u00f6nigswahl finden zun\u00e4chst die Vorwahlen ab Mai 1822 statt, auch dort werden genauere Termine noch rechtzeitig im Voraus verk\u00fcndet. Es sind damit bereits die vierten Wahlen nach der Staatsgr\u00fcndung 1810. Amtsinhaber auf dem K\u00f6nigsthron im Saal der Gespenster ist K\u00f6nig Percival I., b\u00fcrgerlich Percival Sean McLeach, der sein K\u00f6nigsamt best\u00e4tigen m\u00f6chte, welches er 1818 von K\u00f6nig Johannes I. \u00fcbernommen hatte. Seit der von Percival umgesetzten Reform, die seit dem 1. Januar 1819 gilt, dass ein K\u00f6nig nur noch maximal drei volle Amtszeiten regieren darf, <a class=\"more-link\" href=\"https:\/\/wiesenhausen.de\/?page_id=17976\">Continue Reading \u2192<\/a><\/p>\n","protected":false},"author":1,"featured_media":0,"parent":0,"menu_order":0,"comment_status":"closed","ping_status":"closed","template":"","meta":{"footnotes":""},"class_list":["post-17976","page","type-page","status-publish","hentry"],"_links":{"self":[{"href":"https:\/\/wiesenhausen.de\/index.php?rest_route=\/wp\/v2\/pages\/17976","targetHints":{"allow":["GET"]}}],"collection":[{"href":"https:\/\/wiesenhausen.de\/index.php?rest_route=\/wp\/v2\/pages"}],"about":[{"href":"https:\/\/wiesenhausen.de\/index.php?rest_route=\/wp\/v2\/types\/page"}],"author":[{"embeddable":true,"href":"https:\/\/wiesenhausen.de\/index.php?rest_route=\/wp\/v2\/users\/1"}],"replies":[{"embeddable":true,"href":"https:\/\/wiesenhausen.de\/index.php?rest_route=%2Fwp%2Fv2%2Fcomments&post=17976"}],"version-history":[{"count":1,"href":"https:\/\/wiesenhausen.de\/index.php?rest_route=\/wp\/v2\/pages\/17976\/revisions"}],"predecessor-version":[{"id":17977,"href":"https:\/\/wiesenhausen.de\/index.php?rest_route=\/wp\/v2\/pages\/17976\/revisions\/17977"}],"wp:attachment":[{"href":"https:\/\/wiesenhausen.de\/index.php?rest_route=%2Fwp%2Fv2%2Fmedia&parent=17976"}],"curies":[{"name":"wp","href":"https:\/\/api.w.org\/{rel}","templated":true}]}}