{"id":17979,"date":"2021-03-15T17:41:13","date_gmt":"2021-03-15T17:41:13","guid":{"rendered":"https:\/\/wiesenhausen.de\/?page_id=17979"},"modified":"2022-09-26T20:24:55","modified_gmt":"2022-09-26T20:24:55","slug":"koenigswahl-1822","status":"publish","type":"page","link":"https:\/\/wiesenhausen.de\/?page_id=17979","title":{"rendered":"K\u00f6nigswahl"},"content":{"rendered":"<p>Die n\u00e4chste K\u00f6nigswahl in Meadowhouse findet am 25. September 1822 statt. Zu gegebener Zeit sind hier alle Kandidaten, Umfragen und sp\u00e4ter dann auch ausf\u00fchrliche Ergebnisse und Analysen zu finden.<\/p>\n<p><strong>Amtsinhaber: <\/strong>K\u00f6nig Percival I. (seit 1818)<\/p>\n<p><strong>Herausforderer: <\/strong>Ezechiel Bloor (mit 422 Wahlm\u00e4nnern in den Vorwahlen gew\u00e4hlt)<\/p>\n<p>Die Umfragen sehen ein enges Rennen voraus. Eine leichte Mehrheit der Stimmen w\u00fcrde aktuell auf den Amtsinhaber entfallen, jedoch ist ein gro\u00dfer Teil der W\u00e4hler den Umfragen zufolge noch unentschlossen.<\/p>\n<p>&nbsp;<\/p>\n<p>+++ Sieger der K\u00f6nigswahl 1822:\u00a0\u00a0\u00a0\u00a0\u00a0\u00a0\u00a0 <span style=\"text-decoration: underline;\"><em><strong>Ezechiel Bloor<\/strong><\/em><\/span>\u00a0\u00a0\u00a0\u00a0\u00a0\u00a0\u00a0\u00a0 +++<\/p>\n<p>&nbsp;<\/p>\n<p><strong>Preu\u00dfen:<\/strong><\/p>\n<p>Ledhian-Nord (7): <strong>Ezechiel Bloor<\/strong><\/p>\n<p>Roscrovel-Iffelland (8): <strong>Ezechiel Bloor<\/strong><\/p>\n<p>Karburg-Impfe (24): <strong>K\u00f6nig Percival I.<\/strong><\/p>\n<p>Niederstein (9): <strong>Ezechiel Bloor<\/strong><\/p>\n<p>Ledhian-Salzbach (6): <strong>Ezechiel Bloor<\/strong><\/p>\n<p>Eisach-Tierhagen (6): <strong>Ezechiel Bloor<\/strong><\/p>\n<p>Eisach-Ost (5): <strong>Ezechiel Bloor<\/strong><\/p>\n<p><em>Ezechiel Bloor gewinnt Preu\u00dfen mit 41 zu 24 Wahlm\u00e4nnern<\/em><\/p>\n<p>&nbsp;<\/p>\n<p><strong>Saphirento:<\/strong><\/p>\n<p>Menz-West (7): <strong>Ezechiel Bloor<\/strong><\/p>\n<p>Menz-Nord (7): <strong>Ezechiel Bloor<\/strong><\/p>\n<p>Drohdeland (11): <strong>Ezechiel Bloor<\/strong><\/p>\n<p>Lind-Meger (9): <strong>Ezechiel Bloor<\/strong><\/p>\n<p>Saphirento-Nord (28): <strong>Ezechiel Bloor<\/strong><\/p>\n<p>K\u00f6nigsbach-Wose (10): <strong>K\u00f6nig Percival I.<\/strong><\/p>\n<p>Meger-Mitte (16): <strong>K\u00f6nig Percival I.<\/strong><\/p>\n<p>Ilmer-Meger (36): <strong>Ezechiel Bloor<\/strong><\/p>\n<p><em>Ezechiel Bloor gewinnt Saphirento mit 98 zu 26 Wahlm\u00e4nnern<\/em><\/p>\n<p>&nbsp;<\/p>\n<p><strong>Wiesenhausen:<\/strong><\/p>\n<p>Waldbach-Gerste (18): <strong>K\u00f6nig Percival I.<\/strong><\/p>\n<p>Vest (7): <strong>K\u00f6nig Percival I.<\/strong><\/p>\n<p>Flosserland (14): <strong>K\u00f6nig Percival I.<\/strong><\/p>\n<p>Grohneland (9): <strong>K\u00f6nig Percival I.<\/strong><\/p>\n<p>Ysen-Nord (17): <strong>Ezechiel Bloor<\/strong><\/p>\n<p>Wiesenhausen (55): <strong>Ezechiel Bloor<\/strong><\/p>\n<p>Ysen-S\u00fcd (20): <strong>Ezechiel Bloor<\/strong><\/p>\n<p>Helbecher Land (6): <strong>Ezechiel Bloor<\/strong><\/p>\n<p>Maranhl\u00e8s-S\u00fcd (18): <strong>K\u00f6nig Percival I.<\/strong><\/p>\n<p>Rimer-Uhle (12): <strong>K\u00f6nig Percival I.<\/strong><\/p>\n<p><em>Ezechiel Bloor gewinnt Wiesenhausen mit 98 zu 78 Wahlm\u00e4nnern<\/em><\/p>\n<p>&nbsp;<\/p>\n<p><strong>Santo Opalo:<\/strong><\/p>\n<p>Ysen-Karlsbach (15): <strong>K\u00f6nig Percival I.<\/strong><\/p>\n<p>Grote-Elm-Nordbach (14): <strong>K\u00f6nig Percival I.<\/strong><\/p>\n<p>Ysen-Nordbach (22): <strong>K\u00f6nig Percival I.<\/strong><\/p>\n<p>Mohre-Gunzlach (30): <strong>Ezechiel Bloor<\/strong><\/p>\n<p>Mohre-Sognitz (14): <strong>K\u00f6nig Percival I.<\/strong><\/p>\n<p>Rimer-Sognitz (11): <strong>Ezechiel Bloor<br \/>\n<\/strong><\/p>\n<p>Rimer-Ost (15): <strong>K\u00f6nig Percival I.<\/strong><\/p>\n<p>Dresauland (9): <strong>Ezechiel Bloor<\/strong><\/p>\n<p>Garnser Land (19): <strong>Ezechiel Bloor<\/strong><\/p>\n<p><em>K\u00f6nig Percival I. gewinnt Santo Opalo mit 80 zu 69 Wahlm\u00e4nnern<\/em><\/p>\n<p>&nbsp;<\/p>\n<p><strong>El Grande:<\/strong><\/p>\n<p>Rimer-Nord (6): <strong>K\u00f6nig Percival I.<\/strong><\/p>\n<p>El Grande (23): <strong>Ezechiel Bloor<\/strong><\/p>\n<p>Isselland (13): <strong>K\u00f6nig Percival I.<\/strong><\/p>\n<p>Westbach-Gr\u00fcne (8): <strong>K\u00f6nig Percival I.<\/strong><\/p>\n<p>Taaler Land (9): <strong>Ezechiel Bloor<\/strong><\/p>\n<p>Keslenburg-Halge (20): <strong>Ezechiel Bloor<\/strong><\/p>\n<p>Vogaine-S\u00fcd (10): <strong>Ezechiel Bloor<\/strong><\/p>\n<p>Aubach-Wasserau (8): <strong>K\u00f6nig Percival I.<\/strong><\/p>\n<p><em>Ezechiel Bloor gewinnt El Grande mit 62 zu 35 Wahlm\u00e4nnern<\/em><\/p>\n<p>&nbsp;<\/p>\n<p><strong>S\u00fcdstrand:<\/strong><\/p>\n<p>Sonne-Nord (28): <strong>K\u00f6nig Percival I.<\/strong><\/p>\n<p>Sonne-Reede (11): <strong>K\u00f6nig Percival I.<\/strong><\/p>\n<p>Viscy-Nord (10): <strong>K\u00f6nig Percival I.<\/strong><\/p>\n<p>Laine-Sirogio (13): <strong>Ezechiel Bloor<\/strong><\/p>\n<p>Campinas-K\u00fcste (32): <strong>K\u00f6nig Percival I.<\/strong><\/p>\n<p>Tigualer Land (12): <strong>K\u00f6nig Percival I.<\/strong><\/p>\n<p>Slevan-Nord (9): <strong>K\u00f6nig Percival I.<\/strong><\/p>\n<p>Slevan-S\u00fcd (9): <strong>K\u00f6nig Percival I.<\/strong><\/p>\n<p><em>K\u00f6nig Percival I. gewinnt S\u00fcdstrand mit 111 zu 13 Wahlm\u00e4nnern<\/em><\/p>\n<p>&nbsp;<\/p>\n<p><strong>Gewinner der K\u00f6nigswahlen 1822: Ezechiel Bloor <\/strong>(381 zu 354 Wahlm\u00e4nner)<strong><br \/>\n<\/strong><\/p>\n","protected":false},"excerpt":{"rendered":"<p>Die n\u00e4chste K\u00f6nigswahl in Meadowhouse findet am 25. September 1822 statt. Zu gegebener Zeit sind hier alle Kandidaten, Umfragen und sp\u00e4ter dann auch ausf\u00fchrliche Ergebnisse und Analysen zu finden. Amtsinhaber: K\u00f6nig Percival I. (seit 1818) Herausforderer: Ezechiel Bloor (mit 422 Wahlm\u00e4nnern in den Vorwahlen gew\u00e4hlt) Die Umfragen sehen ein enges Rennen voraus. Eine leichte Mehrheit der Stimmen w\u00fcrde aktuell auf den Amtsinhaber entfallen, jedoch ist ein gro\u00dfer Teil der W\u00e4hler den Umfragen zufolge noch unentschlossen. &nbsp; +++ Sieger der K\u00f6nigswahl 1822:\u00a0\u00a0\u00a0\u00a0\u00a0\u00a0\u00a0 Ezechiel Bloor\u00a0\u00a0\u00a0\u00a0\u00a0\u00a0\u00a0\u00a0 +++ &nbsp; Preu\u00dfen: Ledhian-Nord (7): Ezechiel Bloor Roscrovel-Iffelland (8): Ezechiel Bloor Karburg-Impfe (24): K\u00f6nig Percival I. Niederstein (9): Ezechiel Bloor Ledhian-Salzbach (6): Ezechiel Bloor Eisach-Tierhagen (6): Ezechiel <a class=\"more-link\" href=\"https:\/\/wiesenhausen.de\/?page_id=17979\">Continue Reading \u2192<\/a><\/p>\n","protected":false},"author":1,"featured_media":0,"parent":0,"menu_order":0,"comment_status":"closed","ping_status":"closed","template":"","meta":{"footnotes":""},"class_list":["post-17979","page","type-page","status-publish","hentry"],"_links":{"self":[{"href":"https:\/\/wiesenhausen.de\/index.php?rest_route=\/wp\/v2\/pages\/17979","targetHints":{"allow":["GET"]}}],"collection":[{"href":"https:\/\/wiesenhausen.de\/index.php?rest_route=\/wp\/v2\/pages"}],"about":[{"href":"https:\/\/wiesenhausen.de\/index.php?rest_route=\/wp\/v2\/types\/page"}],"author":[{"embeddable":true,"href":"https:\/\/wiesenhausen.de\/index.php?rest_route=\/wp\/v2\/users\/1"}],"replies":[{"embeddable":true,"href":"https:\/\/wiesenhausen.de\/index.php?rest_route=%2Fwp%2Fv2%2Fcomments&post=17979"}],"version-history":[{"count":25,"href":"https:\/\/wiesenhausen.de\/index.php?rest_route=\/wp\/v2\/pages\/17979\/revisions"}],"predecessor-version":[{"id":21321,"href":"https:\/\/wiesenhausen.de\/index.php?rest_route=\/wp\/v2\/pages\/17979\/revisions\/21321"}],"wp:attachment":[{"href":"https:\/\/wiesenhausen.de\/index.php?rest_route=%2Fwp%2Fv2%2Fmedia&parent=17979"}],"curies":[{"name":"wp","href":"https:\/\/api.w.org\/{rel}","templated":true}]}}