{"id":188,"date":"2014-12-29T20:08:09","date_gmt":"2014-12-29T20:08:09","guid":{"rendered":"http:\/\/192.168.2.101\/wordpress\/?page_id=188"},"modified":"2025-10-20T18:22:50","modified_gmt":"2025-10-20T18:22:50","slug":"news","status":"publish","type":"page","link":"https:\/\/wiesenhausen.de\/?page_id=188","title":{"rendered":"News"},"content":{"rendered":"<div tabindex=\"-1\">\n<div tabindex=\"0\" aria-label=\"Nachrichteninhalt\" aria-selected=\"true\">\n<div>\n<div class=\"_rp_f5\" tabindex=\"-1\" aria-label=\"Erweiterte Nachrichteninhalte\">\n<div class=\"_rp_R4 ms-border-color-neutralLight ShowReferenceAttachmentsLinks ShowConsesusSchedulingLink\" tabindex=\"-1\">\n<div class=\"_rp_45 _rp_35\">\n<div role=\"document\">\n<div id=\"Item.MessagePartBody\" class=\"_rp_T4\">\n<div id=\"Item.MessageUniqueBody\" class=\"_rp_U4 ms-font-weight-regular ms-font-color-neutralDark rpHighlightAllClass rpHighlightBodyClass\">\n<div class=\"rps_2b13\">\n<div>\n<div dir=\"ltr\">\n<div id=\"x_divtagdefaultwrapper\" dir=\"ltr\">\n<h2>\ud83d\udcf0 <strong>\u201eMeadowhouse feiert 15 Jahre Unabh\u00e4ngigkeit \u2013 Nationalfeiertag 1825 mit gro\u00dfem Jubel, Traditionen und neuer Lebendigkeit\u201c<\/strong><\/h2>\n<p><strong>Wiesenhausen, 18. Oktober 1825<\/strong> \u2013 Mit gro\u00dfer Freude und beispielloser Feierlaune beging Meadowhouse in diesem Jahr den 15. Jahrestag seiner Unabh\u00e4ngigkeit. Der Nationalfeiertag am 18. Oktober wurde zu einem bunten, facettenreichen Fest, das alle Facetten der jungen Nation widerspiegelte: von tief verwurzelten Traditionen \u00fcber politische Weichenstellungen bis hin zu modernen, gemeinschaftlichen Aktivit\u00e4ten. Die Stadt <strong>Wiesenhausen<\/strong> und die umliegenden Provinzen standen Kopf \u2013 und das nicht ohne Grund: Zum ersten Mal wurde ein Jubil\u00e4um gefeiert, das nicht nur ein Anlass zum R\u00fcckblick, sondern auch zum Aufbruch war.<\/p>\n<hr \/>\n<h3>\ud83c\udf89 Morgendliches B\u00fcrgerfr\u00fchst\u00fcck und offizieller Auftakt auf Burg Daunenfels<\/h3>\n<p>Der Tag begann auf der historischen <strong>Burg Daunenfels<\/strong> mit dem traditionellen B\u00fcrgerfr\u00fchst\u00fcck \u2013 doch in diesem Jahr mit ganz besonderem Glanz. \u00dcber 1.500 B\u00fcrgerinnen und B\u00fcrger aus allen Teilen Meadowhouse&#8216; fanden sich ein, um bei frisch gebackenem Brot, herzhafter Wurst und duftendem Kaffee die ersten Stunden des Jubil\u00e4ums zu genie\u00dfen. Die Drachen servierten unter der Leitung von Burgdrache Dragomir auch ihre eigenen Spezialit\u00e4ten, wie Dracheneier, speziellen Tee oder eine eigens kreierte Variante der Goldbohnensuppe. Au\u00dferdem pr\u00e4sentierten sie ihre Handwerkskunst im Rahmen der D\u00fcsterw\u00e4lder Drachensachen.<\/p>\n<p>Organisator Heinrich Petersen er\u00f6ffnete die Veranstaltung und betonte die Bedeutung von Gemeinschaft und Tradition:<\/p>\n<blockquote><p>\u201eF\u00fcnfzehn Jahre sind f\u00fcr einen Staat eine junge Zeit, aber f\u00fcr uns ein stolzer Beweis daf\u00fcr, dass unsere Werte Bestand haben und die damalie Staatsgr\u00fcndung nachhaltig war.\u201c<\/p><\/blockquote>\n<p>Im Anschluss erfolgte der offizielle Festakt auf <strong>Schlo\u00df Wiesenhausen<\/strong>, zu dem hochrangige G\u00e4ste geladen waren: Diplomaten benachbarter L\u00e4nder, Vertreter der Provinzregierungen sowie prominente Pers\u00f6nlichkeiten aus Kultur, Wissenschaft und Wirtschaft. In festlicher Atmosph\u00e4re hielt K\u00f6nig Ezechiel I. eine bewegende Festrede, die nicht nur auf die Herausforderungen der Vergangenheit einging, sondern auch mutige Zukunftspl\u00e4ne pr\u00e4sentierte. Dazu sp\u00e4ter mehr.<\/p>\n<hr \/>\n<h3>\u2694\ufe0f Tradition am Felsenschiff \u2013 Begegnung von Vergangenheit und Gegenwart<\/h3>\n<p>Ein besonders emotionaler H\u00f6hepunkt war die W\u00fcrdigung der klassischen Traditionen am <strong>Felsenschiff<\/strong>. Die Staatsgr\u00fcnder Johannes von Daunenfels, Hemes Rems und Gerhard Herme hielten ihre bekannten Reden und wurden dabei von der BEFIM begleitet, die &#8222;An einem Tag im Herbst&#8220; anstimmte, worauf die etwa 20.000 Anwesenden lautstark mitsangen. Diesmal fand es jedoch bereits morgens statt, anstatt wie zuvor am Nachmittag.<\/p>\n<p>Im Licht der Morgenr\u00f6te wurden zudem kleine Luftballons fliegen gelassen, jeweils mit einem handgeschriebenen Wunsch f\u00fcr die Zukunft des Landes. Gro\u00df und Klein hatten dabei ihren Spa\u00df und der doch recht z\u00fcgige Ostwind lie\u00df die kleinen Botschafter schnell in den Himmel steigen.<\/p>\n<hr \/>\n<h3>\ud83c\udfc5 Sportliche Wettbewerbe \u2013 Kraft, Geschick und Gemeinschaft<\/h3>\n<p>Neben kulturellen und politischen H\u00f6hepunkten bot der Nationalfeiertag in diesem Jahr auch ein umfangreiches <strong>Sportprogramm<\/strong>. Der frisch renovierte <strong>Ysental-Sportpark<\/strong> wurde zum Schauplatz eines gro\u00dfen Festturniers, das Teilnehmer aus allen Provinzen anlockte.<\/p>\n<p>Disziplinen wie <strong>Ritterspiele<\/strong>, <strong>Bogenschie\u00dfen<\/strong>, <strong>Rudern auf der Ysental<\/strong> und ein <strong>Traditionslauf<\/strong> durch die historische Altstadt wurden ausgetragen. Die Ritterspiele, mit R\u00fcstungen und Schwertern, zogen besonders viele Besucher an, die den mutigen K\u00e4mpfern zujubelten.<\/p>\n<p>Ein besonderes Highlight war der sogenannte \u201e<strong>Aufstieg zum Felsenschiff<\/strong>\u201c \u2013 ein anspruchsvoller Kletterwettbewerb am steilen Felsen am Nachmittag, der sowohl Kraft als auch Geschicklichkeit verlangte. Dabei wurden sowohl Einzel- als auch Teamwettbewerbe abgehalten.<\/p>\n<hr \/>\n<h3>\ud83c\udf88 Hei\u00dfluftballonaufstieg und Flugshow \u2013 Farbenfrohes Himmelsspektakel<\/h3>\n<p>Der Himmel \u00fcber Wiesenhausen wurde zum leuchtenden Mosaik, als <strong>75 bunte Hei\u00dfluftballons<\/strong> gleichzeitig vom Ysenfeld und der Ysentalbr\u00fccke abhoben. Familien, Touristen und Einheimische bewunderten das bunte Bild und sahen die Ballons weit in den Himmel steigen \u2013 ein kraftvolles Symbol f\u00fcr Freiheit und Aufbruch.<\/p>\n<p>Wenige Momente zuvor zog jedoch eine gro\u00dfe Flugshow die Aufmerksamkeit der Stadt auf sich. Dabei wurde unter Anderem die meadowhousische Concorde von Sperber Airlines vorgef\u00fchrt, die von Kampfflugzeugen ums\u00e4umt die meadowhousischen Nationalfarben in den Himmel malte. Dem Spektakel wohnte auch die ausl\u00e4ndische und interuniverselle Prominenz bei, so auch K\u00f6nig Charles von Gro\u00dfbritannien, der der dort eingestellten Concorde sichtlich hinterhertrauerte.<\/p>\n<hr \/>\n<h3>\ud83c\udfb6 Kultur, Musik und Tanz \u2013 von Tradition bis Moderne<\/h3>\n<p>Die Stra\u00dfen Wiesenhausens wurden zur B\u00fchne eines vielseitigen Kulturprogramms: Neben den bekannten St\u00fccken der <strong>Wiesenhausener Folks<\/strong> der BEFIM wurden zwei neue Festkompositionen des Hogwarts-Orchesters in Co-Produktion mit dem Polsingerscherscher Hauptstadtorchester uraufgef\u00fchrt: <em>\u201eAufstieg ins Licht\u201c<\/em> und <em>\u201eDas Erbe von Daunenfels\u201c<\/em>. Erg\u00e4nzt wurden diese Kl\u00e4nge von traditionellen Volkst\u00e4nzen, Theaterauff\u00fchrungen und Lesungen, die von der bewegten Geschichte Meadowhouses erz\u00e4hlten. Unter Anderem las Carl von der Regi\u00e8me alias die Moorleiche aus seinem neuesten Buch, in dem er die Geschichte einer Familie unter dem Enczegovija-Regime erz\u00e4hlt.<\/p>\n<p>Viele lokale K\u00fcnstler und Handwerker pr\u00e4sentierten ihre Werke auf einem gro\u00dfen Markt, auf dem Besucher die vielf\u00e4ltige kulturelle Identit\u00e4t Meadowhouses hautnah erleben konnten. Dort wurden zu erschwinglichen Preisen Kleinods und Schmuckst\u00fccke, sowie ausgefallene Haushaltswaren angeboten.<\/p>\n<hr \/>\n<h3>\ud83c\udfdb Politische H\u00f6hepunkte \u2013 Weichenstellung f\u00fcr die Zukunft<\/h3>\n<p>Neben dem feierlichen Rahmen war der Tag auch politisch bedeutend: Im Schloss wurde eine neue f\u00f6derale Vereinbarung unterzeichnet, die den Provinzen mehr Autonomie in Bildungs- und Infrastrukturfragen gew\u00e4hrt. B\u00fcrgermeisterin <strong>Amelia Abendsegler<\/strong>\u00a0betonte in ihrer Rede die Notwendigkeit, Tradition und Fortschritt in Einklang zu bringen:<\/p>\n<blockquote><p>\u201eWir bauen auf das Erbe unserer Vorfahren und gestalten zugleich eine moderne Zukunft f\u00fcr alle Generationen Meadowhouse&#8216;.\u201c<\/p><\/blockquote>\n<p>K\u00f6nig Ezechiel I. k\u00fcndigte eine geplante \u00dcberpr\u00fcfung der Verfassung an, um den Staat an die Herausforderungen des 19. Jahrhunderts anzupassen \u2013 mit Bewahrung seiner stabilen Grundwerte. Dazu soll im kommenden Jahr eine Enquete-Kommission installiert werden, sodass etwaige Veraltungen erkannt werden und dann parlamentarisch diskutiert werden k\u00f6nnten. Im Fokus stehen dabei weniger Abschaffungen von Gesetzen, als vielmehr Novellierungen und \u00dcberarbeitungen an die neuen Gegebenheiten. Man wolle sich offener im internationalen Kontext zeigen und auch im Rahmen der Auss\u00f6hnung mit Gr\u00fcnland Fortschritte machen.<\/p>\n<hr \/>\n<h3>\ud83c\udf86 Festlicher Abschluss \u2013 Feuerwerk und Gemeinschaft bis tief in die Nacht<\/h3>\n<p>Den kr\u00f6nenden Abschluss bildete ein spektakul\u00e4res <strong>Feuerwerk im Schlosspark von Wiesenhausen<\/strong>, begleitet von den Melodien der Wiesenhausener Folks. Der Nachthimmel erstrahlte in einem Farbenmeer aus Gr\u00fcn, Rot und Purpur, begleitet von rhythmischem Trommeln und jubelnden Menschenmengen.<\/p>\n<p>Viele Besucher blieben auf den Stra\u00dfen, um gemeinsam zu feiern, zu tanzen und Geschichten auszutauschen. Der Tag endete als ein lebendiges Symbol f\u00fcr die St\u00e4rke, den Zusammenhalt und die Zukunft Meadowhouse&#8216;<\/p>\n<hr \/>\n<h3>\ud83d\udcf8 Stimmen aus der Bev\u00f6lkerung<\/h3>\n<p><em>Marie Lenz<\/em>, Lehrerin aus Rubinburgh, fasst den Tag zusammen:<\/p>\n<blockquote><p>\u201eIch habe selten eine so starke Verbundenheit gesp\u00fcrt. Wir sind jung, ja, aber unsere Geschichte ist schon reich. Und heute haben wir das sp\u00fcren d\u00fcrfen \u2013 gemeinsam, und vor allem mit G\u00e4sten aus aller Welt und Sonnensystem. Besonders auf diese Gastfreundschaft bin ich stolz.\u201c<\/p><\/blockquote>\n<p><em>Hans Berger<\/em>, Landwirt aus Karburg, erg\u00e4nzt:<\/p>\n<blockquote><p>\u201eDer Tag zeigt, dass wir auf dem richtigen Weg sind \u2013 Tradition bewahren und doch offen bleiben f\u00fcr Neues.\u201c<\/p><\/blockquote>\n<hr \/>\n<h2>Fazit<\/h2>\n<p>Der 15. Nationalfeiertag von Meadowhouse war ein beeindruckendes Zeugnis f\u00fcr die Vitalit\u00e4t und den Stolz einer jungen Nation, die tief in ihren Wurzeln verankert ist und doch mutig nach vorne blickt. Mit einer gelungenen Mischung aus Tradition, Kultur, sportlichem Engagement und politischem Weitblick setzte das Jubil\u00e4um ein starkes Signal f\u00fcr Einheit und Zukunft.<\/p>\n<\/div>\n<\/div>\n<\/div>\n<\/div>\n<\/div>\n<\/div>\n<\/div>\n<\/div>\n<\/div>\n<\/div>\n<\/div>\n<\/div>\n<\/div>\n<div class=\"_rp_j\" tabindex=\"-1\">\n<div class=\"_qc_F ms-bg-color-white _qc_G\">\n<hr class=\"_qc_B\" \/>\n<\/div>\n<\/div>\n","protected":false},"excerpt":{"rendered":"<p>\ud83d\udcf0 \u201eMeadowhouse feiert 15 Jahre Unabh\u00e4ngigkeit \u2013 Nationalfeiertag 1825 mit gro\u00dfem Jubel, Traditionen und neuer Lebendigkeit\u201c Wiesenhausen, 18. Oktober 1825 \u2013 Mit gro\u00dfer Freude und beispielloser Feierlaune beging Meadowhouse in diesem Jahr den 15. Jahrestag seiner Unabh\u00e4ngigkeit. Der Nationalfeiertag am 18. Oktober wurde zu einem bunten, facettenreichen Fest, das alle Facetten der jungen Nation widerspiegelte: von tief verwurzelten Traditionen \u00fcber politische Weichenstellungen bis hin zu modernen, gemeinschaftlichen Aktivit\u00e4ten. Die Stadt Wiesenhausen und die umliegenden Provinzen standen Kopf \u2013 und das nicht ohne Grund: Zum ersten Mal wurde ein Jubil\u00e4um gefeiert, das nicht nur ein Anlass zum R\u00fcckblick, sondern auch zum Aufbruch war. \ud83c\udf89 Morgendliches B\u00fcrgerfr\u00fchst\u00fcck und offizieller Auftakt auf Burg <a class=\"more-link\" href=\"https:\/\/wiesenhausen.de\/?page_id=188\">Continue Reading \u2192<\/a><\/p>\n","protected":false},"author":1,"featured_media":0,"parent":0,"menu_order":0,"comment_status":"closed","ping_status":"closed","template":"","meta":{"footnotes":""},"class_list":["post-188","page","type-page","status-publish","hentry"],"_links":{"self":[{"href":"https:\/\/wiesenhausen.de\/index.php?rest_route=\/wp\/v2\/pages\/188","targetHints":{"allow":["GET"]}}],"collection":[{"href":"https:\/\/wiesenhausen.de\/index.php?rest_route=\/wp\/v2\/pages"}],"about":[{"href":"https:\/\/wiesenhausen.de\/index.php?rest_route=\/wp\/v2\/types\/page"}],"author":[{"embeddable":true,"href":"https:\/\/wiesenhausen.de\/index.php?rest_route=\/wp\/v2\/users\/1"}],"replies":[{"embeddable":true,"href":"https:\/\/wiesenhausen.de\/index.php?rest_route=%2Fwp%2Fv2%2Fcomments&post=188"}],"version-history":[{"count":55,"href":"https:\/\/wiesenhausen.de\/index.php?rest_route=\/wp\/v2\/pages\/188\/revisions"}],"predecessor-version":[{"id":27750,"href":"https:\/\/wiesenhausen.de\/index.php?rest_route=\/wp\/v2\/pages\/188\/revisions\/27750"}],"wp:attachment":[{"href":"https:\/\/wiesenhausen.de\/index.php?rest_route=%2Fwp%2Fv2%2Fmedia&parent=188"}],"curies":[{"name":"wp","href":"https:\/\/api.w.org\/{rel}","templated":true}]}}