{"id":191,"date":"2014-10-21T17:03:22","date_gmt":"2014-10-21T17:03:22","guid":{"rendered":"http:\/\/192.168.2.101\/wordpress\/?page_id=191"},"modified":"2014-10-21T17:03:22","modified_gmt":"2014-10-21T17:03:22","slug":"international","status":"publish","type":"page","link":"https:\/\/wiesenhausen.de\/?page_id=191","title":{"rendered":"International"},"content":{"rendered":"<p>Der internationale Fu\u00dfball hat auch f\u00fcr Meadowhouse, gl\u00fccklicherweise, eine recht hohe Bedeutung. Zwar hat noch keine Mannschaft aus Meadowhouse den renommierten Premier-Cup gewonnen, in dem sich jedes Jahr die 32 besten Mannschaften der Welt messen, doch zumindest der AC Phoenix Wiesenhausen war 1814 schon einmal im Finale des Cups.<br \/>\nDie h\u00e4rtesten Konkurrenten kommen dabei meist aus der Koenigsliga. Diese Liga gilt, weit vor allen anderen, als beste Liga der Welt, weshalb sie international, also auch in Meadowhouse interessiert verfolgt wird.<\/p>\n","protected":false},"excerpt":{"rendered":"<p>Der internationale Fu\u00dfball hat auch f\u00fcr Meadowhouse, gl\u00fccklicherweise, eine recht hohe Bedeutung. Zwar hat noch keine Mannschaft aus Meadowhouse den renommierten Premier-Cup gewonnen, in dem sich jedes Jahr die 32 besten Mannschaften der Welt messen, doch zumindest der AC Phoenix Wiesenhausen war 1814 schon einmal im Finale des Cups. Die h\u00e4rtesten Konkurrenten kommen dabei meist aus der Koenigsliga. Diese Liga gilt, weit vor allen anderen, als beste Liga der Welt, weshalb sie international, also auch in Meadowhouse interessiert verfolgt wird.<\/p>\n","protected":false},"author":1,"featured_media":0,"parent":0,"menu_order":0,"comment_status":"closed","ping_status":"closed","template":"","meta":{"footnotes":""},"class_list":["post-191","page","type-page","status-publish","hentry"],"_links":{"self":[{"href":"https:\/\/wiesenhausen.de\/index.php?rest_route=\/wp\/v2\/pages\/191","targetHints":{"allow":["GET"]}}],"collection":[{"href":"https:\/\/wiesenhausen.de\/index.php?rest_route=\/wp\/v2\/pages"}],"about":[{"href":"https:\/\/wiesenhausen.de\/index.php?rest_route=\/wp\/v2\/types\/page"}],"author":[{"embeddable":true,"href":"https:\/\/wiesenhausen.de\/index.php?rest_route=\/wp\/v2\/users\/1"}],"replies":[{"embeddable":true,"href":"https:\/\/wiesenhausen.de\/index.php?rest_route=%2Fwp%2Fv2%2Fcomments&post=191"}],"version-history":[{"count":0,"href":"https:\/\/wiesenhausen.de\/index.php?rest_route=\/wp\/v2\/pages\/191\/revisions"}],"wp:attachment":[{"href":"https:\/\/wiesenhausen.de\/index.php?rest_route=%2Fwp%2Fv2%2Fmedia&parent=191"}],"curies":[{"name":"wp","href":"https:\/\/api.w.org\/{rel}","templated":true}]}}