{"id":19841,"date":"2022-01-03T14:33:14","date_gmt":"2022-01-03T14:33:14","guid":{"rendered":"https:\/\/wiesenhausen.de\/?page_id=19841"},"modified":"2026-01-08T18:00:03","modified_gmt":"2026-01-08T18:00:03","slug":"darts-2","status":"publish","type":"page","link":"https:\/\/wiesenhausen.de\/?page_id=19841","title":{"rendered":"Darts"},"content":{"rendered":"<p>Auch der Dartssport erlangte gerade in den letzten Jahren eine immer gr\u00f6\u00dfer werdende Rolle in Meadowhouse. Die Mischung aus Pr\u00e4zisions- und Mentalsport, feiernden Fans, sowie einer volksfest\u00e4hnlichen Stimmung machten Darts zu einer der popul\u00e4rsten Sportarten hierzulande. Auch wenn die Meinungen, ob es jetzt wirklich ein echter Sport ist oder nicht, nat\u00fcrlich weit auseinander gehen. Der oberste meadowhousische Dartverband nennt sich &#8222;Verband der professionellen Dartsspieler aus Meadowhouse&#8220; (VPDM) und ist wie alle anderen gro\u00dfen Sportverb\u00e4nde in mehrere kleinere regionale Verb\u00e4nde unterteilt. Im meadowhousischen Darts existierten lange keine wirklich professionellen Dartsligen, sodass der Sport lange Zeit in einer Schmuddelecke aus biersaufenden Raufbolden war, doch seit der Gr\u00fcndung des VPDM haben professionelle Strukturen endlich Einzug erhalten. Mehrere regionale Ligen existieren, sowie eine Darts-Meadowhouse-Liga, dessen Sieger sich automatisch f\u00fcr die Weltmeisterschaft am Ende des Jahres in Sichtburgh qualifiziert. Daneben gibt es viele kleine Turniere, die \u00fcber das Jahr verteilt an verschiedenen Orten stattfinden. Zwar ist Darts kein typisch Wiesenhausener Sport, erfreut sich aber trotzdem neben Eisminen ernten, Schlitten fahren, Kugelbahnen und Steinwerfen auch in der meadowhousischen Hauptstadt gr\u00f6\u00dfter Beliebtheit. So macht auch die internationale Dartsszene in Form des PDV (Professioneller Darts-Verband der Lieben Welt) mittlerweile immer \u00f6fter Halt dort. Einmal im Jahr findet so zum Beispiel ein Spieltag der Darts-Division auf Schlo\u00df Wiesenhausen statt und seit 1820 findet auch das wiederbelebte &#8222;Darts Weltspiel&#8220; dort statt, was nach der WM als zweitwichtigstes Turnier im Dartssport gilt. Unter den Unterpunkten &#8222;Carl McGard Darts Weltmeisterschaft&#8220;, &#8222;Liebe Welt Darts Division&#8220; und etwas sp\u00e4ter auch auf dieser Seite unter &#8222;Darts Weltspiel&#8220; finden Sie die drei wichtigsten Turniere im Darts in der \u00dcbersicht, mit Ergebnissen der letzten bzw. laufenden Turniere und vielen interessanten Informationen. Die wichtigsten News werden Sie zu gegebener Zeit auch unter &#8222;Sportnews&#8220; in Nachrichtenform erhalten. Im Weiteren sehen Sie hier alle Sieger der WM und des Weltspiels in chronologischer Reihenfolge, sowie die aktuellen Top-32 der Weltrangliste.<\/p>\n<p><strong>Weltmeisterschaft\u00a0 \u00a0 \u00a0 \u00a0 \u00a0 \u00a0 \u00a0 \u00a0 \u00a0 \u00a0 \u00a0 \u00a0 \u00a0 \u00a0 \u00a0 \u00a0 \u00a0 \u00a0 \u00a0 \u00a0 \u00a0 \u00a0 \u00a0 \u00a0 \u00a0 \u00a0 \u00a0Weltspiel<\/strong><\/p>\n<table width=\"776\">\n<tbody>\n<tr>\n<td width=\"66\">1787<\/td>\n<td width=\"114\">Maik Nickelsen<\/td>\n<td width=\"181\">6:2 gegen Viktor Washa<\/td>\n<td width=\"66\">1786<\/td>\n<td width=\"144\">Ghil Stekkel<\/td>\n<td width=\"190\">18:13 gegen Harald Livvek<\/td>\n<\/tr>\n<tr>\n<td>1788<\/td>\n<td>Viktor Washa<\/td>\n<td>6:4 gegen Ghil Stekkel<\/td>\n<td>1787<\/td>\n<td>Viktor Washa<\/td>\n<td>18:14 gegen Maik Nickelsen<\/td>\n<\/tr>\n<tr>\n<td>1789<\/td>\n<td>Maik Nickelsen<\/td>\n<td>6:3 gegen Erik van Feurveld<\/td>\n<td>1788<\/td>\n<td>Maik Nickelsen<\/td>\n<td>18:7 gegen Viktor Washa<\/td>\n<\/tr>\n<tr>\n<td>1790<\/td>\n<td>Erik van Feurveld<\/td>\n<td>6:5 gegen Viktor Washa<\/td>\n<td>1789<\/td>\n<td>Derrick Maloney<\/td>\n<td>18:9 gegen Ghil Stekkel<\/td>\n<\/tr>\n<tr>\n<td>1791<\/td>\n<td>Sztefan Goshkov<\/td>\n<td>6:4 gegen Roman Frirl<\/td>\n<td>1790<\/td>\n<td>Petr Solberg<\/td>\n<td>18:12 gegen Viktor Washa<\/td>\n<\/tr>\n<tr>\n<td>1792<\/td>\n<td>Maik Nickelsen<\/td>\n<td>6:1 gegen Sztefan Goshkov<\/td>\n<td>1791<\/td>\n<td>Viktor Washa<\/td>\n<td>18:10 gegen Petr Solberg<\/td>\n<\/tr>\n<tr>\n<td>1793<\/td>\n<td>Erik van Feurveld<\/td>\n<td>6:2 gegen Viktor Washa<\/td>\n<td>1792<\/td>\n<td>Viktor Washa<\/td>\n<td>20:18 gegen Maik Nickelsen<\/td>\n<\/tr>\n<tr>\n<td>1794<\/td>\n<td>Viktor Washa<\/td>\n<td>7:1 gegen Luke Tyle<\/td>\n<td>1793<\/td>\n<td>Viktor Washa<\/td>\n<td>18:15 gegen Joseph van Arlen<\/td>\n<\/tr>\n<tr>\n<td>1795<\/td>\n<td>Viktor Washa<\/td>\n<td>7:3 gegen Maik Nickelsen<\/td>\n<td>1794<\/td>\n<td>Viktor Washa<\/td>\n<td>18:11 gegen Erik van Feurveld<\/td>\n<\/tr>\n<tr>\n<td>1796<\/td>\n<td>Viktor Washa<\/td>\n<td>7:0 gegen Ghil Stekkel<\/td>\n<td>1795<\/td>\n<td>Viktor Washa<\/td>\n<td>18:6 gegen Titus Andron<\/td>\n<\/tr>\n<tr>\n<td>1797<\/td>\n<td>Viktor Washa<\/td>\n<td>7:6 gegen Erik van Feurveld<\/td>\n<td>1796<\/td>\n<td>Luke Tyle<\/td>\n<td>18:14 gegen Viktor Washa<\/td>\n<\/tr>\n<tr>\n<td>1798<\/td>\n<td>Viktor Washa<\/td>\n<td>7:2 gegen Petr Solberg<\/td>\n<td>1797<\/td>\n<td>Viktor Washa<\/td>\n<td>18:8 gegen Erik van Feurveld<\/td>\n<\/tr>\n<tr>\n<td>1799<\/td>\n<td>Viktor Washa<\/td>\n<td>7:4 gegen Luke Tyle<\/td>\n<td>1798<\/td>\n<td>Roman Frirl<\/td>\n<td>18:12 gegen Dave Clock<\/td>\n<\/tr>\n<tr>\n<td>1800<\/td>\n<td>Viktor Washa<\/td>\n<td>7:1 gegen Fridolin Bettelman<\/td>\n<td>1799<\/td>\n<td>Viktor Washa<\/td>\n<td>18:13 gegen Maik Nickelsen<\/td>\n<\/tr>\n<tr>\n<td>1801<\/td>\n<td>Viktor Washa<\/td>\n<td>7:5 gegen Tristan Kilkenro<\/td>\n<td>&nbsp;<\/td>\n<td>&nbsp;<\/td>\n<td>&nbsp;<\/td>\n<\/tr>\n<tr>\n<td>1802<\/td>\n<td>Viktor Washa<\/td>\n<td>7:2 gegen Erik van Feurveld<\/td>\n<td>&nbsp;<\/td>\n<td>&nbsp;<\/td>\n<td>&nbsp;<\/td>\n<\/tr>\n<tr>\n<td>1803<\/td>\n<td>Luke Tyle<\/td>\n<td>7:6 gegen Viktor Washa<\/td>\n<td>&nbsp;<\/td>\n<td>&nbsp;<\/td>\n<td>&nbsp;<\/td>\n<\/tr>\n<tr>\n<td>1804<\/td>\n<td>Viktor Washa<\/td>\n<td>7:6 gegen Petr Solberg<\/td>\n<td>&nbsp;<\/td>\n<td>&nbsp;<\/td>\n<td>&nbsp;<\/td>\n<\/tr>\n<tr>\n<td>1805<\/td>\n<td>Viktor Washa<\/td>\n<td>7:0 gegen Sztefan Goshkov<\/td>\n<td>&nbsp;<\/td>\n<td>&nbsp;<\/td>\n<td>&nbsp;<\/td>\n<\/tr>\n<tr>\n<td>1806<\/td>\n<td>Erik van Feurveld<\/td>\n<td>7:6 gegen Viktor Washa<\/td>\n<td>&nbsp;<\/td>\n<td>&nbsp;<\/td>\n<td>&nbsp;<\/td>\n<\/tr>\n<tr>\n<td>1807<\/td>\n<td>Viktor Washa<\/td>\n<td>7:3 gegen Matt Goldman<\/td>\n<td>&nbsp;<\/td>\n<td>&nbsp;<\/td>\n<td>&nbsp;<\/td>\n<\/tr>\n<tr>\n<td>1808<\/td>\n<td>Luke Tyle<\/td>\n<td>7:1 gegen Olav Marborg<\/td>\n<td>&nbsp;<\/td>\n<td>&nbsp;<\/td>\n<td>&nbsp;<\/td>\n<\/tr>\n<tr>\n<td>1809<\/td>\n<td>Viktor Washa<\/td>\n<td>7:1 gegen Erik van Feurveld<\/td>\n<td>&nbsp;<\/td>\n<td>&nbsp;<\/td>\n<td>&nbsp;<\/td>\n<\/tr>\n<tr>\n<td>1810<\/td>\n<td>Viktor Washa<\/td>\n<td>7:3 gegen Adrian Lovchek<\/td>\n<td>&nbsp;<\/td>\n<td>&nbsp;<\/td>\n<td>&nbsp;<\/td>\n<\/tr>\n<tr>\n<td>1811<\/td>\n<td>Adrian Lovchek<\/td>\n<td>7:5 gegen Stevan Koltora<\/td>\n<td>&nbsp;<\/td>\n<td>&nbsp;<\/td>\n<td>&nbsp;<\/td>\n<\/tr>\n<tr>\n<td>1812<\/td>\n<td>Adrian Lovchek<\/td>\n<td>7:3 gegen Petr Solberg<\/td>\n<td>&nbsp;<\/td>\n<td>&nbsp;<\/td>\n<td>&nbsp;<\/td>\n<\/tr>\n<tr>\n<td>1813<\/td>\n<td>Viktor Washa<\/td>\n<td>7:4 gegen Mika Volcan<\/td>\n<td>&nbsp;<\/td>\n<td>&nbsp;<\/td>\n<td>&nbsp;<\/td>\n<\/tr>\n<tr>\n<td>1814<\/td>\n<td>Mika Volcan<\/td>\n<td>7:4 gegen Vladimir Stitov<\/td>\n<td>&nbsp;<\/td>\n<td>&nbsp;<\/td>\n<td>&nbsp;<\/td>\n<\/tr>\n<tr>\n<td>1815<\/td>\n<td>Stevan Koltora<\/td>\n<td>7:6 gegen Viktor Washa<\/td>\n<td>&nbsp;<\/td>\n<td>&nbsp;<\/td>\n<td>&nbsp;<\/td>\n<\/tr>\n<tr>\n<td>1816<\/td>\n<td>Stevan Koltora<\/td>\n<td>7:5 gegen Adrian Lovchek<\/td>\n<td>&nbsp;<\/td>\n<td>&nbsp;<\/td>\n<td>&nbsp;<\/td>\n<\/tr>\n<tr>\n<td>1817<\/td>\n<td>Viktor Washa<\/td>\n<td>7:2 gegen Eric Martolod<\/td>\n<td>&nbsp;<\/td>\n<td>&nbsp;<\/td>\n<td>&nbsp;<\/td>\n<\/tr>\n<tr>\n<td>1818<\/td>\n<td>Erik van Feurveld<\/td>\n<td>7:5 gegen Vladimir Stitov<\/td>\n<td>&nbsp;<\/td>\n<td>&nbsp;<\/td>\n<td>&nbsp;<\/td>\n<\/tr>\n<tr>\n<td>1819<\/td>\n<td>Eric Martolod<\/td>\n<td>7:5 gegen Stevan Koltora<\/td>\n<td>&nbsp;<\/td>\n<td>&nbsp;<\/td>\n<td>&nbsp;<\/td>\n<\/tr>\n<tr>\n<td>1820<\/td>\n<td>Vladimir Stitov<\/td>\n<td>7:6 gegen Richard Paterson<\/td>\n<td>1820<\/td>\n<td>Stevan Koltora<\/td>\n<td>18:15 gegen Matt Goldman<\/td>\n<\/tr>\n<tr>\n<td>1821<\/td>\n<td>Vladimir Stitov<\/td>\n<td>7:5 gegen Stevan Koltora<\/td>\n<td>1821<\/td>\n<td>Richard Paterson<\/td>\n<td>18:10 gegen Adrian Lovchek<\/td>\n<\/tr>\n<tr>\n<td>1822<\/td>\n<td>Vladimir Stitov<\/td>\n<td>7.4 gegen Mika Volcan<\/td>\n<td>1822<\/td>\n<td>Magnus Bj\u00f6rn Kamper<\/td>\n<td>18:12 gegen Matt Goldman<\/td>\n<\/tr>\n<tr>\n<td>1823<\/td>\n<td>Vladimir Stitov<\/td>\n<td>7:5 gegen Richard Paterson<\/td>\n<td>1823<\/td>\n<td>Matt Goldman<\/td>\n<td>18:13 gegen Andres Ersgo<\/td>\n<\/tr>\n<tr>\n<td>1824<\/td>\n<td>Richard Gonzalez<\/td>\n<td width=\"181\">7:5 gegen Magnus Bj\u00f6rn Kamper<\/td>\n<td>1824<\/td>\n<td>Vladimir Stitov<\/td>\n<td>20:18 gegen Richard Gonzalez<\/td>\n<\/tr>\n<tr>\n<td>1825<\/td>\n<td>Matt Goldman<\/td>\n<td width=\"181\">7:5 gegen Magnus Bj\u00f6rn Kamper<\/td>\n<td>1825<\/td>\n<td>Srdjan Wera<\/td>\n<td>19:17 gegen Richard Paterson<\/td>\n<\/tr>\n<tr>\n<td>1826<\/td>\n<td>Richard Paterson<\/td>\n<td width=\"181\">7:2 gegen Cristian Santiago<\/td>\n<td>&nbsp;<\/td>\n<td>&nbsp;<\/td>\n<td>&nbsp;<\/td>\n<\/tr>\n<\/tbody>\n<\/table>\n<p>Weltrangliste &#8211; Top 32 (Stand: 03.01.1826)<\/p>\n<ol>\n<li>Richard Paterson\u00a0 \u00a0 \u00a0 \u00a0 \u00a0 \u00a0 \u00a0 \u00a0 \u00a0 \u00a0 \u00a0 \u00a0 \u00a0 \u00a0 \u00a0 \u00a0 \u00a01.807.200<\/li>\n<li>Matt Goldman\u00a0 \u00a0 \u00a0 \u00a0 \u00a0 \u00a0 \u00a0 \u00a0 \u00a0 \u00a0 \u00a0 \u00a0 \u00a0 \u00a0 \u00a0 \u00a0 \u00a0 \u00a0\u00a0 1.322.400<\/li>\n<li>Cristian Santiago\u00a0 \u00a0 \u00a0 \u00a0 \u00a0 \u00a0 \u00a0 \u00a0 \u00a0 \u00a0 \u00a0 \u00a0 \u00a0 \u00a0 \u00a0 \u00a0 1.154.700<\/li>\n<li>Vladimir Stitov\u00a0 \u00a0 \u00a0 \u00a0 \u00a0 \u00a0 \u00a0 \u00a0 \u00a0 \u00a0 \u00a0 \u00a0 \u00a0 \u00a0 \u00a0 \u00a0 \u00a0 \u00a0 \u00a0959.200<\/li>\n<li>Stevan Koltora\u00a0 \u00a0 \u00a0 \u00a0 \u00a0 \u00a0 \u00a0 \u00a0 \u00a0 \u00a0 \u00a0 \u00a0 \u00a0 \u00a0 \u00a0 \u00a0 \u00a0 \u00a0 \u00a0842.300<\/li>\n<li>Eric Martolod\u00a0 \u00a0 \u00a0 \u00a0 \u00a0 \u00a0 \u00a0 \u00a0 \u00a0 \u00a0 \u00a0 \u00a0 \u00a0 \u00a0 \u00a0 \u00a0 \u00a0 \u00a0 \u00a0 \u00a0819.800<\/li>\n<li>Srdjan Wera\u00a0 \u00a0 \u00a0 \u00a0 \u00a0 \u00a0 \u00a0 \u00a0 \u00a0 \u00a0 \u00a0 \u00a0 \u00a0 \u00a0 \u00a0 \u00a0 \u00a0 \u00a0 \u00a0 \u00a0 787.200<\/li>\n<li>Velka Swayk\u00a0 \u00a0 \u00a0 \u00a0 \u00a0 \u00a0 \u00a0 \u00a0 \u00a0 \u00a0 \u00a0 \u00a0 \u00a0 \u00a0 \u00a0 \u00a0 \u00a0 \u00a0 \u00a0\u00a0 632.300<\/li>\n<li>Gjorgi Tacholo\u00a0 \u00a0 \u00a0 \u00a0 \u00a0 \u00a0 \u00a0 \u00a0 \u00a0 \u00a0 \u00a0 \u00a0 \u00a0 \u00a0 \u00a0 \u00a0 \u00a0 \u00a0 \u00a0596.200<\/li>\n<li>Magnus Bj\u00f6rn Kamper\u00a0 \u00a0 \u00a0 \u00a0 \u00a0 \u00a0 \u00a0 \u00a0 \u00a0 \u00a0 \u00a0 \u00a0 \u00a0444.700<\/li>\n<li>Mika Volcan\u00a0 \u00a0 \u00a0 \u00a0 \u00a0 \u00a0 \u00a0 \u00a0 \u00a0 \u00a0 \u00a0 \u00a0 \u00a0 \u00a0 \u00a0 \u00a0 \u00a0 \u00a0 \u00a0 \u00a0 445.500<\/li>\n<li>Goran Wassily\u00a0 \u00a0 \u00a0 \u00a0 \u00a0 \u00a0 \u00a0 \u00a0 \u00a0 \u00a0 \u00a0 \u00a0 \u00a0 \u00a0 \u00a0 \u00a0 \u00a0 \u00a0 425.000<\/li>\n<li>Ramon Szibiszko\u00a0\u00a0\u00a0\u00a0\u00a0\u00a0\u00a0\u00a0\u00a0\u00a0\u00a0\u00a0\u00a0\u00a0\u00a0\u00a0\u00a0\u00a0\u00a0\u00a0\u00a0\u00a0\u00a0\u00a0\u00a0\u00a0\u00a0\u00a0\u00a0\u00a0\u00a0\u00a0 375.000<\/li>\n<li>Mensur Frankovic\u00a0 \u00a0 \u00a0 \u00a0 \u00a0 \u00a0 \u00a0 \u00a0 \u00a0 \u00a0 \u00a0 \u00a0 \u00a0 \u00a0 \u00a0 \u00a0 371.500<\/li>\n<li>John Lowercar\u00a0 \u00a0 \u00a0 \u00a0 \u00a0 \u00a0 \u00a0 \u00a0 \u00a0 \u00a0 \u00a0 \u00a0 \u00a0 \u00a0 \u00a0 \u00a0 \u00a0 \u00a0 \u00a0366.600<\/li>\n<li>Adrian Lovchek\u00a0 \u00a0 \u00a0 \u00a0 \u00a0 \u00a0 \u00a0 \u00a0 \u00a0 \u00a0 \u00a0 \u00a0 \u00a0 \u00a0 \u00a0 \u00a0 \u00a0 \u00a0 359.200<\/li>\n<li>Piotr Ilpa\u00a0 \u00a0 \u00a0 \u00a0 \u00a0 \u00a0 \u00a0 \u00a0 \u00a0 \u00a0 \u00a0 \u00a0 \u00a0 \u00a0 \u00a0 \u00a0 \u00a0 \u00a0 \u00a0 \u00a0 \u00a0 \u00a0 \u00a0262.700<\/li>\n<li>John Culane\u00a0\u00a0\u00a0\u00a0\u00a0\u00a0\u00a0\u00a0\u00a0\u00a0\u00a0\u00a0\u00a0\u00a0\u00a0\u00a0\u00a0\u00a0\u00a0\u00a0\u00a0\u00a0\u00a0\u00a0\u00a0\u00a0\u00a0\u00a0\u00a0\u00a0\u00a0\u00a0\u00a0\u00a0\u00a0\u00a0\u00a0\u00a0\u00a0 262.500<\/li>\n<li>Andres Ersgo\u00a0 \u00a0 \u00a0 \u00a0 \u00a0 \u00a0 \u00a0 \u00a0 \u00a0 \u00a0 \u00a0 \u00a0 \u00a0 \u00a0 \u00a0 \u00a0 \u00a0 \u00a0 \u00a0 259.800<\/li>\n<li>David Geshny\u00a0 \u00a0 \u00a0 \u00a0 \u00a0 \u00a0 \u00a0 \u00a0 \u00a0 \u00a0 \u00a0 \u00a0 \u00a0 \u00a0 \u00a0 \u00a0 \u00a0 \u00a0 \u00a0 237.600<\/li>\n<li>Jonas Birkener\u00a0 \u00a0 \u00a0 \u00a0 \u00a0 \u00a0 \u00a0 \u00a0 \u00a0 \u00a0 \u00a0 \u00a0 \u00a0 \u00a0 \u00a0 \u00a0 \u00a0 \u00a0 \u00a0215.600<\/li>\n<li>Mark Toulvac\u00a0 \u00a0 \u00a0 \u00a0 \u00a0 \u00a0 \u00a0 \u00a0 \u00a0 \u00a0 \u00a0 \u00a0 \u00a0 \u00a0 \u00a0 \u00a0 \u00a0 \u00a0 \u00a0\u00a0 206.800<\/li>\n<li>Richard Gonzalez\u00a0 \u00a0 \u00a0 \u00a0 \u00a0 \u00a0 \u00a0 \u00a0 \u00a0 \u00a0 \u00a0 \u00a0 \u00a0 \u00a0 \u00a0 \u00a0204.700<\/li>\n<li>Peter Sworder\u00a0 \u00a0 \u00a0 \u00a0 \u00a0 \u00a0 \u00a0 \u00a0 \u00a0 \u00a0 \u00a0 \u00a0 \u00a0 \u00a0 \u00a0 \u00a0 \u00a0 \u00a0 \u00a0200.900<\/li>\n<li>Ravan Lessgorka\u00a0 \u00a0 \u00a0 \u00a0 \u00a0 \u00a0 \u00a0 \u00a0 \u00a0 \u00a0 \u00a0 \u00a0 \u00a0 \u00a0 \u00a0 \u00a0 199.400<\/li>\n<li>Oliver Fahrian\u00a0 \u00a0 \u00a0 \u00a0 \u00a0 \u00a0 \u00a0 \u00a0 \u00a0 \u00a0 \u00a0 \u00a0 \u00a0 \u00a0 \u00a0 \u00a0 \u00a0 \u00a0 \u00a0 195.000<\/li>\n<li>Kilian Kombark\u00a0 \u00a0 \u00a0 \u00a0 \u00a0 \u00a0 \u00a0 \u00a0 \u00a0 \u00a0 \u00a0 \u00a0 \u00a0 \u00a0 \u00a0 \u00a0 \u00a0\u00a0 174.800<\/li>\n<li>Bastian Rogerthal\u00a0 \u00a0 \u00a0 \u00a0 \u00a0 \u00a0 \u00a0 \u00a0 \u00a0 \u00a0 \u00a0 \u00a0 \u00a0 \u00a0 \u00a0 \u00a0165.400<\/li>\n<li>Christopher de Feuerfrij\u00a0 \u00a0 \u00a0 \u00a0 \u00a0 \u00a0 \u00a0 \u00a0 \u00a0 \u00a0 \u00a0 \u00a0 158.500<\/li>\n<li>Ron van Drachenberghe\u00a0\u00a0\u00a0\u00a0\u00a0\u00a0\u00a0\u00a0\u00a0\u00a0\u00a0\u00a0\u00a0\u00a0\u00a0\u00a0\u00a0\u00a0\u00a0\u00a0\u00a0\u00a0\u00a0 155.500<\/li>\n<li>Lucas Aurelio\u00a0 \u00a0 \u00a0 \u00a0 \u00a0 \u00a0 \u00a0 \u00a0 \u00a0 \u00a0 \u00a0 \u00a0 \u00a0 \u00a0 \u00a0 \u00a0 \u00a0 \u00a0 \u00a0 153.000<\/li>\n<li>Petr Romaniev\u00a0\u00a0\u00a0\u00a0\u00a0\u00a0\u00a0\u00a0\u00a0\u00a0\u00a0\u00a0\u00a0\u00a0\u00a0\u00a0\u00a0\u00a0\u00a0\u00a0\u00a0\u00a0\u00a0\u00a0\u00a0\u00a0\u00a0\u00a0\u00a0\u00a0\u00a0\u00a0\u00a0\u00a0\u00a0\u00a0 145.000<\/li>\n<\/ol>\n","protected":false},"excerpt":{"rendered":"<p>Auch der Dartssport erlangte gerade in den letzten Jahren eine immer gr\u00f6\u00dfer werdende Rolle in Meadowhouse. Die Mischung aus Pr\u00e4zisions- und Mentalsport, feiernden Fans, sowie einer volksfest\u00e4hnlichen Stimmung machten Darts zu einer der popul\u00e4rsten Sportarten hierzulande. Auch wenn die Meinungen, ob es jetzt wirklich ein echter Sport ist oder nicht, nat\u00fcrlich weit auseinander gehen. Der oberste meadowhousische Dartverband nennt sich &#8222;Verband der professionellen Dartsspieler aus Meadowhouse&#8220; (VPDM) und ist wie alle anderen gro\u00dfen Sportverb\u00e4nde in mehrere kleinere regionale Verb\u00e4nde unterteilt. Im meadowhousischen Darts existierten lange keine wirklich professionellen Dartsligen, sodass der Sport lange Zeit in einer Schmuddelecke aus biersaufenden Raufbolden war, doch seit der Gr\u00fcndung des VPDM haben professionelle Strukturen <a class=\"more-link\" href=\"https:\/\/wiesenhausen.de\/?page_id=19841\">Continue Reading \u2192<\/a><\/p>\n","protected":false},"author":1,"featured_media":0,"parent":0,"menu_order":0,"comment_status":"closed","ping_status":"closed","template":"","meta":{"footnotes":""},"class_list":["post-19841","page","type-page","status-publish","hentry"],"_links":{"self":[{"href":"https:\/\/wiesenhausen.de\/index.php?rest_route=\/wp\/v2\/pages\/19841","targetHints":{"allow":["GET"]}}],"collection":[{"href":"https:\/\/wiesenhausen.de\/index.php?rest_route=\/wp\/v2\/pages"}],"about":[{"href":"https:\/\/wiesenhausen.de\/index.php?rest_route=\/wp\/v2\/types\/page"}],"author":[{"embeddable":true,"href":"https:\/\/wiesenhausen.de\/index.php?rest_route=\/wp\/v2\/users\/1"}],"replies":[{"embeddable":true,"href":"https:\/\/wiesenhausen.de\/index.php?rest_route=%2Fwp%2Fv2%2Fcomments&post=19841"}],"version-history":[{"count":25,"href":"https:\/\/wiesenhausen.de\/index.php?rest_route=\/wp\/v2\/pages\/19841\/revisions"}],"predecessor-version":[{"id":28134,"href":"https:\/\/wiesenhausen.de\/index.php?rest_route=\/wp\/v2\/pages\/19841\/revisions\/28134"}],"wp:attachment":[{"href":"https:\/\/wiesenhausen.de\/index.php?rest_route=%2Fwp%2Fv2%2Fmedia&parent=19841"}],"curies":[{"name":"wp","href":"https:\/\/api.w.org\/{rel}","templated":true}]}}