{"id":199,"date":"2014-10-26T17:37:23","date_gmt":"2014-10-26T17:37:23","guid":{"rendered":"http:\/\/192.168.2.101\/wordpress\/?page_id=199"},"modified":"2026-03-28T19:44:09","modified_gmt":"2026-03-28T19:44:09","slug":"kugelbahnen","status":"publish","type":"page","link":"https:\/\/wiesenhausen.de\/?page_id=199","title":{"rendered":"Kugelbahnen"},"content":{"rendered":"<p>Das Kugelbahnen hat auch in Meadowhouse eine lange Tradition. Gegr\u00fcndet wurde der KVM (Kugelbahnverband Meadowhouse) direkt nach der Unabh\u00e4ngigkeit am 24. Oktober 1810. Seitdem nimmt Meadowhouse regelm\u00e4\u00dfig auch an internationalen Turnieren wie der Kugelbahnweltmeisterschaft und der Titanienmeisterschaft teil. Den gr\u00f6\u00dften Erfolg verzeichnete der Verband 1811, als der Wiesenhausener Moody den Weltmeistertitel gewann. Pr\u00e4sident des Verbandes ist Karl-Hermann Untermeier, selbst ein ehemaliger Weltklassekugelbahner.<\/p>\n<p>Die Meadowhousischen Kugelbahnmeister der Gruppe 1 seit der Gr\u00fcndung des KVM:<\/p>\n<p>1811: Carl von der Regi\u00e8me<\/p>\n<p>1812: Alastor Moody<\/p>\n<p>1813: Mirco Magiaro<\/p>\n<p>1814: Percival Sean McLeach<\/p>\n<p>1815: Alastor Moody<\/p>\n<p>1816: Mirco Magiaro<\/p>\n<p>1817: Ronald Riesenkalmar<\/p>\n<p>1818: Karl-Friedrich M\u00fcller<\/p>\n<p>1819: Friedrich von Lingen<\/p>\n<p>1820: Karl-Friedrich M\u00fcller<\/p>\n<p>1821: Mirco Magiaro<\/p>\n<p>1822: Alastor Moody<\/p>\n<p>1823: Michael Mausohr<\/p>\n<p>1824: Karl-Friedrich M\u00fcller<\/p>\n<p>1825: Jochen Wintermann<\/p>\n<p>&nbsp;<\/p>\n<p>3x: Alastor Moody, Mirco Magiaro, Karl-Friedrich M\u00fcller; 1x: Carl von der Regi\u00e8me, Percival Sean McLeach, Ronald Riesenkalmar, Friedrich von Lingen, Michael Mausohr, Jochen Wintermann<\/p>\n","protected":false},"excerpt":{"rendered":"<p>Das Kugelbahnen hat auch in Meadowhouse eine lange Tradition. Gegr\u00fcndet wurde der KVM (Kugelbahnverband Meadowhouse) direkt nach der Unabh\u00e4ngigkeit am 24. Oktober 1810. Seitdem nimmt Meadowhouse regelm\u00e4\u00dfig auch an internationalen Turnieren wie der Kugelbahnweltmeisterschaft und der Titanienmeisterschaft teil. Den gr\u00f6\u00dften Erfolg verzeichnete der Verband 1811, als der Wiesenhausener Moody den Weltmeistertitel gewann. Pr\u00e4sident des Verbandes ist Karl-Hermann Untermeier, selbst ein ehemaliger Weltklassekugelbahner. Die Meadowhousischen Kugelbahnmeister der Gruppe 1 seit der Gr\u00fcndung des KVM: 1811: Carl von der Regi\u00e8me 1812: Alastor Moody 1813: Mirco Magiaro 1814: Percival Sean McLeach 1815: Alastor Moody 1816: Mirco Magiaro 1817: Ronald Riesenkalmar 1818: Karl-Friedrich M\u00fcller 1819: Friedrich von Lingen 1820: Karl-Friedrich M\u00fcller 1821: Mirco Magiaro <a class=\"more-link\" href=\"https:\/\/wiesenhausen.de\/?page_id=199\">Continue Reading \u2192<\/a><\/p>\n","protected":false},"author":1,"featured_media":0,"parent":0,"menu_order":0,"comment_status":"closed","ping_status":"closed","template":"","meta":{"footnotes":""},"class_list":["post-199","page","type-page","status-publish","hentry"],"_links":{"self":[{"href":"https:\/\/wiesenhausen.de\/index.php?rest_route=\/wp\/v2\/pages\/199","targetHints":{"allow":["GET"]}}],"collection":[{"href":"https:\/\/wiesenhausen.de\/index.php?rest_route=\/wp\/v2\/pages"}],"about":[{"href":"https:\/\/wiesenhausen.de\/index.php?rest_route=\/wp\/v2\/types\/page"}],"author":[{"embeddable":true,"href":"https:\/\/wiesenhausen.de\/index.php?rest_route=\/wp\/v2\/users\/1"}],"replies":[{"embeddable":true,"href":"https:\/\/wiesenhausen.de\/index.php?rest_route=%2Fwp%2Fv2%2Fcomments&post=199"}],"version-history":[{"count":4,"href":"https:\/\/wiesenhausen.de\/index.php?rest_route=\/wp\/v2\/pages\/199\/revisions"}],"predecessor-version":[{"id":28577,"href":"https:\/\/wiesenhausen.de\/index.php?rest_route=\/wp\/v2\/pages\/199\/revisions\/28577"}],"wp:attachment":[{"href":"https:\/\/wiesenhausen.de\/index.php?rest_route=%2Fwp%2Fv2%2Fmedia&parent=199"}],"curies":[{"name":"wp","href":"https:\/\/api.w.org\/{rel}","templated":true}]}}