{"id":200,"date":"2014-10-11T16:12:12","date_gmt":"2014-10-11T16:12:12","guid":{"rendered":"http:\/\/192.168.2.101\/wordpress\/?page_id=200"},"modified":"2026-04-26T17:26:11","modified_gmt":"2026-04-26T17:26:11","slug":"gruppe-1","status":"publish","type":"page","link":"https:\/\/wiesenhausen.de\/?page_id=200","title":{"rendered":"Gruppe 1"},"content":{"rendered":"<p>Die Gruppe 1 ist die oberste Klasse im meadowhousischen Kugelbahnen. Sie kann sich mit Weltstars im internationalen Kugelbahngesch\u00e4ft schm\u00fccken, wie zum Beispiel Mirco Magiaro, die regelm\u00e4\u00dfig am Weltcup teilnehmen. In der Gruppe 1 sind sieben Teilnehmer, der Letzte steigt ab, der Erste wird Kugelbahnmeister. Gekugelbahnt wird immer sonntags um 16 Uhr in verschiedenen St\u00e4dten in Meadowhouse. Es gibt von den St\u00e4dten den Gro\u00dfen Preis, der Extra-Punkte bringt. Alle Preise bringen zwei Extra-Punkte, nur der Gro\u00dfe Preis von Wiesenhausen bringt vier Punkte. Dieser findet immer zuletzt in einer Saison statt. Ein Sieg bringt zudem drei Punkte, der zweite Platz zwei Punkte und der dritte Platz einen Punkt. Ein Sieg bringt also insgesamt f\u00fcnf Punkte, in Wiesenhausen sieben.<\/p>\n<p>Aktueller Kugelbahnmeister von Meadowhouse ist Jochen Wintermann. Aufgestiegen aus der Zweiten Gruppe ist Jakob Entricks, f\u00fcr den wiederum Anton Regger in die Zweite Gruppe absteigen musste.<\/p>\n<p>Die aktuelle Tabelle der Kugelbahnsaison 1826:<\/p>\n<ol>\n<li>Mirco Magiaro\u00a0 \u00a0 \u00a0 \u00a0 \u00a0 \u00a0 \u00a0 \u00a0 \u00a0 \u00a0 \u00a0 \u00a0 \u00a0 \u00a0 \u00a0 \u00a0 \u00a0 \u00a0 \u00a0 \u00a0 \u00a0 \u00a0 \u00a0 2\u00a0 \u00a0 0\u00a0 \u00a0 0\u00a0 \u00a0 \u00a020\u00a0 \u00a0 10\u00a0 \u00a0 \u00a0 <strong>30<\/strong><\/li>\n<li>Friedrich von Lingen\u00a0 \u00a0 \u00a0 \u00a0 \u00a0 \u00a0 \u00a0 \u00a0 \u00a0 \u00a0 \u00a0 \u00a0 \u00a0 \u00a0 \u00a0 \u00a0 \u00a0 \u00a0 0\u00a0 \u00a0 2\u00a0 \u00a0 1\u00a0 \u00a0 \u00a017\u00a0 \u00a0 5,5\u00a0 \u00a0 <strong>22,5<\/strong><\/li>\n<li>Wolfgang Mirenis\u00a0 \u00a0 \u00a0 \u00a0 \u00a0 \u00a0 \u00a0 \u00a0 \u00a0 \u00a0 \u00a0 \u00a0 \u00a0 \u00a0 \u00a0 \u00a0 \u00a0 \u00a0 \u00a0 \u00a0 \u00a01\u00a0 \u00a0 1\u00a0 \u00a0 0\u00a0 \u00a0 \u00a015\u00a0 \u00a0 \u00a07\u00a0 \u00a0 \u00a0 \u00a0<strong>22<\/strong><\/li>\n<li>Jakob Entricks\u00a0 \u00a0 \u00a0 \u00a0 \u00a0 \u00a0 \u00a0 \u00a0 \u00a0 \u00a0 \u00a0 \u00a0 \u00a0 \u00a0 \u00a0 \u00a0 \u00a0 \u00a0 \u00a0 \u00a0 \u00a0 \u00a0 \u00a00\u00a0 \u00a0 0\u00a0 \u00a0 1\u00a0 \u00a0 \u00a013\u00a0 \u00a0 \u00a01\u00a0 \u00a0 \u00a0 \u00a0<strong>14<\/strong><\/li>\n<li>Jochen Wintermann\u00a0 \u00a0 \u00a0 \u00a0 \u00a0 \u00a0 \u00a0 \u00a0 \u00a0 \u00a0 \u00a0 \u00a0 \u00a0 \u00a0 \u00a0 \u00a0 \u00a0 \u00a0 0\u00a0 \u00a0 0\u00a0 \u00a0 1\u00a0 \u00a0 \u00a0 8\u00a0 \u00a0 \u00a01,5\u00a0 \u00a0 \u00a0<strong>9,5<\/strong><\/li>\n<li>Karl-Friedrich M\u00fcller\u00a0 \u00a0 \u00a0 \u00a0 \u00a0 \u00a0 \u00a0 \u00a0 \u00a0 \u00a0 \u00a0 \u00a0 \u00a0 \u00a0 \u00a0 \u00a0 \u00a0 \u00a0 0\u00a0 \u00a0 0\u00a0 \u00a0 0\u00a0 \u00a0 \u00a0 8\u00a0 \u00a0 \u00a0 0\u00a0 \u00a0 \u00a0 \u00a0 <strong>8<\/strong><\/li>\n<\/ol>\n<p>&nbsp;<\/p>\n<p><span style=\"float: none; background-color: transparent; color: #333333; cursor: text; font-family: Georgia, 'Times New Roman', 'Bitstream Charter', Times, serif; font-size: 16px; font-variant: normal; letter-spacing: normal; orphans: 2; text-align: left; text-decoration: none; text-indent: 0px; text-transform: none; -webkit-text-stroke-width: 0px; white-space: normal; word-spacing: 0px; display: inline !important;\">Gro\u00dfer Preis von San Laven (12.04.): Mirco Magiaro<\/span><\/p>\n<p><span style=\"float: none; background-color: transparent; color: #333333; cursor: text; font-family: Georgia, 'Times New Roman', 'Bitstream Charter', Times, serif; font-size: 16px; font-variant: normal; letter-spacing: normal; orphans: 2; text-align: left; text-decoration: none; text-indent: 0px; text-transform: none; -webkit-text-stroke-width: 0px; white-space: normal; word-spacing: 0px; display: inline !important;\">Gro\u00dfer Preis von Keslenburg (19.04.): Wolfgang Mirenis<\/span><\/p>\n<p>Gro\u00dfer Preis von Westerdamm (26.04.): Mirco Magiaro<\/p>\n<p>Gro\u00dfer Preis von Westbach (03.05.):<\/p>\n<p><span style=\"float: none; background-color: transparent; color: #333333; cursor: text; font-family: Georgia, 'Times New Roman', 'Bitstream Charter', Times, serif; font-size: 16px; font-variant: normal; letter-spacing: normal; orphans: 2; text-align: left; text-decoration: none; text-indent: 0px; text-transform: none; -webkit-text-stroke-width: 0px; white-space: normal; word-spacing: 0px; display: inline !important;\">Gro\u00dfer Preis von M\u00f6vental (10.05.):\u00a0<\/span><\/p>\n<p>Gro\u00dfer Preis von El Grande (17.05.):<\/p>\n<p><span style=\"float: none; background-color: transparent; color: #333333; cursor: text; font-family: Georgia, 'Times New Roman', 'Bitstream Charter', Times, serif; font-size: 16px; font-variant: normal; letter-spacing: normal; orphans: 2; text-align: left; text-decoration: none; text-indent: 0px; text-transform: none; -webkit-text-stroke-width: 0px; white-space: normal; word-spacing: 0px; display: inline !important;\">Gro\u00dfer Preis von Santo Opalo (24.05.):\u00a0<\/span><\/p>\n<p>Gro\u00dfer Preis von Tierhagen (31.05.):<\/p>\n<p><span style=\"float: none; background-color: transparent; color: #333333; cursor: text; font-family: Georgia, 'Times New Roman', 'Bitstream Charter', Times, serif; font-size: 16px; font-variant: normal; letter-spacing: normal; orphans: 2; text-align: left; text-decoration: none; text-indent: 0px; text-transform: none; -webkit-text-stroke-width: 0px; white-space: normal; word-spacing: 0px; display: inline !important;\">Gro\u00dfer Preis von Ikenberg (07.06.):\u00a0<\/span><\/p>\n<p>Gro\u00dfer Preis von Saphirento (14.06.):<\/p>\n<p>Gro\u00dfer Preis von Westernneudorf (21.06.):<\/p>\n<p>Gro\u00dfer Preis von Sanorma (28.06.):<\/p>\n<p>Gro\u00dfer Preis von Ranstedt (05.07.):<\/p>\n<p><span style=\"float: none; background-color: transparent; color: #333333; cursor: text; font-family: Georgia, 'Times New Roman', 'Bitstream Charter', Times, serif; font-size: 16px; font-variant: normal; letter-spacing: normal; orphans: 2; text-align: left; text-decoration: none; text-indent: 0px; text-transform: none; -webkit-text-stroke-width: 0px; white-space: normal; word-spacing: 0px; display: inline !important;\">Gro\u00dfer Preis von Rubinburgh (12.07.):\u00a0<\/span><\/p>\n<p>Gro\u00dfer Preis von Karburg (19.07.):<\/p>\n<p><span style=\"float: none; background-color: transparent; color: #333333; cursor: text; font-family: Georgia, 'Times New Roman', 'Bitstream Charter', Times, serif; font-size: 16px; font-variant: normal; letter-spacing: normal; orphans: 2; text-align: left; text-decoration: none; text-indent: 0px; text-transform: none; -webkit-text-stroke-width: 0px; white-space: normal; word-spacing: 0px; display: inline !important;\">Gro\u00dfer Preis von Kerchental (26.07.):\u00a0<\/span><\/p>\n<p><span style=\"float: none; background-color: transparent; color: #333333; cursor: text; font-family: Georgia, 'Times New Roman', 'Bitstream Charter', Times, serif; font-size: 16px; font-variant: normal; letter-spacing: normal; orphans: 2; text-align: left; text-decoration: none; text-indent: 0px; text-transform: none; -webkit-text-stroke-width: 0px; white-space: normal; word-spacing: 0px; display: inline !important;\">Gro\u00dfer Preis von Khevenbach (02.08.):\u00a0<\/span><\/p>\n<p>Gro\u00dfer Preis von Rosenach (09.08.):<\/p>\n<p>Gro\u00dfer Preis von Chaconne (16.08.):<\/p>\n<p><span style=\"float: none; background-color: transparent; color: #333333; cursor: text; font-family: Georgia, 'Times New Roman', 'Bitstream Charter', Times, serif; font-size: 16px; font-variant: normal; letter-spacing: normal; orphans: 2; text-align: left; text-decoration: none; text-indent: 0px; text-transform: none; -webkit-text-stroke-width: 0px; white-space: normal; word-spacing: 0px; display: inline !important;\">Gro\u00dfer Preis von Herboldstein (23.08.):\u00a0<\/span><\/p>\n<p>Gro\u00dfer Preis von Nordsen (30.08.):<\/p>\n<p>Gro\u00dfer Preis von Kullburg (06.09.):<\/p>\n<p>Gro\u00dfer Preis von Karlsburg am Isen (13.09.):<\/p>\n<p>Gro\u00dfer Preis von Campinas (20.09.):<\/p>\n<p>Gro\u00dfer Preis von Alemagne (27.09.):<\/p>\n<p>Gro\u00dfer Preis von Wiesenhausen (Saisonfinale, 04.10.):<\/p>\n","protected":false},"excerpt":{"rendered":"<p>Die Gruppe 1 ist die oberste Klasse im meadowhousischen Kugelbahnen. Sie kann sich mit Weltstars im internationalen Kugelbahngesch\u00e4ft schm\u00fccken, wie zum Beispiel Mirco Magiaro, die regelm\u00e4\u00dfig am Weltcup teilnehmen. In der Gruppe 1 sind sieben Teilnehmer, der Letzte steigt ab, der Erste wird Kugelbahnmeister. Gekugelbahnt wird immer sonntags um 16 Uhr in verschiedenen St\u00e4dten in Meadowhouse. Es gibt von den St\u00e4dten den Gro\u00dfen Preis, der Extra-Punkte bringt. Alle Preise bringen zwei Extra-Punkte, nur der Gro\u00dfe Preis von Wiesenhausen bringt vier Punkte. Dieser findet immer zuletzt in einer Saison statt. Ein Sieg bringt zudem drei Punkte, der zweite Platz zwei Punkte und der dritte Platz einen Punkt. Ein Sieg bringt also <a class=\"more-link\" href=\"https:\/\/wiesenhausen.de\/?page_id=200\">Continue Reading \u2192<\/a><\/p>\n","protected":false},"author":1,"featured_media":0,"parent":0,"menu_order":0,"comment_status":"closed","ping_status":"closed","template":"","meta":{"footnotes":""},"class_list":["post-200","page","type-page","status-publish","hentry"],"_links":{"self":[{"href":"https:\/\/wiesenhausen.de\/index.php?rest_route=\/wp\/v2\/pages\/200","targetHints":{"allow":["GET"]}}],"collection":[{"href":"https:\/\/wiesenhausen.de\/index.php?rest_route=\/wp\/v2\/pages"}],"about":[{"href":"https:\/\/wiesenhausen.de\/index.php?rest_route=\/wp\/v2\/types\/page"}],"author":[{"embeddable":true,"href":"https:\/\/wiesenhausen.de\/index.php?rest_route=\/wp\/v2\/users\/1"}],"replies":[{"embeddable":true,"href":"https:\/\/wiesenhausen.de\/index.php?rest_route=%2Fwp%2Fv2%2Fcomments&post=200"}],"version-history":[{"count":299,"href":"https:\/\/wiesenhausen.de\/index.php?rest_route=\/wp\/v2\/pages\/200\/revisions"}],"predecessor-version":[{"id":28776,"href":"https:\/\/wiesenhausen.de\/index.php?rest_route=\/wp\/v2\/pages\/200\/revisions\/28776"}],"wp:attachment":[{"href":"https:\/\/wiesenhausen.de\/index.php?rest_route=%2Fwp%2Fv2%2Fmedia&parent=200"}],"curies":[{"name":"wp","href":"https:\/\/api.w.org\/{rel}","templated":true}]}}