{"id":201,"date":"2014-10-11T16:22:49","date_gmt":"2014-10-11T16:22:49","guid":{"rendered":"http:\/\/192.168.2.101\/wordpress\/?page_id=201"},"modified":"2026-04-12T16:02:02","modified_gmt":"2026-04-12T16:02:02","slug":"gruppe-2","status":"publish","type":"page","link":"https:\/\/wiesenhausen.de\/?page_id=201","title":{"rendered":"Gruppe 2"},"content":{"rendered":"<p>Die Gruppe 2 in der Meadowhousischen Kugelbahnszene entspricht der Zweiten Liga in dieser Sportart. Auch hier gibt es sieben Teilnehmer in jeder Saison. Die Preise, um die gekugelbahnt wird, finden allerdings nicht in allen gro\u00dfen St\u00e4dten statt, wie in der Gruppe 1, sondern auch in kleineren Orten des Landes. In Gruppe 2 gibt es einen Aufstiegsplatz in die Gruppe 1 und einen Abstiegsplatz in Regionale Gruppen. Letztj\u00e4hriger Aufsteiger in die Gruppe 1 war Jakob Entricks, f\u00fcr den Anton Regger aus der Gruppe 1 absteigen musste. In die regionale Ebene stieg Victor Hugenay ab, daf\u00fcr stieg Finn Aage Fischotter auf. Die Spielorte jeder Saison sind im \u00dcbrigen immer dieselben, da es nicht \u00fcberall im Land Kugelbahnanlagen gibt.<\/p>\n<p>Die aktuelle Tabelle der Saison 1826:<\/p>\n<ol>\n<li>Finn Aage Fischotter\u00a0 \u00a0 \u00a0 \u00a01\u00a0 0\u00a0 0\u00a0 \u00a0 12\u00a0 \u00a0 3\u00a0 \u00a0 \u00a0<strong>15<\/strong><\/li>\n<li>Anton Regger\u00a0 \u00a0 \u00a0 \u00a0 \u00a0 \u00a0 \u00a0 \u00a0 \u00a0 \u00a00\u00a0 1\u00a0 0\u00a0 \u00a0 \u00a05\u00a0 \u00a0 \u00a02\u00a0 \u00a0 \u00a0<strong>7<\/strong><\/li>\n<li>Theo Taschenkrebs\u00a0 \u00a0 \u00a0 \u00a0 \u00a0 0\u00a0 0\u00a0 1\u00a0 \u00a04,5\u00a0 \u00a01\u00a0 \u00a0 \u00a0<strong>5,5<\/strong><\/li>\n<li>Thomas Tagpfauenauge\u00a0 0\u00a0 0\u00a0 0\u00a0 \u00a0 \u00a04\u00a0 \u00a0 \u00a00\u00a0 \u00a0 \u00a0<strong>4<\/strong><\/li>\n<li>Boris Borkenk\u00e4fer\u00a0 \u00a0 \u00a0 \u00a0 \u00a0 \u00a0 0\u00a0 0\u00a0 0\u00a0 \u00a0 \u00a02\u00a0 \u00a0 \u00a00\u00a0 \u00a0 \u00a0<strong>2<\/strong><\/li>\n<li>Michael Mausohr\u00a0 \u00a0 \u00a0 \u00a0 \u00a0 \u00a0 \u00a00\u00a0 0\u00a0 0\u00a0 \u00a0 \u00a01\u00a0 \u00a0 \u00a00\u00a0 \u00a0 \u00a0<strong>1<\/strong><\/li>\n<\/ol>\n<p>Preis von Georgsh\u00f6he (12.04.): Finn Aage Fischotter<\/p>\n<p>Preis von Isbr\u00fcck (19.04.):<\/p>\n<p>Preis von Vohlburg (26.04.):<\/p>\n<p>Preis von Neuenfels (03.05.):<\/p>\n<p>Preis von Manzhausen (10.05.):<\/p>\n<p>Preis von Pretzlau (17.05.):<\/p>\n<p>Preis von Cleopherme (24.05.):<\/p>\n<p>Preis von Margehausen (31.05.):<\/p>\n<p>Preis von Steinhausen (07.06.):<\/p>\n<p>Preis von Westbach (14.06.):<\/p>\n<p>Preis von Eschbach (21.06.):<\/p>\n<p>Preis von Tierhagen (28.06.):<\/p>\n<p>Preis von Herboldstein (05.07.):<\/p>\n<p>Preis von Ibbenstedt (12.07.):<\/p>\n<p>Preis von Iffelskirchen (19.07.):<\/p>\n<p>Preis von Sandehafen (26.07.):<\/p>\n<p>Preis von Godersdorf (02.08.):<\/p>\n<p>Preis von Canassio (09.08.):<\/p>\n<p>Preis von Vanitas (16.08.):<\/p>\n<p>Preis von Bordtvormwald (23.08.):<\/p>\n<p>Preis von Bad Eltzberg (30.08.):<\/p>\n<p>Preis von Siebenst\u00e4tten (06.09.):<\/p>\n<p>Preis von Bad Nordhofen (13.09.):<\/p>\n<p>Preis von Johannisberge (20.09.):<\/p>\n<p>Preis von Karlsburg am Isen (27.09.):<\/p>\n<p>Preis von Nordsen (04.10.):<\/p>\n","protected":false},"excerpt":{"rendered":"<p>Die Gruppe 2 in der Meadowhousischen Kugelbahnszene entspricht der Zweiten Liga in dieser Sportart. Auch hier gibt es sieben Teilnehmer in jeder Saison. Die Preise, um die gekugelbahnt wird, finden allerdings nicht in allen gro\u00dfen St\u00e4dten statt, wie in der Gruppe 1, sondern auch in kleineren Orten des Landes. In Gruppe 2 gibt es einen Aufstiegsplatz in die Gruppe 1 und einen Abstiegsplatz in Regionale Gruppen. Letztj\u00e4hriger Aufsteiger in die Gruppe 1 war Jakob Entricks, f\u00fcr den Anton Regger aus der Gruppe 1 absteigen musste. In die regionale Ebene stieg Victor Hugenay ab, daf\u00fcr stieg Finn Aage Fischotter auf. Die Spielorte jeder Saison sind im \u00dcbrigen immer dieselben, da es <a class=\"more-link\" href=\"https:\/\/wiesenhausen.de\/?page_id=201\">Continue Reading \u2192<\/a><\/p>\n","protected":false},"author":1,"featured_media":0,"parent":0,"menu_order":0,"comment_status":"closed","ping_status":"closed","template":"","meta":{"footnotes":""},"class_list":["post-201","page","type-page","status-publish","hentry"],"_links":{"self":[{"href":"https:\/\/wiesenhausen.de\/index.php?rest_route=\/wp\/v2\/pages\/201","targetHints":{"allow":["GET"]}}],"collection":[{"href":"https:\/\/wiesenhausen.de\/index.php?rest_route=\/wp\/v2\/pages"}],"about":[{"href":"https:\/\/wiesenhausen.de\/index.php?rest_route=\/wp\/v2\/types\/page"}],"author":[{"embeddable":true,"href":"https:\/\/wiesenhausen.de\/index.php?rest_route=\/wp\/v2\/users\/1"}],"replies":[{"embeddable":true,"href":"https:\/\/wiesenhausen.de\/index.php?rest_route=%2Fwp%2Fv2%2Fcomments&post=201"}],"version-history":[{"count":274,"href":"https:\/\/wiesenhausen.de\/index.php?rest_route=\/wp\/v2\/pages\/201\/revisions"}],"predecessor-version":[{"id":28678,"href":"https:\/\/wiesenhausen.de\/index.php?rest_route=\/wp\/v2\/pages\/201\/revisions\/28678"}],"wp:attachment":[{"href":"https:\/\/wiesenhausen.de\/index.php?rest_route=%2Fwp%2Fv2%2Fmedia&parent=201"}],"curies":[{"name":"wp","href":"https:\/\/api.w.org\/{rel}","templated":true}]}}