{"id":205,"date":"2014-10-30T20:30:53","date_gmt":"2014-10-30T20:30:53","guid":{"rendered":"http:\/\/192.168.2.101\/wordpress\/?page_id=205"},"modified":"2026-04-17T20:25:14","modified_gmt":"2026-04-17T20:25:14","slug":"regional-league-meadowhouse-south","status":"publish","type":"page","link":"https:\/\/wiesenhausen.de\/?page_id=205","title":{"rendered":"Regional League Meadowhouse South"},"content":{"rendered":"<p>Die Regional League Meadowhouse (RLM) l\u00e4uft zweigleisig in einer Nord- und einer S\u00fcdstaffel. Sie ist die dritth\u00f6chste Spielklasse in Meadowhouse. Gegr\u00fcndet wurde sie 1756, damals noch als 3. Gr\u00fcne Liga, da es Meadowhouse noch nicht gab. Seit der Gr\u00fcndung von Meadowhouse hei\u00dft sie Regional League Meadowhouse und beherbergt jeweils 20 Teams. Es gibt drei Abstiegs- und drei Aufstiegspl\u00e4tze. Als im Zuge der gro\u00dfen Ligareform zur Saison 1820\/1821 die SLM in zwei Staffeln aufgeteilt und auf jeweils 20 Teams heruntergestockt wurde, \u00e4nderte sich auch das Auf- und Abstiegssystem der RLMs geringf\u00fcgig. Seitdem steigen nicht mehr zwei, sondern drei Teams auf und es steigen aus den Amateurkreisen immer sicher drei Mannschaften auf, da sicher ist, dass drei Teams aus der dazugeh\u00f6rigen SLM absteigen.<\/p>\n<p><strong><span style=\"text-decoration: underline;\">Regional League Meadowhouse South<\/span><\/strong><\/p>\n<p>Die aktuelle Tabelle (Stand: 33. Spieltag)<\/p>\n<ol>\n<li>FC S\u00fcdstrand Berghausen\u00a0 \u00a0 \u00a0 \u00a0 \u00a0 \u00a0 \u00a0 \u00a0 32\u00a0 \u00a019\u00a0 4\u00a0 9\u00a0 \u00a063:34\u00a0 +29\u00a0 \u00a0<strong>61<\/strong><\/li>\n<li>Eintracht Uhlendorf\u00a0 \u00a0 \u00a0 \u00a0 \u00a0 \u00a0 \u00a0 \u00a0 \u00a0 \u00a0 \u00a0 \u00a0 \u00a0 \u00a0 33\u00a0 \u00a018\u00a0 6\u00a0 9\u00a0 \u00a058:41\u00a0 +17\u00a0 \u00a0<strong>60<\/strong><\/li>\n<li>Draconia Rosenach\u00a0 \u00a0 \u00a0 \u00a0 \u00a0 \u00a0 \u00a0 \u00a0 \u00a0 \u00a0 \u00a0 \u00a0 \u00a0 \u00a033\u00a0 \u00a017\u00a0 8\u00a0 8\u00a0 \u00a055:40\u00a0 +15\u00a0 \u00a0<strong>59<\/strong><\/li>\n<li>SC Campinas\u00a0 \u00a0 \u00a0 \u00a0 \u00a0 \u00a0 \u00a0 \u00a0 \u00a0 \u00a0 \u00a0 \u00a0 \u00a0 \u00a0 \u00a0 \u00a0 \u00a0 \u00a0 32\u00a0 \u00a016\u00a0 9\u00a0 7\u00a0 \u00a056:41\u00a0 +15\u00a0 <strong>\u00a057<\/strong><\/li>\n<li>SV Opalsf\u00f6rde\u00a0 \u00a0 \u00a0 \u00a0 \u00a0 \u00a0 \u00a0 \u00a0 \u00a0 \u00a0 \u00a0 \u00a0 \u00a0 \u00a0 \u00a0 \u00a0 \u00a0 \u00a032\u00a0 \u00a016\u00a0 8\u00a0 8\u00a0 \u00a058:38\u00a0 +20\u00a0 \u00a0<strong>56<\/strong><\/li>\n<li>Anker Nascastron\u00a0 \u00a0 \u00a0 \u00a0 \u00a0 \u00a0 \u00a0 \u00a0 \u00a0 \u00a0 \u00a0 \u00a0 \u00a0 \u00a0 \u00a0 32\u00a0 \u00a016\u00a0 8\u00a0 8\u00a0 \u00a051:41\u00a0 +10\u00a0 \u00a0<strong>56<\/strong><\/li>\n<li>SV Stedenkirchen\u00a0 \u00a0 \u00a0 \u00a0 \u00a0 \u00a0 \u00a0 \u00a0 \u00a0 \u00a0 \u00a0 \u00a0 \u00a0 \u00a0 \u00a0 32\u00a0 \u00a016\u00a0 4\u00a0 12\u00a0 \u00a061:47\u00a0 +14\u00a0 \u00a0<strong>52<\/strong><\/li>\n<li>SpVgg Kerchental\u00a0 \u00a0 \u00a0 \u00a0 \u00a0 \u00a0 \u00a0 \u00a0 \u00a0 \u00a0 \u00a0 \u00a0 \u00a0 \u00a0 \u00a0 32\u00a0 \u00a014\u00a0 10\u00a0 8\u00a0 \u00a053:39\u00a0 +14\u00a0 \u00a0<strong>52<\/strong><\/li>\n<li>CfR Waldknacksien\u00a0 \u00a0 \u00a0 \u00a0 \u00a0 \u00a0 \u00a0 \u00a0 \u00a0 \u00a0 \u00a0 \u00a0 \u00a0 \u00a0 32\u00a0 \u00a014\u00a0 6\u00a0 12\u00a0 \u00a051:47\u00a0 +4\u00a0 \u00a0<strong>48<\/strong><\/li>\n<li>1. MBC H\u00f6hlenpark\u00a0 \u00a0 \u00a0 \u00a0 \u00a0 \u00a0 \u00a0 \u00a0 \u00a0 \u00a0 \u00a0 \u00a0 \u00a0 \u00a0 33\u00a0 \u00a014\u00a0 5\u00a0 14\u00a0 \u00a056:51\u00a0 +5\u00a0 \u00a0<strong>47<\/strong><\/li>\n<li>FC Galdorf\u00a0 \u00a0 \u00a0 \u00a0 \u00a0 \u00a0 \u00a0 \u00a0 \u00a0 \u00a0 \u00a0 \u00a0 \u00a0 \u00a0 \u00a0 \u00a0 \u00a0 \u00a0 \u00a0 \u00a0 \u00a032\u00a0 \u00a011\u00a0 11\u00a0 10\u00a0 \u00a052:54\u00a0 -2\u00a0 \u00a0<strong>44<\/strong><\/li>\n<li>TSV Westwiesenhausen\u00a0 \u00a0 \u00a0 \u00a0 \u00a0 \u00a0 \u00a0 \u00a0 \u00a0 \u00a0 32\u00a0 \u00a013\u00a0 4\u00a0 15\u00a0 \u00a047:51\u00a0 -4\u00a0 \u00a0<strong>44<\/strong><\/li>\n<li>Paradisa Westbach\u00a0 \u00a0 \u00a0 \u00a0 \u00a0 \u00a0 \u00a0 \u00a0 \u00a0 \u00a0 \u00a0 \u00a0 \u00a0 \u00a0 33\u00a0 \u00a013\u00a0 4\u00a0 16\u00a0 \u00a048:51\u00a0 -3\u00a0 \u00a0<strong>43<\/strong><\/li>\n<li>MSV Wester\u00a0 \u00a0 \u00a0 \u00a0 \u00a0 \u00a0 \u00a0 \u00a0 \u00a0 \u00a0 \u00a0 \u00a0 \u00a0 \u00a0 \u00a0 \u00a0 \u00a0 \u00a0 \u00a0 \u00a032\u00a0 \u00a010\u00a0 12\u00a0 10\u00a0 \u00a050:53\u00a0 -3\u00a0 \u00a0<strong>42<\/strong><\/li>\n<li>1.FC Wasserau\u00a0 \u00a0 \u00a0 \u00a0 \u00a0 \u00a0 \u00a0 \u00a0 \u00a0 \u00a0 \u00a0 \u00a0 \u00a0 \u00a0 \u00a0 \u00a0 \u00a0 33\u00a0 \u00a011\u00a0 3\u00a0 19\u00a0 \u00a039:57\u00a0 -18\u00a0 \u00a0<strong>37<\/strong><\/li>\n<li>LSC Rohrdorf 08\u00a0 \u00a0 \u00a0 \u00a0 \u00a0 \u00a0 \u00a0 \u00a0 \u00a0 \u00a0 \u00a0 \u00a0 \u00a0 \u00a0 \u00a0 \u00a0 33\u00a0 \u00a09\u00a0 9\u00a0 15\u00a0 \u00a045:53\u00a0 -8\u00a0 \u00a0<strong>36<\/strong><\/li>\n<li>TSV Kaisersrast\u00a0 \u00a0 \u00a0 \u00a0 \u00a0 \u00a0 \u00a0 \u00a0 \u00a0 \u00a0 \u00a0 \u00a0 \u00a0 \u00a0 \u00a0 \u00a0 \u00a032\u00a0 \u00a08\u00a0 6\u00a0 18\u00a0 \u00a035:59\u00a0 -24\u00a0 \u00a0<strong>30<\/strong><\/li>\n<li>AC San Servo\u00a0 \u00a0 \u00a0 \u00a0 \u00a0 \u00a0 \u00a0 \u00a0 \u00a0 \u00a0 \u00a0 \u00a0 \u00a0 \u00a0 \u00a0 \u00a0 \u00a0 \u00a0 32\u00a0 \u00a06\u00a0 8\u00a0 18\u00a0 \u00a040:62\u00a0 -22\u00a0 \u00a0<strong>26<\/strong><\/li>\n<li>Titania Hallstadt\u00a0 \u00a0 \u00a0 \u00a0 \u00a0 \u00a0 \u00a0 \u00a0 \u00a0 \u00a0 \u00a0 \u00a0 \u00a0 \u00a0 \u00a0 \u00a0 \u00a033\u00a0 \u00a06\u00a0 5\u00a0 22\u00a0 \u00a034:60\u00a0 -26\u00a0 \u00a0<strong>26<\/strong><\/li>\n<li>Olympique Cleopherme\u00a0 \u00a0 \u00a0 \u00a0 \u00a0 \u00a0 \u00a0 \u00a0 \u00a0 \u00a0 \u00a033\u00a0 \u00a08\u00a0 2\u00a0 23\u00a0 \u00a035:71\u00a0 -36\u00a0 \u00a0<strong>26<\/strong><\/li>\n<\/ol>\n<p>33. Spieltag<\/p>\n<p>Eintracht Uhlendorf &#8211; Olympique Cleopherme\u00a0 \u00a0 \u00a0 \u00a0 \u00a0 \u00a03:1 (2:0)\u00a0 \u00a0 \u00a0 \u00a0 \u00a0 \u00a0 \u00a0(Anpfiff Fr., 18 Uhr)<\/p>\n<p>1.FC Wasserau &#8211; 1.MBC H\u00f6hlenpark\u00a0 \u00a0 \u00a0 \u00a0 \u00a0 2:0 (1:0)<\/p>\n<p>Draconia Rosenach &#8211; LSC Rohrdorf 08\u00a0 \u00a0 \u00a0 \u00a0 \u00a02:1 (1:1)<\/p>\n<p>Titania Hallstadt &#8211; Paradisa Westbach\u00a0 \u00a0 \u00a0 \u00a0 \u00a01:1 (1:1)<\/p>\n<p>AC San Servo &#8211; SC Campinas\u00a0 \u00a0 \u00a0 \u00a0 \u00a0 -:-\u00a0 \u00a0 \u00a0 \u00a0 \u00a0 \u00a0 \u00a0 \u00a0 \u00a0 \u00a0 \u00a0 \u00a0 \u00a0 \u00a0 \u00a0 \u00a0 \u00a0 \u00a0 \u00a0 \u00a0 \u00a0 \u00a0 \u00a0 \u00a0 (Anpfiff So., 15 Uhr)<\/p>\n<p>MSV Wester &#8211; SpVgg Kerchental\u00a0 \u00a0 \u00a0 \u00a0 \u00a0 -:-<\/p>\n<p>Anker Nascastron &#8211; CfR Waldknacksien\u00a0 \u00a0 \u00a0 \u00a0 \u00a0 \u00a0-:-<\/p>\n<p>FC Galdorf &#8211; SV Stedenkirchen\u00a0 \u00a0 \u00a0 \u00a0 \u00a0 \u00a0-:-<\/p>\n<p>FC S\u00fcdstrand Berghausen &#8211; TSV Kaisersrast\u00a0 \u00a0 \u00a0 \u00a0 \u00a0-:-<\/p>\n<p>SV Opalsf\u00f6rde &#8211; TSV Westwiesenhausen\u00a0 \u00a0 \u00a0 \u00a0 \u00a0-:-<\/p>\n","protected":false},"excerpt":{"rendered":"<p>Die Regional League Meadowhouse (RLM) l\u00e4uft zweigleisig in einer Nord- und einer S\u00fcdstaffel. Sie ist die dritth\u00f6chste Spielklasse in Meadowhouse. Gegr\u00fcndet wurde sie 1756, damals noch als 3. Gr\u00fcne Liga, da es Meadowhouse noch nicht gab. Seit der Gr\u00fcndung von Meadowhouse hei\u00dft sie Regional League Meadowhouse und beherbergt jeweils 20 Teams. Es gibt drei Abstiegs- und drei Aufstiegspl\u00e4tze. Als im Zuge der gro\u00dfen Ligareform zur Saison 1820\/1821 die SLM in zwei Staffeln aufgeteilt und auf jeweils 20 Teams heruntergestockt wurde, \u00e4nderte sich auch das Auf- und Abstiegssystem der RLMs geringf\u00fcgig. Seitdem steigen nicht mehr zwei, sondern drei Teams auf und es steigen aus den Amateurkreisen immer sicher drei Mannschaften auf, <a class=\"more-link\" href=\"https:\/\/wiesenhausen.de\/?page_id=205\">Continue Reading \u2192<\/a><\/p>\n","protected":false},"author":1,"featured_media":0,"parent":0,"menu_order":0,"comment_status":"closed","ping_status":"closed","template":"","meta":{"footnotes":""},"class_list":["post-205","page","type-page","status-publish","hentry"],"_links":{"self":[{"href":"https:\/\/wiesenhausen.de\/index.php?rest_route=\/wp\/v2\/pages\/205","targetHints":{"allow":["GET"]}}],"collection":[{"href":"https:\/\/wiesenhausen.de\/index.php?rest_route=\/wp\/v2\/pages"}],"about":[{"href":"https:\/\/wiesenhausen.de\/index.php?rest_route=\/wp\/v2\/types\/page"}],"author":[{"embeddable":true,"href":"https:\/\/wiesenhausen.de\/index.php?rest_route=\/wp\/v2\/users\/1"}],"replies":[{"embeddable":true,"href":"https:\/\/wiesenhausen.de\/index.php?rest_route=%2Fwp%2Fv2%2Fcomments&post=205"}],"version-history":[{"count":2119,"href":"https:\/\/wiesenhausen.de\/index.php?rest_route=\/wp\/v2\/pages\/205\/revisions"}],"predecessor-version":[{"id":28705,"href":"https:\/\/wiesenhausen.de\/index.php?rest_route=\/wp\/v2\/pages\/205\/revisions\/28705"}],"wp:attachment":[{"href":"https:\/\/wiesenhausen.de\/index.php?rest_route=%2Fwp%2Fv2%2Fmedia&parent=205"}],"curies":[{"name":"wp","href":"https:\/\/api.w.org\/{rel}","templated":true}]}}