{"id":206,"date":"2014-10-21T19:59:39","date_gmt":"2014-10-21T19:59:39","guid":{"rendered":"http:\/\/192.168.2.101\/wordpress\/?page_id=206"},"modified":"2026-04-12T09:28:51","modified_gmt":"2026-04-12T09:28:51","slug":"koenigsliga","status":"publish","type":"page","link":"https:\/\/wiesenhausen.de\/?page_id=206","title":{"rendered":"Koenigsliga"},"content":{"rendered":"<div>Die Koenigsliga ist nach Meinung von Experten die beste Fu\u00dfballliga der Lieben Welt. Sie ist ein l\u00e4nder\u00fcbergreifender Zusammenschluss verschiedener Fu\u00dfballverb\u00e4nde des Kontinents Thovez, bei dem zum Gro\u00dfteil paradiesische Mannschaften, in dieser Saison aber auch Teams aus Gartenparadies und Lassver mitspielen. Die Koenigsliga blickt auf eine lange Tradition zur\u00fcck. Sie wurde 1748 gegr\u00fcndet. Der allererste Meister der Koenigsliga war 1749 der 1.FC Duckenburgh. Duckenburgh ist auch bis heute Rekordmeister mit insgesamt 18 gewonnenen Titeln. Die Koenigsliga gelangte insbesondere durch ihr hohes Tempo, die technische Finesse der Spieler und der besonderes Emotionalit\u00e4t in den internationalen Fokus. Bis 1805 beherbergte sie 18 Teams, seitdem spielen dort 20 Teams. Ihr Ruf, dort w\u00fcrde &#8222;au\u00dferirdischer Fu\u00dfball&#8220; gespielt, h\u00e4lt sich bis heute und auch international machen die Teams der Koenigsliga regelm\u00e4\u00dfig auf sich aufmerksam. Der Meister nimmt automatisch am Premiere Cup der Ligameister teil, die Pl\u00e4tze 2 bis 6 f\u00fchren sicher in die World League. Sollte der Pokalsieger, der im Premiere Cup der Pokalsieger aufl\u00e4uft, einen dieser Pl\u00e4tze belegen, berechtigt auch noch der 7. Platz zur Teilnahme an der World League. Die letzten vier Teams steigen ab. Aktueller Koenigsmeister ist der FBV Valreuth.<\/div>\n<div><\/div>\n<div>Die aktuelle Tabelle (Stand: 32. Spieltag)<\/div>\n<div><\/div>\n<ol>\n<li>Eintracht Lansweg\u00a0 \u00a0 \u00a0 \u00a0 \u00a0 \u00a0 \u00a0 \u00a0 \u00a0 \u00a032\u00a0 \u00a021\u00a0 5\u00a0 6\u00a0 \u00a062:25\u00a0 +37\u00a0 \u00a0<strong>68<\/strong><\/li>\n<li>VfL Polsingerschersch\u00a0 \u00a0 \u00a0 \u00a0 \u00a0 \u00a0 \u00a032\u00a0 \u00a018\u00a0 9\u00a0 5\u00a0 \u00a056:30\u00a0 +26\u00a0 \u00a0<strong>63<\/strong><\/li>\n<li>VfL Molnancolvo\u00a0 \u00a0 \u00a0 \u00a0 \u00a0 \u00a0 \u00a0 \u00a0 \u00a0 \u00a0 \u00a0 32\u00a0 \u00a018\u00a0 7\u00a0 7\u00a0 \u00a045:27\u00a0 +18\u00a0 \u00a0<strong>61<\/strong><\/li>\n<li>FCK Medailivogn\u00a0 \u00a0 \u00a0 \u00a0 \u00a0 \u00a0 \u00a0 \u00a0 \u00a0 \u00a0 \u00a0 32\u00a0 \u00a017\u00a0 6\u00a0 9\u00a0 \u00a046:35\u00a0 +11\u00a0 \u00a0<strong>57<\/strong><\/li>\n<li>FBV Valreuth\u00a0 \u00a0 \u00a0 \u00a0 \u00a0 \u00a0 \u00a0 \u00a0 \u00a0 \u00a0 \u00a0 \u00a0 \u00a0 \u00a0 32\u00a0 \u00a016\u00a0 8\u00a0 8\u00a0 \u00a045:27\u00a0 +18\u00a0 \u00a0<strong>56<\/strong><\/li>\n<li>FC Kapstadt\u00a0 \u00a0 \u00a0 \u00a0 \u00a0 \u00a0 \u00a0 \u00a0 \u00a0 \u00a0 \u00a0 \u00a0 \u00a0 \u00a0 \u00a032\u00a0 \u00a015\u00a0 8\u00a0 9\u00a0 \u00a054:34\u00a0 +20\u00a0 \u00a0<strong>53<\/strong><\/li>\n<li>SC Francesburgh\u00a0 \u00a0 \u00a0 \u00a0 \u00a0 \u00a0 \u00a0 \u00a0 \u00a0 \u00a0 \u00a032\u00a0 \u00a014\u00a0 7\u00a0 11\u00a0 \u00a053:39\u00a0 +14\u00a0 \u00a0<strong>49<\/strong><\/li>\n<li>Rhamatrucha I\u00a0 \u00a0 \u00a0 \u00a0 \u00a0 \u00a0 \u00a0 \u00a0 \u00a0 \u00a0 \u00a0 \u00a0 \u00a032\u00a0 \u00a013\u00a0 5\u00a0 14\u00a0 \u00a048:42\u00a0 +6\u00a0 \u00a0<strong>44<\/strong><\/li>\n<li>FC Vao\u00a0 \u00a0 \u00a0 \u00a0 \u00a0 \u00a0 \u00a0 \u00a0 \u00a0 \u00a0 \u00a0 \u00a0 \u00a0 \u00a0 \u00a0 \u00a0 \u00a0 \u00a0 \u00a032\u00a0 \u00a012\u00a0 8\u00a0 12\u00a0 \u00a051:48\u00a0 +3\u00a0 \u00a0<strong>44<\/strong><\/li>\n<li>Okster I\u00a0 \u00a0 \u00a0 \u00a0 \u00a0 \u00a0 \u00a0 \u00a0 \u00a0 \u00a0 \u00a0 \u00a0 \u00a0 \u00a0 \u00a0 \u00a0 \u00a0 \u00a0 32\u00a0 \u00a011\u00a0 11\u00a0 10\u00a0 \u00a033:37\u00a0 -4\u00a0 \u00a0<strong>44<\/strong><\/li>\n<li>FV Varberg\u00a0 \u00a0 \u00a0 \u00a0 \u00a0 \u00a0 \u00a0 \u00a0 \u00a0 \u00a0 \u00a0 \u00a0 \u00a0 \u00a0 \u00a0 \u00a032\u00a0 \u00a012\u00a0 7\u00a0 13\u00a0 \u00a038:42\u00a0 -4\u00a0 \u00a0<strong>43<\/strong><\/li>\n<li>1.FSV Hiaol\u00a0 \u00a0 \u00a0 \u00a0 \u00a0 \u00a0 \u00a0 \u00a0 \u00a0 \u00a0 \u00a0 \u00a0 \u00a0 \u00a0 \u00a0 32\u00a0 \u00a011\u00a0 10\u00a0 11\u00a0 \u00a037:42\u00a0 -5\u00a0 \u00a0<strong>43<\/strong><\/li>\n<li>1.FC Fishguard\u00a0 \u00a0 \u00a0 \u00a0 \u00a0 \u00a0 \u00a0 \u00a0 \u00a0 \u00a0 \u00a0 \u00a0 32\u00a0 \u00a012\u00a0 5\u00a0 15\u00a0 \u00a046:55\u00a0 -9\u00a0 \u00a0<strong>41<\/strong><\/li>\n<li>1.FC Duckenburgh\u00a0 \u00a0 \u00a0 \u00a0 \u00a0 \u00a0 \u00a0 \u00a0 \u00a0 \u00a032\u00a0 \u00a010\u00a0 8\u00a0 14\u00a0 \u00a037:42\u00a0 -5\u00a0 \u00a0<strong>38<\/strong><\/li>\n<li>Eintracht Oll 93\u00a0 \u00a0 \u00a0 \u00a0 \u00a0 \u00a0 \u00a0 \u00a0 \u00a0 \u00a0 \u00a0 \u00a0 \u00a032\u00a0 \u00a08\u00a0 12\u00a0 12\u00a0 \u00a042:51\u00a0 -9\u00a0 \u00a0<strong>36<\/strong><\/li>\n<li>FC Entenhausen\u00a0 \u00a0 \u00a0 \u00a0 \u00a0 \u00a0 \u00a0 \u00a0 \u00a0 \u00a0 \u00a0 32\u00a0 \u00a07\u00a0 12\u00a0 13\u00a0 \u00a030:49\u00a0 -19\u00a0 \u00a0<strong>33<\/strong><\/li>\n<li>SV Lichtentaale\u00a0 \u00a0 \u00a0 \u00a0 \u00a0 \u00a0 \u00a0 \u00a0 \u00a0 \u00a0 \u00a0 \u00a0 32\u00a0 \u00a07\u00a0 11\u00a0 14\u00a0 \u00a034:48\u00a0 -14\u00a0 \u00a0<strong>32<\/strong><\/li>\n<li>SV Johannesburgh 06\u00a0 \u00a0 \u00a0 \u00a0 \u00a0 \u00a0 \u00a0 32\u00a0 \u00a07\u00a0 9\u00a0 16\u00a0 \u00a030:40\u00a0 -10\u00a0 \u00a0<strong>30<\/strong><\/li>\n<li>SC Timmendorf\u00a0 \u00a0 \u00a0 \u00a0 \u00a0 \u00a0 \u00a0 \u00a0 \u00a0 \u00a0 \u00a0 \u00a0 \u00a032\u00a0 \u00a06\u00a0 7\u00a0 19\u00a0 \u00a028:56\u00a0 -28\u00a0 \u00a0<strong>25<\/strong><\/li>\n<li>Rhamatrucha II\u00a0 \u00a0 \u00a0 \u00a0 \u00a0 \u00a0 \u00a0 \u00a0 \u00a0 \u00a0 \u00a0 \u00a0 \u00a032\u00a0 \u00a06\u00a0 3\u00a0 23\u00a0 \u00a028:64\u00a0 -46\u00a0 \u00a0<strong>21<\/strong><\/li>\n<\/ol>\n<p>32. Spieltag<\/p>\n<p>FBV Valreuth &#8211; FV Varberg\u00a0 \u00a0 \u00a0 \u00a0 \u00a0 0:1 (0:1)\u00a0 \u00a0 \u00a0 \u00a0 \u00a0 \u00a0 \u00a0 \u00a0 \u00a0 \u00a0 \u00a0 \u00a0 \u00a0 \u00a0 \u00a0 \u00a0 \u00a0 \u00a0 \u00a0 \u00a0(Anpfiff Fr., 19 Uhr)<br \/>\n<em>0:1 Beckhoff (1.)<\/em><\/p>\n<p>1.FSV Hiaol &#8211; FC Entenhausen\u00a0 \u00a0 \u00a0 \u00a0 \u00a0 \u00a0 0:0 (0:0)<br \/>\n<em>GRK: D\u00fcmpelfried (FCE\/wdh. Foul, 32.)<\/em><\/p>\n<p>SC Francesburgh &#8211; Rhamatrucha I\u00a0 \u00a0 \u00a0 \u00a0 \u00a0 \u00a00:3 (0:2)<br \/>\n<em>0:1 Hochrein (13.), 0:2 Hochrein (45.+1), 0:3 Wlodarski (47.)<\/em><\/p>\n<p>Okster I &#8211; SV Lichtentaale\u00a0 \u00a0 \u00a0 \u00a0 \u00a0 1:1 (1:0)\u00a0 \u00a0 \u00a0 \u00a0 \u00a0 \u00a0 \u00a0 \u00a0 \u00a0 \u00a0 \u00a0 \u00a0 \u00a0 \u00a0 \u00a0 \u00a0 \u00a0 \u00a0 \u00a0 \u00a0 (Anpfiff Sa., 15 Uhr)<br \/>\n<em>1:0 Machaczek (43.), 1:1 Heutling (69.)<\/em><\/p>\n<p>SV Johannesburgh 06 &#8211; 1.FC Duckenburgh\u00a0 \u00a0 \u00a0 \u00a0 \u00a0 2:1 (1:1)<br \/>\n<em>1:0 Petrenko (27.), 1:1 Andrasch (44.), 2:1 Mijailovic (54.)<\/em><\/p>\n<p>SC Timmendorf &#8211; FC Vao\u00a0 \u00a0 \u00a0 \u00a0 \u00a0 0:2 (0:1)<br \/>\n<em>0:1 Neubert (11.), 0:2 K\u00e4stern (88.)<\/em><\/p>\n<p>Eintracht Oll 93 &#8211; Rhamatrucha II\u00a0 \u00a0 \u00a0 \u00a0 \u00a0 \u00a03:1 (1:0)<br \/>\n<em>1:0 Landa (24.), 1:1 Boytz (53.), 2:1 Bleser (66.), 3:1 Landa (80., FE)<\/em><\/p>\n<p>VfL Molnancolvo &#8211; 1.FC Fishguard\u00a0 \u00a0 \u00a0 \u00a0 \u00a0 \u00a01:0 (0:0)<br \/>\n<em>1:0 K\u00fchn (49.) &#8211; GRK: Jaenssen (1.FCF\/wdh. Foul, 28.)<\/em><\/p>\n<p>FC Kapstadt &#8211; FCK Medailivogn\u00a0 \u00a0 \u00a0 \u00a0 \u00a0 1:1 (1:0)<br \/>\n<em>1:0 Wiedenroth (24.), 1:1 Fahramir (86.)<\/em><\/p>\n<p>VfL Polsingerschersch &#8211; Eintracht Lansweg\u00a0 \u00a0 \u00a0 \u00a0 \u00a0 \u00a03:1 (1:1)\u00a0 \u00a0 \u00a0 \u00a0 (Anpfiff Sa., 18:30 Uhr)<br \/>\n<em>1:0 Krasnic (27.), 1:1 Kurczuk (43.), 2:1 M\u00f6ller (46.), 3:1 M\u00f6ller (55.) &#8211; Bes. VK: M\u00f6ller (VfL) verschie\u00dft HE (33.)<\/em><\/p>\n","protected":false},"excerpt":{"rendered":"<p>Die Koenigsliga ist nach Meinung von Experten die beste Fu\u00dfballliga der Lieben Welt. Sie ist ein l\u00e4nder\u00fcbergreifender Zusammenschluss verschiedener Fu\u00dfballverb\u00e4nde des Kontinents Thovez, bei dem zum Gro\u00dfteil paradiesische Mannschaften, in dieser Saison aber auch Teams aus Gartenparadies und Lassver mitspielen. Die Koenigsliga blickt auf eine lange Tradition zur\u00fcck. Sie wurde 1748 gegr\u00fcndet. Der allererste Meister der Koenigsliga war 1749 der 1.FC Duckenburgh. Duckenburgh ist auch bis heute Rekordmeister mit insgesamt 18 gewonnenen Titeln. Die Koenigsliga gelangte insbesondere durch ihr hohes Tempo, die technische Finesse der Spieler und der besonderes Emotionalit\u00e4t in den internationalen Fokus. Bis 1805 beherbergte sie 18 Teams, seitdem spielen dort 20 Teams. Ihr Ruf, dort w\u00fcrde &#8222;au\u00dferirdischer <a class=\"more-link\" href=\"https:\/\/wiesenhausen.de\/?page_id=206\">Continue Reading \u2192<\/a><\/p>\n","protected":false},"author":1,"featured_media":0,"parent":0,"menu_order":0,"comment_status":"closed","ping_status":"closed","template":"","meta":{"footnotes":""},"class_list":["post-206","page","type-page","status-publish","hentry"],"_links":{"self":[{"href":"https:\/\/wiesenhausen.de\/index.php?rest_route=\/wp\/v2\/pages\/206","targetHints":{"allow":["GET"]}}],"collection":[{"href":"https:\/\/wiesenhausen.de\/index.php?rest_route=\/wp\/v2\/pages"}],"about":[{"href":"https:\/\/wiesenhausen.de\/index.php?rest_route=\/wp\/v2\/types\/page"}],"author":[{"embeddable":true,"href":"https:\/\/wiesenhausen.de\/index.php?rest_route=\/wp\/v2\/users\/1"}],"replies":[{"embeddable":true,"href":"https:\/\/wiesenhausen.de\/index.php?rest_route=%2Fwp%2Fv2%2Fcomments&post=206"}],"version-history":[{"count":3841,"href":"https:\/\/wiesenhausen.de\/index.php?rest_route=\/wp\/v2\/pages\/206\/revisions"}],"predecessor-version":[{"id":28672,"href":"https:\/\/wiesenhausen.de\/index.php?rest_route=\/wp\/v2\/pages\/206\/revisions\/28672"}],"wp:attachment":[{"href":"https:\/\/wiesenhausen.de\/index.php?rest_route=%2Fwp%2Fv2%2Fmedia&parent=206"}],"curies":[{"name":"wp","href":"https:\/\/api.w.org\/{rel}","templated":true}]}}