{"id":207,"date":"2014-11-01T21:18:08","date_gmt":"2014-11-01T21:18:08","guid":{"rendered":"http:\/\/192.168.2.101\/wordpress\/?page_id=207"},"modified":"2026-04-19T16:52:47","modified_gmt":"2026-04-19T16:52:47","slug":"zweite-koenigsliga","status":"publish","type":"page","link":"https:\/\/wiesenhausen.de\/?page_id=207","title":{"rendered":"Zweite Koenigsliga"},"content":{"rendered":"<p>Die Zweite Koenigsliga ist die zweith\u00f6chste Spielklasse in Thovez und Atcanien. Hier finden sich immer viele Mannschaften, die in n\u00e4herer oder fernerer Vergangenheit mal zu den etablierten Clubs aus der Ersten Koenigsliga geh\u00f6rten. Dazu z\u00e4hlen Mannschaften wie Bourg, Rhamatrucha I, Rhamatrucha II, Holzhausen, Varberg oder Holstein-Sauerwalder. Die Aufsteiger aus der Dritten Koenigsliga Nord und S\u00fcd bringen dann aber auch eine gute Durchmischung in die Liga. Mannschaften wie Johannessee, Elspreu\u00df, D\u00fcnschede, Pelamente und Waldfeld geh\u00f6ren zweifelsohne dazu. Es gibt vier Aufstiegsr\u00e4nge und vier Abstiegsr\u00e4nge. Die bis vor kurzem noch geltende Relegation wurde mittlerweile wieder abgeschafft.<\/p>\n<p>Die aktuelle Tabelle:<\/p>\n<ol>\n<li>1. FC Wittenbach\u00a0 \u00a0 \u00a0 \u00a0 \u00a0 \u00a0 \u00a0 \u00a0 \u00a0 \u00a0 \u00a0 \u00a0 \u00a0 \u00a0 \u00a0 \u00a0 \u00a0 \u00a0 \u00a0 \u00a0 \u00a0 \u00a0 \u00a0 \u00a0 \u00a057:28\u00a0 \u00a0+29\u00a0 \u00a0 <strong>65<\/strong><\/li>\n<li>KFE Selle-Royal\u00a0 \u00a0 \u00a0 \u00a0 \u00a0 \u00a0 \u00a0 \u00a0 \u00a0 \u00a0 \u00a0 \u00a0 \u00a0 \u00a0 \u00a0 \u00a0 \u00a0 \u00a0 \u00a0 \u00a0 \u00a0 \u00a0 \u00a0 \u00a0 \u00a0 63:34\u00a0 \u00a0+29\u00a0 \u00a0 <strong>62<\/strong><\/li>\n<li>LSC Waldfeld\u00a0 \u00a0 \u00a0 \u00a0 \u00a0 \u00a0 \u00a0 \u00a0 \u00a0 \u00a0 \u00a0 \u00a0 \u00a0 \u00a0 \u00a0 \u00a0 \u00a0 \u00a0 \u00a0 \u00a0 \u00a0 \u00a0 \u00a0 \u00a0 \u00a0 \u00a0 \u00a0 \u00a062:38\u00a0 \u00a0+24\u00a0 \u00a0 <strong>58<\/strong><\/li>\n<li>SV Bamako\u00a0 \u00a0 \u00a0 \u00a0 \u00a0 \u00a0 \u00a0 \u00a0 \u00a0 \u00a0 \u00a0 \u00a0 \u00a0 \u00a0 \u00a0 \u00a0 \u00a0 \u00a0 \u00a0 \u00a0 \u00a0 \u00a0 \u00a0 \u00a0 \u00a0 \u00a0 \u00a0 \u00a0 \u00a0 50:32\u00a0 \u00a0+18\u00a0 \u00a0 <strong>58<\/strong><\/li>\n<li>VfL Landkreis\u00a0 \u00a0 \u00a0 \u00a0 \u00a0 \u00a0 \u00a0 \u00a0 \u00a0 \u00a0 \u00a0 \u00a0 \u00a0 \u00a0 \u00a0 \u00a0 \u00a0 \u00a0 \u00a0 \u00a0 \u00a0 \u00a0 \u00a0 \u00a0 \u00a0 \u00a0 \u00a0 \u00a049:39\u00a0 \u00a0+10\u00a0 \u00a0 <strong>58<\/strong><\/li>\n<li>SC Yamoussokro\u00a0 \u00a0 \u00a0 \u00a0 \u00a0 \u00a0 \u00a0 \u00a0 \u00a0 \u00a0 \u00a0 \u00a0 \u00a0 \u00a0 \u00a0 \u00a0 \u00a0 \u00a0 \u00a0 \u00a0 \u00a0 \u00a0 \u00a0 \u00a0 \u00a058:40\u00a0 \u00a0+18\u00a0 \u00a0 <strong>57<\/strong><\/li>\n<li>SC Ouagadougou\u00a0 \u00a0 \u00a0 \u00a0 \u00a0 \u00a0 \u00a0 \u00a0 \u00a0 \u00a0 \u00a0 \u00a0 \u00a0 \u00a0 \u00a0 \u00a0 \u00a0 \u00a0 \u00a0 \u00a0 \u00a0 \u00a0 \u00a0 \u00a0 55:37\u00a0 \u00a0+18\u00a0 \u00a0 <strong>57<\/strong><\/li>\n<li>FC Manando\u00a0 \u00a0 \u00a0 \u00a0 \u00a0 \u00a0 \u00a0 \u00a0 \u00a0 \u00a0 \u00a0 \u00a0 \u00a0 \u00a0 \u00a0 \u00a0 \u00a0 \u00a0 \u00a0 \u00a0 \u00a0 \u00a0 \u00a0 \u00a0 \u00a0 \u00a0 \u00a0 \u00a0 51:39\u00a0 \u00a0+12\u00a0 \u00a0 <strong>57<\/strong><\/li>\n<li>SV Steinbr\u00fcck\u00a0 \u00a0 \u00a0 \u00a0 \u00a0 \u00a0 \u00a0 \u00a0 \u00a0 \u00a0 \u00a0 \u00a0 \u00a0 \u00a0 \u00a0 \u00a0 \u00a0 \u00a0 \u00a0 \u00a0 \u00a0 \u00a0 \u00a0 \u00a0 \u00a0 \u00a0 \u00a0 67:43\u00a0 \u00a0+24\u00a0 \u00a0 <strong>54<\/strong><\/li>\n<li>1. FC Emsk\u00a0 \u00a0 \u00a0 \u00a0 \u00a0 \u00a0 \u00a0 \u00a0 \u00a0 \u00a0 \u00a0 \u00a0 \u00a0 \u00a0 \u00a0 \u00a0 \u00a0 \u00a0 \u00a0 \u00a0 \u00a0 \u00a0 \u00a0 \u00a0 \u00a0 \u00a0 \u00a0 \u00a0 \u00a0 52:46\u00a0 \u00a0 +6\u00a0 \u00a0 \u00a0<strong>47<\/strong><\/li>\n<li>Kaller FSV Bourg\u00a0 \u00a0 \u00a0 \u00a0 \u00a0 \u00a0 \u00a0 \u00a0 \u00a0 \u00a0 \u00a0 \u00a0 \u00a0 \u00a0 \u00a0 \u00a0 \u00a0 \u00a0 \u00a0 \u00a0 \u00a0 \u00a0 \u00a0 \u00a0 \u00a043:47\u00a0 \u00a0 \u00a0-4\u00a0 \u00a0 \u00a0<strong>45<\/strong><\/li>\n<li>1. SC Avanjas\u00a0 \u00a0 \u00a0 \u00a0 \u00a0 \u00a0 \u00a0 \u00a0 \u00a0 \u00a0 \u00a0 \u00a0 \u00a0 \u00a0 \u00a0 \u00a0 \u00a0 \u00a0 \u00a0 \u00a0 \u00a0 \u00a0 \u00a0 \u00a0 \u00a0 \u00a0 \u00a0 43:44\u00a0 \u00a0 \u00a0-1\u00a0 \u00a0 \u00a0<strong>44<\/strong><\/li>\n<li>1. SC Holzhausen\u00a0 \u00a0 \u00a0 \u00a0 \u00a0 \u00a0 \u00a0 \u00a0 \u00a0 \u00a0 \u00a0 \u00a0 \u00a0 \u00a0 \u00a0 \u00a0 \u00a0 \u00a0 \u00a0 \u00a0 \u00a0 \u00a0 \u00a0 \u00a0 44:49\u00a0 \u00a0 \u00a0-5\u00a0 \u00a0 \u00a0<strong>40<\/strong><\/li>\n<li>FC Scheds\u00a0 \u00a0 \u00a0 \u00a0 \u00a0 \u00a0 \u00a0 \u00a0 \u00a0 \u00a0 \u00a0 \u00a0 \u00a0 \u00a0 \u00a0 \u00a0 \u00a0 \u00a0 \u00a0 \u00a0 \u00a0 \u00a0 \u00a0 \u00a0 \u00a0 \u00a0 \u00a0 \u00a0 \u00a0 \u00a046:58\u00a0 \u00a0 -12\u00a0 \u00a0 <strong>40<\/strong><\/li>\n<li>VfL Marcenderies\u00a0 \u00a0 \u00a0 \u00a0 \u00a0 \u00a0 \u00a0 \u00a0 \u00a0 \u00a0 \u00a0 \u00a0 \u00a0 \u00a0 \u00a0 \u00a0 \u00a0 \u00a0 \u00a0 \u00a0 \u00a0 \u00a0 \u00a0 \u00a0 \u00a042:61\u00a0 \u00a0-19\u00a0 \u00a0 \u00a0<strong>35<\/strong><\/li>\n<li>FC Ovo 03\u00a0 \u00a0 \u00a0 \u00a0 \u00a0 \u00a0 \u00a0 \u00a0 \u00a0 \u00a0 \u00a0 \u00a0 \u00a0 \u00a0 \u00a0 \u00a0 \u00a0 \u00a0 \u00a0 \u00a0 \u00a0 \u00a0 \u00a0 \u00a0 \u00a0 \u00a0 \u00a0 \u00a0 \u00a0 \u00a0 38:55\u00a0 \u00a0-17\u00a0 \u00a0 <strong>33<\/strong><\/li>\n<li>Okster II\u00a0 \u00a0 \u00a0 \u00a0 \u00a0 \u00a0 \u00a0 \u00a0 \u00a0 \u00a0 \u00a0 \u00a0 \u00a0 \u00a0 \u00a0 \u00a0 \u00a0 \u00a0 \u00a0 \u00a0 \u00a0 \u00a0 \u00a0 \u00a0 \u00a0 \u00a0 \u00a0 \u00a0 \u00a0 \u00a0 \u00a0 \u00a037:57\u00a0 \u00a0-20\u00a0 \u00a0 \u00a0<strong>32<\/strong><\/li>\n<li>FSV Antananarivo\u00a0 \u00a0 \u00a0 \u00a0 \u00a0 \u00a0 \u00a0 \u00a0 \u00a0 \u00a0 \u00a0 \u00a0 \u00a0 \u00a0 \u00a0 \u00a0 \u00a0 \u00a0 \u00a0 \u00a0 \u00a0 \u00a0 \u00a0 \u00a0 36:62\u00a0 \u00a0-26\u00a0 \u00a0 <strong>31<\/strong><\/li>\n<li>VfB Mullewapp\u00a0 \u00a0 \u00a0 \u00a0 \u00a0 \u00a0 \u00a0 \u00a0 \u00a0 \u00a0 \u00a0 \u00a0 \u00a0 \u00a0 \u00a0 \u00a0 \u00a0 \u00a0 \u00a0 \u00a0 \u00a0 \u00a0 \u00a0 \u00a0 \u00a0 \u00a0 \u00a033:72\u00a0 \u00a0-39\u00a0 \u00a0 <strong>28<\/strong><\/li>\n<li>1. FC Holstein-Sauerwalder\u00a0 \u00a0 \u00a0 \u00a0 \u00a0 \u00a0 \u00a0 \u00a0 \u00a0 \u00a0 \u00a0 \u00a0 \u00a0 \u00a0 \u00a0 \u00a0 \u00a031:72\u00a0 \u00a0-41\u00a0 \u00a0 <strong>20<\/strong><\/li>\n<\/ol>\n<p>&nbsp;<\/p>\n<p>33. Spieltag:<\/p>\n<p>FC Manando &#8211; 1. SC Holzhausen\u00a0 \u00a0 \u00a0 1:0 (0:0)<\/p>\n<p>Okster II &#8211; FC Scheds\u00a0 \u00a0 \u00a0 3:1 (2:0)<\/p>\n<p>VfL Marcenderies &#8211; SV Bamako\u00a0 \u00a0 \u00a0 0:3 (0:1)\u00a0 \u00a0 \u00a0 \u00a0 \u00a0 \u00a0 \u00a0 \u00a0 \u00a0 \u00a0 \u00a0 \u00a0 \u00a0 \u00a0 \u00a0 \u00a0 \u00a0 \u00a0 \u00a0 \u00a0 \u00a0 \u00a0 \u00a0 \u00a0(Anpfiff: Fr. 17.00)<\/p>\n<p>SV Steinbr\u00fcck &#8211; KFE Selle-Royal\u00a0 \u00a0 \u00a0 1:2 (1:1)<\/p>\n<p>1. SC Avanjas &#8211; FSV Antananarivo\u00a0 \u00a0 \u00a0 1:1 (0:1)<\/p>\n<p>1. FC Emsk &#8211; Kaller FSV Bourg\u00a0 \u00a0 \u00a0 0:2 (0:1)\u00a0 \u00a0 \u00a0 \u00a0 \u00a0 \u00a0 \u00a0 \u00a0 \u00a0 \u00a0 \u00a0 \u00a0 \u00a0 \u00a0 \u00a0 \u00a0 \u00a0 \u00a0 \u00a0 \u00a0 \u00a0 \u00a0 \u00a0 \u00a0 (Anpfiff: Sa. 13.00)<\/p>\n<p>1. FC Wittenbach &#8211; VfL Landkreis\u00a0 \u00a0 \u00a0 1:1 (1:0)<\/p>\n<p>SC Yamoussokro &#8211; SC Ouagadougou\u00a0 \u00a0 \u00a0 2:1 (1:1)<\/p>\n<p>LSC Waldfeld &#8211; 1. FC Holstein-Sauerwalder\u00a0 \u00a0 \u00a0 2:0 (1:0)<\/p>\n<p>FC Ovo 03 &#8211; VfB Mullewapp\u00a0 \u00a0 \u00a0 2:2 (1:0)\u00a0 \u00a0 \u00a0 \u00a0 \u00a0 \u00a0 \u00a0 \u00a0 \u00a0 \u00a0 \u00a0 \u00a0 \u00a0 \u00a0 \u00a0 \u00a0 \u00a0 \u00a0 \u00a0 \u00a0 \u00a0 \u00a0 \u00a0 \u00a0 \u00a0 \u00a0 \u00a0 (Anpfiff: So. 15.30)<\/p>\n","protected":false},"excerpt":{"rendered":"<p>Die Zweite Koenigsliga ist die zweith\u00f6chste Spielklasse in Thovez und Atcanien. Hier finden sich immer viele Mannschaften, die in n\u00e4herer oder fernerer Vergangenheit mal zu den etablierten Clubs aus der Ersten Koenigsliga geh\u00f6rten. Dazu z\u00e4hlen Mannschaften wie Bourg, Rhamatrucha I, Rhamatrucha II, Holzhausen, Varberg oder Holstein-Sauerwalder. Die Aufsteiger aus der Dritten Koenigsliga Nord und S\u00fcd bringen dann aber auch eine gute Durchmischung in die Liga. Mannschaften wie Johannessee, Elspreu\u00df, D\u00fcnschede, Pelamente und Waldfeld geh\u00f6ren zweifelsohne dazu. Es gibt vier Aufstiegsr\u00e4nge und vier Abstiegsr\u00e4nge. Die bis vor kurzem noch geltende Relegation wurde mittlerweile wieder abgeschafft. Die aktuelle Tabelle: 1. FC Wittenbach\u00a0 \u00a0 \u00a0 \u00a0 \u00a0 \u00a0 \u00a0 \u00a0 \u00a0 \u00a0 \u00a0 <a class=\"more-link\" href=\"https:\/\/wiesenhausen.de\/?page_id=207\">Continue Reading \u2192<\/a><\/p>\n","protected":false},"author":1,"featured_media":0,"parent":0,"menu_order":0,"comment_status":"closed","ping_status":"closed","template":"","meta":{"footnotes":""},"class_list":["post-207","page","type-page","status-publish","hentry"],"_links":{"self":[{"href":"https:\/\/wiesenhausen.de\/index.php?rest_route=\/wp\/v2\/pages\/207","targetHints":{"allow":["GET"]}}],"collection":[{"href":"https:\/\/wiesenhausen.de\/index.php?rest_route=\/wp\/v2\/pages"}],"about":[{"href":"https:\/\/wiesenhausen.de\/index.php?rest_route=\/wp\/v2\/types\/page"}],"author":[{"embeddable":true,"href":"https:\/\/wiesenhausen.de\/index.php?rest_route=\/wp\/v2\/users\/1"}],"replies":[{"embeddable":true,"href":"https:\/\/wiesenhausen.de\/index.php?rest_route=%2Fwp%2Fv2%2Fcomments&post=207"}],"version-history":[{"count":1665,"href":"https:\/\/wiesenhausen.de\/index.php?rest_route=\/wp\/v2\/pages\/207\/revisions"}],"predecessor-version":[{"id":28720,"href":"https:\/\/wiesenhausen.de\/index.php?rest_route=\/wp\/v2\/pages\/207\/revisions\/28720"}],"wp:attachment":[{"href":"https:\/\/wiesenhausen.de\/index.php?rest_route=%2Fwp%2Fv2%2Fmedia&parent=207"}],"curies":[{"name":"wp","href":"https:\/\/api.w.org\/{rel}","templated":true}]}}