{"id":208,"date":"2014-10-03T16:41:48","date_gmt":"2014-10-03T16:41:48","guid":{"rendered":"http:\/\/192.168.2.101\/wordpress\/?page_id=208"},"modified":"2026-04-12T15:52:49","modified_gmt":"2026-04-12T15:52:49","slug":"dritte-koenigsliga-nord","status":"publish","type":"page","link":"https:\/\/wiesenhausen.de\/?page_id=208","title":{"rendered":"Dritte Koenigsliga Nord"},"content":{"rendered":"<p>Die Dritte Koenigsliga l\u00e4uft zweigleisig in einer Nord- und einer S\u00fcdstaffel. Beide Ligen haben je achtzehn Pl\u00e4tze. Die Dritte Koenigsliga ist f\u00fcr viele ehemalige Topmannschaften von vor zwanzig oder drei\u00dfig Jahren aus der Ersten Liga die aktuelle Realit\u00e4t geworden. So spielten beispielsweise Cevvaso, Marmor, Avanjas, Vancouver, Mullewapp, Emsk und Francesburgh alle einmal in der Ersten Liga, ehe sie durch unterschiedlichste Schicksale bis in die Dritte Koenigsliga abstiegen. Andererseits bietet aber diese Dritte Liga auch m\u00f6gliche k\u00fcnftige Topmannschaften, die als solche heute noch nicht zu erkennen sind. So spielten in der Anfangsphase der Dritten Koenigsliga hier noch der FC Entenhausen, der FCK Medailivogn oder der FBV Valreuth; sie alle wurden seit der Jahrhundertwende mindestens ein Mal Koenigsmeister. Die beiden ersten Pl\u00e4tze f\u00fchren in die Zweite Koenigsliga, die Abstiegspl\u00e4tze sind die letzten Drei.<\/p>\n<p><strong><span style=\"text-decoration: underline;\">Dritte Koenigsliga Nord:<\/span><\/strong><\/p>\n<p>Die aktuelle Tabelle: (Stand: 30. Spieltag)<\/p>\n<ol>\n<li>1. FC Elsen-Gach\u00a0 \u00a0 \u00a0 \u00a0 \u00a0 \u00a0 \u00a0 \u00a0 \u00a0 \u00a0 \u00a0 \u00a0 \u00a0 \u00a0 30\u00a0 \u00a018\u00a0 11\u00a0 1\u00a0 \u00a066:23\u00a0 +43\u00a0 \u00a0<strong>65<\/strong><\/li>\n<li>VfB Pretzenstadt-Stein\u00a0 \u00a0 \u00a0 \u00a0 \u00a0 \u00a0 \u00a0 \u00a0 \u00a0 \u00a0 30\u00a0 \u00a017\u00a0 4\u00a0 9\u00a0 \u00a053:42\u00a0 +11\u00a0 \u00a0<strong>55<\/strong><\/li>\n<li>1. FC Camlo\u00a0 \u00a0 \u00a0 \u00a0 \u00a0 \u00a0 \u00a0 \u00a0 \u00a0 \u00a0 \u00a0 \u00a0 \u00a0 \u00a0 \u00a0 \u00a0 \u00a0 \u00a0 30\u00a0 \u00a016\u00a0 5\u00a0 9\u00a0 \u00a045:34\u00a0 +11\u00a0 \u00a0<strong>53<\/strong><\/li>\n<li>Florentina Courl\u00a0 \u00a0 \u00a0 \u00a0 \u00a0 \u00a0 \u00a0 \u00a0 \u00a0 \u00a0 \u00a0 \u00a0 \u00a0 \u00a0 \u00a0 \u00a030\u00a0 \u00a014\u00a0 8\u00a0 8\u00a0 \u00a049:35\u00a0 +14\u00a0 \u00a0<strong>50<\/strong><\/li>\n<li>SSV Segensburg\u00a0 \u00a0 \u00a0 \u00a0 \u00a0 \u00a0 \u00a0 \u00a0 \u00a0 \u00a0 \u00a0 \u00a0 \u00a0 \u00a0 \u00a030\u00a0 \u00a014\u00a0 7\u00a0 9\u00a0 \u00a051:39\u00a0 +12\u00a0 \u00a0<strong>50<\/strong><\/li>\n<li>SV Schwartau\u00a0 \u00a0 \u00a0 \u00a0 \u00a0 \u00a0 \u00a0 \u00a0 \u00a0 \u00a0 \u00a0 \u00a0 \u00a0 \u00a0 \u00a0 \u00a0 \u00a0 30\u00a0 \u00a014\u00a0 7\u00a0 9\u00a0 \u00a047:40\u00a0 +7\u00a0 \u00a0<strong>49<\/strong><\/li>\n<li>Phantom Vols\u00a0 \u00a0 \u00a0 \u00a0 \u00a0 \u00a0 \u00a0 \u00a0 \u00a0 \u00a0 \u00a0 \u00a0 \u00a0 \u00a0 \u00a0 \u00a0 \u00a0 30\u00a0 \u00a013\u00a0 8\u00a0 9\u00a0 \u00a053:48\u00a0 +5\u00a0 \u00a0<strong>47<\/strong><\/li>\n<li>Regenwald Timmenstadt\u00a0 \u00a0 \u00a0 \u00a0 \u00a0 \u00a0 \u00a0 \u00a0 \u00a030\u00a0 \u00a013\u00a0 5\u00a0 12\u00a0 \u00a054:44\u00a0 +10\u00a0 \u00a0<strong>44<\/strong><\/li>\n<li>VfB Polsingerelsen\u00a0 \u00a0 \u00a0 \u00a0 \u00a0 \u00a0 \u00a0 \u00a0 \u00a0 \u00a0 \u00a0 \u00a0 \u00a0 30\u00a0 \u00a011\u00a0 10\u00a0 9\u00a0 \u00a050:46\u00a0 +4\u00a0 \u00a0<strong>43<\/strong><\/li>\n<li>SV See\u00a0 \u00a0 \u00a0 \u00a0 \u00a0 \u00a0 \u00a0 \u00a0 \u00a0 \u00a0 \u00a0 \u00a0 \u00a0 \u00a0 \u00a0 \u00a0 \u00a0 \u00a0 \u00a0 \u00a0 \u00a0 \u00a0 30\u00a0 \u00a012\u00a0 7\u00a0 11\u00a0 \u00a044:45\u00a0 -1\u00a0 \u00a0<strong>43<\/strong><\/li>\n<li>FSV D\u00fcnschede\u00a0 \u00a0 \u00a0 \u00a0 \u00a0 \u00a0 \u00a0 \u00a0 \u00a0 \u00a0 \u00a0 \u00a0 \u00a0 \u00a0 \u00a0 30\u00a0 \u00a012\u00a0 3\u00a0 15\u00a0 \u00a055:45\u00a0 +10\u00a0 \u00a0<strong>39<\/strong><\/li>\n<li>1. FC Mak\u00a0 \u00a0 \u00a0 \u00a0 \u00a0 \u00a0 \u00a0 \u00a0 \u00a0 \u00a0 \u00a0 \u00a0 \u00a0 \u00a0 \u00a0 \u00a0 \u00a0 \u00a0 \u00a0 \u00a0 30\u00a0 \u00a011\u00a0 3\u00a0 16\u00a0 \u00a046:55\u00a0 -9\u00a0 \u00a0<strong>36<\/strong><\/li>\n<li>VfL Daunenst\u00e4tt\u00a0 \u00a0 \u00a0 \u00a0 \u00a0 \u00a0 \u00a0 \u00a0 \u00a0 \u00a0 \u00a0 \u00a0 \u00a0 \u00a0 \u00a0 \u00a030\u00a0 \u00a010\u00a0 5\u00a0 15\u00a0 \u00a037:52\u00a0 -15\u00a0 \u00a0<strong>35<\/strong><\/li>\n<li>Fortuna Herzogshain\u00a0 \u00a0 \u00a0 \u00a0 \u00a0 \u00a0 \u00a0 \u00a0 \u00a0 \u00a0 \u00a0 \u00a030\u00a0 \u00a010\u00a0 5\u00a0 15\u00a0 \u00a042:58\u00a0 -16\u00a0 \u00a0<strong>35<\/strong><\/li>\n<li>Hansa \u00d6lswacht\u00a0 \u00a0 \u00a0 \u00a0 \u00a0 \u00a0 \u00a0 \u00a0 \u00a0 \u00a0 \u00a0 \u00a0 \u00a0 \u00a0 \u00a0 30\u00a0 \u00a08\u00a0 5\u00a0 17\u00a0 \u00a035:61\u00a0 -26\u00a0 \u00a0<strong>29<\/strong><\/li>\n<li>1.SV Antenhafen\u00a0 \u00a0 \u00a0 \u00a0 \u00a0 \u00a0 \u00a0 \u00a0 \u00a0 \u00a0 \u00a0 \u00a0 \u00a0 \u00a0 \u00a030\u00a0 \u00a07\u00a0 7\u00a0 16\u00a0 \u00a033:54\u00a0 -21\u00a0 \u00a0<strong>28<\/strong><\/li>\n<li>FC Elspreu\u00df\u00a0 \u00a0 \u00a0 \u00a0 \u00a0 \u00a0 \u00a0 \u00a0 \u00a0 \u00a0 \u00a0 \u00a0 \u00a0 \u00a0 \u00a0 \u00a0 \u00a0 \u00a0 30\u00a0 \u00a07\u00a0 7\u00a0 16\u00a0 \u00a034:57\u00a0 -23\u00a0 \u00a0<strong>28<\/strong><\/li>\n<li>FSV Holstrebo\u00a0 \u00a0 \u00a0 \u00a0 \u00a0 \u00a0 \u00a0 \u00a0 \u00a0 \u00a0 \u00a0 \u00a0 \u00a0 \u00a0 \u00a0 \u00a0 \u00a030\u00a0 \u00a05\u00a0 8\u00a0 17\u00a0 \u00a039:58\u00a0 -19\u00a0 \u00a0<strong>23<\/strong><\/li>\n<\/ol>\n<p>30. Spieltag<\/p>\n<p>1.SV Antenhafen &#8211; 1.FC Camlo\u00a0 \u00a0 \u00a0 \u00a0 \u00a0 \u00a00:2 (0:1)\u00a0 \u00a0 \u00a0 \u00a0 \u00a0 \u00a0 \u00a0 \u00a0 \u00a0 \u00a0 \u00a0 \u00a0 \u00a0 \u00a0 \u00a0 \u00a0 (Anpfiff Fr., 16 Uhr)<\/p>\n<p>1.FC Mak &#8211; FC Elspreu\u00df\u00a0 \u00a0 \u00a0 \u00a0 \u00a01:2 (0:1)<\/p>\n<p>Regenwald Timmenstadt &#8211; VfB Polsingerelsen\u00a0 \u00a0 \u00a0 \u00a0 \u00a00:2 (0:1)<\/p>\n<p>SSV Segensburg &#8211; VfL Daunenst\u00e4tt\u00a0 \u00a0 \u00a0 \u00a0 \u00a02:1 (1:0)<\/p>\n<p>SV See &#8211; VfB Pretzenstadt-Stein\u00a0 \u00a0 \u00a0 \u00a0 \u00a00:1 (0:0)\u00a0 \u00a0 \u00a0 \u00a0 \u00a0 \u00a0 \u00a0 \u00a0 \u00a0 \u00a0 \u00a0 \u00a0 \u00a0 \u00a0 (Anpfiff Sa., 14:30 Uhr)<\/p>\n<p>FSV D\u00fcnschede &#8211; SV Schwartau\u00a0 \u00a0 \u00a0 \u00a0 \u00a0 \u00a01:2 (1:1)<\/p>\n<p>Florentina Courl &#8211; Hansa \u00d6lswacht\u00a0 \u00a0 \u00a0 \u00a0 \u00a0 \u00a02:2 (1:0)<\/p>\n<p>FSV Holstrebo &#8211; Fortuna Herzogshain\u00a0 \u00a0 \u00a0 \u00a0 \u00a0 1:3 (1:0)\u00a0 \u00a0 \u00a0 \u00a0 \u00a0 \u00a0 \u00a0 \u00a0 \u00a0 \u00a0 \u00a0 \u00a0(Anpfiff So., 15 Uhr)<\/p>\n<p>Phantom Vols &#8211; 1.FC Elsen-Gach\u00a0 \u00a0 \u00a0 \u00a0 \u00a0 2:2 (2:0)<\/p>\n","protected":false},"excerpt":{"rendered":"<p>Die Dritte Koenigsliga l\u00e4uft zweigleisig in einer Nord- und einer S\u00fcdstaffel. Beide Ligen haben je achtzehn Pl\u00e4tze. Die Dritte Koenigsliga ist f\u00fcr viele ehemalige Topmannschaften von vor zwanzig oder drei\u00dfig Jahren aus der Ersten Liga die aktuelle Realit\u00e4t geworden. So spielten beispielsweise Cevvaso, Marmor, Avanjas, Vancouver, Mullewapp, Emsk und Francesburgh alle einmal in der Ersten Liga, ehe sie durch unterschiedlichste Schicksale bis in die Dritte Koenigsliga abstiegen. Andererseits bietet aber diese Dritte Liga auch m\u00f6gliche k\u00fcnftige Topmannschaften, die als solche heute noch nicht zu erkennen sind. So spielten in der Anfangsphase der Dritten Koenigsliga hier noch der FC Entenhausen, der FCK Medailivogn oder der FBV Valreuth; sie alle wurden seit <a class=\"more-link\" href=\"https:\/\/wiesenhausen.de\/?page_id=208\">Continue Reading \u2192<\/a><\/p>\n","protected":false},"author":1,"featured_media":0,"parent":0,"menu_order":0,"comment_status":"closed","ping_status":"closed","template":"","meta":{"footnotes":""},"class_list":["post-208","page","type-page","status-publish","hentry"],"_links":{"self":[{"href":"https:\/\/wiesenhausen.de\/index.php?rest_route=\/wp\/v2\/pages\/208","targetHints":{"allow":["GET"]}}],"collection":[{"href":"https:\/\/wiesenhausen.de\/index.php?rest_route=\/wp\/v2\/pages"}],"about":[{"href":"https:\/\/wiesenhausen.de\/index.php?rest_route=\/wp\/v2\/types\/page"}],"author":[{"embeddable":true,"href":"https:\/\/wiesenhausen.de\/index.php?rest_route=\/wp\/v2\/users\/1"}],"replies":[{"embeddable":true,"href":"https:\/\/wiesenhausen.de\/index.php?rest_route=%2Fwp%2Fv2%2Fcomments&post=208"}],"version-history":[{"count":2231,"href":"https:\/\/wiesenhausen.de\/index.php?rest_route=\/wp\/v2\/pages\/208\/revisions"}],"predecessor-version":[{"id":28676,"href":"https:\/\/wiesenhausen.de\/index.php?rest_route=\/wp\/v2\/pages\/208\/revisions\/28676"}],"wp:attachment":[{"href":"https:\/\/wiesenhausen.de\/index.php?rest_route=%2Fwp%2Fv2%2Fmedia&parent=208"}],"curies":[{"name":"wp","href":"https:\/\/api.w.org\/{rel}","templated":true}]}}