{"id":209,"date":"2014-10-03T16:43:31","date_gmt":"2014-10-03T16:43:31","guid":{"rendered":"http:\/\/192.168.2.101\/wordpress\/?page_id=209"},"modified":"2026-04-12T18:46:28","modified_gmt":"2026-04-12T18:46:28","slug":"dritte-koenigsliga-sued","status":"publish","type":"page","link":"https:\/\/wiesenhausen.de\/?page_id=209","title":{"rendered":"Dritte Koenigsliga S\u00fcd"},"content":{"rendered":"<p>Die 3. Koenigsliga in Paradies l\u00e4uft zweigleisig. Je 18 Teams spielen in der Staffel Nord und S\u00fcd. Es gibt zwei Aufstiegs- und drei Abstiegspl\u00e4tze. Die dritte Koenigsliga existiert schon seit 1749. Damals spielten dort noch der FC Entenhausen, der FBV Valreuth und der FCK Medailivogn. Alle drei wurden in den letzten 15 Jahren mindestens einmal paradiesischer Meister. Jeder f\u00e4ngt eben mal klein an.<\/p>\n<p><!--?xml:namespace prefix = \"o\" \/--><\/p>\n<div>Die aktuelle Tabelle:<\/div>\n<div><\/div>\n<ol>\n<li>RSV Estland City\u00a0 \u00a0 \u00a0 \u00a0 \u00a0 \u00a0 \u00a0 \u00a0 \u00a0 \u00a0 \u00a0 \u00a0 \u00a0 \u00a0 \u00a0 \u00a0 \u00a0 \u00a0 \u00a0 \u00a0 \u00a0 \u00a0 \u00a0 \u00a0 \u00a0 \u00a0 \u00a073:31\u00a0 \u00a0+42\u00a0 \u00a0 \u00a0 <strong>66<\/strong><\/li>\n<li>VfB Perth\u00a0 \u00a0 \u00a0 \u00a0 \u00a0 \u00a0 \u00a0 \u00a0 \u00a0 \u00a0 \u00a0 \u00a0 \u00a0 \u00a0 \u00a0 \u00a0 \u00a0 \u00a0 \u00a0 \u00a0 \u00a0 \u00a0 \u00a0 \u00a0 \u00a0 \u00a0 \u00a0 \u00a0 \u00a0 \u00a0 \u00a0 \u00a0 \u00a057:32\u00a0 \u00a0+25\u00a0 \u00a0 \u00a0 <strong>63<\/strong><\/li>\n<li>TSC Townsville\u00a0 \u00a0 \u00a0 \u00a0 \u00a0 \u00a0 \u00a0 \u00a0 \u00a0 \u00a0 \u00a0 \u00a0 \u00a0 \u00a0 \u00a0 \u00a0 \u00a0 \u00a0 \u00a0 \u00a0 \u00a0 \u00a0 \u00a0 \u00a0 \u00a0 \u00a0 \u00a0 \u00a0 56:34\u00a0 \u00a0+22\u00a0 \u00a0 \u00a0 <strong>63<\/strong><\/li>\n<li>VfL Bekarma\u00a0 \u00a0 \u00a0 \u00a0 \u00a0 \u00a0 \u00a0 \u00a0 \u00a0 \u00a0 \u00a0 \u00a0 \u00a0 \u00a0 \u00a0 \u00a0 \u00a0 \u00a0 \u00a0 \u00a0 \u00a0 \u00a0 \u00a0 \u00a0 \u00a0 \u00a0 \u00a0 \u00a0 \u00a0 \u00a0 54:35\u00a0 \u00a0+19\u00a0 \u00a0 \u00a0 <strong>55<\/strong><\/li>\n<li>VfB Holzhausen\u00a0 \u00a0 \u00a0 \u00a0 \u00a0 \u00a0 \u00a0 \u00a0 \u00a0 \u00a0 \u00a0 \u00a0 \u00a0 \u00a0 \u00a0 \u00a0 \u00a0 \u00a0 \u00a0 \u00a0 \u00a0 \u00a0 \u00a0 \u00a0 \u00a0 \u00a0 \u00a0 \u00a047:40\u00a0 \u00a0 +7\u00a0 \u00a0 \u00a0 \u00a0<strong>54<\/strong><\/li>\n<li>Trinidad Johannessee\u00a0 \u00a0 \u00a0 \u00a0 \u00a0 \u00a0 \u00a0 \u00a0 \u00a0 \u00a0 \u00a0 \u00a0 \u00a0 \u00a0 \u00a0 \u00a0 \u00a0 \u00a0 \u00a0 \u00a0 \u00a0 \u00a0 \u00a057:42\u00a0 \u00a0+15\u00a0 \u00a0 \u00a0 <strong>53<\/strong><\/li>\n<li>SV Hardingerschersch\u00a0 \u00a0 \u00a0 \u00a0 \u00a0 \u00a0 \u00a0 \u00a0 \u00a0 \u00a0 \u00a0 \u00a0 \u00a0 \u00a0 \u00a0 \u00a0 \u00a0 \u00a0 \u00a0 \u00a0 \u00a0 \u00a0 \u00a048:43\u00a0 \u00a0 +5\u00a0 \u00a0 \u00a0 <strong>52<\/strong><\/li>\n<li>Carrick Rangers\u00a0 \u00a0 \u00a0 \u00a0 \u00a0 \u00a0 \u00a0 \u00a0 \u00a0 \u00a0 \u00a0 \u00a0 \u00a0 \u00a0 \u00a0 \u00a0 \u00a0 \u00a0 \u00a0 \u00a0 \u00a0 \u00a0 \u00a0 \u00a0 \u00a0 \u00a0 \u00a0 \u00a050:43\u00a0 \u00a0 +7\u00a0 \u00a0 \u00a0 <strong>46<\/strong><\/li>\n<li>SV Risvecro\u00a0 \u00a0 \u00a0 \u00a0 \u00a0 \u00a0 \u00a0 \u00a0 \u00a0 \u00a0 \u00a0 \u00a0 \u00a0 \u00a0 \u00a0 \u00a0 \u00a0 \u00a0 \u00a0 \u00a0 \u00a0 \u00a0 \u00a0 \u00a0 \u00a0 \u00a0 \u00a0 \u00a0 \u00a0 \u00a0 \u00a048:39\u00a0 \u00a0 +9\u00a0 \u00a0 \u00a0 <strong>43<\/strong><\/li>\n<li>FC Ramburgh\u00a0 \u00a0 \u00a0 \u00a0 \u00a0 \u00a0 \u00a0 \u00a0 \u00a0 \u00a0 \u00a0 \u00a0 \u00a0 \u00a0 \u00a0 \u00a0 \u00a0 \u00a0 \u00a0 \u00a0 \u00a0 \u00a0 \u00a0 \u00a0 \u00a0 \u00a0 \u00a0 \u00a0 \u00a0 46:48\u00a0 \u00a0 \u00a0-2\u00a0 \u00a0 \u00a0 <strong>39<\/strong><\/li>\n<li>Real Branco 98\u00a0 \u00a0 \u00a0 \u00a0 \u00a0 \u00a0 \u00a0 \u00a0 \u00a0 \u00a0 \u00a0 \u00a0 \u00a0 \u00a0 \u00a0 \u00a0 \u00a0 \u00a0 \u00a0 \u00a0 \u00a0 \u00a0 \u00a0 \u00a0 \u00a0 \u00a0 \u00a0 \u00a0 46:62\u00a0 \u00a0 -16\u00a0 \u00a0 \u00a0<strong>36<\/strong><\/li>\n<li>FSV Cevvaso\u00a0 \u00a0 \u00a0 \u00a0 \u00a0 \u00a0 \u00a0 \u00a0 \u00a0 \u00a0 \u00a0 \u00a0 \u00a0 \u00a0 \u00a0 \u00a0 \u00a0 \u00a0 \u00a0 \u00a0 \u00a0 \u00a0 \u00a0 \u00a0 \u00a0 \u00a0 \u00a0 \u00a0 \u00a0 \u00a031:46\u00a0 \u00a0 -15\u00a0 \u00a0 \u00a0<strong>34<\/strong><\/li>\n<li>SV Vancouver\u00a0 \u00a0 \u00a0 \u00a0 \u00a0 \u00a0 \u00a0 \u00a0 \u00a0 \u00a0 \u00a0 \u00a0 \u00a0 \u00a0 \u00a0 \u00a0 \u00a0 \u00a0 \u00a0 \u00a0 \u00a0 \u00a0 \u00a0 \u00a0 \u00a0 \u00a0 \u00a0 \u00a0 \u00a0 40:45\u00a0 \u00a0 \u00a0-5\u00a0 \u00a0 \u00a0 <strong>33<\/strong><\/li>\n<li>FCC Polsingerschersch\u00a0 \u00a0 \u00a0 \u00a0 \u00a0 \u00a0 \u00a0 \u00a0 \u00a0 \u00a0 \u00a0 \u00a0 \u00a0 \u00a0 \u00a0 \u00a0 \u00a0 \u00a0 \u00a0 \u00a0 \u00a0 \u00a040:59\u00a0 \u00a0 -19\u00a0 \u00a0 \u00a0<strong>28<\/strong><\/li>\n<li>1. FC Cawnsville\u00a0 \u00a0 \u00a0 \u00a0 \u00a0 \u00a0 \u00a0 \u00a0 \u00a0 \u00a0 \u00a0 \u00a0 \u00a0 \u00a0 \u00a0 \u00a0 \u00a0 \u00a0 \u00a0 \u00a0 \u00a0 \u00a0 \u00a0 \u00a0 \u00a0 \u00a0 \u00a0 39:62\u00a0 \u00a0 -23\u00a0 \u00a0 \u00a0<strong>27<\/strong><\/li>\n<li>KFE Kavian 04\u00a0 \u00a0 \u00a0 \u00a0 \u00a0 \u00a0 \u00a0 \u00a0 \u00a0 \u00a0 \u00a0 \u00a0 \u00a0 \u00a0 \u00a0 \u00a0 \u00a0 \u00a0 \u00a0 \u00a0 \u00a0 \u00a0 \u00a0 \u00a0 \u00a0 \u00a0 \u00a0 \u00a0 \u00a039:56\u00a0 \u00a0 -17\u00a0 \u00a0 \u00a0<strong>26<\/strong><\/li>\n<li>PFV Norderling\u00a0 \u00a0 \u00a0 \u00a0 \u00a0 \u00a0 \u00a0 \u00a0 \u00a0 \u00a0 \u00a0 \u00a0 \u00a0 \u00a0 \u00a0 \u00a0 \u00a0 \u00a0 \u00a0 \u00a0 \u00a0 \u00a0 \u00a0 \u00a0 \u00a0 \u00a0 \u00a0 \u00a0 34:59\u00a0 \u00a0 -25\u00a0 \u00a0 \u00a0<strong>24<\/strong><\/li>\n<li>Sieglina Pelamente\u00a0 \u00a0 \u00a0 \u00a0 \u00a0 \u00a0 \u00a0 \u00a0 \u00a0 \u00a0 \u00a0 \u00a0 \u00a0 \u00a0 \u00a0 \u00a0 \u00a0 \u00a0 \u00a0 \u00a0 \u00a0 \u00a0 \u00a0 \u00a0 \u00a032:61\u00a0 \u00a0 -29\u00a0 \u00a0 \u00a0<strong>24<\/strong><\/li>\n<\/ol>\n<p>&nbsp;<\/p>\n<p>30. Spieltag:<\/p>\n<p>KFE Kavian 04 &#8211; Sieglina Pelamente\u00a0 \u00a0 \u00a0 2:1 (1:1)<\/p>\n<p>Trinidad Johannessee &#8211; FC Ramburgh\u00a0 \u00a0 \u00a0 2:2 (2:0)<\/p>\n<p>TSC Townsville &#8211; PFV Norderling\u00a0 \u00a0 \u00a0 4:1 (2:0)<\/p>\n<p>SV Risvecro &#8211; 1. FC Cawnsville\u00a0 \u00a0 \u00a0 1:1 (1:0)\u00a0 \u00a0 \u00a0 \u00a0 \u00a0 \u00a0 \u00a0 \u00a0 \u00a0 \u00a0 \u00a0 \u00a0 \u00a0 \u00a0 \u00a0 \u00a0 \u00a0 \u00a0 \u00a0 \u00a0(Anpfiff: Fr. 16.00)<\/p>\n<p>VfL Bekarma &#8211; Carrick Rangers\u00a0 \u00a0 \u00a0 2:1 (0:1)<\/p>\n<p>Real Branco 98 &#8211; FCC Polsingerschersch\u00a0 \u00a0 \u00a0 3:0 (1:0)<\/p>\n<p>VfB Holzhausen &#8211; RSV Estland City\u00a0 \u00a0 \u00a0 2:0 (1:0)\u00a0 \u00a0 \u00a0 \u00a0 \u00a0 \u00a0 \u00a0 \u00a0 \u00a0 \u00a0 \u00a0 \u00a0 \u00a0 \u00a0 \u00a0 \u00a0 \u00a0(Anpfiff: Sa. 14.30)<\/p>\n<p>FSV Cevvaso &#8211; SV Vancouver\u00a0 \u00a0 \u00a0 3:1 (1:0)<\/p>\n<p>VfB Perth &#8211; SV Hardingerschersch\u00a0 \u00a0 \u00a0 4:1 (2:1)\u00a0 \u00a0 \u00a0 \u00a0 \u00a0 \u00a0 \u00a0 \u00a0 \u00a0 \u00a0 \u00a0 \u00a0 \u00a0 \u00a0 \u00a0 \u00a0 \u00a0 \u00a0(Anpfiff: So. 15.00)<\/p>\n","protected":false},"excerpt":{"rendered":"<p>Die 3. Koenigsliga in Paradies l\u00e4uft zweigleisig. Je 18 Teams spielen in der Staffel Nord und S\u00fcd. Es gibt zwei Aufstiegs- und drei Abstiegspl\u00e4tze. Die dritte Koenigsliga existiert schon seit 1749. Damals spielten dort noch der FC Entenhausen, der FBV Valreuth und der FCK Medailivogn. Alle drei wurden in den letzten 15 Jahren mindestens einmal paradiesischer Meister. Jeder f\u00e4ngt eben mal klein an. Die aktuelle Tabelle: RSV Estland City\u00a0 \u00a0 \u00a0 \u00a0 \u00a0 \u00a0 \u00a0 \u00a0 \u00a0 \u00a0 \u00a0 \u00a0 \u00a0 \u00a0 \u00a0 \u00a0 \u00a0 \u00a0 \u00a0 \u00a0 \u00a0 \u00a0 \u00a0 \u00a0 \u00a0 \u00a0 \u00a073:31\u00a0 \u00a0+42\u00a0 \u00a0 \u00a0 66 VfB Perth\u00a0 \u00a0 \u00a0 \u00a0 \u00a0 \u00a0 \u00a0 \u00a0 \u00a0 \u00a0 <a class=\"more-link\" href=\"https:\/\/wiesenhausen.de\/?page_id=209\">Continue Reading \u2192<\/a><\/p>\n","protected":false},"author":1,"featured_media":0,"parent":0,"menu_order":0,"comment_status":"closed","ping_status":"closed","template":"","meta":{"footnotes":""},"class_list":["post-209","page","type-page","status-publish","hentry"],"_links":{"self":[{"href":"https:\/\/wiesenhausen.de\/index.php?rest_route=\/wp\/v2\/pages\/209","targetHints":{"allow":["GET"]}}],"collection":[{"href":"https:\/\/wiesenhausen.de\/index.php?rest_route=\/wp\/v2\/pages"}],"about":[{"href":"https:\/\/wiesenhausen.de\/index.php?rest_route=\/wp\/v2\/types\/page"}],"author":[{"embeddable":true,"href":"https:\/\/wiesenhausen.de\/index.php?rest_route=\/wp\/v2\/users\/1"}],"replies":[{"embeddable":true,"href":"https:\/\/wiesenhausen.de\/index.php?rest_route=%2Fwp%2Fv2%2Fcomments&post=209"}],"version-history":[{"count":1577,"href":"https:\/\/wiesenhausen.de\/index.php?rest_route=\/wp\/v2\/pages\/209\/revisions"}],"predecessor-version":[{"id":28687,"href":"https:\/\/wiesenhausen.de\/index.php?rest_route=\/wp\/v2\/pages\/209\/revisions\/28687"}],"wp:attachment":[{"href":"https:\/\/wiesenhausen.de\/index.php?rest_route=%2Fwp%2Fv2%2Fmedia&parent=209"}],"curies":[{"name":"wp","href":"https:\/\/api.w.org\/{rel}","templated":true}]}}