{"id":235,"date":"2014-10-25T15:38:37","date_gmt":"2014-10-25T15:38:37","guid":{"rendered":"http:\/\/192.168.2.101\/wordpress\/?page_id=235"},"modified":"2014-10-25T15:38:37","modified_gmt":"2014-10-25T15:38:37","slug":"kontinente","status":"publish","type":"page","link":"https:\/\/wiesenhausen.de\/?page_id=235","title":{"rendered":"Kontinente"},"content":{"rendered":"<p>Auf der Lieben Welt gibt es insgesamt neun Kontinente, die alle \u00e4hnlich gro\u00df sind. Nur Klondyk und Panthalassa\u00a0sind\u00a0doppelt so gro\u00df wie die anderen Kontinente. Diese neun Erdteile sind sehr unterschiedlich, sowohl von ihrem Entwicklungsstand, als auch von ihrer Bedeutsamkeit innerhalb der Lieben Welt. Alle neun Kontinente und einige Informationen zu ihnen folgen nun hier im Anschluss (die Kontinente sind von Titanien aus immer nach Westen geordnet, je weiter man nach unten kommt; Klondyk schlie\u00dflich liegt wieder genau \u00f6stlich neben Titanien):<\/p>\n<p><span style=\"text-decoration: underline;\"><strong>Titanien:<\/strong><\/span><\/p>\n<ul>\n<li><strong>Gr\u00f6\u00dftes Land: <\/strong>Atlantis (ca. 72 Mio. km\u00b2)<\/li>\n<li><strong>Kleinstes Land: <\/strong>Cayenne (ca. 50 km\u00b2)<\/li>\n<li><strong>Wirtschaftlich st\u00e4rkstes Land: <\/strong>Fantasio (BIP: ca.\u00a01,2 Mrd. Schillinge)<\/li>\n<li><strong>Wirtschaftlich schw\u00e4chstes Land: <\/strong>Verizienien<br \/>\n(BIP: ca.\u00a070 Mio.\u00a0Schillinge)<\/li>\n<li><strong>M\u00e4chtigstes Land: <\/strong>Meadowhouse (Sitz des Lieben Welt-Kaisers)<\/li>\n<li><strong>Wi<\/strong><strong>chtige St\u00e4dte:<br \/>\n<\/strong>Wiesenhausen (Meadowhouse; ca. 8 Mio. EW)<br \/>\nRanjos (Atlantis;\u00a0ca. 12 Mio. EW)<br \/>\nLiraspas (Fantasio; ca. 9 Mio. EW)<br \/>\nCarason (Atlantis; ca. 7 Mio. EW)<br \/>\nUmgorstadt (Umgor; ca. 1,2 Mio. EW)<\/li>\n<\/ul>\n<p>&nbsp;<\/p>\n<p><span style=\"text-decoration: underline;\"><strong>Thovez:<\/strong><\/span><\/p>\n<ul>\n<li><strong>Gr\u00f6\u00dftes Land: <\/strong>Paradies (ca. 124 Mio. km\u00b2)<\/li>\n<li><strong><strong>Kleinstes Land:<\/strong><\/strong> Emedaris (ca. 350.000 km\u00b2)<\/li>\n<li><strong>Wirtschaftlich st\u00e4rkstes Land: <\/strong>Paradies (BIP: ca. 3,8 Mrd. Schillinge)<\/li>\n<li><strong>Wirtschaftlich schw\u00e4chstes Land: <\/strong>Iranja (BIP: ca. 45 Mio. Schillinge)<\/li>\n<li><strong>M\u00e4chtigstes Land:\u00a0<\/strong>Paradies (Weltbundzentrale, Welthandelszentrum)<\/li>\n<li><strong>Wi<\/strong><strong>chtige St\u00e4dte:<br \/>\n<\/strong>Polsingerschersch (Paradies; ca. 12 Mio. EW)<br \/>\nAvanjas (Django; ca. 7 Mio. EW)<br \/>\nOkster (Lassver; ca. 9 Mio. EW)<br \/>\nLichtentaale (Paradies; ca. 14 Mio. EW)<br \/>\nSchneckdies (Schneckland; ca. 25 Mio. EW)<\/li>\n<\/ul>\n<p>&nbsp;<\/p>\n<p><span style=\"text-decoration: underline;\"><strong>Atcanien:<\/strong><\/span><\/p>\n<ul>\n<li><strong>Gr\u00f6\u00dftes Land: <\/strong>Avasjanrav (ca.\u00a065 Mio. km\u00b2)<\/li>\n<li><strong><strong>Kleinstes Land:<\/strong><\/strong> Havaii (ca. 550.000 km\u00b2)<\/li>\n<li><strong>Wirtschaftlich st\u00e4rkstes Land:<\/strong> Avasjanrav (BIP: ca. 1,7 Mrd. Schillinge)<\/li>\n<li><strong>Wirtschaftlich schw\u00e4chstes Land: <\/strong>Kristalland (BIP: ca. 53 Mio. Schlg.)<\/li>\n<li><strong>M\u00e4chtigstes Land: <\/strong>Mittelland (Exportweltmeister)<\/li>\n<li><strong>Wi<\/strong><strong>chtige St\u00e4dte:<br \/>\n<\/strong>Sichtburgh (Mittelland; ca. 8 Mio. EW)<br \/>\nPalar (Avasjanrav; ca. 10 Mio. EW)<br \/>\nIvanovo (Molquarze; ca. 7 Mio. EW)<\/li>\n<\/ul>\n<p>&nbsp;<\/p>\n<p><span style=\"text-decoration: underline;\"><strong>Panthalassa:<\/strong><\/span><\/p>\n<ul>\n<li><strong>Gr\u00f6\u00dftes Land: <\/strong>Pang\u00e4a (ca. 58 Mio. km\u00b2)<\/li>\n<li><strong><strong>Kleinstes Land:<\/strong><\/strong> Iseraco (ca. 600.000 km\u00b2)<\/li>\n<li><strong>Wirtschaftlich st\u00e4rkstes Land: <\/strong>Rh\u00fben (BIP: ca. 0,9 Mrd. Schillinge)<\/li>\n<li><strong>Wirtschaftlich schw\u00e4chstes Land: <\/strong>Saphierrien (BIP: ca. 48 Mio. Schlg.)<\/li>\n<li><strong>M\u00e4chtigstes Land: <\/strong>Rh\u00fben (Wirtschafts- und Handelszentrum)<\/li>\n<li><strong>Wi<\/strong><strong>chtige St\u00e4dte:<br \/>\n<\/strong>Anfalas (Rh\u00fben; ca. 17 Mio. EW)<br \/>\nSt. Gravenhage (Pang\u00e4a; ca. 9 Mio. EW)<br \/>\nD\u00f6rfle (Iseraco; ca. 6 Mio. EW)<\/li>\n<\/ul>\n<p>&nbsp;<\/p>\n<p><span style=\"text-decoration: underline;\"><strong>Vrankenien:<\/strong><\/span><\/p>\n<ul>\n<li><strong><strong>Gr\u00f6\u00dftes Land:<\/strong><\/strong> Saram\u00e9\u00e9no (ca. 55 Mio. km\u00b2)<\/li>\n<li><strong><strong><strong>Kleinstes Land:<\/strong><\/strong><\/strong> Jaskrelien (ca. 450.000 km\u00b2)<\/li>\n<li><strong><strong>Wirtschaftlich st\u00e4rkstes Land:<\/strong><\/strong> Saram\u00e9\u00e9no (BIP: ca. 1 Mrd. Schillinge)<\/li>\n<li><strong><strong>Wirtschaftlich schw\u00e4chstes Land:<\/strong><\/strong> Sacramosta (BIP: ca. 20 Mio. Schlg.)<\/li>\n<li><strong><strong>M\u00e4chtigstes Land:<\/strong><\/strong> Saram\u00e9\u00e9no (Beste Infrastruktur des Kontinents)<\/li>\n<li><strong><strong>Wi<\/strong><strong>chtige<\/strong><\/strong> <strong>St\u00e4dte: <\/strong><br \/>\nHauptstadt (Saram\u00e9\u00e9no; ca. 16 Mio. EW)<br \/>\nMordor (Mordor; ca. 11 Mio. EW)<br \/>\nCapenroth (Cerdonien; ca. 5 Mio. EW)<\/li>\n<\/ul>\n<p>&nbsp;<\/p>\n<p>&nbsp;<\/p>\n<p><span style=\"text-decoration: underline;\"><strong>Delfino:<\/strong><\/span><\/p>\n<ul>\n<li><strong>Gr\u00f6\u00dftes Land: <\/strong>Delfino (ca. 230 Mio. km\u00b2)<\/li>\n<li><strong><strong><strong>Kleinstes Land:<\/strong><\/strong><\/strong> Delfino (ca. 230 Mio. km\u00b2)<\/li>\n<li><strong><strong>Wirtschaftlich st\u00e4rkstes Land:<\/strong><\/strong> Delfino (BIP: ca. 0,5 Mrd. Schillinge)<\/li>\n<li><strong><strong>Wirtschaftlich schw\u00e4chstes Land:<\/strong><\/strong> Delfino (BIP: ca. 0,5 Mrd. Schillinge)<\/li>\n<li><strong><strong>M\u00e4chtigstes Land:<\/strong><\/strong> Delfino<\/li>\n<li><strong><strong>Wi<\/strong><strong>chtige St\u00e4dte:<\/strong><\/strong><br \/>\nSomario (Delfino; ca. 4 Mio. EW)<br \/>\nDelfinien (Delfino; ca. 3 Mio. EW)<\/li>\n<\/ul>\n<p>&nbsp;<\/p>\n<p>&nbsp;<\/p>\n<p><span style=\"text-decoration: underline;\"><strong>Robasien:<\/strong><\/span><\/p>\n<ul>\n<li><strong>Gr\u00f6\u00dftes Land: <\/strong>Dilosophien (ca.\u00a046 Mio. km\u00b2)<\/li>\n<li><strong><strong><strong>Kleinstes Land:<\/strong><\/strong><\/strong> Malkle (ca. 210.000 km\u00b2)<\/li>\n<li><strong><strong>Wirtschaftlich st\u00e4rkstes Land:<\/strong><\/strong> Dilosophien (BIP: ca. 0,8 Mio. Schlg.)<\/li>\n<li><strong><strong>Wirtschaftlich schw\u00e4chstes Land:<\/strong><\/strong> Schlangeninsel (BIP: ca. 20 Mio. S.)<\/li>\n<li><strong><strong>M\u00e4chtigstes Land:<\/strong><\/strong> Dilosophien (Handelszentrum)<\/li>\n<li><strong><strong>Wi<\/strong><strong>chtige St\u00e4dte:<\/strong> <\/strong><br \/>\nSardis (Dilosophien; ca. 5 Mio. EW)<br \/>\nNaarwest (Dilosophien; ca. 4 Mio. EW)<br \/>\nWumos (Vestarenien; ca. 3 Mio. EW)<br \/>\nKolkoras (South Dargobienien; ca. 4 Mio. EW)<\/li>\n<\/ul>\n<p>&nbsp;<\/p>\n<p>&nbsp;<\/p>\n<p><span style=\"text-decoration: underline;\"><strong>Sprudelinien:<\/strong><\/span><\/p>\n<ul>\n<li><strong>Gr\u00f6\u00dftes Land: <\/strong>De Litland (ca. 116 Mio. km\u00b2)<\/li>\n<li><strong><strong><strong>Kleinstes Land:<\/strong><\/strong><\/strong> Kleinparadies (ca. 85\u00a0km\u00b2)<\/li>\n<li><strong><strong>Wirtschaftlich st\u00e4rkstes Land:<\/strong><\/strong> De Litland (BIP: ca. 1,3 Mrd. Schillinge)<\/li>\n<li><strong><strong>Wirtschaftlich schw\u00e4chstes Land:<\/strong><\/strong> Kleinparadies (BIP: ca. 23 Mio. Sch.)<\/li>\n<li><strong><strong>M\u00e4chtigstes Land:<\/strong><\/strong> De Litland (Milit\u00e4r- und Handelszentrum)<\/li>\n<li><strong><strong>Wi<\/strong><strong>chtige St\u00e4dte:<\/strong><\/strong><br \/>\nGrafenreichsfeld (De Litland; ca. 9 Mio. EW)<br \/>\nHalden (De Litland; ca. 7 Mio. EW)<br \/>\nNordostoberlingen (Mailodis; ca. 10 Mio. EW)<br \/>\nHonigblumenmarmor (Mailodis; ca. 6 Mio. EW)<\/li>\n<\/ul>\n<p>&nbsp;<\/p>\n<p>&nbsp;<\/p>\n<p><span style=\"text-decoration: underline;\"><strong>Klondyk:<\/strong><\/span><\/p>\n<ul>\n<li>\u00a0<strong>Gr\u00f6\u00dftes Land: <\/strong>Klondyk (ca. 612 Mio. km\u00b2)<\/li>\n<li><strong><strong><strong>Kleinstes Land:<\/strong><\/strong><\/strong> Aloe Vera (ca. 280.000 km\u00b2)<\/li>\n<li><strong><strong>Wirtschaftlich st\u00e4rkstes Land:<\/strong><\/strong> Klondyk (BIP: ca. 1,1 Mrd. Schillinge)<\/li>\n<li><strong><strong>Wirtschaftlich schw\u00e4chstes Land:<\/strong><\/strong> Aloe Vera (BIP: ca. 31 Mio. Schlg.)<\/li>\n<li><strong><strong>M\u00e4chtigstes Land:<\/strong><\/strong> Klondyk (Handels- und Wirtschaftszentrum)<\/li>\n<li><strong><strong>Wi<\/strong><strong>chtige St\u00e4dte:<\/strong><\/strong><br \/>\nSalenavo (Klondyk; ca. 14 Mio. EW)<br \/>\nSt. Viken (Klondyk; ca. 10 Mio. EW)<br \/>\nKranku (Kalavien; ca. 10 Mio. EW)<br \/>\nDlawreuas (Klondyk; ca. 15 Mio. EW)<\/li>\n<\/ul>\n<p>&nbsp;<\/p>\n<p>&nbsp;<\/p>\n<p>&nbsp;<\/p>\n<p>&nbsp;<\/p>\n<p>&nbsp;<\/p>\n","protected":false},"excerpt":{"rendered":"<p>Auf der Lieben Welt gibt es insgesamt neun Kontinente, die alle \u00e4hnlich gro\u00df sind. Nur Klondyk und Panthalassa\u00a0sind\u00a0doppelt so gro\u00df wie die anderen Kontinente. Diese neun Erdteile sind sehr unterschiedlich, sowohl von ihrem Entwicklungsstand, als auch von ihrer Bedeutsamkeit innerhalb der Lieben Welt. Alle neun Kontinente und einige Informationen zu ihnen folgen nun hier im Anschluss (die Kontinente sind von Titanien aus immer nach Westen geordnet, je weiter man nach unten kommt; Klondyk schlie\u00dflich liegt wieder genau \u00f6stlich neben Titanien): Titanien: Gr\u00f6\u00dftes Land: Atlantis (ca. 72 Mio. km\u00b2) Kleinstes Land: Cayenne (ca. 50 km\u00b2) Wirtschaftlich st\u00e4rkstes Land: Fantasio (BIP: ca.\u00a01,2 Mrd. Schillinge) Wirtschaftlich schw\u00e4chstes Land: Verizienien (BIP: ca.\u00a070 Mio.\u00a0Schillinge) M\u00e4chtigstes <a class=\"more-link\" href=\"https:\/\/wiesenhausen.de\/?page_id=235\">Continue Reading \u2192<\/a><\/p>\n","protected":false},"author":1,"featured_media":0,"parent":0,"menu_order":0,"comment_status":"closed","ping_status":"closed","template":"","meta":{"footnotes":""},"class_list":["post-235","page","type-page","status-publish","hentry"],"_links":{"self":[{"href":"https:\/\/wiesenhausen.de\/index.php?rest_route=\/wp\/v2\/pages\/235","targetHints":{"allow":["GET"]}}],"collection":[{"href":"https:\/\/wiesenhausen.de\/index.php?rest_route=\/wp\/v2\/pages"}],"about":[{"href":"https:\/\/wiesenhausen.de\/index.php?rest_route=\/wp\/v2\/types\/page"}],"author":[{"embeddable":true,"href":"https:\/\/wiesenhausen.de\/index.php?rest_route=\/wp\/v2\/users\/1"}],"replies":[{"embeddable":true,"href":"https:\/\/wiesenhausen.de\/index.php?rest_route=%2Fwp%2Fv2%2Fcomments&post=235"}],"version-history":[{"count":0,"href":"https:\/\/wiesenhausen.de\/index.php?rest_route=\/wp\/v2\/pages\/235\/revisions"}],"wp:attachment":[{"href":"https:\/\/wiesenhausen.de\/index.php?rest_route=%2Fwp%2Fv2%2Fmedia&parent=235"}],"curies":[{"name":"wp","href":"https:\/\/api.w.org\/{rel}","templated":true}]}}