{"id":237,"date":"2014-10-21T17:37:38","date_gmt":"2014-10-21T17:37:38","guid":{"rendered":"http:\/\/192.168.2.101\/wordpress\/?page_id=237"},"modified":"2014-12-30T18:49:19","modified_gmt":"2014-12-30T18:49:19","slug":"karten","status":"publish","type":"page","link":"https:\/\/wiesenhausen.de\/?page_id=237","title":{"rendered":"Karten"},"content":{"rendered":"<p>Hier sehen Sie die wichtigsten L\u00e4nder der Lieben Welt, allen voran aber nat\u00fcrlich auch die von Meadowhouse. Die Liebe Welt ist nat\u00fcrlich viel gr\u00f6\u00dfer, allerdings sind die hier aufgef\u00fchrten L\u00e4nder diejenigen, in denen sich das Hauptgeschehen abwickelt.<\/p>\n<p>Der Ma\u00dfstab aller Landkarten ist gleich; mit Ausnahme der ersten Karte von Meadowhouse, bei der der Ma\u00dfstab deutlich gr\u00f6\u00dfer gew\u00e4hlt ist.<\/p>\n<p><span style=\"text-decoration: underline;\"><strong>Meadowhouse:<\/strong><\/span><\/p>\n<p>&nbsp;<\/p>\n<p><a href=\"http:\/\/wiesenhausen.de\/wp-content\/uploads\/2014\/10\/Meadowhouse_Umriss.jpg\"><img loading=\"lazy\" decoding=\"async\" class=\" size-full wp-image-848 aligncenter\" src=\"http:\/\/wiesenhausen.de\/wp-content\/uploads\/2014\/10\/Meadowhouse_Umriss.jpg\" alt=\"Meadowhouse_Umriss\" width=\"720\" height=\"960\" srcset=\"https:\/\/wiesenhausen.de\/wp-content\/uploads\/2014\/10\/Meadowhouse_Umriss.jpg 720w, https:\/\/wiesenhausen.de\/wp-content\/uploads\/2014\/10\/Meadowhouse_Umriss-225x300.jpg 225w\" sizes=\"auto, (max-width: 720px) 100vw, 720px\" \/><\/a><\/p>\n<p><span style=\"text-decoration: underline;\"><strong>Paradiesische Halbinsel:<\/strong><\/span><\/p>\n<p>&nbsp;<\/p>\n<p><a href=\"http:\/\/wiesenhausen.de\/wp-content\/uploads\/2014\/10\/Schneckland_etc._Umriss.jpg\"><img loading=\"lazy\" decoding=\"async\" class=\"alignnone size-full wp-image-851\" src=\"http:\/\/wiesenhausen.de\/wp-content\/uploads\/2014\/10\/Schneckland_etc._Umriss.jpg\" alt=\"Schneckland_etc._Umriss\" width=\"960\" height=\"720\" srcset=\"https:\/\/wiesenhausen.de\/wp-content\/uploads\/2014\/10\/Schneckland_etc._Umriss.jpg 960w, https:\/\/wiesenhausen.de\/wp-content\/uploads\/2014\/10\/Schneckland_etc._Umriss-300x225.jpg 300w\" sizes=\"auto, (max-width: 960px) 100vw, 960px\" \/><\/a><\/p>\n<p><span style=\"text-decoration: underline;\"><strong>Nordthovez:<\/strong><\/span><\/p>\n<p><a href=\"http:\/\/wiesenhausen.de\/wp-content\/uploads\/2014\/10\/Gartenaparadies_Emedari_Emedaris_Florenz_Umriss.jpg\"><img loading=\"lazy\" decoding=\"async\" class=\"alignnone size-full wp-image-847\" src=\"http:\/\/wiesenhausen.de\/wp-content\/uploads\/2014\/10\/Gartenaparadies_Emedari_Emedaris_Florenz_Umriss.jpg\" alt=\"Gartenaparadies_Emedari_Emedaris_Florenz_Umriss\" width=\"960\" height=\"720\" srcset=\"https:\/\/wiesenhausen.de\/wp-content\/uploads\/2014\/10\/Gartenaparadies_Emedari_Emedaris_Florenz_Umriss.jpg 960w, https:\/\/wiesenhausen.de\/wp-content\/uploads\/2014\/10\/Gartenaparadies_Emedari_Emedaris_Florenz_Umriss-300x225.jpg 300w\" sizes=\"auto, (max-width: 960px) 100vw, 960px\" \/><\/a><\/p>\n<p>&nbsp;<\/p>\n<p><span style=\"text-decoration: underline;\"><strong>Paradies (Nordthovez):<\/strong><\/span><\/p>\n<p>&nbsp;<\/p>\n<p><a href=\"http:\/\/wiesenhausen.de\/wp-content\/uploads\/2014\/10\/Paradies_Umriss.jpg\"><img loading=\"lazy\" decoding=\"async\" class=\"alignnone size-full wp-image-850\" src=\"http:\/\/wiesenhausen.de\/wp-content\/uploads\/2014\/10\/Paradies_Umriss.jpg\" alt=\"Paradies_Umriss\" width=\"960\" height=\"720\" srcset=\"https:\/\/wiesenhausen.de\/wp-content\/uploads\/2014\/10\/Paradies_Umriss.jpg 960w, https:\/\/wiesenhausen.de\/wp-content\/uploads\/2014\/10\/Paradies_Umriss-300x225.jpg 300w\" sizes=\"auto, (max-width: 960px) 100vw, 960px\" \/><\/a><\/p>\n<p>&nbsp;<\/p>\n<p><span style=\"text-decoration: underline;\"><strong>S\u00fcdthovez:<\/strong><\/span><\/p>\n<p>&nbsp;<\/p>\n<p><a href=\"http:\/\/wiesenhausen.de\/wp-content\/uploads\/2014\/10\/Estland_Polynesien_etc._Umriss.jpg\"><img loading=\"lazy\" decoding=\"async\" class=\"alignnone size-full wp-image-846\" src=\"http:\/\/wiesenhausen.de\/wp-content\/uploads\/2014\/10\/Estland_Polynesien_etc._Umriss.jpg\" alt=\"Estland_Polynesien_etc._Umriss\" width=\"960\" height=\"720\" srcset=\"https:\/\/wiesenhausen.de\/wp-content\/uploads\/2014\/10\/Estland_Polynesien_etc._Umriss.jpg 960w, https:\/\/wiesenhausen.de\/wp-content\/uploads\/2014\/10\/Estland_Polynesien_etc._Umriss-300x225.jpg 300w\" sizes=\"auto, (max-width: 960px) 100vw, 960px\" \/><\/a><\/p>\n<p>&nbsp;<\/p>\n<p><strong><span style=\"text-decoration: underline;\">Nordatcanien:<\/span><\/strong><\/p>\n<p><a href=\"http:\/\/wiesenhausen.de\/wp-content\/uploads\/2014\/10\/Mittelland_etc._Umriss.jpg\"><img loading=\"lazy\" decoding=\"async\" class=\"alignnone size-full wp-image-849\" src=\"http:\/\/wiesenhausen.de\/wp-content\/uploads\/2014\/10\/Mittelland_etc._Umriss.jpg\" alt=\"Mittelland_etc._Umriss\" width=\"960\" height=\"720\" srcset=\"https:\/\/wiesenhausen.de\/wp-content\/uploads\/2014\/10\/Mittelland_etc._Umriss.jpg 960w, https:\/\/wiesenhausen.de\/wp-content\/uploads\/2014\/10\/Mittelland_etc._Umriss-300x225.jpg 300w\" sizes=\"auto, (max-width: 960px) 100vw, 960px\" \/><\/a><\/p>\n<p>&nbsp;<\/p>\n<p><span style=\"text-decoration: underline;\"><strong>S\u00fcdatcanien:<\/strong><\/span><\/p>\n<p>&nbsp;<\/p>\n<p><a href=\"http:\/\/wiesenhausen.de\/wp-content\/uploads\/2014\/10\/Avasjanrav_Umriss.jpg\"><img loading=\"lazy\" decoding=\"async\" class=\"alignnone size-full wp-image-845\" src=\"http:\/\/wiesenhausen.de\/wp-content\/uploads\/2014\/10\/Avasjanrav_Umriss.jpg\" alt=\"Avasjanrav_Umriss\" width=\"960\" height=\"720\" srcset=\"https:\/\/wiesenhausen.de\/wp-content\/uploads\/2014\/10\/Avasjanrav_Umriss.jpg 960w, https:\/\/wiesenhausen.de\/wp-content\/uploads\/2014\/10\/Avasjanrav_Umriss-300x225.jpg 300w\" sizes=\"auto, (max-width: 960px) 100vw, 960px\" \/><\/a><\/p>\n<p><span style=\"text-decoration: underline;\"><strong>Nordtitanien:<\/strong><\/span><\/p>\n<p>&nbsp;<\/p>\n<p><a href=\"http:\/\/wiesenhausen.de\/wp-content\/uploads\/2014\/10\/Atlantis_etc._Umriss.jpg\"><img loading=\"lazy\" decoding=\"async\" class=\"alignnone size-full wp-image-844\" src=\"http:\/\/wiesenhausen.de\/wp-content\/uploads\/2014\/10\/Atlantis_etc._Umriss.jpg\" alt=\"Atlantis_etc._Umriss\" width=\"960\" height=\"720\" srcset=\"https:\/\/wiesenhausen.de\/wp-content\/uploads\/2014\/10\/Atlantis_etc._Umriss.jpg 960w, https:\/\/wiesenhausen.de\/wp-content\/uploads\/2014\/10\/Atlantis_etc._Umriss-300x225.jpg 300w\" sizes=\"auto, (max-width: 960px) 100vw, 960px\" \/><\/a><\/p>\n<p><span style=\"text-decoration: underline;\"><strong>S\u00fcdtitanien:<\/strong><\/span><\/p>\n<p>&nbsp;<\/p>\n<p><a href=\"http:\/\/wiesenhausen.de\/wp-content\/uploads\/2014\/10\/S\u00fcdtitanien_Fantasio_Umriss.jpg\"><img loading=\"lazy\" decoding=\"async\" class=\"alignnone size-full wp-image-852\" src=\"http:\/\/wiesenhausen.de\/wp-content\/uploads\/2014\/10\/S\u00fcdtitanien_Fantasio_Umriss.jpg\" alt=\"S\u00fcdtitanien_Fantasio_Umriss\" width=\"960\" height=\"720\" srcset=\"https:\/\/wiesenhausen.de\/wp-content\/uploads\/2014\/10\/S\u00fcdtitanien_Fantasio_Umriss.jpg 960w, https:\/\/wiesenhausen.de\/wp-content\/uploads\/2014\/10\/S\u00fcdtitanien_Fantasio_Umriss-300x225.jpg 300w\" sizes=\"auto, (max-width: 960px) 100vw, 960px\" \/><\/a><\/p>\n<p>&nbsp;<\/p>\n<p>&nbsp;<\/p>\n","protected":false},"excerpt":{"rendered":"<p>Hier sehen Sie die wichtigsten L\u00e4nder der Lieben Welt, allen voran aber nat\u00fcrlich auch die von Meadowhouse. Die Liebe Welt ist nat\u00fcrlich viel gr\u00f6\u00dfer, allerdings sind die hier aufgef\u00fchrten L\u00e4nder diejenigen, in denen sich das Hauptgeschehen abwickelt. Der Ma\u00dfstab aller Landkarten ist gleich; mit Ausnahme der ersten Karte von Meadowhouse, bei der der Ma\u00dfstab deutlich gr\u00f6\u00dfer gew\u00e4hlt ist. Meadowhouse: &nbsp; Paradiesische Halbinsel: &nbsp; Nordthovez: &nbsp; Paradies (Nordthovez): &nbsp; &nbsp; S\u00fcdthovez: &nbsp; &nbsp; Nordatcanien: &nbsp; S\u00fcdatcanien: &nbsp; Nordtitanien: &nbsp; S\u00fcdtitanien: &nbsp; &nbsp; &nbsp;<\/p>\n","protected":false},"author":1,"featured_media":0,"parent":0,"menu_order":0,"comment_status":"closed","ping_status":"closed","template":"","meta":{"footnotes":""},"class_list":["post-237","page","type-page","status-publish","hentry"],"_links":{"self":[{"href":"https:\/\/wiesenhausen.de\/index.php?rest_route=\/wp\/v2\/pages\/237","targetHints":{"allow":["GET"]}}],"collection":[{"href":"https:\/\/wiesenhausen.de\/index.php?rest_route=\/wp\/v2\/pages"}],"about":[{"href":"https:\/\/wiesenhausen.de\/index.php?rest_route=\/wp\/v2\/types\/page"}],"author":[{"embeddable":true,"href":"https:\/\/wiesenhausen.de\/index.php?rest_route=\/wp\/v2\/users\/1"}],"replies":[{"embeddable":true,"href":"https:\/\/wiesenhausen.de\/index.php?rest_route=%2Fwp%2Fv2%2Fcomments&post=237"}],"version-history":[{"count":2,"href":"https:\/\/wiesenhausen.de\/index.php?rest_route=\/wp\/v2\/pages\/237\/revisions"}],"predecessor-version":[{"id":854,"href":"https:\/\/wiesenhausen.de\/index.php?rest_route=\/wp\/v2\/pages\/237\/revisions\/854"}],"wp:attachment":[{"href":"https:\/\/wiesenhausen.de\/index.php?rest_route=%2Fwp%2Fv2%2Fmedia&parent=237"}],"curies":[{"name":"wp","href":"https:\/\/api.w.org\/{rel}","templated":true}]}}