{"id":23781,"date":"2023-11-18T19:18:59","date_gmt":"2023-11-18T19:18:59","guid":{"rendered":"https:\/\/wiesenhausen.de\/?page_id=23781"},"modified":"2023-11-23T20:36:28","modified_gmt":"2023-11-23T20:36:28","slug":"weltwahl-1823","status":"publish","type":"page","link":"https:\/\/wiesenhausen.de\/?page_id=23781","title":{"rendered":"Weltwahl 1823"},"content":{"rendered":"<p>Die Wahl zum Weltkabinett 1823 fand traditionell am 15. November des betreffenden Jahres statt. Weltkaiser Lieber Apfulkrax wurde erneut mit \u00fcber 50% in seine nun dritte Amtszeit gew\u00e4hlt. Insgesamt sechs neue Dromornisse traten anschlie\u00dfend ihr Amt an. Die Wahl stand unter dem Eindruck der Weiterreichung des Staffelstabs einer vermeintlich \u00e4lteren an eine j\u00fcngere Generation. Mehrere Amtsinhaber traten nicht mehr zur Wahl an, wie Au\u00dfendromorniss Hemes Rems oder Finanzdromorniss Lord Knackser, andere wiederum wurden in teils sehr spannenden Duellen abgew\u00e4hlt. Hier die Ergebnisse im \u00dcberblick:<\/p>\n<p><strong>Weltkaiser:<\/strong><\/p>\n<ul>\n<li><strong><em>Lieber Apfulkrax (Amtsinhaber)<\/em>: 53,8%<\/strong><\/li>\n<li>Steven Bernstein: 29,8%<\/li>\n<li>Marcus van Eeglen: 7,2%<\/li>\n<li>Marc Kadarov: 5,2%<\/li>\n<li>Christ Berggreen: 3,8%<\/li>\n<\/ul>\n<p><strong>Innendromorniss:<\/strong><\/p>\n<ul>\n<li><strong><em>Kalaar Moleskar (Amtsinhaber)<\/em>: 50,2%<\/strong><\/li>\n<li>Johannes von Daunenfels: 49,8%<\/li>\n<\/ul>\n<p><strong>Au\u00dfendromorniss:<\/strong><\/p>\n<ul>\n<li><strong><em>Tom Arne Henriksen<\/em>: 54,8%<\/strong><\/li>\n<li>Sinamor Vailador: 45,2%<\/li>\n<\/ul>\n<p><strong>Wirtschaftsdromorniss:<\/strong><\/p>\n<ul>\n<li><strong><em>Velk\u00e0 Fatra (Amtsinhaber)<\/em>: 59,5%<\/strong><\/li>\n<li>Gerhard Velb\u00e9ron: 40,5%<\/li>\n<\/ul>\n<p><strong>Finanzdromorniss:<\/strong><\/p>\n<ul>\n<li><strong><em>Manfred Goldkamp<\/em>: 69,0%<\/strong><\/li>\n<li>Bert Bratapfel: 31,0%<\/li>\n<\/ul>\n<p><strong>Justizdromorniss:<\/strong><\/p>\n<ul>\n<li><strong><em>Juan Ra\u00fal Petrarca<\/em>: 53,4%<\/strong><\/li>\n<li>Albert Hunter (Amtsinhaber): 46,6%<\/li>\n<\/ul>\n<p><strong>Verteidigungsdromorniss:<\/strong><\/p>\n<ul>\n<li><strong><em>Carl von der Regi\u00e8me (Amtsinhaber)<\/em>: 58,3%<\/strong><\/li>\n<li>Kar\u0142 \u0141enovo: 41,7%<\/li>\n<\/ul>\n<p><strong>Umweltdromorniss:<\/strong><\/p>\n<ul>\n<li><strong><em>Leopold Waldapfel (Amtsinhaber)<\/em>: 91,5%<\/strong><\/li>\n<li>Olga Abrassimova: 8,5%<\/li>\n<\/ul>\n<p><strong>Sozialdromorniss:<\/strong><\/p>\n<ul>\n<li><strong><em>Percival S. McLeach<\/em>: 50,4%<\/strong><\/li>\n<li>Amadeus Sininger (Amtsinhaber): 49,6%<\/li>\n<\/ul>\n<p><strong>Entwicklungsdromorniss:<\/strong><\/p>\n<ul>\n<li><strong><em>Steffen Winter (Amtsinhaber)<\/em>: 70,8%<\/strong><\/li>\n<li>Katharina L\u00f6wenberg: 29,2%<\/li>\n<\/ul>\n<p><strong>Gesundheitsdromorniss:<\/strong><\/p>\n<ul>\n<li><strong><em>Thomas Sch\u00e4ffke (Amtsinhaber)<\/em>: 78,8%<\/strong><\/li>\n<li>Carlos Schneckius: 21,2%<\/li>\n<\/ul>\n<p><strong>Bildungsdromorniss:<\/strong><\/p>\n<ul>\n<li><strong><em>Bella de Vere<\/em>: 54,4%<\/strong><\/li>\n<li>Marko Maszli\u0161ku\u0161: 45,6%<\/li>\n<\/ul>\n<p><strong>Sicherheitsdromorniss:<\/strong><\/p>\n<ul>\n<li><strong><em>Auge (Amtsinhaber)<\/em>: 51,7%<\/strong><\/li>\n<li>Konrad Fr\u00fchling: 48,3%<\/li>\n<\/ul>\n<p><strong>Verkehrsdromorniss:<\/strong><\/p>\n<ul>\n<li><strong><em>Christoph Botao (Amtsinhaber)<\/em>: 79,1%<\/strong><\/li>\n<li>Maria Riedenberger: 20,9%<\/li>\n<\/ul>\n<p><strong>Sportdromorniss:<\/strong><\/p>\n<ul>\n<li><strong><em>Dagobert Duck (Amtsinhaber)<\/em>: 62,9%<\/strong><\/li>\n<li>Petr Aersmil: 37,1%<\/li>\n<\/ul>\n<p><strong>Kulturdromorniss:<\/strong><\/p>\n<ul>\n<li><strong><em>Casimir Darsfeld<\/em>: 56,2%<\/strong><\/li>\n<li>Edward Cohemiel: 43,8%<\/li>\n<\/ul>\n<p><strong>Solidarit\u00e4tsdromorniss:<\/strong><\/p>\n<ul>\n<li><strong><em>Nebelphantom (Amtsinhaber)<\/em>: 57,5%<\/strong><\/li>\n<li>Fauchbert Dracher: 42,5%<\/li>\n<\/ul>\n","protected":false},"excerpt":{"rendered":"<p>Die Wahl zum Weltkabinett 1823 fand traditionell am 15. November des betreffenden Jahres statt. Weltkaiser Lieber Apfulkrax wurde erneut mit \u00fcber 50% in seine nun dritte Amtszeit gew\u00e4hlt. Insgesamt sechs neue Dromornisse traten anschlie\u00dfend ihr Amt an. Die Wahl stand unter dem Eindruck der Weiterreichung des Staffelstabs einer vermeintlich \u00e4lteren an eine j\u00fcngere Generation. Mehrere Amtsinhaber traten nicht mehr zur Wahl an, wie Au\u00dfendromorniss Hemes Rems oder Finanzdromorniss Lord Knackser, andere wiederum wurden in teils sehr spannenden Duellen abgew\u00e4hlt. Hier die Ergebnisse im \u00dcberblick: Weltkaiser: Lieber Apfulkrax (Amtsinhaber): 53,8% Steven Bernstein: 29,8% Marcus van Eeglen: 7,2% Marc Kadarov: 5,2% Christ Berggreen: 3,8% Innendromorniss: Kalaar Moleskar (Amtsinhaber): 50,2% Johannes von Daunenfels: <a class=\"more-link\" href=\"https:\/\/wiesenhausen.de\/?page_id=23781\">Continue Reading \u2192<\/a><\/p>\n","protected":false},"author":1,"featured_media":0,"parent":0,"menu_order":0,"comment_status":"closed","ping_status":"closed","template":"","meta":{"footnotes":""},"class_list":["post-23781","page","type-page","status-publish","hentry"],"_links":{"self":[{"href":"https:\/\/wiesenhausen.de\/index.php?rest_route=\/wp\/v2\/pages\/23781","targetHints":{"allow":["GET"]}}],"collection":[{"href":"https:\/\/wiesenhausen.de\/index.php?rest_route=\/wp\/v2\/pages"}],"about":[{"href":"https:\/\/wiesenhausen.de\/index.php?rest_route=\/wp\/v2\/types\/page"}],"author":[{"embeddable":true,"href":"https:\/\/wiesenhausen.de\/index.php?rest_route=\/wp\/v2\/users\/1"}],"replies":[{"embeddable":true,"href":"https:\/\/wiesenhausen.de\/index.php?rest_route=%2Fwp%2Fv2%2Fcomments&post=23781"}],"version-history":[{"count":3,"href":"https:\/\/wiesenhausen.de\/index.php?rest_route=\/wp\/v2\/pages\/23781\/revisions"}],"predecessor-version":[{"id":23838,"href":"https:\/\/wiesenhausen.de\/index.php?rest_route=\/wp\/v2\/pages\/23781\/revisions\/23838"}],"wp:attachment":[{"href":"https:\/\/wiesenhausen.de\/index.php?rest_route=%2Fwp%2Fv2%2Fmedia&parent=23781"}],"curies":[{"name":"wp","href":"https:\/\/api.w.org\/{rel}","templated":true}]}}