{"id":238,"date":"2014-10-30T20:08:33","date_gmt":"2014-10-30T20:08:33","guid":{"rendered":"http:\/\/192.168.2.101\/wordpress\/?page_id=238"},"modified":"2015-12-10T22:01:35","modified_gmt":"2015-12-10T22:01:35","slug":"palaces-monda","status":"publish","type":"page","link":"https:\/\/wiesenhausen.de\/?page_id=238","title":{"rendered":"Palaces Monda"},"content":{"rendered":"<p>Der Palaces Monda (altparadiesisch f\u00fcr: &#8222;Weltpalast&#8220;) steht in Wiesenhausen-S\u00fcdwiesenhausen direkt an den Drachenklippen und ist Wohn- und Regierungssitz des Lieben Kaisers Apfulkrax. Dessen Dromornissenschaft hat zudem noch sechszehn H\u00e4user, je eines f\u00fcr einen Dromorniss, im Park des Palastes, wo sie arbeitet, aber auch wohnen kann.<\/p>\n<p>Erbaut im Jahre 1811 durch ein Architektenteam um Stararchitekt Christoph Botao, als Amtssitz des Lieben Welt-Regimentes, verf\u00fcgt der Palast \u00fcber insgesamt 400 Zimmer, R\u00e4ume und S\u00e4le, die zu unterschiedlichsten Zwecken genutzt werden. Bekannte R\u00e4umlichkeiten sind beispielsweise der Thronsaal, in dem alle siebzehn Throne der Dromornissenschaft und des Weltherrschers stehen, die Eingangshalle, in der ein prunkvolles gewaltiges Treppenhaus hinauf in den Thronsaal f\u00fchrt, sowie das gro\u00dfe Konferenzzimmer, das, genau wie die beiden vorher genannten R\u00e4ume, ebenfalls von der gro\u00dfen Mondsteinglaskuppel \u00fcberdacht wird, die als gr\u00f6\u00dfte Kuppel der Welt gilt.<\/p>\n<p>F\u00fcr den Bau des Palasts brauchten die Arbeiter damals etwa zehn Monate; insgesamt wurden etwa 100 kg Gold, 500 kg Silber und 4000 kg Mondstein in den Bau investiert. Besonders bemerkenswert ist der Rote Mondstein im Eingangsbereich, den die Liebe Welt aus dem Privatbesitz von Entwicklungsdromorniss Steffen A. Winter erworben hat. Zudem ist auch der gro\u00dfe Park vor dem Palast erw\u00e4hnenswert. In diesem stehen, wie schon angesprochen, die sechszehn Dromornissenh\u00e4user, aber auch das Wohngeb\u00e4ude vom Privatsekret\u00e4r des Weltkaisers, Frederick Salant, und zahlreiche Zypressen, die den Park optisch pr\u00e4gen. Auch verf\u00fcgt die Anlage \u00fcber zahlreiche Seen, Springbr\u00fcnnen und Wasserf\u00e4lle, die einen nat\u00fcrlichen Eindruck vermitteln.<\/p>\n","protected":false},"excerpt":{"rendered":"<p>Der Palaces Monda (altparadiesisch f\u00fcr: &#8222;Weltpalast&#8220;) steht in Wiesenhausen-S\u00fcdwiesenhausen direkt an den Drachenklippen und ist Wohn- und Regierungssitz des Lieben Kaisers Apfulkrax. Dessen Dromornissenschaft hat zudem noch sechszehn H\u00e4user, je eines f\u00fcr einen Dromorniss, im Park des Palastes, wo sie arbeitet, aber auch wohnen kann. Erbaut im Jahre 1811 durch ein Architektenteam um Stararchitekt Christoph Botao, als Amtssitz des Lieben Welt-Regimentes, verf\u00fcgt der Palast \u00fcber insgesamt 400 Zimmer, R\u00e4ume und S\u00e4le, die zu unterschiedlichsten Zwecken genutzt werden. Bekannte R\u00e4umlichkeiten sind beispielsweise der Thronsaal, in dem alle siebzehn Throne der Dromornissenschaft und des Weltherrschers stehen, die Eingangshalle, in der ein prunkvolles gewaltiges Treppenhaus hinauf in den Thronsaal f\u00fchrt, sowie das gro\u00dfe <a class=\"more-link\" href=\"https:\/\/wiesenhausen.de\/?page_id=238\">Continue Reading \u2192<\/a><\/p>\n","protected":false},"author":1,"featured_media":0,"parent":0,"menu_order":0,"comment_status":"closed","ping_status":"closed","template":"","meta":{"footnotes":""},"class_list":["post-238","page","type-page","status-publish","hentry"],"_links":{"self":[{"href":"https:\/\/wiesenhausen.de\/index.php?rest_route=\/wp\/v2\/pages\/238","targetHints":{"allow":["GET"]}}],"collection":[{"href":"https:\/\/wiesenhausen.de\/index.php?rest_route=\/wp\/v2\/pages"}],"about":[{"href":"https:\/\/wiesenhausen.de\/index.php?rest_route=\/wp\/v2\/types\/page"}],"author":[{"embeddable":true,"href":"https:\/\/wiesenhausen.de\/index.php?rest_route=\/wp\/v2\/users\/1"}],"replies":[{"embeddable":true,"href":"https:\/\/wiesenhausen.de\/index.php?rest_route=%2Fwp%2Fv2%2Fcomments&post=238"}],"version-history":[{"count":2,"href":"https:\/\/wiesenhausen.de\/index.php?rest_route=\/wp\/v2\/pages\/238\/revisions"}],"predecessor-version":[{"id":4593,"href":"https:\/\/wiesenhausen.de\/index.php?rest_route=\/wp\/v2\/pages\/238\/revisions\/4593"}],"wp:attachment":[{"href":"https:\/\/wiesenhausen.de\/index.php?rest_route=%2Fwp%2Fv2%2Fmedia&parent=238"}],"curies":[{"name":"wp","href":"https:\/\/api.w.org\/{rel}","templated":true}]}}