{"id":240,"date":"2014-10-03T16:55:09","date_gmt":"2014-10-03T16:55:09","guid":{"rendered":"http:\/\/192.168.2.101\/wordpress\/?page_id=240"},"modified":"2023-11-18T19:30:08","modified_gmt":"2023-11-18T19:30:08","slug":"dromornissenschaft","status":"publish","type":"page","link":"https:\/\/wiesenhausen.de\/?page_id=240","title":{"rendered":"Dromornissenschaft"},"content":{"rendered":"<p>Die Dromornissenschaft bezeichnet alle Dromornisse, die im Palaces Monda die Geschicke leiten. Die Dromornisse sind die &#8222;Minister der Welt&#8220;, momentan gibt es im Palaces Monda sechszehn Dromornisse, bei der letzten Weltwahl am 15. November 1815 wurden zwei neue Posten eingef\u00fchrt. Die Dromornisse sind zwar dem Lieben Weltherrscher untergeben, haben allerdings ein Vetorecht und die M\u00f6glichkeit verschiedene Gesetze zu verfassen und dem Lieben Weltherrscher vorzulegen. Die Dromornissenschaft hat einen Vorsitzenden, von 1811 bis 1815 war das\u00a0Velka Fatra, der damalige Wirtschaftsdromorniss. Bereits vor der Einf\u00fchrung einer zentralen Weltregierung gab es die Dromornissenschaft, die damals eine Art Weltkonferenz bildete und\u00a0eine repr\u00e4sentative Funktion der Lieben Welt bei Besuchen auf anderen Welten innehatte, sowie einen Handlungsspielraum bei wirtschaftlichen und politisch wichtigen Entscheidungen hatte. Schlie\u00dflich wurde die Dromornissenschaft 1794 nach Ende des Gro\u00dfen Unabh\u00e4ngigkeitskrieges der paradiesischen Halbinsel aufgel\u00f6st, da man ihr nicht mehr zutraute, die Liebe Welt unter Kontrolle halten zu k\u00f6nnen.<\/p>\n<p>Anschlie\u00dfend blieben die Staaten sich selbst \u00fcberlassen. Bis im Jahre 1811\u00a0eine neue Weltregierung eingef\u00fchrt wurde und somit auch wieder die Dromornissenschaft, die allerdings nun unter der Leitung des Lieben Weltherrschers steht.<\/p>\n<p><strong>Weltkabinett &#8222;Apfulkrax III&#8220; <\/strong> (gew\u00e4hlt am 15. November 1823):<\/p>\n<ul>\n<li><strong>Lieber Welt Herrscher: <\/strong>Lieber Apfulkrax<\/li>\n<li><strong>Dromorniss f\u00fcr Inneres: <\/strong>Kalaar Moleskar<\/li>\n<li><strong>Dromorniss f\u00fcr \u00c4u\u00dferes: <\/strong>Tom Arne Henriksen<\/li>\n<li><strong>Dromorniss f\u00fcr Wirtschaft: <\/strong>Velk\u00e0 Fatra<\/li>\n<li><strong>Dromorniss f\u00fcr Finanzen: <\/strong>Manfred Goldkamp<\/li>\n<li><strong>Dromorniss f\u00fcr Justiz: <\/strong>Juan Ra\u00fal Petrarca<\/li>\n<li><strong>Dromorniss f\u00fcr Verteidigung: <\/strong>Carl von der Regi\u00e8me<\/li>\n<li><strong>Dromorniss f\u00fcr Umwelt: <\/strong>Leopold Waldapfel<\/li>\n<li><strong>Dromorniss f\u00fcr Soziales: <\/strong>Percival S. McLeach<\/li>\n<li><strong>Dromorniss f\u00fcr Entwicklung: <\/strong>Steffen A. Winter<\/li>\n<li><strong>Dromorniss f\u00fcr Gesundheit: <\/strong>Thomas Sch\u00e4ffke<\/li>\n<li><strong>Dromorniss f\u00fcr Verkehr: <\/strong>Christoph Botao<\/li>\n<li><strong>Dromorniss f\u00fcr Sicherheit: <\/strong>Auge<\/li>\n<li><strong>Dromorniss f\u00fcr Sport: <\/strong>Dagobert Duck<\/li>\n<li><strong>Dromorniss f\u00fcr Kultur: <\/strong>Casimir Darsfeld<\/li>\n<li><strong>Dromorniss f\u00fcr Solidarit\u00e4t: <\/strong>Nebelphantom<\/li>\n<\/ul>\n<p><strong>Weltkabinett &#8222;Apfulkrax II&#8220; <\/strong>(gew\u00e4hlt am 15. November 1819):<\/p>\n<ul>\n<li><strong>Lieber Welt Herrscher: <\/strong>Lieber Apfulkrax<\/li>\n<li><strong>Dromorniss f\u00fcr Inneres: <\/strong>Kalaar Moleskar<\/li>\n<li><strong>Dromorniss f\u00fcr \u00c4u\u00dferes: <\/strong>Hemes F. Rems<\/li>\n<li><strong>Dromorniss f\u00fcr Wirtschaft: <\/strong>Velk\u00e0 Fatra<\/li>\n<li><strong>Dromorniss f\u00fcr Finanzen: <\/strong>Lord Knackser<\/li>\n<li><strong>Dromorniss f\u00fcr Justiz: <\/strong>Albert Hunter<\/li>\n<li><strong>Dromorniss f\u00fcr Bildung: <\/strong>Albus Dumbledore<\/li>\n<li><strong>Dromorniss f\u00fcr Verteidigung: <\/strong>Carl von der Regi\u00e8me<\/li>\n<li><strong>Dromorniss f\u00fcr Umwelt: <\/strong>Leopold Waldapfel<\/li>\n<li><strong>Dromorniss f\u00fcr Soziales: <\/strong>Amadeus Sininger<\/li>\n<li><strong>Dromorniss f\u00fcr Entwicklung: <\/strong>Steffen A. Winter<\/li>\n<li><strong>Dromorniss f\u00fcr Gesundheit: <\/strong>Thomas Sch\u00e4ffke<\/li>\n<li><strong>Dromorniss f\u00fcr Verkehr: <\/strong>Christoph Botao<\/li>\n<li><strong>Dromorniss f\u00fcr Sicherheit: <\/strong>Auge<\/li>\n<li><strong>Dromorniss f\u00fcr Sport: <\/strong>Dagobert Duck<\/li>\n<li><strong>Dromorniss f\u00fcr Kultur: <\/strong>Mirco Magiaro (ab 19.07.1821 Wilhelm Rabe)*<\/li>\n<li><strong>Dromorniss f\u00fcr Solidarit\u00e4t: <\/strong>Nebelphantom<\/li>\n<\/ul>\n<p>*Mirco Magiaro trat im Zuge eines von ihm ver\u00f6ffentlichten Musikalbums mit dem SPO zur\u00fcck, in dem er sich kritisch gegen Mittelland gestellt hatte. Nach herrschender Meinung widersprach dies dem Grundsatz der Neutralit\u00e4t gegen\u00fcber einzelnen Staaten. Rabe \u00fcbernahm das Amt kommissarisch bis zur n\u00e4chsten Weltwahl.<\/p>\n<p><strong>Weltkabinett &#8222;Apfulkrax I&#8220; <\/strong>(gew\u00e4hlt am 15. November 1815):<\/p>\n<ul>\n<li><strong>Lieber Welt Herrscher:<\/strong> Lieber Apfulkrax<\/li>\n<li><strong>Dromorniss f\u00fcr Inneres: <\/strong>Leopold von Lassver<\/li>\n<li><strong>Dromorniss f\u00fcr \u00c4u\u00dferes: <\/strong>Hemes F. Rems<\/li>\n<li><strong>Dromorniss f\u00fcr Wirtschaft: <\/strong>Wilfried Betz<\/li>\n<li><strong>Dromorniss f\u00fcr Finanzen: <\/strong>Lord Knackser<\/li>\n<li><strong>Dromorniss f\u00fcr Justiz: <\/strong>Gerhard S. Herme<\/li>\n<li><strong>Dromorniss f\u00fcr Bildung: <\/strong>Albus Dumbledore<\/li>\n<li><strong>Dromorniss f\u00fcr Verteidigung: <\/strong>Gro\u00dfus Kriegerus<\/li>\n<li><strong>Dromorniss f\u00fcr Umwelt: <\/strong>Leopold Waldapfel<\/li>\n<li><strong>Dromorniss f\u00fcr Soziales: <\/strong>Amadeus Sininger<\/li>\n<li><strong>Dromorniss f\u00fcr Entwicklung: <\/strong>Steffen A. Winter<\/li>\n<li><strong>Dromorniss f\u00fcr Gesundheit: <\/strong>Dagobert Georgie<\/li>\n<li><strong>Dromorniss f\u00fcr Verkehr: <\/strong>Christoph Botao<\/li>\n<li><strong>Dromorniss f\u00fcr Sicherheit: <\/strong>Auge<\/li>\n<li><strong>Dromorniss f\u00fcr Sport: <\/strong>Dagobert Duck<\/li>\n<li><strong>Dromorniss f\u00fcr Kultur: <\/strong>Mirco Magiaro<\/li>\n<li><strong>Dromorniss f\u00fcr Solidarit\u00e4t: <\/strong>Dobby<\/li>\n<\/ul>\n<p><strong>Weltkabinett &#8222;Helobos I&#8220;<\/strong> (gew\u00e4hlt am 15. November 1811):<\/p>\n<ul>\n<li><strong>Lieber Welt Herrscher:<\/strong> Archibald Helobos*<\/li>\n<li><strong>Dromorniss f\u00fcr Inneres: <\/strong>Leopold von Lassver*<\/li>\n<li><strong>Dromorniss f\u00fcr \u00c4u\u00dferes: <\/strong>Lord Krokobert*<\/li>\n<li><strong>Dromorniss f\u00fcr Wirtschaft:\u00a0<\/strong>Velk\u00e0 Fatra*<\/li>\n<li><strong>Dromorniss f\u00fcr Finanzen: <\/strong>Lord Knackser<\/li>\n<li><strong>Dromorniss f\u00fcr Justiz: <\/strong>Gerhard S. Herme<\/li>\n<li><strong>Dromorniss f\u00fcr Bildung: <\/strong>Hemes F. Rems<\/li>\n<li><strong>Dromorniss f\u00fcr Verteidigung: <\/strong>Gro\u00dfus Kriegerus<\/li>\n<li><strong>Dromorniss f\u00fcr Umwelt: <\/strong>Leopold Waldapfel<\/li>\n<li><strong>Dromorniss f\u00fcr Soziales: <\/strong>Amadeus Sininger<\/li>\n<li><strong>Dromorniss f\u00fcr Entwicklung: <\/strong>Steffen A. Winter<\/li>\n<li><strong>Dromorniss f\u00fcr Gesundheit: <\/strong>Dagobert Georgie<\/li>\n<li><strong>Dromorniss f\u00fcr Verkehr: <\/strong>Percival Sean McLeach*<\/li>\n<li><strong>Dromorniss f\u00fcr Sicherheit: <\/strong>Marko Maszliskus**<\/li>\n<li><strong>Dromorniss f\u00fcr Sport: <\/strong>Dagobert Duck**<\/li>\n<\/ul>\n<p>* kandidierten f\u00fcr das Amt des Lieben Herrschers.<\/p>\n<p>**wurden am 25. Januar 1813 bei eigenen Wahlen gew\u00e4hlt.<\/p>\n<p>&nbsp;<\/p>\n","protected":false},"excerpt":{"rendered":"<p>Die Dromornissenschaft bezeichnet alle Dromornisse, die im Palaces Monda die Geschicke leiten. Die Dromornisse sind die &#8222;Minister der Welt&#8220;, momentan gibt es im Palaces Monda sechszehn Dromornisse, bei der letzten Weltwahl am 15. November 1815 wurden zwei neue Posten eingef\u00fchrt. Die Dromornisse sind zwar dem Lieben Weltherrscher untergeben, haben allerdings ein Vetorecht und die M\u00f6glichkeit verschiedene Gesetze zu verfassen und dem Lieben Weltherrscher vorzulegen. Die Dromornissenschaft hat einen Vorsitzenden, von 1811 bis 1815 war das\u00a0Velka Fatra, der damalige Wirtschaftsdromorniss. Bereits vor der Einf\u00fchrung einer zentralen Weltregierung gab es die Dromornissenschaft, die damals eine Art Weltkonferenz bildete und\u00a0eine repr\u00e4sentative Funktion der Lieben Welt bei Besuchen auf anderen Welten innehatte, sowie einen <a class=\"more-link\" href=\"https:\/\/wiesenhausen.de\/?page_id=240\">Continue Reading \u2192<\/a><\/p>\n","protected":false},"author":1,"featured_media":0,"parent":0,"menu_order":0,"comment_status":"closed","ping_status":"closed","template":"","meta":{"footnotes":""},"class_list":["post-240","page","type-page","status-publish","hentry"],"_links":{"self":[{"href":"https:\/\/wiesenhausen.de\/index.php?rest_route=\/wp\/v2\/pages\/240","targetHints":{"allow":["GET"]}}],"collection":[{"href":"https:\/\/wiesenhausen.de\/index.php?rest_route=\/wp\/v2\/pages"}],"about":[{"href":"https:\/\/wiesenhausen.de\/index.php?rest_route=\/wp\/v2\/types\/page"}],"author":[{"embeddable":true,"href":"https:\/\/wiesenhausen.de\/index.php?rest_route=\/wp\/v2\/users\/1"}],"replies":[{"embeddable":true,"href":"https:\/\/wiesenhausen.de\/index.php?rest_route=%2Fwp%2Fv2%2Fcomments&post=240"}],"version-history":[{"count":6,"href":"https:\/\/wiesenhausen.de\/index.php?rest_route=\/wp\/v2\/pages\/240\/revisions"}],"predecessor-version":[{"id":23787,"href":"https:\/\/wiesenhausen.de\/index.php?rest_route=\/wp\/v2\/pages\/240\/revisions\/23787"}],"wp:attachment":[{"href":"https:\/\/wiesenhausen.de\/index.php?rest_route=%2Fwp%2Fv2%2Fmedia&parent=240"}],"curies":[{"name":"wp","href":"https:\/\/api.w.org\/{rel}","templated":true}]}}