{"id":248,"date":"2014-10-28T20:34:17","date_gmt":"2014-10-28T20:34:17","guid":{"rendered":"http:\/\/192.168.2.101\/wordpress\/?page_id=248"},"modified":"2014-10-28T20:34:17","modified_gmt":"2014-10-28T20:34:17","slug":"musik","status":"publish","type":"page","link":"https:\/\/wiesenhausen.de\/?page_id=248","title":{"rendered":"Musik"},"content":{"rendered":"<p>Die Musik ist in Meadowhouse von gro\u00dfer Bedeutung. Wenn man dort \u00fcber Musik spricht, folgt ein gro\u00dfer Name immer nach: BEFIM. Die Band, mittlerweile eher ein Orchester, bestimmt seit vielen Jahren und Jahrzehnten bereits die Wiesenhausener Musiklandschaft. Aber auch andere Orchester\u00a0wie das Orchester der Zaubererakademie in Wiesenhausen oder das K\u00f6nigliche Staatsorchester Rubinburgh (KSR) sind erfolgreiche und renommierte Gruppen, die die Meadowhousische Musikszene pr\u00e4gen. Zudem gibt es zahlreiche Bands.<\/p>\n<p>Aber auch international ist Meadowhouse musikalisch weit verkn\u00fcpft. Die BEFIM beispielsweise unterh\u00e4lt gute Beziehungen und einen regen Austausch mit dem Sichtburgher Palastorchester aus Mittelland und dem Polsingerscherscher Hauptstadtorchester aus Paradies; beides ebenfalls international anerkannte und gefeierte Orchester, die besonders \u00fcber den Hauptkomponisten der BEFIM und Leiter des SPO&#8217;s, Mirco Magiaro, mit der BEFIM in Meadowhouse in Kontakt stehen.<\/p>\n","protected":false},"excerpt":{"rendered":"<p>Die Musik ist in Meadowhouse von gro\u00dfer Bedeutung. Wenn man dort \u00fcber Musik spricht, folgt ein gro\u00dfer Name immer nach: BEFIM. Die Band, mittlerweile eher ein Orchester, bestimmt seit vielen Jahren und Jahrzehnten bereits die Wiesenhausener Musiklandschaft. Aber auch andere Orchester\u00a0wie das Orchester der Zaubererakademie in Wiesenhausen oder das K\u00f6nigliche Staatsorchester Rubinburgh (KSR) sind erfolgreiche und renommierte Gruppen, die die Meadowhousische Musikszene pr\u00e4gen. Zudem gibt es zahlreiche Bands. Aber auch international ist Meadowhouse musikalisch weit verkn\u00fcpft. Die BEFIM beispielsweise unterh\u00e4lt gute Beziehungen und einen regen Austausch mit dem Sichtburgher Palastorchester aus Mittelland und dem Polsingerscherscher Hauptstadtorchester aus Paradies; beides ebenfalls international anerkannte und gefeierte Orchester, die besonders \u00fcber den Hauptkomponisten <a class=\"more-link\" href=\"https:\/\/wiesenhausen.de\/?page_id=248\">Continue Reading \u2192<\/a><\/p>\n","protected":false},"author":1,"featured_media":0,"parent":0,"menu_order":0,"comment_status":"closed","ping_status":"closed","template":"","meta":{"footnotes":""},"class_list":["post-248","page","type-page","status-publish","hentry"],"_links":{"self":[{"href":"https:\/\/wiesenhausen.de\/index.php?rest_route=\/wp\/v2\/pages\/248","targetHints":{"allow":["GET"]}}],"collection":[{"href":"https:\/\/wiesenhausen.de\/index.php?rest_route=\/wp\/v2\/pages"}],"about":[{"href":"https:\/\/wiesenhausen.de\/index.php?rest_route=\/wp\/v2\/types\/page"}],"author":[{"embeddable":true,"href":"https:\/\/wiesenhausen.de\/index.php?rest_route=\/wp\/v2\/users\/1"}],"replies":[{"embeddable":true,"href":"https:\/\/wiesenhausen.de\/index.php?rest_route=%2Fwp%2Fv2%2Fcomments&post=248"}],"version-history":[{"count":0,"href":"https:\/\/wiesenhausen.de\/index.php?rest_route=\/wp\/v2\/pages\/248\/revisions"}],"wp:attachment":[{"href":"https:\/\/wiesenhausen.de\/index.php?rest_route=%2Fwp%2Fv2%2Fmedia&parent=248"}],"curies":[{"name":"wp","href":"https:\/\/api.w.org\/{rel}","templated":true}]}}