{"id":251,"date":"2014-10-11T15:44:10","date_gmt":"2014-10-11T15:44:10","guid":{"rendered":"http:\/\/192.168.2.101\/wordpress\/?page_id=251"},"modified":"2014-10-11T15:44:10","modified_gmt":"2014-10-11T15:44:10","slug":"film-fernsehen","status":"publish","type":"page","link":"https:\/\/wiesenhausen.de\/?page_id=251","title":{"rendered":"Film &#038; Fernsehen"},"content":{"rendered":"<p>Die Meadowhousische Film- und Fernsehindustrie ist einer der wichtigsten wirtschaftlichen Zweige des Landes. Nicht zuletzt durch Archibald Cronbergs CronbergStudios in Saphirento und den gr\u00f6\u00dften Meadowhousischen Informationssender WRF (Wiesenhausener Rundfunk) ist immer f\u00fcr aktuelle Informationen und Unterhaltung in Form von Radio und Fernsehen gesorgt.<\/p>\n<p>Der WRF hat zwei Bereiche: Einerseits den Funkbereich, der \u00fcber Radio l\u00e4uft, und andererseits den Bereich im Fernsehen. WRF-Chef ist momentan Johannes-Karl Lange, der auch Chef des Wiesenhausener Tonstudios (WSTS) ist, wo die meisten Aufzeichnungen f\u00fcr den WRF im Studio stattfinden. Der WRF ist auch hauptverantwortlich f\u00fcr die \u00dcbertragung der BEFIM-Konzerte und f\u00fcr die w\u00f6chentlichen Fu\u00dfball\u00fcbertragungen im Land. Neben ihm gibt es noch die Sender Sport-Sat, MFS und News12 als die vier gr\u00f6\u00dften Sender des Landes.<\/p>\n<p>In der Filmbranche f\u00fchren die schon erw\u00e4hnten CronbergStudios den Markt an. Neben ihnen gibt es auch die RabeEntertainmentStudios in Wiesenhausen und die MFG (Meadowhousische Filmgesellschaft) aus San Laven, die aber nicht ansatzweise an den Branchenf\u00fchrer, der mit Produktionen wie zum Beispiel der MMS-Reihe gro\u00dfe Erfolge feiert, herankommen k\u00f6nnen.<\/p>\n","protected":false},"excerpt":{"rendered":"<p>Die Meadowhousische Film- und Fernsehindustrie ist einer der wichtigsten wirtschaftlichen Zweige des Landes. Nicht zuletzt durch Archibald Cronbergs CronbergStudios in Saphirento und den gr\u00f6\u00dften Meadowhousischen Informationssender WRF (Wiesenhausener Rundfunk) ist immer f\u00fcr aktuelle Informationen und Unterhaltung in Form von Radio und Fernsehen gesorgt. Der WRF hat zwei Bereiche: Einerseits den Funkbereich, der \u00fcber Radio l\u00e4uft, und andererseits den Bereich im Fernsehen. WRF-Chef ist momentan Johannes-Karl Lange, der auch Chef des Wiesenhausener Tonstudios (WSTS) ist, wo die meisten Aufzeichnungen f\u00fcr den WRF im Studio stattfinden. Der WRF ist auch hauptverantwortlich f\u00fcr die \u00dcbertragung der BEFIM-Konzerte und f\u00fcr die w\u00f6chentlichen Fu\u00dfball\u00fcbertragungen im Land. Neben ihm gibt es noch die Sender Sport-Sat, MFS <a class=\"more-link\" href=\"https:\/\/wiesenhausen.de\/?page_id=251\">Continue Reading \u2192<\/a><\/p>\n","protected":false},"author":1,"featured_media":0,"parent":0,"menu_order":0,"comment_status":"closed","ping_status":"closed","template":"","meta":{"footnotes":""},"class_list":["post-251","page","type-page","status-publish","hentry"],"_links":{"self":[{"href":"https:\/\/wiesenhausen.de\/index.php?rest_route=\/wp\/v2\/pages\/251","targetHints":{"allow":["GET"]}}],"collection":[{"href":"https:\/\/wiesenhausen.de\/index.php?rest_route=\/wp\/v2\/pages"}],"about":[{"href":"https:\/\/wiesenhausen.de\/index.php?rest_route=\/wp\/v2\/types\/page"}],"author":[{"embeddable":true,"href":"https:\/\/wiesenhausen.de\/index.php?rest_route=\/wp\/v2\/users\/1"}],"replies":[{"embeddable":true,"href":"https:\/\/wiesenhausen.de\/index.php?rest_route=%2Fwp%2Fv2%2Fcomments&post=251"}],"version-history":[{"count":0,"href":"https:\/\/wiesenhausen.de\/index.php?rest_route=\/wp\/v2\/pages\/251\/revisions"}],"wp:attachment":[{"href":"https:\/\/wiesenhausen.de\/index.php?rest_route=%2Fwp%2Fv2%2Fmedia&parent=251"}],"curies":[{"name":"wp","href":"https:\/\/api.w.org\/{rel}","templated":true}]}}