{"id":252,"date":"2014-10-03T16:36:30","date_gmt":"2014-10-03T16:36:30","guid":{"rendered":"http:\/\/192.168.2.101\/wordpress\/?page_id=252"},"modified":"2019-10-06T15:49:10","modified_gmt":"2019-10-06T15:49:10","slug":"cronbergstudios","status":"publish","type":"page","link":"https:\/\/wiesenhausen.de\/?page_id=252","title":{"rendered":"CronbergStudios"},"content":{"rendered":"<p>Die CronbergStudios sind f\u00fchrend in der weltweiten Filmbranche. Sie haben ihren Sitz in Saphirento im Norden von Wiesenhausen und wurden im Jahre 1784 von Archibald Cronberg, einem der besten Filmregisseure der Lieben Welt und Meadowhouser, gegr\u00fcndet. Unter der Leitung der CronbergStudios steht beispielsweise die weltber\u00fchmte Action-Reihe &#8222;M\u00f6rdern macht Spa\u00df&#8220; oder die H\u00f6hlentrilogie. Auch gro\u00dfe Filmerfolge wie &#8222;Die letzte Fahrt der Katharina Jana&#8220; oder &#8222;Der verlorene Horizont&#8220; wurden dort produziert. 1819 produzierte man zusammen mit den Goldberg-Sterling-Studios aus Atlantis den bislang erfolgreichsten Film aller Zeiten, &#8222;Cremissimo&#8220;.<\/p>\n<p>Nach der Gr\u00fcndung der Studios am 13. November 1784 legte man den Fokus zun\u00e4chst auf H\u00f6rspiele und Synchronfassungen von Filmen aus anderen Welten, wie z.B. der Erde. Unter anderem wurden dort &#8222;James Bond&#8220; oder &#8222;Schindlers\u00a0Liste&#8220; synchronisiert und ins Liebische \u00fcbersetzt.\u00a0Ab dem Jahre 1795 jedoch begann man, auch selbst Filme zu\u00a0produzieren. Der erste eigens entwickelte Film war 1796\u00a0der Thriller &#8222;Der Wald&#8220;, der mehr\u00a05 Millionen Schillinge Gewinn erzielte. Ab da begann der rasante Aufstieg der CronbergStudios, der schlie\u00dflich in vielen verschiedenen Preisen m\u00fcndete, wie\u00a0etwa dem\u00a0&#8222;Goldenen L\u00f6wen&#8220; 1813 in der Kategorie &#8222;Beste Produktionsarbeit&#8220; oder dem Internationalen Preis f\u00fcr Film- und Fernsehkultur (IPFF) im selben Jahr. Noch heute werden die Studios von Archibald Cronberg geleitet.<\/p>\n","protected":false},"excerpt":{"rendered":"<p>Die CronbergStudios sind f\u00fchrend in der weltweiten Filmbranche. Sie haben ihren Sitz in Saphirento im Norden von Wiesenhausen und wurden im Jahre 1784 von Archibald Cronberg, einem der besten Filmregisseure der Lieben Welt und Meadowhouser, gegr\u00fcndet. Unter der Leitung der CronbergStudios steht beispielsweise die weltber\u00fchmte Action-Reihe &#8222;M\u00f6rdern macht Spa\u00df&#8220; oder die H\u00f6hlentrilogie. Auch gro\u00dfe Filmerfolge wie &#8222;Die letzte Fahrt der Katharina Jana&#8220; oder &#8222;Der verlorene Horizont&#8220; wurden dort produziert. 1819 produzierte man zusammen mit den Goldberg-Sterling-Studios aus Atlantis den bislang erfolgreichsten Film aller Zeiten, &#8222;Cremissimo&#8220;. Nach der Gr\u00fcndung der Studios am 13. November 1784 legte man den Fokus zun\u00e4chst auf H\u00f6rspiele und Synchronfassungen von Filmen aus anderen Welten, wie z.B. <a class=\"more-link\" href=\"https:\/\/wiesenhausen.de\/?page_id=252\">Continue Reading \u2192<\/a><\/p>\n","protected":false},"author":1,"featured_media":0,"parent":0,"menu_order":0,"comment_status":"closed","ping_status":"closed","template":"","meta":{"footnotes":""},"class_list":["post-252","page","type-page","status-publish","hentry"],"_links":{"self":[{"href":"https:\/\/wiesenhausen.de\/index.php?rest_route=\/wp\/v2\/pages\/252","targetHints":{"allow":["GET"]}}],"collection":[{"href":"https:\/\/wiesenhausen.de\/index.php?rest_route=\/wp\/v2\/pages"}],"about":[{"href":"https:\/\/wiesenhausen.de\/index.php?rest_route=\/wp\/v2\/types\/page"}],"author":[{"embeddable":true,"href":"https:\/\/wiesenhausen.de\/index.php?rest_route=\/wp\/v2\/users\/1"}],"replies":[{"embeddable":true,"href":"https:\/\/wiesenhausen.de\/index.php?rest_route=%2Fwp%2Fv2%2Fcomments&post=252"}],"version-history":[{"count":2,"href":"https:\/\/wiesenhausen.de\/index.php?rest_route=\/wp\/v2\/pages\/252\/revisions"}],"predecessor-version":[{"id":14336,"href":"https:\/\/wiesenhausen.de\/index.php?rest_route=\/wp\/v2\/pages\/252\/revisions\/14336"}],"wp:attachment":[{"href":"https:\/\/wiesenhausen.de\/index.php?rest_route=%2Fwp%2Fv2%2Fmedia&parent=252"}],"curies":[{"name":"wp","href":"https:\/\/api.w.org\/{rel}","templated":true}]}}