{"id":25274,"date":"2024-08-03T11:07:26","date_gmt":"2024-08-03T11:07:26","guid":{"rendered":"https:\/\/wiesenhausen.de\/?page_id=25274"},"modified":"2024-08-03T14:48:07","modified_gmt":"2024-08-03T14:48:07","slug":"herzogenwahlen-1817","status":"publish","type":"page","link":"https:\/\/wiesenhausen.de\/?page_id=25274","title":{"rendered":"Herzogenwahlen 1817"},"content":{"rendered":"<p>Die n\u00e4chsten Herzogenwahlen in Meadowhouse fanden geschlossen am 26. M\u00e4rz 1817 statt. Traditionell wird in allen Herzogt\u00fcmern gleichzeitig gew\u00e4hlt. Die Herzogenwahlen entstanden nach dem Ostbekenntnis am 1. M\u00e4rz 1812 und der Aufteilung des K\u00f6nigreichs Meadowhouse in sechs verschiedene Herzogt\u00fcmer. Die Legislaturperiode eines Herzogs dauert f\u00fcnf Jahre.<\/p>\n<p>Die Ausgangslage war gepr\u00e4gt von einer sich versch\u00e4rfenden Weltwirtschaftslage und dem Auseinanderdriften der verschiedenen Gesellschaftsteile von Meadowhouse. Die WVD war danach als einzige Partei nach den Wahlen in allen Herzogregierungen vertreten. Insgesamt zeigten sich im Norden die erwarteten konservativen Wahlsiege, im S\u00fcden siegten eher progressive Parteien. Zu einem Novum kam es im Herzogtum El Grande, in dem zwar die MSP einen deutlichen Wahlsieg errung, jedoch keine Regierungsmehrheit bilden konnte. Nachstehend sehen Sie alle Ergebnisse im \u00dcberblick:<\/p>\n<p><strong><span style=\"text-decoration: underline;\">Preu\u00dfen:<\/span> <\/strong><\/p>\n<p><strong>VCS:<\/strong> 23,7%<br \/>\n<strong>MCM: <\/strong>22,6%<br \/>\n<strong>WVD: <\/strong>21,8%<br \/>\n<strong>BdH: <\/strong>12,7%<br \/>\n<strong>FED: <\/strong>11,2%<br \/>\n<strong>MSP: <\/strong>4,9%<br \/>\n<strong>MP:<\/strong> 3,1%<\/p>\n<p><em>Amtsinhaber Georg Hebdal (VCS) konnte ganz knapp weiterregieren. Jedoch verlor die Koalition aus VCS und WVD (Alfons Setterstedt) ihre Mehrheit und musste so in eine Dreier-Koalition mit den MCM (Simon Angler) eingehen.\u00a0 <\/em><\/p>\n<p><span style=\"text-decoration: underline;\"><strong>Saphirento:<\/strong><\/span><\/p>\n<p><strong>WVD: <\/strong>24,2%<br \/>\n<strong>BdH: <\/strong>19,7%<br \/>\n<strong>FED: <\/strong>17,8%<br \/>\n<strong>MCM: <\/strong>13,5%<br \/>\n<strong>MSP: <\/strong>11,2%<br \/>\n<strong>VCS: <\/strong>10,7%<br \/>\n<strong>MP: <\/strong>2,9%<\/p>\n<p><em>Auch in Saphirento verlor die Regierung aus WVD und BdH ihre Mehrheit. Herzog Peter Burg (WVD) blieb aber im Amt, musste allerdings mit den MCM einen dritten Koalitionspartner hinzunehmen. <\/em><\/p>\n<p><span style=\"text-decoration: underline;\"><strong>Wiesenhausen:<\/strong><\/span><\/p>\n<p><strong>BdH: <\/strong>31,7%<br \/>\n<strong>WVD: <\/strong>25,3%<br \/>\n<strong>MCM: <\/strong>20,8%<br \/>\n<strong>MSP: <\/strong>11,5%<br \/>\n<strong>FED: <\/strong>7,2%<br \/>\n<strong>MP: <\/strong>2,2%<br \/>\n<strong>VCS: <\/strong>1,3%<\/p>\n<p><em>Amtsinhaber Hemes Rems (BdH) war nicht mehr angetreten, sein Nachfolger wurde Parteikollege Marko Maszli\u0161ku\u0161. Die Regierung seines Vorg\u00e4ngers konnte er weiterf\u00fchren, da Koalitionspartner WVD genug Stimmen f\u00fcr eine gr\u00fcn-blaue Mehrheit holte. Das katastrophale Ergebnis der VCS war in Personalquerelen und im \u00fcberhaupt erst sehr kurzfristigen Antreten der Partei zur Wahl begr\u00fcndet.<\/em><\/p>\n<p><span style=\"text-decoration: underline;\"><strong>Santo Opalo:<\/strong><\/span><\/p>\n<p><strong>BdH: <\/strong>29,9%<br \/>\n<strong>WVD: <\/strong>18,7%<br \/>\n<strong>MCM: <\/strong>14,1%<br \/>\n<strong>FED: <\/strong>13,0%<br \/>\n<strong>MSP: <\/strong>12,7%<br \/>\n<strong>VCS: <\/strong>6,6%<br \/>\n<strong>MP: <\/strong>5,1%<\/p>\n<p><em>F\u00fcr den nicht mehr angetretenen Amtsinhaber Leopold Waldapfel (BdH) war Ronald Riesenkalmar angetreten. Dieser wurde Wahlsieger, die bisherige Koalition aus BdH und WVD reichte nicht mehr, die MCM kam als dritte Regierungspartei hinzu.<\/em><\/p>\n<p><span style=\"text-decoration: underline;\"><strong>El Grande:<\/strong><\/span><\/p>\n<p><strong>MSP: <\/strong>26,1%<br \/>\n<strong>BdH: <\/strong>21,7%<br \/>\n<strong>WVD: <\/strong>16,0%<br \/>\n<strong>VCS: <\/strong>12,5%<br \/>\n<strong>FED: <\/strong>9,5%<br \/>\n<strong>MCM: <\/strong>6,0%<br \/>\n<strong>MP: <\/strong>8,2%<\/p>\n<p><em>Erstmals in der Geschichte der meadowhousischen Wahlen wurde die st\u00e4rkste Fraktion nicht automatisch Regierungspartei. Heiner Gutsdorf (MSP) konnte nicht Herzog werden, da seine Partei keine Mehrheit organisieren konnte. Somit reichte dem B\u00fcndnis aus BdH, WVD und VCS ein einziger Sitz Mehrheit, sodass Siegfried von Malmenberg (BdH) Herzog wurde. Amtsinhaber Percival S. McLeach (sp\u00e4ter K\u00f6nig Percival I., BdH) war nicht mehr angetreten.<br \/>\n<\/em><\/p>\n<p><span style=\"text-decoration: underline;\"><strong>S\u00fcdstrand:<\/strong><\/span><\/p>\n<p><strong>BdH: <\/strong>27,4%<br \/>\n<strong>MSP: <\/strong>24,3%<br \/>\n<strong>WVD: <\/strong>16,6%<br \/>\n<strong>VCS: <\/strong>11,9%<br \/>\n<strong>MCM: <\/strong>10,3%<br \/>\n<strong>MP: <\/strong>8,5%<strong><br \/>\nFED:<\/strong> 1,0%<\/p>\n<p><em>Die Mehrheit behielt der BdH, Wahlsieger wurde Richard Mant\u00f6psrochen als Nachfolger des nicht mehr angetretenen Gerhard Herme. Auch hier verlor jedoch die Koalition mit der WVD ihre Mehrheit, hier wurde die VCS als dritter Partner mit in die Regierung aufgenommen.<\/em><\/p>\n","protected":false},"excerpt":{"rendered":"<p>Die n\u00e4chsten Herzogenwahlen in Meadowhouse fanden geschlossen am 26. M\u00e4rz 1817 statt. Traditionell wird in allen Herzogt\u00fcmern gleichzeitig gew\u00e4hlt. Die Herzogenwahlen entstanden nach dem Ostbekenntnis am 1. M\u00e4rz 1812 und der Aufteilung des K\u00f6nigreichs Meadowhouse in sechs verschiedene Herzogt\u00fcmer. Die Legislaturperiode eines Herzogs dauert f\u00fcnf Jahre. Die Ausgangslage war gepr\u00e4gt von einer sich versch\u00e4rfenden Weltwirtschaftslage und dem Auseinanderdriften der verschiedenen Gesellschaftsteile von Meadowhouse. Die WVD war danach als einzige Partei nach den Wahlen in allen Herzogregierungen vertreten. Insgesamt zeigten sich im Norden die erwarteten konservativen Wahlsiege, im S\u00fcden siegten eher progressive Parteien. Zu einem Novum kam es im Herzogtum El Grande, in dem zwar die MSP einen deutlichen Wahlsieg errung, <a class=\"more-link\" href=\"https:\/\/wiesenhausen.de\/?page_id=25274\">Continue Reading \u2192<\/a><\/p>\n","protected":false},"author":1,"featured_media":0,"parent":0,"menu_order":0,"comment_status":"closed","ping_status":"closed","template":"","meta":{"footnotes":""},"class_list":["post-25274","page","type-page","status-publish","hentry"],"_links":{"self":[{"href":"https:\/\/wiesenhausen.de\/index.php?rest_route=\/wp\/v2\/pages\/25274","targetHints":{"allow":["GET"]}}],"collection":[{"href":"https:\/\/wiesenhausen.de\/index.php?rest_route=\/wp\/v2\/pages"}],"about":[{"href":"https:\/\/wiesenhausen.de\/index.php?rest_route=\/wp\/v2\/types\/page"}],"author":[{"embeddable":true,"href":"https:\/\/wiesenhausen.de\/index.php?rest_route=\/wp\/v2\/users\/1"}],"replies":[{"embeddable":true,"href":"https:\/\/wiesenhausen.de\/index.php?rest_route=%2Fwp%2Fv2%2Fcomments&post=25274"}],"version-history":[{"count":2,"href":"https:\/\/wiesenhausen.de\/index.php?rest_route=\/wp\/v2\/pages\/25274\/revisions"}],"predecessor-version":[{"id":25304,"href":"https:\/\/wiesenhausen.de\/index.php?rest_route=\/wp\/v2\/pages\/25274\/revisions\/25304"}],"wp:attachment":[{"href":"https:\/\/wiesenhausen.de\/index.php?rest_route=%2Fwp%2Fv2%2Fmedia&parent=25274"}],"curies":[{"name":"wp","href":"https:\/\/api.w.org\/{rel}","templated":true}]}}