{"id":25279,"date":"2024-08-03T11:52:06","date_gmt":"2024-08-03T11:52:06","guid":{"rendered":"https:\/\/wiesenhausen.de\/?page_id=25279"},"modified":"2024-08-03T14:07:30","modified_gmt":"2024-08-03T14:07:30","slug":"reichstagswahl-1814","status":"publish","type":"page","link":"https:\/\/wiesenhausen.de\/?page_id=25279","title":{"rendered":"Reichstagswahl"},"content":{"rendered":"<p>Erstmals waren auch die Landesteile, die sich 1812 im Ostbekenntnis Meadowhouse anschlossen, zu einer landesweiten Wahl berechtigt. Dies erforderte einen hohen administrativen Aufwand, der jedoch relativ problemlos geleistet werden konnte.<\/p>\n<p>Die Ausgangslage waren schwelende Konflikte auf der Lieben Welt, die Aufr\u00e4umaktionen nach der Weltschlacht 1812, die Frage nach Volksentscheiden, der Energiegewinnung und insbesondere der Atomkraft, sowie die grunds\u00e4tzliche politische Ausrichtung des erst vierj\u00e4hrigen Staates Meadowhouse. Erstmals kam es zu reichsweiten Wahlen, da 1812 nach dem Ostbekenntnis auch die \u00f6stlichen Teile Gr\u00fcnlands sich Meadowhouse anschlossen.<\/p>\n<p>Reichskanzler Ewald Basilisk (WVD) verlor nach nur vier Jahren sein Amt an den bisherigen Juniorpartner Sebastian Schwalbenschwanz (BdH). Die Koalition aus WVD, BdH und VCS wurde zu einem B\u00fcndnis aus BdH, WVD und MCM. Die KFM verpasste den erneuten Einzug in das Parlament, nachdem anders als bei der ersten Parlamentswahl 1810 eine 3%-H\u00fcrde anstatt einer 1%-H\u00fcrde galt. Zudem war es die erste Wahl nach der Reform bei den Regeln der Koalitionsbildung, nach denen es nicht mehr m\u00f6glich war, eine weitere Partei in eine Koalition aufzunehmen, wenn bereits eine Mehrheit besteht. Nachstehend sehen Sie die Ergebnisse im \u00dcberblick:<\/p>\n<p><span style=\"text-decoration: underline;\"><strong>Wahl zum Zweiten Meadowhousischen Reichstag<\/strong><\/span><\/p>\n<p><strong>BdH:<\/strong> 25,3% (+3,9%)<br \/>\n<strong>WVD: <\/strong>22,7% (-10,9%)<br \/>\n<strong>MCM: <\/strong>14,9% (+8,9%)<br \/>\n<strong>FED: <\/strong>11,7% (+9,0%)<br \/>\n<strong>VCS: <\/strong>9,8% (-9,9%)<br \/>\n<strong>MSP: <\/strong>8,5% (-4,0%)<br \/>\n<strong>MP: <\/strong>3,3% (+1,5%)<br \/>\n<strong>KFM: <\/strong>1,2% (+0,1%)<br \/>\n<strong>Andere: <\/strong>2,8% (+1,4%)<\/p>\n<p><span style=\"text-decoration: underline;\"><strong>Sitzverteilung im Saal der Gespenster<\/strong><\/span><\/p>\n<p><strong>BdH: <\/strong>155<br \/>\n<strong>WVD: <\/strong>139<br \/>\n<strong>MCM: <\/strong>93<br \/>\n<strong>FED: <\/strong>74<br \/>\n<strong>VCS: <\/strong>63<br \/>\n<strong>MSP: <\/strong>54<br \/>\n<strong>MP: <\/strong>22<\/p>\n<p><em>Die danach gebildete Koalition aus BdH, WVD und MCM erreichte zusammen 387 Sitze. N\u00f6tig f\u00fcr eine Mehrheit sind 301.<\/em><\/p>\n<p><em>Am 8. November 1814 wurde Sebastian Schwalbenschwanz (BdH) zum Reichskanzler gew\u00e4hlt.<\/em><\/p>\n<p><em>Die Wahlbeteiligung lag bei 83,7%.<\/em><\/p>\n","protected":false},"excerpt":{"rendered":"<p>Erstmals waren auch die Landesteile, die sich 1812 im Ostbekenntnis Meadowhouse anschlossen, zu einer landesweiten Wahl berechtigt. Dies erforderte einen hohen administrativen Aufwand, der jedoch relativ problemlos geleistet werden konnte. Die Ausgangslage waren schwelende Konflikte auf der Lieben Welt, die Aufr\u00e4umaktionen nach der Weltschlacht 1812, die Frage nach Volksentscheiden, der Energiegewinnung und insbesondere der Atomkraft, sowie die grunds\u00e4tzliche politische Ausrichtung des erst vierj\u00e4hrigen Staates Meadowhouse. Erstmals kam es zu reichsweiten Wahlen, da 1812 nach dem Ostbekenntnis auch die \u00f6stlichen Teile Gr\u00fcnlands sich Meadowhouse anschlossen. Reichskanzler Ewald Basilisk (WVD) verlor nach nur vier Jahren sein Amt an den bisherigen Juniorpartner Sebastian Schwalbenschwanz (BdH). Die Koalition aus WVD, BdH und VCS wurde <a class=\"more-link\" href=\"https:\/\/wiesenhausen.de\/?page_id=25279\">Continue Reading \u2192<\/a><\/p>\n","protected":false},"author":1,"featured_media":0,"parent":0,"menu_order":0,"comment_status":"closed","ping_status":"closed","template":"","meta":{"footnotes":""},"class_list":["post-25279","page","type-page","status-publish","hentry"],"_links":{"self":[{"href":"https:\/\/wiesenhausen.de\/index.php?rest_route=\/wp\/v2\/pages\/25279","targetHints":{"allow":["GET"]}}],"collection":[{"href":"https:\/\/wiesenhausen.de\/index.php?rest_route=\/wp\/v2\/pages"}],"about":[{"href":"https:\/\/wiesenhausen.de\/index.php?rest_route=\/wp\/v2\/types\/page"}],"author":[{"embeddable":true,"href":"https:\/\/wiesenhausen.de\/index.php?rest_route=\/wp\/v2\/users\/1"}],"replies":[{"embeddable":true,"href":"https:\/\/wiesenhausen.de\/index.php?rest_route=%2Fwp%2Fv2%2Fcomments&post=25279"}],"version-history":[{"count":3,"href":"https:\/\/wiesenhausen.de\/index.php?rest_route=\/wp\/v2\/pages\/25279\/revisions"}],"predecessor-version":[{"id":25298,"href":"https:\/\/wiesenhausen.de\/index.php?rest_route=\/wp\/v2\/pages\/25279\/revisions\/25298"}],"wp:attachment":[{"href":"https:\/\/wiesenhausen.de\/index.php?rest_route=%2Fwp%2Fv2%2Fmedia&parent=25279"}],"curies":[{"name":"wp","href":"https:\/\/api.w.org\/{rel}","templated":true}]}}