{"id":25288,"date":"2024-08-03T12:26:49","date_gmt":"2024-08-03T12:26:49","guid":{"rendered":"https:\/\/wiesenhausen.de\/?page_id=25288"},"modified":"2024-08-03T12:26:49","modified_gmt":"2024-08-03T12:26:49","slug":"reichswahlen-1810","status":"publish","type":"page","link":"https:\/\/wiesenhausen.de\/?page_id=25288","title":{"rendered":"Reichswahlen 1810"},"content":{"rendered":"<p>Die erstmals stattfindenden Wahlen im neu gegr\u00fcndeten Meadowhouse fanden gesammelt am 30. Oktober 1810 statt. Nur zw\u00f6lf Tage zuvor hatte man den Staat Meadowhouse ausgerufen und binnen k\u00fcrzester Zeit die Anerkennung durch alle Staaten der Lieben Welt, Gr\u00fcnland folgte jedoch erst nach dem Ostbekenntnis 1812. Schnell bereitete man eine gro\u00dfe Abstimmung im damals noch sehr kleinen Meadowhouse vor. Wahlberechtigt war jeder von mindestens 18 Jahren, die Wahlen fanden noch unter gr\u00fcnl\u00e4ndischem Recht statt und sollten \u00fcber die Gestaltung des neuen Staates entscheiden.<\/p>\n<p>Teil der Wahlen war die Wahl eines neuen Parlaments, die Abstimmung zur Einf\u00fchrung eines K\u00f6nigreichs und die damit verbundene K\u00f6nigswahl. Im Anschluss an die Wahlen wurde noch bis zum Jahresende 1810 eine erste meadowhousische Regierung installiert.<\/p>\n","protected":false},"excerpt":{"rendered":"<p>Die erstmals stattfindenden Wahlen im neu gegr\u00fcndeten Meadowhouse fanden gesammelt am 30. Oktober 1810 statt. Nur zw\u00f6lf Tage zuvor hatte man den Staat Meadowhouse ausgerufen und binnen k\u00fcrzester Zeit die Anerkennung durch alle Staaten der Lieben Welt, Gr\u00fcnland folgte jedoch erst nach dem Ostbekenntnis 1812. Schnell bereitete man eine gro\u00dfe Abstimmung im damals noch sehr kleinen Meadowhouse vor. Wahlberechtigt war jeder von mindestens 18 Jahren, die Wahlen fanden noch unter gr\u00fcnl\u00e4ndischem Recht statt und sollten \u00fcber die Gestaltung des neuen Staates entscheiden. Teil der Wahlen war die Wahl eines neuen Parlaments, die Abstimmung zur Einf\u00fchrung eines K\u00f6nigreichs und die damit verbundene K\u00f6nigswahl. Im Anschluss an die Wahlen wurde noch bis <a class=\"more-link\" href=\"https:\/\/wiesenhausen.de\/?page_id=25288\">Continue Reading \u2192<\/a><\/p>\n","protected":false},"author":1,"featured_media":0,"parent":0,"menu_order":0,"comment_status":"closed","ping_status":"closed","template":"","meta":{"footnotes":""},"class_list":["post-25288","page","type-page","status-publish","hentry"],"_links":{"self":[{"href":"https:\/\/wiesenhausen.de\/index.php?rest_route=\/wp\/v2\/pages\/25288","targetHints":{"allow":["GET"]}}],"collection":[{"href":"https:\/\/wiesenhausen.de\/index.php?rest_route=\/wp\/v2\/pages"}],"about":[{"href":"https:\/\/wiesenhausen.de\/index.php?rest_route=\/wp\/v2\/types\/page"}],"author":[{"embeddable":true,"href":"https:\/\/wiesenhausen.de\/index.php?rest_route=\/wp\/v2\/users\/1"}],"replies":[{"embeddable":true,"href":"https:\/\/wiesenhausen.de\/index.php?rest_route=%2Fwp%2Fv2%2Fcomments&post=25288"}],"version-history":[{"count":1,"href":"https:\/\/wiesenhausen.de\/index.php?rest_route=\/wp\/v2\/pages\/25288\/revisions"}],"predecessor-version":[{"id":25289,"href":"https:\/\/wiesenhausen.de\/index.php?rest_route=\/wp\/v2\/pages\/25288\/revisions\/25289"}],"wp:attachment":[{"href":"https:\/\/wiesenhausen.de\/index.php?rest_route=%2Fwp%2Fv2%2Fmedia&parent=25288"}],"curies":[{"name":"wp","href":"https:\/\/api.w.org\/{rel}","templated":true}]}}