{"id":25291,"date":"2024-08-03T13:44:57","date_gmt":"2024-08-03T13:44:57","guid":{"rendered":"https:\/\/wiesenhausen.de\/?page_id=25291"},"modified":"2024-08-03T14:07:07","modified_gmt":"2024-08-03T14:07:07","slug":"reichstagswahl-1810","status":"publish","type":"page","link":"https:\/\/wiesenhausen.de\/?page_id=25291","title":{"rendered":"Reichstagswahl 1810"},"content":{"rendered":"<p>Die erste Wahl zu einem meadowhousischen Parlament fand im Rahmen der Reichswahlen nach der Staatsgr\u00fcndung am 30. Oktober 1810 statt. Dabei wurde zum ersten Mal ein meadowhousisches Parlament gew\u00e4hlt. Dabei galt einmalig eine 1%-H\u00fcrde zum Einzug einer Partei in den Saal der Gespenster. Es war bereits klar, dass der Regierungssitz auf Burg Daunenfels sein w\u00fcrde und die antretenden Parteien waren neben bereits bestehenden Ablegern gr\u00fcnl\u00e4ndischer Parteien auch z\u00fcgig gegr\u00fcndete politische Listen, die ihr Programm f\u00fcr den Ablauf der Staatsgr\u00fcndung im Internet und in Flugbl\u00e4ttern verteilten.<\/p>\n<p>Es kam zum erwartet deutlichen Wahlsieg der WVD. Im Anschluss wurde deren Spitzenkandidat Ewald Basilisk zum ersten meadowhousischen Reichskanzler gew\u00e4hlt und am 17. Dezember 1810 vom Parlament best\u00e4tigt. Insgesamt kamen gr\u00f6\u00dftenteils gem\u00e4\u00dfigte Kr\u00e4fte in das neue Parlament, allerdings mit der KFM auch eine fundamentalistisch religi\u00f6se Partei. Nach der Wahl kam es zu einer Koalition aus WVD, BdH und VCS, obwohl WVD und BdH bereits eine Mehrheit besa\u00dfen. Die M\u00f6glichkeit einer Vergr\u00f6\u00dferung einer Mehrheitskoalition wurde in der darauffolgenden Legislaturperiode wieder abgeschafft. Die Ergebnisse sehen Sie nachstehend im \u00dcberblick:<\/p>\n<p><span style=\"text-decoration: underline;\"><strong>Wahl zum Ersten Meadowhousischen Reichstag<\/strong><\/span><\/p>\n<p><strong>WVD:\u00a0<\/strong>33,6%<br \/>\n<strong>BdH: <\/strong>21,4%<br \/>\n<strong>VCS: <\/strong>19,7%<br \/>\n<strong>MSP: <\/strong>12,5%<br \/>\n<strong>MCM: <\/strong>6,0%<br \/>\n<strong>FED: <\/strong>2,7%<br \/>\n<strong>MP: <\/strong>1,8%<br \/>\n<strong>KFM: <\/strong>1,1%<br \/>\n<strong>Andere: <\/strong>1,2%<\/p>\n<p><span style=\"text-decoration: underline;\"><strong>Sitzverteilung im Saal der Gespenster<\/strong><\/span><\/p>\n<p><strong>WVD: <\/strong>202<br \/>\n<strong>BdH: <\/strong>129<br \/>\n<strong>VCS: <\/strong>119<br \/>\n<strong>MSP: <\/strong>76<br \/>\n<strong>MCM: <\/strong>37<br \/>\n<strong>FED: <\/strong>17<br \/>\n<strong>MP: <\/strong>12<br \/>\n<strong>KFM: <\/strong>8<\/p>\n<p><em>Die danach gebildete Koalition aus WVD, BdH und VCS besa\u00df eine Mehrheit von 450 Sitzen. Ben\u00f6tigt wurden 301.<\/em><\/p>\n<p><em>Am 17. Dezember 1810 wurde Ewald Basilisk (WVD) zum Reichskanzler gew\u00e4hlt.<\/em><\/p>\n<p><em>Die Wahlbeteiligung lag bei 95,5%.<\/em><\/p>\n","protected":false},"excerpt":{"rendered":"<p>Die erste Wahl zu einem meadowhousischen Parlament fand im Rahmen der Reichswahlen nach der Staatsgr\u00fcndung am 30. Oktober 1810 statt. Dabei wurde zum ersten Mal ein meadowhousisches Parlament gew\u00e4hlt. Dabei galt einmalig eine 1%-H\u00fcrde zum Einzug einer Partei in den Saal der Gespenster. Es war bereits klar, dass der Regierungssitz auf Burg Daunenfels sein w\u00fcrde und die antretenden Parteien waren neben bereits bestehenden Ablegern gr\u00fcnl\u00e4ndischer Parteien auch z\u00fcgig gegr\u00fcndete politische Listen, die ihr Programm f\u00fcr den Ablauf der Staatsgr\u00fcndung im Internet und in Flugbl\u00e4ttern verteilten. Es kam zum erwartet deutlichen Wahlsieg der WVD. Im Anschluss wurde deren Spitzenkandidat Ewald Basilisk zum ersten meadowhousischen Reichskanzler gew\u00e4hlt und am 17. Dezember 1810 <a class=\"more-link\" href=\"https:\/\/wiesenhausen.de\/?page_id=25291\">Continue Reading \u2192<\/a><\/p>\n","protected":false},"author":1,"featured_media":0,"parent":0,"menu_order":0,"comment_status":"closed","ping_status":"closed","template":"","meta":{"footnotes":""},"class_list":["post-25291","page","type-page","status-publish","hentry"],"_links":{"self":[{"href":"https:\/\/wiesenhausen.de\/index.php?rest_route=\/wp\/v2\/pages\/25291","targetHints":{"allow":["GET"]}}],"collection":[{"href":"https:\/\/wiesenhausen.de\/index.php?rest_route=\/wp\/v2\/pages"}],"about":[{"href":"https:\/\/wiesenhausen.de\/index.php?rest_route=\/wp\/v2\/types\/page"}],"author":[{"embeddable":true,"href":"https:\/\/wiesenhausen.de\/index.php?rest_route=\/wp\/v2\/users\/1"}],"replies":[{"embeddable":true,"href":"https:\/\/wiesenhausen.de\/index.php?rest_route=%2Fwp%2Fv2%2Fcomments&post=25291"}],"version-history":[{"count":2,"href":"https:\/\/wiesenhausen.de\/index.php?rest_route=\/wp\/v2\/pages\/25291\/revisions"}],"predecessor-version":[{"id":25297,"href":"https:\/\/wiesenhausen.de\/index.php?rest_route=\/wp\/v2\/pages\/25291\/revisions\/25297"}],"wp:attachment":[{"href":"https:\/\/wiesenhausen.de\/index.php?rest_route=%2Fwp%2Fv2%2Fmedia&parent=25291"}],"curies":[{"name":"wp","href":"https:\/\/api.w.org\/{rel}","templated":true}]}}