{"id":25294,"date":"2024-08-03T14:01:59","date_gmt":"2024-08-03T14:01:59","guid":{"rendered":"https:\/\/wiesenhausen.de\/?page_id=25294"},"modified":"2024-08-03T14:01:59","modified_gmt":"2024-08-03T14:01:59","slug":"abstimmung-zur-einfuehrung-eines-demokratischen-koenigreiches-meadowhouse","status":"publish","type":"page","link":"https:\/\/wiesenhausen.de\/?page_id=25294","title":{"rendered":"Abstimmung zur Einf\u00fchrung eines demokratischen K\u00f6nigreiches Meadowhouse"},"content":{"rendered":"<p>Die Abstimmung zur Einf\u00fchrung eines demokratischen K\u00f6nigreiches Meadowhouse fand im Rahmen der zentralen Reichswahlen am 30. Oktober 1810 statt. Dabei wurde \u00fcber die k\u00fcnftige Staatsform abgestimmt. Im Einzelnen betraf die Wahl die Einsetzung eines K\u00f6nigs als Staatsoberhaupt \u00fcber dem demokratischen Parlament. Insbesondere nach dem Winterkrieg 1808\/1809 gab es in der Wiesenhausener Bev\u00f6lkerung zunehmend den Wunsch nach einer zentralen Regierung, die auf Burg Daunenfels residieren sollte. Nach der Unabh\u00e4ngigkeit war eine Volksabstimmung \u00fcber die Einf\u00fchrung einer parlamentarischen Monarchie somit notwendig geworden. Direkt daran gekoppelt wurde die parallele Abstimmung \u00fcber Johannes von Daunenfels als neuen K\u00f6nig von Meadowhouse, die nur dann g\u00fcltig wurde, wenn es eine Zwei-Drittel-Mehrheit f\u00fcr die Einf\u00fchrung eines demokratischen K\u00f6nigreiches Meadowhouse gab. Die Abstimmung wurde auch als nachtr\u00e4gliches Volksvotum f\u00fcr die Unabh\u00e4ngigkeit Meadowhouse&#8216; betrachtet.<\/p>\n<p><span style=\"text-decoration: underline;\"><strong>Abstimmung zur Einf\u00fchrung eines demokratischen K\u00f6nigreiches Meadowhouse<\/strong><\/span><\/p>\n<p><strong>Frage zur Abstimmung: <\/strong>Soll f\u00fcr den am 18. Oktober 1810 ausgerufenen Staat Meadowhouse in seiner jetzigen Auspr\u00e4gung die Staatsform eines demokratischen K\u00f6nigreichs eingef\u00fchrt werden?<\/p>\n<p><strong>Ja-Stimmen: <\/strong>79,4%<br \/>\n<strong>Nein-Stimmen:<\/strong> 17,8%<br \/>\n<strong>ung\u00fcltige Stimmen: <\/strong>2,8%<\/p>\n<p><em>Die notwenige Zwei-Drittel-Mehrheit wurde somit erreicht und das K\u00f6nigreich Meadowhouse wurde anschlie\u00dfend implementiert. <\/em><\/p>\n<p><em>Die Wahlbeteiligung lag bei 94,8%.<\/em><\/p>\n<p><em>Durch die erreichte Zwei-Drittel-Mehrheit wurde die gekoppelte Wahl von Johannes von Daunenfels als meadowhousischer K\u00f6nig wirksam.<\/em><\/p>\n","protected":false},"excerpt":{"rendered":"<p>Die Abstimmung zur Einf\u00fchrung eines demokratischen K\u00f6nigreiches Meadowhouse fand im Rahmen der zentralen Reichswahlen am 30. Oktober 1810 statt. Dabei wurde \u00fcber die k\u00fcnftige Staatsform abgestimmt. Im Einzelnen betraf die Wahl die Einsetzung eines K\u00f6nigs als Staatsoberhaupt \u00fcber dem demokratischen Parlament. Insbesondere nach dem Winterkrieg 1808\/1809 gab es in der Wiesenhausener Bev\u00f6lkerung zunehmend den Wunsch nach einer zentralen Regierung, die auf Burg Daunenfels residieren sollte. Nach der Unabh\u00e4ngigkeit war eine Volksabstimmung \u00fcber die Einf\u00fchrung einer parlamentarischen Monarchie somit notwendig geworden. Direkt daran gekoppelt wurde die parallele Abstimmung \u00fcber Johannes von Daunenfels als neuen K\u00f6nig von Meadowhouse, die nur dann g\u00fcltig wurde, wenn es eine Zwei-Drittel-Mehrheit f\u00fcr die Einf\u00fchrung eines demokratischen <a class=\"more-link\" href=\"https:\/\/wiesenhausen.de\/?page_id=25294\">Continue Reading \u2192<\/a><\/p>\n","protected":false},"author":1,"featured_media":0,"parent":0,"menu_order":0,"comment_status":"closed","ping_status":"closed","template":"","meta":{"footnotes":""},"class_list":["post-25294","page","type-page","status-publish","hentry"],"_links":{"self":[{"href":"https:\/\/wiesenhausen.de\/index.php?rest_route=\/wp\/v2\/pages\/25294","targetHints":{"allow":["GET"]}}],"collection":[{"href":"https:\/\/wiesenhausen.de\/index.php?rest_route=\/wp\/v2\/pages"}],"about":[{"href":"https:\/\/wiesenhausen.de\/index.php?rest_route=\/wp\/v2\/types\/page"}],"author":[{"embeddable":true,"href":"https:\/\/wiesenhausen.de\/index.php?rest_route=\/wp\/v2\/users\/1"}],"replies":[{"embeddable":true,"href":"https:\/\/wiesenhausen.de\/index.php?rest_route=%2Fwp%2Fv2%2Fcomments&post=25294"}],"version-history":[{"count":1,"href":"https:\/\/wiesenhausen.de\/index.php?rest_route=\/wp\/v2\/pages\/25294\/revisions"}],"predecessor-version":[{"id":25295,"href":"https:\/\/wiesenhausen.de\/index.php?rest_route=\/wp\/v2\/pages\/25294\/revisions\/25295"}],"wp:attachment":[{"href":"https:\/\/wiesenhausen.de\/index.php?rest_route=%2Fwp%2Fv2%2Fmedia&parent=25294"}],"curies":[{"name":"wp","href":"https:\/\/api.w.org\/{rel}","templated":true}]}}