{"id":25300,"date":"2024-08-03T14:30:25","date_gmt":"2024-08-03T14:30:25","guid":{"rendered":"https:\/\/wiesenhausen.de\/?page_id=25300"},"modified":"2024-08-03T14:30:25","modified_gmt":"2024-08-03T14:30:25","slug":"abstimmung-ueber-johannes-von-daunenfels-als-neues-meadowhousisches-staatsoberhaupt","status":"publish","type":"page","link":"https:\/\/wiesenhausen.de\/?page_id=25300","title":{"rendered":"Abstimmung \u00fcber Johannes von Daunenfels als neues meadowhousisches Staatsoberhaupt"},"content":{"rendered":"<p>Die Abstimmung \u00fcber Johannes von Daunenfels &#8211; im Volksmund bereits damals als &#8222;K\u00f6nig Johannes&#8220; aufgrund seiner Vergangenheit als Herrscher Wiesenhausens bezeichnet &#8211; gilt als erste K\u00f6nigswahl in der Geschichte von Meadowhouse. Sie fand im Rahmen der zentralen Reichswahlen nach der Staatsgr\u00fcndung am 30. Oktober 1810 zusammen mit den Reichtagswahlen und der Abstimmung \u00fcber die Einf\u00fchrung eines K\u00f6nigreiches Meadowhouse statt. An letztere war sie direkt gekoppelt und w\u00e4re bei Verfehlen einer dortigen Zwei-Drittel-Mehrheit f\u00fcr ung\u00fcltig erkl\u00e4rt worden. Die parallele Durchf\u00fchrung der Abstimmungen war im straffen Zeitplan begr\u00fcndet. Auch f\u00fcr Johannes von Daunenfels musste eine Zwei-Drittel-Mehrheit erreicht werden. W\u00e4re diese nicht erreicht worden, h\u00e4tte es zun\u00e4chst lediglich ein Parlament gegeben, welches dann f\u00fcr die Einrichtung vorgezogener K\u00f6nigswahlen mit Gegenkandidaten h\u00e4tte sorgen m\u00fcssen. Die notwendige Mehrheit wurde jedoch erreicht und Johannes von Daunenfels somit zum ersten meadowhousischen K\u00f6nig gew\u00e4hlt.<\/p>\n<p><span style=\"text-decoration: underline;\"><strong>Abstimmung \u00fcber Johannes von Daunenfels als neues meadowhousisches Staatsoberhaupt<\/strong><\/span><\/p>\n<p><strong>Frage zur Abstimmung: <\/strong>Soll Johannes von Daunenfels zum meadowhousischen K\u00f6nig ernannt werden?<\/p>\n<p><strong>Ja-Stimmen: <\/strong>83,2%<br \/>\n<strong>Nein-Stimmen: <\/strong>8,9%<br \/>\n<strong>ung\u00fcltige Stimmen: <\/strong>7,9%<\/p>\n<p><em>Die Abstimmung wurde durch das Erreichen der notwendigen Zwei-Drittel-Mehrheit in der gekoppelten Abstimmung \u00fcber die Einf\u00fchrung eines K\u00f6nigreichs Meadowhouse wirksam.<\/em><\/p>\n<p><em>Die notwendige Zwei-Drittel-Mehrheit f\u00fcr Johannes von Daunenfels wurde mithin erreicht. Unter dem Titel K\u00f6nig Johannes I. wurde er zum ersten meadowhousischen K\u00f6nig gew\u00e4hlt.<\/em><\/p>\n<p><em>Die Wahlbeteiligung lag bei 96,1%.<\/em><\/p>\n","protected":false},"excerpt":{"rendered":"<p>Die Abstimmung \u00fcber Johannes von Daunenfels &#8211; im Volksmund bereits damals als &#8222;K\u00f6nig Johannes&#8220; aufgrund seiner Vergangenheit als Herrscher Wiesenhausens bezeichnet &#8211; gilt als erste K\u00f6nigswahl in der Geschichte von Meadowhouse. Sie fand im Rahmen der zentralen Reichswahlen nach der Staatsgr\u00fcndung am 30. Oktober 1810 zusammen mit den Reichtagswahlen und der Abstimmung \u00fcber die Einf\u00fchrung eines K\u00f6nigreiches Meadowhouse statt. An letztere war sie direkt gekoppelt und w\u00e4re bei Verfehlen einer dortigen Zwei-Drittel-Mehrheit f\u00fcr ung\u00fcltig erkl\u00e4rt worden. Die parallele Durchf\u00fchrung der Abstimmungen war im straffen Zeitplan begr\u00fcndet. Auch f\u00fcr Johannes von Daunenfels musste eine Zwei-Drittel-Mehrheit erreicht werden. W\u00e4re diese nicht erreicht worden, h\u00e4tte es zun\u00e4chst lediglich ein Parlament gegeben, welches dann <a class=\"more-link\" href=\"https:\/\/wiesenhausen.de\/?page_id=25300\">Continue Reading \u2192<\/a><\/p>\n","protected":false},"author":1,"featured_media":0,"parent":0,"menu_order":0,"comment_status":"closed","ping_status":"closed","template":"","meta":{"footnotes":""},"class_list":["post-25300","page","type-page","status-publish","hentry"],"_links":{"self":[{"href":"https:\/\/wiesenhausen.de\/index.php?rest_route=\/wp\/v2\/pages\/25300","targetHints":{"allow":["GET"]}}],"collection":[{"href":"https:\/\/wiesenhausen.de\/index.php?rest_route=\/wp\/v2\/pages"}],"about":[{"href":"https:\/\/wiesenhausen.de\/index.php?rest_route=\/wp\/v2\/types\/page"}],"author":[{"embeddable":true,"href":"https:\/\/wiesenhausen.de\/index.php?rest_route=\/wp\/v2\/users\/1"}],"replies":[{"embeddable":true,"href":"https:\/\/wiesenhausen.de\/index.php?rest_route=%2Fwp%2Fv2%2Fcomments&post=25300"}],"version-history":[{"count":1,"href":"https:\/\/wiesenhausen.de\/index.php?rest_route=\/wp\/v2\/pages\/25300\/revisions"}],"predecessor-version":[{"id":25301,"href":"https:\/\/wiesenhausen.de\/index.php?rest_route=\/wp\/v2\/pages\/25300\/revisions\/25301"}],"wp:attachment":[{"href":"https:\/\/wiesenhausen.de\/index.php?rest_route=%2Fwp%2Fv2%2Fmedia&parent=25300"}],"curies":[{"name":"wp","href":"https:\/\/api.w.org\/{rel}","templated":true}]}}