{"id":25303,"date":"2024-08-03T15:09:48","date_gmt":"2024-08-03T15:09:48","guid":{"rendered":"https:\/\/wiesenhausen.de\/?page_id=25303"},"modified":"2024-08-03T15:09:48","modified_gmt":"2024-08-03T15:09:48","slug":"herzogenwahlen-1812","status":"publish","type":"page","link":"https:\/\/wiesenhausen.de\/?page_id=25303","title":{"rendered":"Herzogenwahlen 1812"},"content":{"rendered":"<p>Die Herzogenwahlen 1812 fanden kurz nach dem Ostbekenntnis der ostgr\u00fcnl\u00e4ndischen Gebiete und dem daraus folgenden Anschluss an das K\u00f6nigreich Meadowhouse statt. Meadowhouse wurde nun zu einem f\u00f6deralen K\u00f6nigreich, welches in sechs Herzogt\u00fcmer mit diversen Kompetenzen unterteilt wurde.<\/p>\n<p>Die Wahlen fanden im Rahmen der repr\u00e4sentativen Demokratie statt und es wurden Parteien gew\u00e4hlt. F\u00fcr die Herzogenwahlen 1812 waren jedoch zwei Abstimmungen vorgesehen. Es wurden einerseits Parteien gew\u00e4hlt, auf einem separaten Wahlzettel gab es jedoch auch eine Direktwahl der Herzogkandidaten, f\u00fcr die 1812 pro Herzogtum drei Kandidaten zugelassen waren. Diese Besonderheit wurde in der folgenden f\u00fcnfj\u00e4hrigen Legislaturperiode wieder abgeschafft und in eine rein repr\u00e4sentative Wahl verwandelt. 1812 kam es demnach zur Besonderheit, dass der Herzog nicht immer der st\u00e4rksten Fraktion im Herzogenrat angeh\u00f6ren musste. Hier sehen Sie die Ergebnisse nachstehend im \u00dcberblick:<\/p>\n<p><span style=\"text-decoration: underline;\"><strong>Preu\u00dfen &#8211; Wahl zum Herzogenrat<\/strong><\/span><\/p>\n<p><strong>WVD: <\/strong>32,4%<br \/>\n<strong>VCS: <\/strong>30,7%<br \/>\n<strong>BdH: <\/strong>20,5%<br \/>\n<strong>MCM: <\/strong>5,6%<br \/>\n<strong>MSP: <\/strong>3,3%<br \/>\n<strong>Andere: <\/strong>7,5%<\/p>\n<p><span style=\"text-decoration: underline;\"><strong>Preu\u00dfen &#8211; Wahl zum Herzog<\/strong><\/span><\/p>\n<p><strong>Georg Hebdal (VCS): <\/strong>45,2%<br \/>\n<strong>Friedrich Endersson (WVD): <\/strong>38,8%<br \/>\n<strong>Dr. Franz-Josef Wiemann: <\/strong>16,0%<\/p>\n<p><span style=\"text-decoration: underline;\"><strong>Saphirento &#8211; Wahl zum Herzogenrat<\/strong><\/span><\/p>\n<p><strong>WVD: <\/strong>36,0%<br \/>\n<strong>BdH: <\/strong>24,1%<br \/>\n<strong>VCS:<\/strong> 17,9%<br \/>\n<strong>MCM: <\/strong>12,3%<br \/>\n<strong>MSP: <\/strong>5,2%<br \/>\n<strong>Andere: <\/strong>4,5%<\/p>\n<p><span style=\"text-decoration: underline;\"><strong>Saphirento &#8211; Wahl zum Herzog<\/strong><\/span><\/p>\n<p><strong>Peter Burg (WVD): <\/strong>52,4%<br \/>\n<strong>Alois Berghoffer (VCS): <\/strong>24,8%<br \/>\n<strong>J\u00fcrgen Sallersberg (BdH): <\/strong>22,8%<\/p>\n<p><span style=\"text-decoration: underline;\"><strong>Wiesenhausen &#8211; Wahl zum Herzogenrat<\/strong><\/span><\/p>\n<p><strong>WVD: <\/strong>33,2%<br \/>\n<strong>BdH: <\/strong>29,9%<br \/>\n<strong>VCS: <\/strong>13,5%<br \/>\n<strong>MCM: <\/strong>7,4%<br \/>\n<strong>MSP: <\/strong>7,1%<br \/>\n<strong>FED: <\/strong>3,8%<br \/>\n<strong>Andere: <\/strong>5,1%<\/p>\n<p><span style=\"text-decoration: underline;\"><strong>Wiesenhausen &#8211; Wahl zum Herzog<\/strong><\/span><\/p>\n<p><strong>Hemes Rems (BdH): <\/strong>59,9%<br \/>\n<strong>Ludwig van Waihenhofen (WVD): <\/strong>26,0%<br \/>\n<strong>Ronald Ulbricht (VCS): <\/strong>14,1%<\/p>\n<p><span style=\"text-decoration: underline;\"><strong>Santo Opalo &#8211; Wahl zum Herzogenrat<\/strong><\/span><\/p>\n<p><strong>BdH: <\/strong>31,1%<br \/>\n<strong>WVD: <\/strong>26,5%<br \/>\n<strong>MSP: <\/strong>21,3%<br \/>\n<strong>FED: <\/strong>7,2%<br \/>\n<strong>VCS: <\/strong>4,8%<br \/>\n<strong>MCM: <\/strong>4,0%<br \/>\n<strong>MP: <\/strong>3,0%<br \/>\n<strong>Andere: <\/strong>2,1%<\/p>\n<p><span style=\"text-decoration: underline;\"><strong>Santo Opalo &#8211; Wahl zum Herzog<\/strong><\/span><\/p>\n<p><strong>Leopold Waldapfel (BdH):<\/strong> 44,3%<br \/>\n<strong>Michael Giesner (WVD): <\/strong>32,7%<br \/>\n<strong>Theodor Berthold (MSP): <\/strong>23,0%<\/p>\n<p><span style=\"text-decoration: underline;\"><strong>S\u00fcdstrand &#8211; Wahl zum Herzogenrat<\/strong><\/span><\/p>\n<p><strong>BdH: <\/strong>27,8%<br \/>\n<strong>WVD: <\/strong>24,5%<br \/>\n<strong>MSP: <\/strong>18,4%<br \/>\n<strong>FED: <\/strong>11,0%<br \/>\n<strong>VCS: <\/strong>6,9%<br \/>\n<strong>MCM: <\/strong>5,3%<br \/>\n<strong>MP: <\/strong>3,4%<br \/>\n<strong>Andere: <\/strong>2,7%<\/p>\n<p><span style=\"text-decoration: underline;\"><strong>S\u00fcdstrand &#8211; Wahl zum Herzog<\/strong><\/span><\/p>\n<p><strong>Gerhard Herme (BdH): <\/strong>46,5%<br \/>\n<strong>Wilhelm Burmann (WVD): <\/strong>30,6%<br \/>\n<strong>Ulrich K\u00fchn (MSP): <\/strong>22,9%<\/p>\n<p>&nbsp;<\/p>\n","protected":false},"excerpt":{"rendered":"<p>Die Herzogenwahlen 1812 fanden kurz nach dem Ostbekenntnis der ostgr\u00fcnl\u00e4ndischen Gebiete und dem daraus folgenden Anschluss an das K\u00f6nigreich Meadowhouse statt. Meadowhouse wurde nun zu einem f\u00f6deralen K\u00f6nigreich, welches in sechs Herzogt\u00fcmer mit diversen Kompetenzen unterteilt wurde. Die Wahlen fanden im Rahmen der repr\u00e4sentativen Demokratie statt und es wurden Parteien gew\u00e4hlt. F\u00fcr die Herzogenwahlen 1812 waren jedoch zwei Abstimmungen vorgesehen. Es wurden einerseits Parteien gew\u00e4hlt, auf einem separaten Wahlzettel gab es jedoch auch eine Direktwahl der Herzogkandidaten, f\u00fcr die 1812 pro Herzogtum drei Kandidaten zugelassen waren. Diese Besonderheit wurde in der folgenden f\u00fcnfj\u00e4hrigen Legislaturperiode wieder abgeschafft und in eine rein repr\u00e4sentative Wahl verwandelt. 1812 kam es demnach zur Besonderheit, dass <a class=\"more-link\" href=\"https:\/\/wiesenhausen.de\/?page_id=25303\">Continue Reading \u2192<\/a><\/p>\n","protected":false},"author":1,"featured_media":0,"parent":0,"menu_order":0,"comment_status":"closed","ping_status":"closed","template":"","meta":{"footnotes":""},"class_list":["post-25303","page","type-page","status-publish","hentry"],"_links":{"self":[{"href":"https:\/\/wiesenhausen.de\/index.php?rest_route=\/wp\/v2\/pages\/25303","targetHints":{"allow":["GET"]}}],"collection":[{"href":"https:\/\/wiesenhausen.de\/index.php?rest_route=\/wp\/v2\/pages"}],"about":[{"href":"https:\/\/wiesenhausen.de\/index.php?rest_route=\/wp\/v2\/types\/page"}],"author":[{"embeddable":true,"href":"https:\/\/wiesenhausen.de\/index.php?rest_route=\/wp\/v2\/users\/1"}],"replies":[{"embeddable":true,"href":"https:\/\/wiesenhausen.de\/index.php?rest_route=%2Fwp%2Fv2%2Fcomments&post=25303"}],"version-history":[{"count":1,"href":"https:\/\/wiesenhausen.de\/index.php?rest_route=\/wp\/v2\/pages\/25303\/revisions"}],"predecessor-version":[{"id":25305,"href":"https:\/\/wiesenhausen.de\/index.php?rest_route=\/wp\/v2\/pages\/25303\/revisions\/25305"}],"wp:attachment":[{"href":"https:\/\/wiesenhausen.de\/index.php?rest_route=%2Fwp%2Fv2%2Fmedia&parent=25303"}],"curies":[{"name":"wp","href":"https:\/\/api.w.org\/{rel}","templated":true}]}}