{"id":255,"date":"2014-10-21T17:11:14","date_gmt":"2014-10-21T17:11:14","guid":{"rendered":"http:\/\/192.168.2.101\/wordpress\/?page_id=255"},"modified":"2014-10-21T17:11:14","modified_gmt":"2014-10-21T17:11:14","slug":"kabarett-comedy","status":"publish","type":"page","link":"https:\/\/wiesenhausen.de\/?page_id=255","title":{"rendered":"Kabarett &#038; Comedy"},"content":{"rendered":"<p>Wiesenhausen gilt schon seit lange Zeit als eine Weltmetropole der Unterhaltung. Besonders beliebt sind Kabarett- und Comedy-Veranstaltungen. Gepr\u00e4gt werden diese Abende meist durch einen gro\u00dfen Namen: Rudi Rabe. Der geb\u00fcrtige Wiesenhausener steht schon seit fast zwanzig Jahren auf den Wiesenhausener B\u00fchnenbrettern und jeder auf der Lieben Welt kennt ihn und seine Sketche.<\/p>\n<p>Doch nicht nur Rudi Rabe ist als Kabarettist in Wiesenhausen unterwegs. Teilweise geben auch BEFIM-Dirigent Oswald Octopus und WRF-Chef Johannes-Karl Lange Sketche und kleine Szenen zum Besten. Desweiteren bekannt sind: Achim Krollmann, Peter Heinrichsmeier und Hilde Behringloh, die allerdings alle nicht aus Wiesenhausen stammen, sondern erst im Laufe der Jahre hierher gezogen sind, meistens aus der anderen Weltmetropole der Unterhaltung, aus Ranjos in Atlantis.<\/p>\n","protected":false},"excerpt":{"rendered":"<p>Wiesenhausen gilt schon seit lange Zeit als eine Weltmetropole der Unterhaltung. Besonders beliebt sind Kabarett- und Comedy-Veranstaltungen. Gepr\u00e4gt werden diese Abende meist durch einen gro\u00dfen Namen: Rudi Rabe. Der geb\u00fcrtige Wiesenhausener steht schon seit fast zwanzig Jahren auf den Wiesenhausener B\u00fchnenbrettern und jeder auf der Lieben Welt kennt ihn und seine Sketche. Doch nicht nur Rudi Rabe ist als Kabarettist in Wiesenhausen unterwegs. Teilweise geben auch BEFIM-Dirigent Oswald Octopus und WRF-Chef Johannes-Karl Lange Sketche und kleine Szenen zum Besten. Desweiteren bekannt sind: Achim Krollmann, Peter Heinrichsmeier und Hilde Behringloh, die allerdings alle nicht aus Wiesenhausen stammen, sondern erst im Laufe der Jahre hierher gezogen sind, meistens aus der anderen Weltmetropole <a class=\"more-link\" href=\"https:\/\/wiesenhausen.de\/?page_id=255\">Continue Reading \u2192<\/a><\/p>\n","protected":false},"author":1,"featured_media":0,"parent":0,"menu_order":0,"comment_status":"closed","ping_status":"closed","template":"","meta":{"footnotes":""},"class_list":["post-255","page","type-page","status-publish","hentry"],"_links":{"self":[{"href":"https:\/\/wiesenhausen.de\/index.php?rest_route=\/wp\/v2\/pages\/255","targetHints":{"allow":["GET"]}}],"collection":[{"href":"https:\/\/wiesenhausen.de\/index.php?rest_route=\/wp\/v2\/pages"}],"about":[{"href":"https:\/\/wiesenhausen.de\/index.php?rest_route=\/wp\/v2\/types\/page"}],"author":[{"embeddable":true,"href":"https:\/\/wiesenhausen.de\/index.php?rest_route=\/wp\/v2\/users\/1"}],"replies":[{"embeddable":true,"href":"https:\/\/wiesenhausen.de\/index.php?rest_route=%2Fwp%2Fv2%2Fcomments&post=255"}],"version-history":[{"count":0,"href":"https:\/\/wiesenhausen.de\/index.php?rest_route=\/wp\/v2\/pages\/255\/revisions"}],"wp:attachment":[{"href":"https:\/\/wiesenhausen.de\/index.php?rest_route=%2Fwp%2Fv2%2Fmedia&parent=255"}],"curies":[{"name":"wp","href":"https:\/\/api.w.org\/{rel}","templated":true}]}}