{"id":26274,"date":"2025-01-09T12:22:15","date_gmt":"2025-01-09T12:22:15","guid":{"rendered":"https:\/\/wiesenhausen.de\/?page_id=26274"},"modified":"2025-01-09T12:22:15","modified_gmt":"2025-01-09T12:22:15","slug":"weltwahl-1811","status":"publish","type":"page","link":"https:\/\/wiesenhausen.de\/?page_id=26274","title":{"rendered":"Weltwahl 1811"},"content":{"rendered":"<p>Die Weltwahl am 15. November 1811 war die allererste komplett zentrale Wahl, die den kompletten Globus umspannte. Gew\u00e4hlt wurde ein Weltoberhaupt, der Weltherrscher oder Weltkaiser, sowie die Dromornisse, die man umgangssprachlich auch als Weltminister bezeichnen kann. Nachdem die Dromornissenschaft mit Ausbruch des Gro\u00dfen Paradiesischen Krieges 1789 ihre Legitimation als herrschende Weltelite verloren hatte, \u00fcbernahm der Weltbund ab 1795 stellvertretend die Vermittlung zwischen den einzelnen Staaten der Lieben Welt. Vorbereitungen f\u00fcr eine Wiederkehr der Dromornisse sowie eines zentralen Oberhaupts wurden getroffen, der Palaces Monda in Wiesenhausen wurde gebaut und 1810 konnte die Wahl dann vorbereitet werden. Im Gegensatz zu den folgenden Weltwahlen wurde diesmal lediglich der Weltherrscher gew\u00e4hlt, der im Anschluss die Dromornisse eigenh\u00e4ndig berief.<\/p>\n<p>Begleitumst\u00e4nde der Wahl waren vor allem die kurz zuvor erfolgte Losl\u00f6sung Wiesenhausens von Gr\u00fcnland, die Gefahr durch die B\u00f6se Welt, sowie die schrittweise Ankn\u00fcpfung von abgelegenen Regionen der Lieben Welt an die Weltwirtschaft. Mit Archibald Helobos wurde ein in hohem Ausma\u00df altersresistenter ehemaliger B\u00f6ser Herrscher gew\u00e4hlt, was enorme Signalwirkung entfachte. Einige seiner Herausforderer besetzten danach Dromornissposten.<\/p>\n<p><strong>Wahl zum Weltkaiser 1811:<\/strong><\/p>\n<ul>\n<li>Archibald Helobos:\u00a0\u00a0\u00a0\u00a0\u00a0\u00a0\u00a0\u00a0\u00a0\u00a0\u00a0\u00a0\u00a0\u00a0\u00a0\u00a0\u00a0\u00a0\u00a0\u00a0\u00a0\u00a0 50,0 %<\/li>\n<li>Kaiser Leopold IV. von Lassver\u00a0\u00a0\u00a0\u00a0\u00a0 15,8 %<\/li>\n<li>Percival S. McLeach\u00a0\u00a0\u00a0\u00a0\u00a0\u00a0\u00a0\u00a0\u00a0\u00a0\u00a0\u00a0\u00a0\u00a0\u00a0\u00a0\u00a0\u00a0\u00a0 15,8 %<\/li>\n<li>Lord Krokobert\u00a0\u00a0\u00a0\u00a0\u00a0\u00a0\u00a0\u00a0\u00a0\u00a0\u00a0\u00a0\u00a0\u00a0\u00a0\u00a0\u00a0\u00a0\u00a0\u00a0\u00a0\u00a0\u00a0\u00a0\u00a0\u00a0\u00a0\u00a0 13,2 %<\/li>\n<li>Velka Fatra\u00a0\u00a0\u00a0\u00a0\u00a0\u00a0\u00a0\u00a0\u00a0\u00a0\u00a0\u00a0\u00a0\u00a0\u00a0\u00a0\u00a0\u00a0\u00a0\u00a0\u00a0\u00a0\u00a0\u00a0\u00a0\u00a0\u00a0\u00a0\u00a0\u00a0\u00a0\u00a0\u00a0 5,3 %<\/li>\n<\/ul>\n<p>Die Besetzung der Dromornissposten ist unter dem Reiter &#8222;Dromornissenschaft&#8220; zu finden.<\/p>\n","protected":false},"excerpt":{"rendered":"<p>Die Weltwahl am 15. November 1811 war die allererste komplett zentrale Wahl, die den kompletten Globus umspannte. Gew\u00e4hlt wurde ein Weltoberhaupt, der Weltherrscher oder Weltkaiser, sowie die Dromornisse, die man umgangssprachlich auch als Weltminister bezeichnen kann. Nachdem die Dromornissenschaft mit Ausbruch des Gro\u00dfen Paradiesischen Krieges 1789 ihre Legitimation als herrschende Weltelite verloren hatte, \u00fcbernahm der Weltbund ab 1795 stellvertretend die Vermittlung zwischen den einzelnen Staaten der Lieben Welt. Vorbereitungen f\u00fcr eine Wiederkehr der Dromornisse sowie eines zentralen Oberhaupts wurden getroffen, der Palaces Monda in Wiesenhausen wurde gebaut und 1810 konnte die Wahl dann vorbereitet werden. Im Gegensatz zu den folgenden Weltwahlen wurde diesmal lediglich der Weltherrscher gew\u00e4hlt, der im Anschluss <a class=\"more-link\" href=\"https:\/\/wiesenhausen.de\/?page_id=26274\">Continue Reading \u2192<\/a><\/p>\n","protected":false},"author":1,"featured_media":0,"parent":0,"menu_order":0,"comment_status":"closed","ping_status":"closed","template":"","meta":{"footnotes":""},"class_list":["post-26274","page","type-page","status-publish","hentry"],"_links":{"self":[{"href":"https:\/\/wiesenhausen.de\/index.php?rest_route=\/wp\/v2\/pages\/26274","targetHints":{"allow":["GET"]}}],"collection":[{"href":"https:\/\/wiesenhausen.de\/index.php?rest_route=\/wp\/v2\/pages"}],"about":[{"href":"https:\/\/wiesenhausen.de\/index.php?rest_route=\/wp\/v2\/types\/page"}],"author":[{"embeddable":true,"href":"https:\/\/wiesenhausen.de\/index.php?rest_route=\/wp\/v2\/users\/1"}],"replies":[{"embeddable":true,"href":"https:\/\/wiesenhausen.de\/index.php?rest_route=%2Fwp%2Fv2%2Fcomments&post=26274"}],"version-history":[{"count":1,"href":"https:\/\/wiesenhausen.de\/index.php?rest_route=\/wp\/v2\/pages\/26274\/revisions"}],"predecessor-version":[{"id":26275,"href":"https:\/\/wiesenhausen.de\/index.php?rest_route=\/wp\/v2\/pages\/26274\/revisions\/26275"}],"wp:attachment":[{"href":"https:\/\/wiesenhausen.de\/index.php?rest_route=%2Fwp%2Fv2%2Fmedia&parent=26274"}],"curies":[{"name":"wp","href":"https:\/\/api.w.org\/{rel}","templated":true}]}}