{"id":272,"date":"2014-12-30T18:36:27","date_gmt":"2014-12-30T18:36:27","guid":{"rendered":"http:\/\/192.168.2.101\/wordpress\/?page_id=272"},"modified":"2014-12-30T18:41:54","modified_gmt":"2014-12-30T18:41:54","slug":"stadtplan","status":"publish","type":"page","link":"https:\/\/wiesenhausen.de\/?page_id=272","title":{"rendered":"Stadtplan"},"content":{"rendered":"<p>Wiesenhausen hat circa acht Millionen Einwohner. Doch nicht nur die Einwohnerzahl ist hoch, auch die Fl\u00e4che, \u00fcber die sich diese Einwohner erstrecken, ist sehr gro\u00df.<\/p>\n<p>Wiesenhausen besteht aus insgesamt acht gro\u00dfen Verwaltungsbezirken bzw. Stadtteilen, die alle auch ein in sich funktionierendes Gebilde sind. Auf dem unten stehenden Stadtplan kann man neben den Bezirken auch die wichtigsten St\u00e4dte und Stra\u00dfen, haupts\u00e4chlich Autobahnen, erkennen und lokalisieren.<\/p>\n<p>Das Hauptzentrum mit der h\u00f6chsten Bedeutung liegt, nicht wie man es vielleicht vermutet h\u00e4tte, im Stadtzentrum, sondern im Osten der gesamten Stadt, im Bezirk Wiesenhausen-Stadt.<\/p>\n<p><a href=\"http:\/\/wiesenhausen.de\/wp-content\/uploads\/2014\/04\/Wiesenhausen_Stadtplan.png\">\u00a0<\/a><\/p>\n<p><a href=\"http:\/\/wiesenhausen.de\/wp-content\/uploads\/2014\/04\/Wiesenhausen_Stadtplan.png\"><img loading=\"lazy\" decoding=\"async\" class=\"alignnone size-full wp-image-840\" src=\"http:\/\/wiesenhausen.de\/wp-content\/uploads\/2014\/04\/Wiesenhausen_Stadtplan.png\" alt=\"Wiesenhausen_Stadtplan\" width=\"1506\" height=\"832\" srcset=\"https:\/\/wiesenhausen.de\/wp-content\/uploads\/2014\/04\/Wiesenhausen_Stadtplan.png 1506w, https:\/\/wiesenhausen.de\/wp-content\/uploads\/2014\/04\/Wiesenhausen_Stadtplan-300x166.png 300w, https:\/\/wiesenhausen.de\/wp-content\/uploads\/2014\/04\/Wiesenhausen_Stadtplan-1024x566.png 1024w\" sizes=\"auto, (max-width: 1506px) 100vw, 1506px\" \/><\/a><\/p>\n","protected":false},"excerpt":{"rendered":"<p>Wiesenhausen hat circa acht Millionen Einwohner. Doch nicht nur die Einwohnerzahl ist hoch, auch die Fl\u00e4che, \u00fcber die sich diese Einwohner erstrecken, ist sehr gro\u00df. Wiesenhausen besteht aus insgesamt acht gro\u00dfen Verwaltungsbezirken bzw. Stadtteilen, die alle auch ein in sich funktionierendes Gebilde sind. Auf dem unten stehenden Stadtplan kann man neben den Bezirken auch die wichtigsten St\u00e4dte und Stra\u00dfen, haupts\u00e4chlich Autobahnen, erkennen und lokalisieren. Das Hauptzentrum mit der h\u00f6chsten Bedeutung liegt, nicht wie man es vielleicht vermutet h\u00e4tte, im Stadtzentrum, sondern im Osten der gesamten Stadt, im Bezirk Wiesenhausen-Stadt. \u00a0<\/p>\n","protected":false},"author":1,"featured_media":0,"parent":0,"menu_order":0,"comment_status":"closed","ping_status":"closed","template":"","meta":{"footnotes":""},"class_list":["post-272","page","type-page","status-publish","hentry"],"_links":{"self":[{"href":"https:\/\/wiesenhausen.de\/index.php?rest_route=\/wp\/v2\/pages\/272","targetHints":{"allow":["GET"]}}],"collection":[{"href":"https:\/\/wiesenhausen.de\/index.php?rest_route=\/wp\/v2\/pages"}],"about":[{"href":"https:\/\/wiesenhausen.de\/index.php?rest_route=\/wp\/v2\/types\/page"}],"author":[{"embeddable":true,"href":"https:\/\/wiesenhausen.de\/index.php?rest_route=\/wp\/v2\/users\/1"}],"replies":[{"embeddable":true,"href":"https:\/\/wiesenhausen.de\/index.php?rest_route=%2Fwp%2Fv2%2Fcomments&post=272"}],"version-history":[{"count":3,"href":"https:\/\/wiesenhausen.de\/index.php?rest_route=\/wp\/v2\/pages\/272\/revisions"}],"predecessor-version":[{"id":843,"href":"https:\/\/wiesenhausen.de\/index.php?rest_route=\/wp\/v2\/pages\/272\/revisions\/843"}],"wp:attachment":[{"href":"https:\/\/wiesenhausen.de\/index.php?rest_route=%2Fwp%2Fv2%2Fmedia&parent=272"}],"curies":[{"name":"wp","href":"https:\/\/api.w.org\/{rel}","templated":true}]}}