{"id":274,"date":"2014-10-03T16:07:28","date_gmt":"2014-10-03T16:07:28","guid":{"rendered":"http:\/\/192.168.2.101\/wordpress\/?page_id=274"},"modified":"2023-02-02T12:07:11","modified_gmt":"2023-02-02T12:07:11","slug":"bisherige-herrscher","status":"publish","type":"page","link":"https:\/\/wiesenhausen.de\/?page_id=274","title":{"rendered":"Bisherige Herrscher"},"content":{"rendered":"<p><span style=\"color: #000000;\">Die K\u00f6nige von 1058 (Gr\u00fcndung von Wiesenhausen) bis 1535 (Abschaffung der Absoluten Monarchie in Wiesenhausen):<\/span><\/p>\n<ul>\n<li><span style=\"color: #000000;\">1058-1061 <span style=\"text-decoration: underline;\"><a href=\"http:\/\/www.wiesenhausen.de\/?Meadowhouse_-_Stadt_und_Staat\"><span style=\"color: #000000; text-decoration: underline;\">Herzog Friedrich von Daunenfels<\/span><\/a><\/span><\/span><\/li>\n<li><span style=\"color: #000000;\">1061-1081 <a href=\"http:\/\/www.wiesenhausen.de\/?Meadowhouse_-_Stadt_und_Staat\"><span style=\"color: #000000;\">Enczegovija I.<\/span><\/a> (Diktator)\u00a0<\/span><\/li>\n<li><span style=\"color: #000000;\">1081-1131 <a href=\"http:\/\/www.wiesenhausen.de\/?Meadowhouse_-_Stadt_und_Staat\"><span style=\"color: #000000;\">Johannes I.<\/span><\/a><\/span><\/li>\n<li><span style=\"color: #000000;\">1131-1146 Karl I.\u00a0<\/span><\/li>\n<li><span style=\"color: #000000;\">1146-1173 Edward I.\u00a0<\/span><\/li>\n<li><span style=\"color: #000000;\">1173-1189 Johannes II.\u00a0<\/span><\/li>\n<li><span style=\"color: #000000;\">1189-1204 Otto I.\u00a0<\/span><\/li>\n<li><span style=\"color: #000000;\">1204-1221 Karl II.\u00a0<\/span><\/li>\n<li><span style=\"color: #000000;\">1221-1239 Eduard I.\u00a0<\/span><\/li>\n<li><span style=\"color: #000000;\">1240-1243 Edward II.\u00a0<\/span><\/li>\n<li><span style=\"color: #000000;\">1243-1251 Karl III.\u00a0<\/span><\/li>\n<li><span style=\"color: #000000;\">1251-1261 Otto II.\u00a0<\/span><\/li>\n<li><span style=\"color: #000000;\">1261-1269 Wilhelm I.\u00a0<\/span><\/li>\n<li><span style=\"color: #000000;\">1269-1278 Friedrich I.\u00a0<\/span><\/li>\n<li><span style=\"color: #000000;\">1278-1288 Georg I.\u00a0<\/span><\/li>\n<li><span style=\"color: #000000;\">1288-1296 Eduard II.\u00a0<\/span><\/li>\n<li><span style=\"color: #000000;\">1296-1307 Otto III.\u00a0<\/span><\/li>\n<li><span style=\"color: #000000;\">1307-1324 Ludwig I.\u00a0<\/span><\/li>\n<li><span style=\"color: #000000;\">1324-1328 Georg II.\u00a0<\/span><\/li>\n<li><span style=\"color: #000000;\">1328-1334 Heinrich I.\u00a0<\/span><\/li>\n<li><span style=\"color: #000000;\">1334-1346 Ludwig II.\u00a0<\/span><\/li>\n<li><span style=\"color: #000000;\">1346-1354 Eduard III.\u00a0<\/span><\/li>\n<li><span style=\"color: #000000;\">1354-1361 Wilhelm II.\u00a0<\/span><\/li>\n<li><span style=\"color: #000000;\">1361-1376 Johannes III.\u00a0<\/span><\/li>\n<li><span style=\"color: #000000;\">1376-1384 Ludwig III.\u00a0<\/span><\/li>\n<li><span style=\"color: #000000;\">1384-1391 Georg III.\u00a0<\/span><\/li>\n<li><span style=\"color: #000000;\">1391-1400 Edward III.\u00a0<\/span><\/li>\n<li><span style=\"color: #000000;\">1400-1411 Heinrich II.\u00a0<\/span><\/li>\n<li><span style=\"color: #000000;\">1411-1426 Leopold I.\u00a0<\/span><\/li>\n<li><span style=\"color: #000000;\">1426-1431 Georg IV.\u00a0<\/span><\/li>\n<li><span style=\"color: #000000;\">1431-1444 Wilhelm III.\u00a0<\/span><\/li>\n<li><span style=\"color: #000000;\">1444-1451 Otto IV.\u00a0<\/span><\/li>\n<li><span style=\"color: #000000;\">1451-1476 Ludwig IV.\u00a0<\/span><\/li>\n<li><span style=\"color: #000000;\">1476-1483 Heinrich III.\u00a0<\/span><\/li>\n<li><span style=\"color: #000000;\">1483-1496 Karl IV.\u00a0<\/span><\/li>\n<li><span style=\"color: #000000;\">1496-1523 <a href=\"http:\/\/www.wiesenhausen.de\/?Meadowhouse_-_Stadt_und_Staat\"><span style=\"color: #000000;\">Edward IV.<\/span><\/a><\/span><\/li>\n<li><span style=\"color: #000000;\">1523-1531 Leopold II.\u00a0<\/span><\/li>\n<li><span style=\"color: #000000;\">1531-1535 Eduard IV.\u00a0<\/span><\/li>\n<\/ul>\n<p><span style=\"color: #000000;\">Die Abschaffung der Monarchie wurde\u00a0durch gewaltsame B\u00fcrgerproteste gegen Eduard IV., der am 26. August aus Wiesenhausen verbannt wurde, vollbracht; unter anderem wegen Korruptionsvorw\u00fcrfen oder gewaltsamer Unterdr\u00fcckung des Volkes.<\/span><\/p>\n<p><span style=\"color: #000000;\">Nun folgen die Kaiser, die von 1546, dem Jahr, in dem die B\u00fcrgerproteste in Wiesenhausen aufh\u00f6rten, regierten (die meisten von ihnen hatten altparadiesische Namen, die in der heutigen Sprache etwas merkw\u00fcrdig klingen):<\/span><\/p>\n<ul>\n<li><span style=\"color: #000000;\">1546-1561 Orchidus I.\u00a0<\/span><\/li>\n<li><span style=\"color: #000000;\">1561-1574 Kardatus I.\u00a0<\/span><\/li>\n<li><span style=\"color: #000000;\">1574-1586 Emaglaphadus I.\u00a0<\/span><\/li>\n<li><span style=\"color: #000000;\">1586-1599 Inparkendus I.\u00a0<\/span><\/li>\n<li><span style=\"color: #000000;\">1599-1606 Kanphidus I.\u00a0<\/span><\/li>\n<li><span style=\"color: #000000;\">1606-1626 Emaglaphadus II.\u00a0<\/span><\/li>\n<li><span style=\"color: #000000;\">1626-1641 Griptondus I.\u00a0<\/span><\/li>\n<li><span style=\"color: #000000;\">1641-1657 Orchidus II.\u00a0<\/span><\/li>\n<li><span style=\"color: #000000;\">1657-1686 Inparkendus II.\u00a0<\/span><\/li>\n<li><span style=\"color: #000000;\">1686-1691 Grabihadus I.\u00a0<\/span><\/li>\n<li><span style=\"color: #000000;\">1691-1718 <a href=\"http:\/\/www.wiesenhausen.de\/?Meadowhouse_-_Stadt_und_Staat\"><span style=\"color: #000000;\">Briscius I.<\/span><\/a><\/span><\/li>\n<\/ul>\n<p><span style=\"color: #000000;\">Die jetzt nach der Abdankung von Kaiser Briscius I. demokratisch gew\u00e4hlten B\u00fcrgermeister der damals jungen Kommune Wiesenhausen (die Wahlen erfolgten ab dem 1.1.1720 in regelm\u00e4\u00dfigem Vierjahresabstand; als 1810 Meadowhouse gegr\u00fcndet wurde, erh\u00f6hte sich die Legislaturperiode auf Kommunalebene auf f\u00fcnf Jahre. Diese trat 1812 in Kraft):<\/span><\/p>\n<ul>\n<li><span style=\"color: #000000;\">1720-1728 Theodor Albrecht (WVD)<\/span><\/li>\n<li><span style=\"color: #000000;\">1728-1744 Carl Fercker (WVD)<\/span><\/li>\n<li><span style=\"color: #000000;\">1744-1748 Friedrich von der Tagel (WVD)<\/span><\/li>\n<li><span style=\"color: #000000;\">1748-1752 Reinhardt Mender (WVD)\u00a0<\/span><\/li>\n<li><span style=\"color: #000000;\">1752-1772 G\u00fcnther Spaltzock (WVD)<\/span><\/li>\n<li><span style=\"color: #000000;\">1772-1784 Hermann von Finkhaldt (WVD)<\/span><\/li>\n<li><span style=\"color: #000000;\">1784-1788 Konrad Imluck (WVD)<\/span><\/li>\n<li><span style=\"color: #000000;\">1788-1804 <a href=\"http:\/\/www.wiesenhausen.de\/?Meadowhouse_-_Stadt_und_Staat\"><span style=\"color: #000000;\">Edward Elch (WVD)<\/span><\/a><\/span><\/li>\n<li><span style=\"color: #000000;\">1804-1811 <a href=\"http:\/\/www.wiesenhausen.de\/?Meadowhouse_-_Stadt_und_Staat\"><span style=\"color: #000000;\">Gerhard S. Herme (BdH)<\/span><\/a><\/span><\/li>\n<li><span style=\"color: #000000;\">1811-1822 Stefan Cornelius (WVD)<\/span><\/li>\n<li><span style=\"color: #000000;\">seit 1822 Amelia Abendsegler (BdH)<\/span><\/li>\n<\/ul>\n<p><span style=\"color: #000000;\">Im Jahr 1810 wurde die demokratische Staatsform dann wiederum aufgehoben, und es entstand die n\u00e4chste Monarchie, diesmal unter dem Geisterk\u00f6nig Johannes I., der auch zu Lebzeiten schon \u00fcber Wiesenhausen geherrscht hatte. Diese Monarchie hat bis heute Bestand. Die Kommune Wiesenhausen durfte jedoch selbstverst\u00e4ndlich &#8211; wie alle anderen Gemeinden auch &#8211; ihren B\u00fcrgermeister behalten. <\/span><\/p>\n<ul>\n<li><span style=\"color: #000000;\">1810-1818: Johannes I.<\/span><\/li>\n<li><span style=\"color: #000000;\">1818-1822: Percival I.<\/span><\/li>\n<li><span style=\"color: #000000;\">seit 1822: Ezechiel I.<\/span><\/li>\n<\/ul>\n","protected":false},"excerpt":{"rendered":"<p>Die K\u00f6nige von 1058 (Gr\u00fcndung von Wiesenhausen) bis 1535 (Abschaffung der Absoluten Monarchie in Wiesenhausen): 1058-1061 Herzog Friedrich von Daunenfels 1061-1081 Enczegovija I. (Diktator)\u00a0 1081-1131 Johannes I. 1131-1146 Karl I.\u00a0 1146-1173 Edward I.\u00a0 1173-1189 Johannes II.\u00a0 1189-1204 Otto I.\u00a0 1204-1221 Karl II.\u00a0 1221-1239 Eduard I.\u00a0 1240-1243 Edward II.\u00a0 1243-1251 Karl III.\u00a0 1251-1261 Otto II.\u00a0 1261-1269 Wilhelm I.\u00a0 1269-1278 Friedrich I.\u00a0 1278-1288 Georg I.\u00a0 1288-1296 Eduard II.\u00a0 1296-1307 Otto III.\u00a0 1307-1324 Ludwig I.\u00a0 1324-1328 Georg II.\u00a0 1328-1334 Heinrich I.\u00a0 1334-1346 Ludwig II.\u00a0 1346-1354 Eduard III.\u00a0 1354-1361 Wilhelm II.\u00a0 1361-1376 Johannes III.\u00a0 1376-1384 Ludwig III.\u00a0 1384-1391 Georg III.\u00a0 1391-1400 Edward III.\u00a0 1400-1411 Heinrich II.\u00a0 1411-1426 Leopold I.\u00a0 1426-1431 Georg IV.\u00a0 1431-1444 Wilhelm <a class=\"more-link\" href=\"https:\/\/wiesenhausen.de\/?page_id=274\">Continue Reading \u2192<\/a><\/p>\n","protected":false},"author":1,"featured_media":0,"parent":0,"menu_order":0,"comment_status":"closed","ping_status":"closed","template":"","meta":{"footnotes":""},"class_list":["post-274","page","type-page","status-publish","hentry"],"_links":{"self":[{"href":"https:\/\/wiesenhausen.de\/index.php?rest_route=\/wp\/v2\/pages\/274","targetHints":{"allow":["GET"]}}],"collection":[{"href":"https:\/\/wiesenhausen.de\/index.php?rest_route=\/wp\/v2\/pages"}],"about":[{"href":"https:\/\/wiesenhausen.de\/index.php?rest_route=\/wp\/v2\/types\/page"}],"author":[{"embeddable":true,"href":"https:\/\/wiesenhausen.de\/index.php?rest_route=\/wp\/v2\/users\/1"}],"replies":[{"embeddable":true,"href":"https:\/\/wiesenhausen.de\/index.php?rest_route=%2Fwp%2Fv2%2Fcomments&post=274"}],"version-history":[{"count":6,"href":"https:\/\/wiesenhausen.de\/index.php?rest_route=\/wp\/v2\/pages\/274\/revisions"}],"predecessor-version":[{"id":22000,"href":"https:\/\/wiesenhausen.de\/index.php?rest_route=\/wp\/v2\/pages\/274\/revisions\/22000"}],"wp:attachment":[{"href":"https:\/\/wiesenhausen.de\/index.php?rest_route=%2Fwp%2Fv2%2Fmedia&parent=274"}],"curies":[{"name":"wp","href":"https:\/\/api.w.org\/{rel}","templated":true}]}}