{"id":275,"date":"2014-10-31T16:05:24","date_gmt":"2014-10-31T16:05:24","guid":{"rendered":"http:\/\/192.168.2.101\/wordpress\/?page_id=275"},"modified":"2020-10-10T14:37:25","modified_gmt":"2020-10-10T14:37:25","slug":"unabhaengigkeitsgeschichte","status":"publish","type":"page","link":"https:\/\/wiesenhausen.de\/?page_id=275","title":{"rendered":"Unabh\u00e4ngigkeitsgeschichte"},"content":{"rendered":"<p>Es folgt nun die Unabh\u00e4ngigkeitsgeschichte Wiesenhausens als Staat Meadowhouse ab dem Jahr 1810:<\/p>\n<ul>\n<li>Am 18.10.1810 war es dann soweit, am Tag der Unabh\u00e4ngigkeit verk\u00fcndeten B\u00fcrgermeister Herme, Stadtratsvorsitzender Rems und der Geisterk\u00f6nig Johannes I. die Unabh\u00e4ngigkeit von Gr\u00fcnland; der neue Staat Meadowhouse wurde eine Monarchie unter dem 1131 von den M\u00fcncheraner Geisterrittern ermordeten K\u00f6nig Johannes I. von Meadowhouse-Daunenfels.<\/li>\n<li>Dadurch stieg die Popularit\u00e4t der Stadt noch einmal enorm an; auch die seit \u00fcber 700 Jahren in Vergessenheit geratene Burg Daunenfels erstrahlte im neuen Glanz, als Sitz des Herrschers des neuen Staates, was sie seit dem Ende Johannes\u00b4 1131 nicht mehr gewesen war, denn seitdem bewohnten die herrschenden Monarchen immer Schloss Wiesenhausen in der N\u00e4he von Ahornsburg.<\/li>\n<li>Nach der Unabh\u00e4ngigkeitserkl\u00e4rung vom 18. Oktober 1810 folgten dann die Gro\u00dfereignisse nacheinander in Wiesenhausen.<\/li>\n<li>Am 15. November 1811 schlie\u00dflich wurde Wiesenhausen zur wichtigsten Stadt auf der gesamten Lieben Welt, da die Stadt von nun an Sitz des neu gew\u00e4hlten Lieben Herrschers Archibald Helobos und seiner zw\u00f6lfk\u00f6pfigen, heute vierzehnk\u00f6pfigen Dromornissenschaft war; auch der bisherige B\u00fcrgermeister Gerhard S. Herme und der seit der Unabh\u00e4ngigkeit amtierende Staatspr\u00e4sident Rems wurden Dromornisse im neuen Lieben-Welt-Regiment, sodass sie ihre \u00c4mter aufgeben mussten.<\/li>\n<li>Seit 1811 ist Stefan Cornelius (WVD) neuer B\u00fcrgermeister der Hauptstadt der Lieben Welt und des Staates Meadowhouse, und Prof. Dr. Eduard Pflanze (BdH) ist neuer Staatspr\u00e4sident.<\/li>\n<li>Meadowhouse wurde am 12. M\u00e4rz 1812 sogar noch einmal um 560% gr\u00f6\u00dfer, da sich der gesamte Osten Gr\u00fcnlands zum Jungstaat bekannte, sodass Meadowhouse nun auch die wichtigen Metropolen Saphirento, Tierhagen, Santo Opalo, El Grande und San Laven im Hoheitsgebiet mit eingeschlossen hatte.<\/li>\n<li>Als am 31. August 1812 die Weltschlacht auf der Lieben Welt ausbrach, war auch Meadowhouse beteiligt; auf der Kriegserkl\u00e4rungskonferenz vom 31.08.1812 warf der Gr\u00fcnl\u00e4ndische Ministerpr\u00e4sident Gisbert Gr\u00fcnwald den Meadowhousern vor, die Gebiete, die sich im M\u00e4rz zu Meadowhouse bekannt hatten, gestohlen zu haben und erkl\u00e4rte ihnen den Krieg.<\/li>\n<li>Als die Weltschlacht am 3. Oktober 1812 mit der Niederlage des Hauptgegners Klondyk endete, nahm Meadowhouse die halbe Liebe Welt, also alle Verliererstaaten unter seien Schutz, um sie wieder aufzubauen.<\/li>\n<li>Wiesenhausen ist heute Millionenstadt, mit rund acht Millionen Einwohnern, und die wohl wichtigste Stadt auf der gesamten Lieben Welt.<\/li>\n<\/ul>\n<p><strong>Offizielle Nationalhymne von Meadowhouse (seit 1813):<\/strong><\/p>\n<p>Die Nationalhymne K\u00f6nigreiches Meadowhouse tr\u00e4gt den Namen &#8222;Ersnu Tamieh&#8220; und ist auf Alt-Wiesenhausisch geschrieben.<\/p>\n<p align=\"center\"><strong><span style=\"text-decoration: underline;\">&#8222;Ersnu Tamieh&#8220;<\/span><\/strong><\/p>\n<p align=\"center\">Nie Nal, os ssorg nu tiew,<\/p>\n<p align=\"center\">os ref nied noziroh.<\/p>\n<p align=\"center\">Renedlog Nieschnennos<\/p>\n<p align=\"center\">nu reuarg snudnegrom.<\/p>\n<p align=\"center\">Os nier nied seralk Ualb.<\/p>\n<p align=\"center\">Nirb, ud, sad elh\u00fck Ssan,<\/p>\n<p align=\"center\">nirb snu tiew sni Seidarap<\/p>\n<p align=\"center\">uz med Norht nov Gin\u00f6k Sennahoj.<\/p>\n<p align=\"center\">Sed Gin\u00f6k Greb os choh nu n\u00f6sch<\/p>\n<p align=\"center\">ma Lezslemmih, os n\u00f6sch.<\/p>\n<p align=\"center\">Eswodaem, ud sib ersnu Tamieh.<\/p>\n<p align=\"center\">Eswodaem, ud sib ersnu Tamieh.<\/p>\n<p align=\"center\">Eswodaem, ud sib ersnu Tamieh.<\/p>\n<p align=\"center\">Eswodaem, eid Lhardehtak nov Ttog nu<\/p>\n<p align=\"center\">Eswodaem, eid Lhardehtak nov Ttog nu red Rutan!<\/p>\n<audio class=\"wp-audio-shortcode\" id=\"audio-275-1\" preload=\"none\" style=\"width: 100%;\" controls=\"controls\"><source type=\"audio\/mpeg\" src=\"http:\/\/wiesenhausen.de\/wp-content\/uploads\/2014\/12\/Ersnu-Tamieh.mp3?_=1\" \/><a href=\"http:\/\/wiesenhausen.de\/wp-content\/uploads\/2014\/12\/Ersnu-Tamieh.mp3\">http:\/\/wiesenhausen.de\/wp-content\/uploads\/2014\/12\/Ersnu-Tamieh.mp3<\/a><\/audio>\n<p>&#8222;Ersnu Tamieh&#8220;<\/p>\n","protected":false},"excerpt":{"rendered":"<p>Es folgt nun die Unabh\u00e4ngigkeitsgeschichte Wiesenhausens als Staat Meadowhouse ab dem Jahr 1810: Am 18.10.1810 war es dann soweit, am Tag der Unabh\u00e4ngigkeit verk\u00fcndeten B\u00fcrgermeister Herme, Stadtratsvorsitzender Rems und der Geisterk\u00f6nig Johannes I. die Unabh\u00e4ngigkeit von Gr\u00fcnland; der neue Staat Meadowhouse wurde eine Monarchie unter dem 1131 von den M\u00fcncheraner Geisterrittern ermordeten K\u00f6nig Johannes I. von Meadowhouse-Daunenfels. Dadurch stieg die Popularit\u00e4t der Stadt noch einmal enorm an; auch die seit \u00fcber 700 Jahren in Vergessenheit geratene Burg Daunenfels erstrahlte im neuen Glanz, als Sitz des Herrschers des neuen Staates, was sie seit dem Ende Johannes\u00b4 1131 nicht mehr gewesen war, denn seitdem bewohnten die herrschenden Monarchen immer Schloss Wiesenhausen in <a class=\"more-link\" href=\"https:\/\/wiesenhausen.de\/?page_id=275\">Continue Reading \u2192<\/a><\/p>\n","protected":false},"author":1,"featured_media":0,"parent":0,"menu_order":0,"comment_status":"closed","ping_status":"closed","template":"","meta":{"footnotes":""},"class_list":["post-275","page","type-page","status-publish","hentry"],"_links":{"self":[{"href":"https:\/\/wiesenhausen.de\/index.php?rest_route=\/wp\/v2\/pages\/275","targetHints":{"allow":["GET"]}}],"collection":[{"href":"https:\/\/wiesenhausen.de\/index.php?rest_route=\/wp\/v2\/pages"}],"about":[{"href":"https:\/\/wiesenhausen.de\/index.php?rest_route=\/wp\/v2\/types\/page"}],"author":[{"embeddable":true,"href":"https:\/\/wiesenhausen.de\/index.php?rest_route=\/wp\/v2\/users\/1"}],"replies":[{"embeddable":true,"href":"https:\/\/wiesenhausen.de\/index.php?rest_route=%2Fwp%2Fv2%2Fcomments&post=275"}],"version-history":[{"count":5,"href":"https:\/\/wiesenhausen.de\/index.php?rest_route=\/wp\/v2\/pages\/275\/revisions"}],"predecessor-version":[{"id":16654,"href":"https:\/\/wiesenhausen.de\/index.php?rest_route=\/wp\/v2\/pages\/275\/revisions\/16654"}],"wp:attachment":[{"href":"https:\/\/wiesenhausen.de\/index.php?rest_route=%2Fwp%2Fv2%2Fmedia&parent=275"}],"curies":[{"name":"wp","href":"https:\/\/api.w.org\/{rel}","templated":true}]}}