{"id":276,"date":"2014-10-21T17:17:14","date_gmt":"2014-10-21T17:17:14","guid":{"rendered":"http:\/\/192.168.2.101\/wordpress\/?page_id=276"},"modified":"2020-10-25T16:56:05","modified_gmt":"2020-10-25T16:56:05","slug":"besonderheiten","status":"publish","type":"page","link":"https:\/\/wiesenhausen.de\/?page_id=276","title":{"rendered":"Besonderheiten"},"content":{"rendered":"<p>Die Stadt Wiesenhausen, aber auch der gesamte Staat Meadowhouse verf\u00fcgen \u00fcber ein hohes Ma\u00df an besonderen Einrichtungen, landschaftlichen Regionen, einzigartigen Bauwerken und anderen Dingen, die eben &#8222;typisch Wiesenhausen&#8220; sind.<\/p>\n<p>Zu ihnen geh\u00f6ren die besonderen Landschaften des Dreistromlandes und der Drachenh\u00fcgel ebenso wie die spektakul\u00e4ren Bauten des paradiesischen Architekten Christoph Botao, wie der Wasserstadt Rubinburgh oder die gro\u00dfe Ysen-Br\u00fccke in Wiesenhausen. Aber nicht nur Objekte und sichtbare Dinge sind die Qualit\u00e4ten des Landes, auch die Art und der Charakter der Menschen sind hier etwas besonderes. Nicht umsonst wurde 1811 Meadowhouse als Sitz des Lieben Weltherrschers ausgesucht. Das Land hat viele Qualit\u00e4ten, auch wenn man manchmal nicht alle auf einen Blick sieht.<\/p>\n","protected":false},"excerpt":{"rendered":"<p>Die Stadt Wiesenhausen, aber auch der gesamte Staat Meadowhouse verf\u00fcgen \u00fcber ein hohes Ma\u00df an besonderen Einrichtungen, landschaftlichen Regionen, einzigartigen Bauwerken und anderen Dingen, die eben &#8222;typisch Wiesenhausen&#8220; sind. Zu ihnen geh\u00f6ren die besonderen Landschaften des Dreistromlandes und der Drachenh\u00fcgel ebenso wie die spektakul\u00e4ren Bauten des paradiesischen Architekten Christoph Botao, wie der Wasserstadt Rubinburgh oder die gro\u00dfe Ysen-Br\u00fccke in Wiesenhausen. Aber nicht nur Objekte und sichtbare Dinge sind die Qualit\u00e4ten des Landes, auch die Art und der Charakter der Menschen sind hier etwas besonderes. Nicht umsonst wurde 1811 Meadowhouse als Sitz des Lieben Weltherrschers ausgesucht. Das Land hat viele Qualit\u00e4ten, auch wenn man manchmal nicht alle auf einen Blick sieht.<\/p>\n","protected":false},"author":1,"featured_media":0,"parent":0,"menu_order":0,"comment_status":"closed","ping_status":"closed","template":"","meta":{"footnotes":""},"class_list":["post-276","page","type-page","status-publish","hentry"],"_links":{"self":[{"href":"https:\/\/wiesenhausen.de\/index.php?rest_route=\/wp\/v2\/pages\/276","targetHints":{"allow":["GET"]}}],"collection":[{"href":"https:\/\/wiesenhausen.de\/index.php?rest_route=\/wp\/v2\/pages"}],"about":[{"href":"https:\/\/wiesenhausen.de\/index.php?rest_route=\/wp\/v2\/types\/page"}],"author":[{"embeddable":true,"href":"https:\/\/wiesenhausen.de\/index.php?rest_route=\/wp\/v2\/users\/1"}],"replies":[{"embeddable":true,"href":"https:\/\/wiesenhausen.de\/index.php?rest_route=%2Fwp%2Fv2%2Fcomments&post=276"}],"version-history":[{"count":1,"href":"https:\/\/wiesenhausen.de\/index.php?rest_route=\/wp\/v2\/pages\/276\/revisions"}],"predecessor-version":[{"id":16864,"href":"https:\/\/wiesenhausen.de\/index.php?rest_route=\/wp\/v2\/pages\/276\/revisions\/16864"}],"wp:attachment":[{"href":"https:\/\/wiesenhausen.de\/index.php?rest_route=%2Fwp%2Fv2%2Fmedia&parent=276"}],"curies":[{"name":"wp","href":"https:\/\/api.w.org\/{rel}","templated":true}]}}